{"id":2744,"date":"2017-08-30T22:46:39","date_gmt":"2017-08-30T22:46:39","guid":{"rendered":"https:\/\/www.steinberglawfirm.com\/?page_id=2744"},"modified":"2022-04-19T21:59:14","modified_gmt":"2022-04-19T21:59:14","slug":"common-motor-vehicle-defects-and-malfunctions","status":"publish","type":"page","link":"https:\/\/steinberglawfirm-staging.clmcloud.app\/es\/articulos\/defectos-y-fallos-comunes-de-los-vehiculos-de-motor\/","title":{"rendered":"Defectos y aver\u00edas comunes de los veh\u00edculos de motor"},"content":{"rendered":"<h1 class=\"wp-block-heading\">Defectos y aver\u00edas comunes de los veh\u00edculos de motor<\/h1>\n\n\n\n<div style=\"height:15px\" aria-hidden=\"true\" class=\"wp-block-spacer\"><\/div>\n\n\n\n<p>Los veh\u00edculos de motor modernos son verdaderas proezas de la tecnolog\u00eda y la ingenier\u00eda. En general, son m\u00e1s seguros, m\u00e1s c\u00f3modos y m\u00e1s eficientes que los autom\u00f3viles de hace incluso diez a\u00f1os. Por desgracia, la complejidad de los veh\u00edculos modernos tambi\u00e9n crea el riesgo de que se produzcan muchos tipos de defectos. Los defectos y el mal funcionamiento se producen sin previo aviso y sin que el conductor o el propietario del veh\u00edculo tengan la culpa, lo que los convierte en fen\u00f3menos especialmente preocupantes.<\/p>\n\n\n\n<p>Si usted ha sido herido en un accidente de coche que parece haber implicado un fallo mec\u00e1nico, entonces puede ser apropiado considerar la presentaci\u00f3n de una demanda civil contra el fabricante de autom\u00f3viles negligente responsable de la colisi\u00f3n. P\u00f3ngase en contacto con los abogados especializados en accidentes de tr\u00e1fico Charleston del&nbsp;<a href=\"https:\/\/www.steinberglawfirm.com\/about-us\/\" target=\"_blank\" rel=\"noopener\">Steinberg Law Firm<\/a>&nbsp;en el 843-720-2800 para hablar con un abogado que est\u00e1 apasionadamente comprometido con la representaci\u00f3n de los residentes agraviados South Carolina.<\/p>\n\n\n\n<p><strong>PROBLEMAS FRECUENTES<\/strong><\/p>\n\n\n\n<p>Algunos de los defectos y aver\u00edas m\u00e1s frecuentes en los veh\u00edculos de motor son:<\/p>\n\n\n\n<ul class=\"wp-block-list\"><li>Mal funcionamiento del cintur\u00f3n de seguridad<\/li><li>Defectos del airbag<\/li><li>Defectos en los neum\u00e1ticos<\/li><li>Aver\u00edas en los frenos<\/li><li>Fallo del freno de emergencia<\/li><li>Fallo de la bocina de advertencia<\/li><li>Fallo de los intermitentes o de las luces de freno<\/li><\/ul>\n\n\n\n<p>Aunque algunos defectos y fallos de funcionamiento de los autom\u00f3viles se dan a conocer a trav\u00e9s de las noticias de los medios de comunicaci\u00f3n, estas historias s\u00f3lo recogen una parte del n\u00famero total de estos problemas. Adem\u00e1s, s\u00f3lo suelen salir a la luz despu\u00e9s de que conductores desprevenidos como usted sean v\u00edctimas de la negligencia de un fabricante de veh\u00edculos. Hay otros innumerables incidentes que siguen siendo la tragedia personal de una familia, lejos de la mirada del p\u00fablico.<\/p>\n\n\n\n<p>Si su vida se ha visto afectada por un veh\u00edculo de motor defectuoso o que funciona mal, merece una compensaci\u00f3n por su dolor, sufrimiento y p\u00e9rdidas econ\u00f3micas.<\/p>\n\n\n\n<h2 class=\"wp-block-heading\">Abogados de lesiones personales que representan a Charleston y \u00e1reas cercanas de South Carolina<\/h2>\n\n\n\n<p><strong>CONTACTAR CON NOSOTROS<\/strong><\/p>\n\n\n\n<p>Perm\u00edtanos ayudarle a obtener los recursos financieros que necesita para hacer frente a las secuelas de un accidente de coche que fue causado por la negligencia de otro.&nbsp;<a href=\"https:\/\/www.steinberglawfirm.com\/contact-us\/\" target=\"_blank\" rel=\"noopener\">Contacte con<\/a>&nbsp;el Charleston&nbsp;<a href=\"https:\/\/www.steinberglawfirm.com\/practice-areas\/personal-injury\/\" target=\"_blank\" rel=\"noopener\">da\u00f1os personales<\/a>&nbsp;abogados del Steinberg Law Firm en el 843-720-2800.<\/p>","protected":false},"excerpt":{"rendered":"<p>Defectos y aver\u00edas comunes de los veh\u00edculos de motor Los veh\u00edculos de motor modernos son verdaderas proezas de la tecnolog\u00eda y la ingenier\u00eda. En general, son m\u00e1s seguros, m\u00e1s c\u00f3modos y m\u00e1s eficientes que los autom\u00f3viles de hace incluso diez a\u00f1os. Por desgracia, la complejidad de los veh\u00edculos modernos tambi\u00e9n crea el riesgo de que se produzcan muchos tipos de defectos. Los defectos y el mal funcionamiento golpean sin...<\/p>","protected":false},"author":1,"featured_media":19449,"parent":2195,"menu_order":0,"comment_status":"closed","ping_status":"closed","template":"","meta":{"_acf_changed":false,"footnotes":""},"class_list":["post-2744","page","type-page","status-publish","has-post-thumbnail","hentry"],"acf":[],"_links":{"self":[{"href":"https:\/\/steinberglawfirm-staging.clmcloud.app\/es\/wp-json\/wp\/v2\/pages\/2744"}],"collection":[{"href":"https:\/\/steinberglawfirm-staging.clmcloud.app\/es\/wp-json\/wp\/v2\/pages"}],"about":[{"href":"https:\/\/steinberglawfirm-staging.clmcloud.app\/es\/wp-json\/wp\/v2\/types\/page"}],"author":[{"embeddable":true,"href":"https:\/\/steinberglawfirm-staging.clmcloud.app\/es\/wp-json\/wp\/v2\/users\/1"}],"replies":[{"embeddable":true,"href":"https:\/\/steinberglawfirm-staging.clmcloud.app\/es\/wp-json\/wp\/v2\/comments?post=2744"}],"version-history":[{"count":1,"href":"https:\/\/steinberglawfirm-staging.clmcloud.app\/es\/wp-json\/wp\/v2\/pages\/2744\/revisions"}],"predecessor-version":[{"id":19944,"href":"https:\/\/steinberglawfirm-staging.clmcloud.app\/es\/wp-json\/wp\/v2\/pages\/2744\/revisions\/19944"}],"up":[{"embeddable":true,"href":"https:\/\/steinberglawfirm-staging.clmcloud.app\/es\/wp-json\/wp\/v2\/pages\/2195"}],"wp:featuredmedia":[{"embeddable":true,"href":"https:\/\/steinberglawfirm-staging.clmcloud.app\/es\/wp-json\/wp\/v2\/media\/19449"}],"wp:attachment":[{"href":"https:\/\/steinberglawfirm-staging.clmcloud.app\/es\/wp-json\/wp\/v2\/media?parent=2744"}],"curies":[{"name":"wp","href":"https:\/\/api.w.org\/{rel}","templated":true}]}}