{"id":2741,"date":"2017-08-30T22:45:15","date_gmt":"2017-08-30T22:45:15","guid":{"rendered":"https:\/\/www.steinberglawfirm.com\/?page_id=2741"},"modified":"2022-04-19T21:58:22","modified_gmt":"2022-04-19T21:58:22","slug":"choosing-safe-toys-for-your-children","status":"publish","type":"page","link":"https:\/\/steinberglawfirm-staging.clmcloud.app\/es\/articulos\/elegir-juguetes-seguros-para-los-ninos\/","title":{"rendered":"C\u00f3mo elegir juguetes seguros para sus hijos"},"content":{"rendered":"<h1 class=\"wp-block-heading\">C\u00f3mo elegir juguetes seguros para sus hijos<\/h1>\n\n\n\n<div style=\"height:15px\" aria-hidden=\"true\" class=\"wp-block-spacer\"><\/div>\n\n\n\n<p>Es raro el ni\u00f1o al que no le guste jugar con juguetes. Estos productos no s\u00f3lo son divertidos; jugar es una forma de que los ni\u00f1os exploren el mundo y desarrollen importantes habilidades mentales. Los beneficios no son s\u00f3lo para los ni\u00f1os, por supuesto: comprar regalos para ni\u00f1os puede ser incluso divertido para los adultos. Sin embargo, mientras disfrutan de toda la diversi\u00f3n, es importante que los adultos tengan siempre presente la seguridad.<\/p>\n\n\n\n<p>Seleccionar un juguete seguro y adecuado a la edad del ni\u00f1o no deber\u00eda ser dif\u00edcil, pero hay ciertos consejos que conviene tener en cuenta. Por desgracia, ni siquiera seguir unas medidas de seguridad razonables es siempre suficiente para mantener a los ni\u00f1os a salvo de los juguetes defectuosos y peligrosos. Si su hijo ha resultado herido por un producto mal fabricado o mal etiquetado, llame a un Charleston&nbsp;<a href=\"https:\/\/www.steinberglawfirm.com\/practice-areas\/personal-injury\/\" target=\"_blank\" rel=\"noopener\">da\u00f1os personales<\/a>&nbsp;abogado de la&nbsp;<a href=\"https:\/\/www.steinberglawfirm.com\/about-us\/\" target=\"_blank\" rel=\"noopener\">Steinberg Law Firm<\/a>&nbsp;al 843-720-2800 para saber m\u00e1s sobre sus opciones legales.<\/p>\n\n\n\n<p><strong>CONSEJOS PARA LA SEGURIDAD DE LOS JUGUETES<\/strong><\/p>\n\n\n\n<p>Al elegir un juguete u otro producto para ni\u00f1os, puede reducir el riesgo de posibles lesiones siguiendo unos sencillos consejos de seguridad:<\/p>\n\n\n\n<ul class=\"wp-block-list\"><li>Presta atenci\u00f3n a los l\u00edmites de edad. Los juguetes deben estar claramente etiquetados con las edades recomendadas; si no lo est\u00e1n, es mejor no arriesgarse a comprarlos de todos modos.<\/li><li>Aunque un juguete est\u00e9 recomendado para la edad adecuada, puede tener ciertas caracter\u00edsticas o defectos que pueden ser peligrosos. No le des a un beb\u00e9 o a un ni\u00f1o peque\u00f1o ning\u00fan juguete con piezas peque\u00f1as que puedan romperse f\u00e1cilmente, o juguetes que sean en s\u00ed mismos lo suficientemente peque\u00f1os como para ser tragados.<\/li><li>Comprueba los materiales utilizados. Cualquier juguete que le des a un ni\u00f1o debe ser no t\u00f3xico y resistente al fuego, especialmente si el ni\u00f1o es lo suficientemente peque\u00f1o como para morder sus juguetes. Las pinturas y los l\u00e1pices de colores deben llevar la marca \"ASTM D-4236\", que significa que han sido probados por la Sociedad Americana de Pruebas y Materiales.<\/li><\/ul>\n\n\n\n<p>Si su hijo ha resultado herido por un producto defectuoso a pesar de sus esfuerzos en materia de seguridad, la ley de lesiones personales South Carolina le permite presentar una reclamaci\u00f3n contra la parte responsable. Nuestros abogados de lesiones infantiles Charleston pueden proporcionarle m\u00e1s informaci\u00f3n.<\/p>\n\n\n\n<h2 class=\"wp-block-heading\">Abogados de lesiones personales que representan a Charleston y \u00e1reas cercanas de South Carolina<\/h2>\n\n\n\n<p><strong>CONTACTAR CON NOSOTROS<\/strong><\/p>\n\n\n\n<p>El Steinberg Law Firm se compromete a mantener los juguetes seguros para todos los ni\u00f1os. Para discutir su caso legal con un abogado de lesiones de juguetes Charleston,&nbsp;<a href=\"https:\/\/www.steinberglawfirm.com\/contact-us\/\" target=\"_blank\" rel=\"noopener\">contactar con<\/a>&nbsp;hoy al 843-720-2800.<\/p>","protected":false},"excerpt":{"rendered":"<p>Elegir juguetes seguros para sus hijos Es raro el ni\u00f1o al que no le guste jugar con juguetes. Estos productos no s\u00f3lo son divertidos; jugar es una forma de que los ni\u00f1os exploren el mundo y desarrollen importantes habilidades mentales. Los beneficios no son s\u00f3lo para los ni\u00f1os, por supuesto: la compra de regalos para ni\u00f1os puede incluso...<\/p>","protected":false},"author":1,"featured_media":5589,"parent":2195,"menu_order":0,"comment_status":"closed","ping_status":"closed","template":"","meta":{"_acf_changed":false,"footnotes":""},"class_list":["post-2741","page","type-page","status-publish","has-post-thumbnail","hentry"],"acf":[],"_links":{"self":[{"href":"https:\/\/steinberglawfirm-staging.clmcloud.app\/es\/wp-json\/wp\/v2\/pages\/2741"}],"collection":[{"href":"https:\/\/steinberglawfirm-staging.clmcloud.app\/es\/wp-json\/wp\/v2\/pages"}],"about":[{"href":"https:\/\/steinberglawfirm-staging.clmcloud.app\/es\/wp-json\/wp\/v2\/types\/page"}],"author":[{"embeddable":true,"href":"https:\/\/steinberglawfirm-staging.clmcloud.app\/es\/wp-json\/wp\/v2\/users\/1"}],"replies":[{"embeddable":true,"href":"https:\/\/steinberglawfirm-staging.clmcloud.app\/es\/wp-json\/wp\/v2\/comments?post=2741"}],"version-history":[{"count":1,"href":"https:\/\/steinberglawfirm-staging.clmcloud.app\/es\/wp-json\/wp\/v2\/pages\/2741\/revisions"}],"predecessor-version":[{"id":19943,"href":"https:\/\/steinberglawfirm-staging.clmcloud.app\/es\/wp-json\/wp\/v2\/pages\/2741\/revisions\/19943"}],"up":[{"embeddable":true,"href":"https:\/\/steinberglawfirm-staging.clmcloud.app\/es\/wp-json\/wp\/v2\/pages\/2195"}],"wp:featuredmedia":[{"embeddable":true,"href":"https:\/\/steinberglawfirm-staging.clmcloud.app\/es\/wp-json\/wp\/v2\/media\/5589"}],"wp:attachment":[{"href":"https:\/\/steinberglawfirm-staging.clmcloud.app\/es\/wp-json\/wp\/v2\/media?parent=2741"}],"curies":[{"name":"wp","href":"https:\/\/api.w.org\/{rel}","templated":true}]}}