{"id":2737,"date":"2017-08-30T22:43:49","date_gmt":"2017-08-30T22:43:49","guid":{"rendered":"https:\/\/www.steinberglawfirm.com\/?page_id=2737"},"modified":"2022-04-19T21:57:50","modified_gmt":"2022-04-19T21:57:50","slug":"child-car-seat-defects","status":"publish","type":"page","link":"https:\/\/steinberglawfirm-staging.clmcloud.app\/es\/articulos\/defectos-en-los-asientos-infantiles\/","title":{"rendered":"Defectos de las sillas de auto para ni\u00f1os"},"content":{"rendered":"<h1 class=\"wp-block-heading\">Defectos de las sillas de auto para ni\u00f1os<\/h1>\n\n\n\n<div style=\"height:15px\" aria-hidden=\"true\" class=\"wp-block-spacer\"><\/div>\n\n\n\n<p>Los coches est\u00e1n dimensionados para adultos, no para ni\u00f1os. Por ello, mantener a los ni\u00f1os seguros en los coches puede ser dif\u00edcil. Sin embargo, hay muchos dispositivos disponibles para aumentar la protecci\u00f3n de los j\u00f3venes en los autom\u00f3viles. Los asientos de seguridad para ni\u00f1os son una de las formas en que los padres o tutores pueden mejorar la seguridad de los viajes, pero lamentablemente, estos dispositivos pueden funcionar mal y dejar a los ni\u00f1os en peligro de sufrir lesiones f\u00edsicas devastadoras.<\/p>\n\n\n\n<p>Si su hijo ha sufrido una lesi\u00f3n debido a un mal funcionamiento de la silla de auto para ni\u00f1os, puede tener derecho a una compensaci\u00f3n econ\u00f3mica por sus gastos m\u00e9dicos. P\u00f3ngase en contacto con los abogados especializados en defectos del producto Charleston del&nbsp;<a href=\"https:\/\/www.steinberglawfirm.com\/about-us\/\" target=\"_blank\" rel=\"noopener\">Steinberg Law Firm<\/a> al 843-720-2800 para discutir su caso con un abogado experto y experimentado hoy mismo.<\/p>\n\n\n\n<p><strong>DEFECTOS COMUNES DE LAS SILLAS DE AUTO<\/strong><\/p>\n\n\n\n<p>Las sillas de seguridad para ni\u00f1os est\u00e1n pensadas para proteger a los ni\u00f1os que son demasiado peque\u00f1os para las medidas de seguridad normales. Sin embargo, tanto los fallos de dise\u00f1o como los defectos de fabricaci\u00f3n pueden dar lugar a asientos infantiles de coche inseguros. Algunos de los tipos m\u00e1s comunes de defectos en los asientos de seguridad para autom\u00f3viles son:<\/p>\n\n\n\n<ul class=\"wp-block-list\"><li>Cierres o broches que no se conectan correctamente<\/li><li>Cinta d\u00e9bil en el arn\u00e9s<\/li><li>Falta de acolchado o soporte adecuado<\/li><li>Asiento que puede desprenderse del bastidor bajo tensi\u00f3n<\/li><li>Uso de materiales inflamables<\/li><\/ul>\n\n\n\n<p>Independientemente del tipo de defecto que haya causado la lesi\u00f3n de su hijo, hay medidas que puede tomar para defenderse. Al responsabilizar a la parte culpable por su negligencia, puede ayudar a prevenir futuros accidentes de sillas de auto para ni\u00f1os.<\/p>\n\n\n\n<h2 class=\"wp-block-heading\">Abogados de lesiones personales que representan a Charleston y \u00e1reas cercanas de South Carolina<\/h2>\n\n\n\n<p><strong>CONTACTAR CON NOSOTROS<\/strong><\/p>\n\n\n\n<p>Si usted o su hijo resultaron lesionados en un accidente automovil\u00edstico debido al dise\u00f1o ineficaz de un asiento de seguridad para autom\u00f3viles, p\u00f3ngase en contacto con los abogados especializados en defectos de productos del Charleston en el 843-720-2800. Nuestros abogados pueden ayudarle a emprender acciones contra la empresa negligente para recibir una compensaci\u00f3n econ\u00f3mica por su sufrimiento.<\/p>","protected":false},"excerpt":{"rendered":"<p>Defectos en los asientos infantiles Los coches est\u00e1n pensados para los adultos, no para los ni\u00f1os. Por lo tanto, mantener a los ni\u00f1os seguros en los coches puede ser dif\u00edcil. Sin embargo, hay muchos dispositivos disponibles para aumentar la protecci\u00f3n de los j\u00f3venes en los autom\u00f3viles. Los asientos de seguridad para ni\u00f1os son una de las formas en que los padres o tutores pueden mejorar la seguridad de los viajes, pero lamentablemente...<\/p>","protected":false},"author":1,"featured_media":19941,"parent":2195,"menu_order":0,"comment_status":"closed","ping_status":"closed","template":"","meta":{"_acf_changed":false,"footnotes":""},"class_list":["post-2737","page","type-page","status-publish","has-post-thumbnail","hentry"],"acf":[],"_links":{"self":[{"href":"https:\/\/steinberglawfirm-staging.clmcloud.app\/es\/wp-json\/wp\/v2\/pages\/2737"}],"collection":[{"href":"https:\/\/steinberglawfirm-staging.clmcloud.app\/es\/wp-json\/wp\/v2\/pages"}],"about":[{"href":"https:\/\/steinberglawfirm-staging.clmcloud.app\/es\/wp-json\/wp\/v2\/types\/page"}],"author":[{"embeddable":true,"href":"https:\/\/steinberglawfirm-staging.clmcloud.app\/es\/wp-json\/wp\/v2\/users\/1"}],"replies":[{"embeddable":true,"href":"https:\/\/steinberglawfirm-staging.clmcloud.app\/es\/wp-json\/wp\/v2\/comments?post=2737"}],"version-history":[{"count":1,"href":"https:\/\/steinberglawfirm-staging.clmcloud.app\/es\/wp-json\/wp\/v2\/pages\/2737\/revisions"}],"predecessor-version":[{"id":19942,"href":"https:\/\/steinberglawfirm-staging.clmcloud.app\/es\/wp-json\/wp\/v2\/pages\/2737\/revisions\/19942"}],"up":[{"embeddable":true,"href":"https:\/\/steinberglawfirm-staging.clmcloud.app\/es\/wp-json\/wp\/v2\/pages\/2195"}],"wp:featuredmedia":[{"embeddable":true,"href":"https:\/\/steinberglawfirm-staging.clmcloud.app\/es\/wp-json\/wp\/v2\/media\/19941"}],"wp:attachment":[{"href":"https:\/\/steinberglawfirm-staging.clmcloud.app\/es\/wp-json\/wp\/v2\/media?parent=2737"}],"curies":[{"name":"wp","href":"https:\/\/api.w.org\/{rel}","templated":true}]}}