{"id":2735,"date":"2017-08-30T22:42:41","date_gmt":"2017-08-30T22:42:41","guid":{"rendered":"https:\/\/www.steinberglawfirm.com\/?page_id=2735"},"modified":"2022-04-19T21:53:34","modified_gmt":"2022-04-19T21:53:34","slug":"can-you-sue-for-injuries-caused-by-first-responders","status":"publish","type":"page","link":"https:\/\/steinberglawfirm-staging.clmcloud.app\/es\/articulos\/se-puede-demandar-por-lesiones-causadas-por-los-primeros-intervinientes\/","title":{"rendered":"\u00bfSe puede demandar por las lesiones causadas por los primeros intervinientes?"},"content":{"rendered":"<h1 class=\"wp-block-heading\">\u00bfSe puede demandar por las lesiones causadas por los primeros intervinientes?<\/h1>\n\n\n\n<div style=\"height:15px\" aria-hidden=\"true\" class=\"wp-block-spacer\"><\/div>\n\n\n\n<p>Cuando un socorrista llega al lugar de una emergencia, puede cometer errores que da\u00f1en a un paciente. Los param\u00e9dicos, los param\u00e9dicos y otros profesionales de la medicina en la escena de la emergencia suelen estar aislados de la amenaza de acciones legales relacionadas con estas lesiones. Esto se debe al establecimiento de la Ley del Buen Samaritano de South Carolina. Es importante que aquellos que han sido heridos por el personal de primeros auxilios entiendan que hay excepciones previstas que pueden permitirle a uno perseguir una compensaci\u00f3n financiera seg\u00fan sea apropiado.<\/p>\n\n\n\n<p>Si usted ha sido herido por un socorrista negligente, puede tener derecho a reclamar una indemnizaci\u00f3n por estas lesiones a trav\u00e9s de una demanda. Para obtener m\u00e1s informaci\u00f3n sobre sus opciones como paciente lesionado, p\u00f3ngase en contacto con los abogados especializados en lesiones por Charleston del&nbsp;<a href=\"https:\/\/www.steinberglawfirm.com\/about-us\/\" target=\"_blank\" rel=\"noopener\">Steinberg Law Firm<\/a>&nbsp;llamando al 843-720-2800 hoy mismo.<\/p>\n\n\n\n<p><strong>EXCEPCIONES DEL BUEN SAMARITANO<\/strong><\/p>\n\n\n\n<p>South Carolina La Ley del Buen Samaritano tiene algunas excepciones importantes para los pacientes lesionados por un socorrista. Estas excepciones incluyen las siguientes situaciones:<\/p>\n\n\n\n<ul class=\"wp-block-list\"><li>Negligencia grave<\/li><li>Lesiones intencionadas<\/li><li>No hay protecci\u00f3n para los m\u00e9dicos o las enfermeras una vez que la persona llega a una sala de urgencias<\/li><\/ul>\n\n\n\n<p>En estos casos, una persona puede tener la opci\u00f3n de solicitar una compensaci\u00f3n econ\u00f3mica por sus facturas m\u00e9dicas, los salarios perdidos debido al tiempo perdido en el trabajo y otros da\u00f1os relacionados.<\/p>\n\n\n\n<h2 class=\"wp-block-heading\">Abogados de lesiones personales que representan a Charleston y \u00e1reas cercanas de South Carolina<\/h2>\n\n\n\n<p><strong>CONTACTAR CON NOSOTROS<\/strong><\/p>\n\n\n\n<p>Si se est\u00e1 recuperando de las lesiones causadas por los errores de los primeros intervinientes, es posible que desee considerar qu\u00e9 compensaci\u00f3n puede estar disponible. Aunque estos casos pueden ser algo m\u00e1s complicados, un abogado capacitado y con experiencia puede ayudarle a hacer que la parte responsable rinda cuentas. P\u00f3ngase en contacto con los abogados especializados en lesiones de la Charleston en el tel\u00e9fono 843-720-2800.<\/p>","protected":false},"excerpt":{"rendered":"<p>\u00bfSe puede demandar por las lesiones causadas por los primeros intervinientes? Cuando un socorrista llega a la escena de una emergencia, puede cometer errores que da\u00f1en a un paciente. Los param\u00e9dicos, los param\u00e9dicos y otros profesionales de la medicina en la escena de la emergencia suelen estar aislados de la amenaza de una acci\u00f3n legal relacionada con estas lesiones. Esto es...<\/p>","protected":false},"author":1,"featured_media":18839,"parent":2195,"menu_order":0,"comment_status":"closed","ping_status":"closed","template":"","meta":{"_acf_changed":false,"footnotes":""},"class_list":["post-2735","page","type-page","status-publish","has-post-thumbnail","hentry"],"acf":[],"_links":{"self":[{"href":"https:\/\/steinberglawfirm-staging.clmcloud.app\/es\/wp-json\/wp\/v2\/pages\/2735"}],"collection":[{"href":"https:\/\/steinberglawfirm-staging.clmcloud.app\/es\/wp-json\/wp\/v2\/pages"}],"about":[{"href":"https:\/\/steinberglawfirm-staging.clmcloud.app\/es\/wp-json\/wp\/v2\/types\/page"}],"author":[{"embeddable":true,"href":"https:\/\/steinberglawfirm-staging.clmcloud.app\/es\/wp-json\/wp\/v2\/users\/1"}],"replies":[{"embeddable":true,"href":"https:\/\/steinberglawfirm-staging.clmcloud.app\/es\/wp-json\/wp\/v2\/comments?post=2735"}],"version-history":[{"count":1,"href":"https:\/\/steinberglawfirm-staging.clmcloud.app\/es\/wp-json\/wp\/v2\/pages\/2735\/revisions"}],"predecessor-version":[{"id":19938,"href":"https:\/\/steinberglawfirm-staging.clmcloud.app\/es\/wp-json\/wp\/v2\/pages\/2735\/revisions\/19938"}],"up":[{"embeddable":true,"href":"https:\/\/steinberglawfirm-staging.clmcloud.app\/es\/wp-json\/wp\/v2\/pages\/2195"}],"wp:featuredmedia":[{"embeddable":true,"href":"https:\/\/steinberglawfirm-staging.clmcloud.app\/es\/wp-json\/wp\/v2\/media\/18839"}],"wp:attachment":[{"href":"https:\/\/steinberglawfirm-staging.clmcloud.app\/es\/wp-json\/wp\/v2\/media?parent=2735"}],"curies":[{"name":"wp","href":"https:\/\/api.w.org\/{rel}","templated":true}]}}