{"id":2732,"date":"2017-08-30T22:41:36","date_gmt":"2017-08-30T22:41:36","guid":{"rendered":"https:\/\/www.steinberglawfirm.com\/?page_id=2732"},"modified":"2023-01-03T23:27:20","modified_gmt":"2023-01-03T23:27:20","slug":"burn-injury-truth-and-consequences","status":"publish","type":"page","link":"https:\/\/steinberglawfirm-staging.clmcloud.app\/es\/articulos\/burn-injury-truth-and-consequences\/","title":{"rendered":"Lesiones por quemaduras: Verdad y consecuencias"},"content":{"rendered":"<h1 class=\"wp-block-heading\">Lesiones por quemaduras: Verdad y consecuencias<\/h1>\n\n\n\n<div style=\"height:15px\" aria-hidden=\"true\" class=\"wp-block-spacer\"><\/div>\n\n\n\n<p>Cuando los incendios forestales ocupan los titulares nacionales porque amenazan las lujosas casas de los ricos, la gente ve el tipo de devastaci\u00f3n general que el fuego puede provocar en una comunidad. Estos episodios pueden suscitar breves per\u00edodos de inter\u00e9s p\u00fablico y de concienciaci\u00f3n sobre la seguridad y la prevenci\u00f3n de incendios, pero cuando el ciclo de noticias cambia y la atenci\u00f3n disminuye, el coste humano de estos y otros incendios se convierte en algo secundario.<\/p>\n\n\n\n<p><strong>LOS N\u00daMEROS<\/strong><\/p>\n\n\n\n<p>Aproximadamente medio mill\u00f3n de estadounidenses no pueden permitirse el lujo de volver a su vida normal. Ese es el n\u00famero estimado de lesiones por quemaduras que requieren tratamiento m\u00e9dico en los Estados Unidos, tanto si las quemaduras se producen como consecuencia de incendios estructurales, incendios forestales o del contacto con una superficie o sustancia caliente, como una estufa o agua hirviendo.<\/p>\n\n\n\n<p>De esas 500.000 lesiones, aproximadamente 8% requieren hospitalizaci\u00f3n y m\u00e1s de la mitad de esos ingresos son en centros con unidades especializadas en quemaduras. Tr\u00e1gicamente, unas 4.000 personas pierden la vida a causa de las quemaduras, lo que supone m\u00e1s de 10 cada d\u00eda.<\/p>\n\n\n\n<p><strong>LA TOLLA<\/strong><\/p>\n\n\n\n<p>Dependiendo de la ubicaci\u00f3n y la gravedad de las quemaduras, las v\u00edctimas de estos incidentes pueden curarse completamente sin apenas intervenci\u00f3n, o pueden requerir una serie de dolorosos procedimientos de injerto de piel para permitir la mejor recuperaci\u00f3n posible. Sin embargo, parte del mayor dolor puede ser psicol\u00f3gico. Las cicatrices de las lesiones por quemaduras son un recordatorio permanente de un acontecimiento traum\u00e1tico, y pueden suponer un golpe demoledor para la confianza en uno mismo y la autoestima, ya que la persona que ven en el espejo ya no les resulta familiar.<\/p>\n\n\n\n<h2 class=\"wp-block-heading\">Abogados de lesiones personales que representan a Charleston y \u00e1reas cercanas de South Carolina<\/h2>\n\n\n\n<p><strong>CONTACTAR CON NOSOTROS<\/strong><\/p>\n\n\n\n<p>Si tiene <a href=\"https:\/\/www.steinberglawfirm.com\/personal-injury\/personal-injury-lawyers\/burn-injury-lawyer\/\" target=\"_blank\" rel=\"noopener\">sufri\u00f3 una quemadura<\/a> debido a la negligencia de otra persona o entidad,\u00a0<a href=\"https:\/\/www.steinberglawfirm.com\/contact-us\/\" target=\"_blank\" rel=\"noopener\">contactar con<\/a>\u00a0el Charleston\u00a0<a href=\"https:\/\/www.steinberglawfirm.com\/practice-areas\/personal-injury\/\" target=\"_blank\" rel=\"noopener\">da\u00f1os personales<\/a>\u00a0abogados de la\u00a0<a href=\"https:\/\/www.steinberglawfirm.com\/about-us\/\" target=\"_blank\" rel=\"noopener\">Steinberg Law Firm<\/a>\u00a0en\u00a0<a href=\"tel:1-843-720-2800\">843-720-2800<\/a>.<\/p>","protected":false},"excerpt":{"rendered":"<p>Lesiones por quemaduras: Verdad y consecuencias Cuando los incendios forestales ocupan los titulares nacionales porque amenazan las lujosas casas de los ricos, la gente ve el tipo de devastaci\u00f3n general que el fuego puede provocar en una comunidad. Estos episodios pueden suscitar breves per\u00edodos de inter\u00e9s y concienciaci\u00f3n del p\u00fablico en materia de seguridad y prevenci\u00f3n de incendios, pero cuando el ciclo de noticias gira...<\/p>","protected":false},"author":1,"featured_media":18839,"parent":2195,"menu_order":0,"comment_status":"closed","ping_status":"closed","template":"","meta":{"_acf_changed":false,"footnotes":""},"class_list":["post-2732","page","type-page","status-publish","has-post-thumbnail","hentry"],"acf":[],"_links":{"self":[{"href":"https:\/\/steinberglawfirm-staging.clmcloud.app\/es\/wp-json\/wp\/v2\/pages\/2732"}],"collection":[{"href":"https:\/\/steinberglawfirm-staging.clmcloud.app\/es\/wp-json\/wp\/v2\/pages"}],"about":[{"href":"https:\/\/steinberglawfirm-staging.clmcloud.app\/es\/wp-json\/wp\/v2\/types\/page"}],"author":[{"embeddable":true,"href":"https:\/\/steinberglawfirm-staging.clmcloud.app\/es\/wp-json\/wp\/v2\/users\/1"}],"replies":[{"embeddable":true,"href":"https:\/\/steinberglawfirm-staging.clmcloud.app\/es\/wp-json\/wp\/v2\/comments?post=2732"}],"version-history":[{"count":2,"href":"https:\/\/steinberglawfirm-staging.clmcloud.app\/es\/wp-json\/wp\/v2\/pages\/2732\/revisions"}],"predecessor-version":[{"id":23788,"href":"https:\/\/steinberglawfirm-staging.clmcloud.app\/es\/wp-json\/wp\/v2\/pages\/2732\/revisions\/23788"}],"up":[{"embeddable":true,"href":"https:\/\/steinberglawfirm-staging.clmcloud.app\/es\/wp-json\/wp\/v2\/pages\/2195"}],"wp:featuredmedia":[{"embeddable":true,"href":"https:\/\/steinberglawfirm-staging.clmcloud.app\/es\/wp-json\/wp\/v2\/media\/18839"}],"wp:attachment":[{"href":"https:\/\/steinberglawfirm-staging.clmcloud.app\/es\/wp-json\/wp\/v2\/media?parent=2732"}],"curies":[{"name":"wp","href":"https:\/\/api.w.org\/{rel}","templated":true}]}}