{"id":2730,"date":"2017-08-30T22:40:38","date_gmt":"2017-08-30T22:40:38","guid":{"rendered":"https:\/\/www.steinberglawfirm.com\/?page_id=2730"},"modified":"2022-04-19T21:51:16","modified_gmt":"2022-04-19T21:51:16","slug":"boat-accident-factors","status":"publish","type":"page","link":"https:\/\/steinberglawfirm-staging.clmcloud.app\/es\/articulos\/factores-de-accidente-de-la-embarcacion\/","title":{"rendered":"Factores de los accidentes de barco"},"content":{"rendered":"<h1 class=\"wp-block-heading\">Factores de los accidentes de barco<\/h1>\n\n\n\n<div style=\"height:15px\" aria-hidden=\"true\" class=\"wp-block-spacer\"><\/div>\n\n\n\n<p>Para algunos estadounidenses, los barcos son una parte integral de la vida. Ya sean pescadores, marineros o simplemente utilicen las embarcaciones para desplazarse, estas personas pasan horas cada d\u00eda en aguas que, en las circunstancias equivocadas, pueden ser poco indulgentes. Ya sea por una tormenta o por la incapacidad de un operador para controlar con seguridad el veh\u00edculo, los accidentes de navegaci\u00f3n pueden causar una gran cantidad de sufrimiento y miseria a los atrapados en el camino de la destrucci\u00f3n.<\/p>\n\n\n\n<p>Las lesiones en la navegaci\u00f3n pueden afectar seriamente su capacidad para trabajar o participar en las actividades diarias. P\u00f3ngase en contacto con los abogados de accidentes de barco Charleston de la&nbsp;<a href=\"https:\/\/www.steinberglawfirm.com\/about-us\/\" target=\"_blank\" rel=\"noopener\">Steinberg Law Firm<\/a>&nbsp;al 843-720-2800 para discutir los detalles de su reclamaci\u00f3n con un profesional del derecho. Deje que nuestra experiencia y conocimientos le ayuden hoy mismo.<\/p>\n\n\n\n<p><strong>CONSIDERACIONES SOBRE ACCIDENTES EN EL AGUA<\/strong><\/p>\n\n\n\n<p>Teniendo en cuenta que los accidentes de navegaci\u00f3n abarcan una amplia gama de veh\u00edculos y lugares, que van desde las peque\u00f1as embarcaciones personales hasta los enormes buques cisterna oce\u00e1nicos, los factores aparentes en los accidentes pueden incluir:<\/p>\n\n\n\n<ul class=\"wp-block-list\"><li>Tama\u00f1o de la embarcaci\u00f3n<\/li><li>Velocidad del barco<\/li><li>Habilidad del operador<\/li><li>Severidad de las olas<\/li><li>Fuerza del viento<\/li><\/ul>\n\n\n\n<p>Naturalmente, es poco probable que una moto acu\u00e1tica peque\u00f1a sufra el mismo tipo de da\u00f1os catastr\u00f3ficos a gran escala que un gran crucero o un petrolero, pero estos accidentes pueden seguir causando lesiones mortales. Del mismo modo, es m\u00e1s probable que una embarcaci\u00f3n grande se encuentre en aguas oce\u00e1nicas agitadas que pueden hacer que fallen las piezas necesarias.<\/p>\n\n\n\n<h2 class=\"wp-block-heading\">Abogados de lesiones personales que representan a Charleston y \u00e1reas cercanas de South Carolina<\/h2>\n\n\n\n<p><strong>CONTACTAR CON NOSOTROS<\/strong><\/p>\n\n\n\n<p>Aunque es necesario para algunas profesiones y, por otra parte, agradable para los veraneantes, la navegaci\u00f3n puede ser muy peligrosa. Si se ha lesionado a causa de una embarcaci\u00f3n defectuosa o por la negligencia de un operador, p\u00f3ngase en contacto con los abogados de accidentes de barco de la Charleston llamando al 843-720-2800 para una consulta gratuita hoy.<\/p>","protected":false},"excerpt":{"rendered":"<p>Factores de los accidentes de barco Para algunos estadounidenses, los barcos son una parte integral de la vida. Tanto si son pescadores, marineros o simplemente utilizan los barcos para desplazarse, estas personas pasan horas cada d\u00eda en aguas que, en las circunstancias equivocadas, pueden ser menos que indulgentes. Ya sea por una tormenta o por la incapacidad de un operador para...<\/p>","protected":false},"author":1,"featured_media":19639,"parent":2195,"menu_order":0,"comment_status":"closed","ping_status":"closed","template":"","meta":{"_acf_changed":false,"footnotes":""},"class_list":["post-2730","page","type-page","status-publish","has-post-thumbnail","hentry"],"acf":[],"_links":{"self":[{"href":"https:\/\/steinberglawfirm-staging.clmcloud.app\/es\/wp-json\/wp\/v2\/pages\/2730"}],"collection":[{"href":"https:\/\/steinberglawfirm-staging.clmcloud.app\/es\/wp-json\/wp\/v2\/pages"}],"about":[{"href":"https:\/\/steinberglawfirm-staging.clmcloud.app\/es\/wp-json\/wp\/v2\/types\/page"}],"author":[{"embeddable":true,"href":"https:\/\/steinberglawfirm-staging.clmcloud.app\/es\/wp-json\/wp\/v2\/users\/1"}],"replies":[{"embeddable":true,"href":"https:\/\/steinberglawfirm-staging.clmcloud.app\/es\/wp-json\/wp\/v2\/comments?post=2730"}],"version-history":[{"count":1,"href":"https:\/\/steinberglawfirm-staging.clmcloud.app\/es\/wp-json\/wp\/v2\/pages\/2730\/revisions"}],"predecessor-version":[{"id":19935,"href":"https:\/\/steinberglawfirm-staging.clmcloud.app\/es\/wp-json\/wp\/v2\/pages\/2730\/revisions\/19935"}],"up":[{"embeddable":true,"href":"https:\/\/steinberglawfirm-staging.clmcloud.app\/es\/wp-json\/wp\/v2\/pages\/2195"}],"wp:featuredmedia":[{"embeddable":true,"href":"https:\/\/steinberglawfirm-staging.clmcloud.app\/es\/wp-json\/wp\/v2\/media\/19639"}],"wp:attachment":[{"href":"https:\/\/steinberglawfirm-staging.clmcloud.app\/es\/wp-json\/wp\/v2\/media?parent=2730"}],"curies":[{"name":"wp","href":"https:\/\/api.w.org\/{rel}","templated":true}]}}