{"id":2727,"date":"2017-08-30T22:39:47","date_gmt":"2017-08-30T22:39:47","guid":{"rendered":"https:\/\/www.steinberglawfirm.com\/?page_id=2727"},"modified":"2022-04-19T21:50:31","modified_gmt":"2022-04-19T21:50:31","slug":"becoming-intoxicated-on-the-road","status":"publish","type":"page","link":"https:\/\/steinberglawfirm-staging.clmcloud.app\/es\/articulos\/convertirse-en-intoxicado-en-la-carretera\/","title":{"rendered":"Intoxicaci\u00f3n en la carretera"},"content":{"rendered":"<h1 class=\"wp-block-heading\">Intoxicaci\u00f3n en la carretera<\/h1>\n\n\n\n<div style=\"height:15px\" aria-hidden=\"true\" class=\"wp-block-spacer\"><\/div>\n\n\n\n<p>Muchas personas asocian naturalmente la conducci\u00f3n en estado de embriaguez con el abuso del alcohol. Sin embargo, a medida que m\u00e1s estadounidenses recurren a los productos farmac\u00e9uticos para tratar diversas afecciones m\u00e9dicas, es posible que no se den cuenta de que est\u00e1n infringiendo la ley cuando se ponen al volante. Esto se debe a que, seg\u00fan la ley, la intoxicaci\u00f3n no se define estrictamente por el uso de un conjunto concreto de sustancias qu\u00edmicas. En cambio, la intoxicaci\u00f3n funciona con una definici\u00f3n mucho m\u00e1s amplia, lo que significa que los conductores pueden ser considerados responsables tanto penal como civilmente por su consumo de sustancias.<\/p>\n\n\n\n<p>Si usted ha estado involucrado en un accidente con un conductor intoxicado, puede tener motivos para una acci\u00f3n legal. Para discutir las opciones de su caso con el Charleston&nbsp;<a href=\"https:\/\/www.steinberglawfirm.com\/practice-areas\/personal-injury\/\" target=\"_blank\" rel=\"noopener\">da\u00f1os personales<\/a>&nbsp;abogados de la&nbsp;<a href=\"https:\/\/www.steinberglawfirm.com\/about-us\/\" target=\"_blank\" rel=\"noopener\">Steinberg Law Firm<\/a>P\u00f3ngase en contacto con nosotros hoy mismo llamando al 843-720-2800.<\/p>\n\n\n\n<p><strong>TIPOS COMUNES DE INTOXICANTES<\/strong><\/p>\n\n\n\n<p>La intoxicaci\u00f3n se define en gran medida por el resultado final y no por la sustancia en s\u00ed. Esto significa que los conductores que utilizan regularmente ciertos productos farmac\u00e9uticos y medicamentos de venta libre pueden ser considerados intoxicados por las normas legales. De hecho, cualquiera de los siguientes puede ser considerado intoxicante bajo la ley:<\/p>\n\n\n\n<ul class=\"wp-block-list\"><li>Alcohol<\/li><li>Medicamentos recetados<\/li><li>Medicamentos de venta libre<\/li><li>Drogas ilegales<\/li><li>Otras sustancias qu\u00edmicas que alteran la mente o el cuerpo<\/li><\/ul>\n\n\n\n<p>Aunque pueda parecer que la definici\u00f3n es demasiado amplia para ser efectiva, la ley se preocupa menos por la causa de la intoxicaci\u00f3n y m\u00e1s por los efectos. Al fin y al cabo, incluso los productos de uso dom\u00e9stico pueden ser objeto de abuso para conseguir un subid\u00f3n que altere la capacidad del conductor para conducir con seguridad. En el caso de las drogas legales, sin embargo, esto significa que los conductores deben tener cuidado antes de ponerse al volante.<\/p>\n\n\n\n<h2 class=\"wp-block-heading\">Abogados de lesiones personales que representan a Charleston y \u00e1reas cercanas de South Carolina<\/h2>\n\n\n\n<p><strong>CONTACTAR CON NOSOTROS<\/strong><\/p>\n\n\n\n<p>Los conductores tienen la responsabilidad de saber y comprender si est\u00e1n en condiciones de conducir sus veh\u00edculos o no. No reconocer los peligros de conducir en estado de embriaguez puede tener consecuencias extremadamente graves. Si un accidente con un conductor intoxicado le ha causado da\u00f1os a usted o a un ser querido, p\u00f3ngase en contacto con los abogados de lesiones personales del Charleston en el 843-720-2800 para obtener m\u00e1s informaci\u00f3n sobre sus derechos legales.<\/p>","protected":false},"excerpt":{"rendered":"<p>Intoxicaci\u00f3n en la carretera Muchas personas asocian de forma natural la conducci\u00f3n en estado de embriaguez con el abuso del alcohol. Sin embargo, a medida que m\u00e1s estadounidenses recurren a los productos farmac\u00e9uticos para tratar diversas afecciones m\u00e9dicas, es posible que no se den cuenta de que est\u00e1n infringiendo la ley cuando se ponen al volante. Esto se debe a que, seg\u00fan la ley, la intoxicaci\u00f3n no se define estrictamente por...<\/p>","protected":false},"author":1,"featured_media":15366,"parent":2195,"menu_order":0,"comment_status":"closed","ping_status":"closed","template":"","meta":{"_acf_changed":false,"footnotes":""},"class_list":["post-2727","page","type-page","status-publish","has-post-thumbnail","hentry"],"acf":[],"_links":{"self":[{"href":"https:\/\/steinberglawfirm-staging.clmcloud.app\/es\/wp-json\/wp\/v2\/pages\/2727"}],"collection":[{"href":"https:\/\/steinberglawfirm-staging.clmcloud.app\/es\/wp-json\/wp\/v2\/pages"}],"about":[{"href":"https:\/\/steinberglawfirm-staging.clmcloud.app\/es\/wp-json\/wp\/v2\/types\/page"}],"author":[{"embeddable":true,"href":"https:\/\/steinberglawfirm-staging.clmcloud.app\/es\/wp-json\/wp\/v2\/users\/1"}],"replies":[{"embeddable":true,"href":"https:\/\/steinberglawfirm-staging.clmcloud.app\/es\/wp-json\/wp\/v2\/comments?post=2727"}],"version-history":[{"count":1,"href":"https:\/\/steinberglawfirm-staging.clmcloud.app\/es\/wp-json\/wp\/v2\/pages\/2727\/revisions"}],"predecessor-version":[{"id":19934,"href":"https:\/\/steinberglawfirm-staging.clmcloud.app\/es\/wp-json\/wp\/v2\/pages\/2727\/revisions\/19934"}],"up":[{"embeddable":true,"href":"https:\/\/steinberglawfirm-staging.clmcloud.app\/es\/wp-json\/wp\/v2\/pages\/2195"}],"wp:featuredmedia":[{"embeddable":true,"href":"https:\/\/steinberglawfirm-staging.clmcloud.app\/es\/wp-json\/wp\/v2\/media\/15366"}],"wp:attachment":[{"href":"https:\/\/steinberglawfirm-staging.clmcloud.app\/es\/wp-json\/wp\/v2\/media?parent=2727"}],"curies":[{"name":"wp","href":"https:\/\/api.w.org\/{rel}","templated":true}]}}