{"id":2725,"date":"2017-08-30T22:38:53","date_gmt":"2017-08-30T22:38:53","guid":{"rendered":"https:\/\/www.steinberglawfirm.com\/?page_id=2725"},"modified":"2022-04-27T17:30:14","modified_gmt":"2022-04-27T17:30:14","slug":"automotive-brake-failure","status":"publish","type":"page","link":"https:\/\/steinberglawfirm-staging.clmcloud.app\/es\/articulos\/fallo-del-freno-del-automovil\/","title":{"rendered":"Fallo de los frenos del autom\u00f3vil"},"content":{"rendered":"<h1 class=\"wp-block-heading\">Fallo de los frenos del autom\u00f3vil<\/h1>\n\n\n\n<div style=\"height:15px\" aria-hidden=\"true\" class=\"wp-block-spacer\"><\/div>\n\n\n\n<p>A pesar de todos los avances que se han hecho en las caracter\u00edsticas de seguridad de los veh\u00edculos de motor, quiz\u00e1s el componente m\u00e1s importante sigue siendo el sistema de frenos. El funcionamiento correcto de los frenos puede ser una necesidad urgente cuando las condiciones de la carretera cambian repentinamente o cuando otro automovilista realiza una acci\u00f3n inesperada. El instante en el que se reconoce que los frenos no funcionan puede ser totalmente aterrador, y las colisiones que pueden resultar de unos frenos defectuosos o que funcionan mal suelen ser bastante graves.<\/p>\n\n\n\n<p>Si usted ha resultado herido en un accidente precipitado por el fallo de sus frenos, entonces puede ser posible buscar una compensaci\u00f3n financiera a trav\u00e9s de una acci\u00f3n civil contra un fabricante o mec\u00e1nico negligente. Esto podr\u00eda ofrecerle la mejor oportunidad de asegurar los recursos que necesita para obtener la atenci\u00f3n m\u00e9dica necesaria. P\u00f3ngase en contacto con los abogados especializados en accidentes de tr\u00e1fico Charleston del&nbsp;<a href=\"https:\/\/www.steinberglawfirm.com\/about-us\/\" target=\"_blank\" rel=\"noopener\">Steinberg Law Firm<\/a>&nbsp;al 843-720-2800.<\/p>\n\n\n\n<p><strong>CAUSAS DEL MAL FUNCIONAMIENTO DE LOS FRENOS<\/strong><\/p>\n\n\n\n<p>Las posibles causas del mal funcionamiento de los frenos pueden ser:<\/p>\n\n\n\n<ul class=\"wp-block-list\"><li>Utilizaci\u00f3n de materiales o piezas deficientes<\/li><li>Instalaci\u00f3n incorrecta de las piezas de los frenos<\/li><li>L\u00edneas de l\u00edquido de frenos desconectadas, cortadas o con fugas<\/li><li>Patrones de calentamiento irregulares y muy concentrados en los discos de freno<\/li><li>Fugas de aceite en los discos de freno<\/li><\/ul>\n\n\n\n<p>Inmediatamente despu\u00e9s de un accidente de coche, mientras que usted puede tener una apreciaci\u00f3n del hecho de que su accidente fue facilitado por un problema de frenos, puede no estar claro qu\u00e9 defecto o defectos espec\u00edficos condujeron a ese evento peligroso. Una investigaci\u00f3n exhaustiva por parte de un abogado experto y con experiencia puede ayudar a asegurar que usted es capaz de determinar qu\u00e9 parte tiene la responsabilidad de su accidente.<\/p>\n\n\n\n<h2 class=\"wp-block-heading\">Abogados de lesiones personales que representan a Charleston y \u00e1reas cercanas de South Carolina<\/h2>\n\n\n\n<p><strong>CONTACTAR CON NOSOTROS<\/strong><\/p>\n\n\n\n<p>Nos dedicamos a ayudar a las v\u00edctimas de accidentes de tr\u00e1fico a obtener la compensaci\u00f3n econ\u00f3mica que les corresponde por derecho y llevamos m\u00e1s de 95 a\u00f1os sirviendo a South Carolina. P\u00f3ngase en contacto con el Charleston <a href=\"https:\/\/www.steinberglawfirm.com\/practice-areas\/personal-injury\/\" target=\"_blank\" rel=\"noopener\">da\u00f1os personales<\/a>\u00a0abogados del Steinberg Law Firm en el 843-720-2800 si se ha visto perjudicado por un mal funcionamiento de los frenos.<\/p>","protected":false},"excerpt":{"rendered":"<p>Fallo de los frenos del autom\u00f3vil A pesar de todos los avances que se han hecho en las caracter\u00edsticas de seguridad de los veh\u00edculos de motor, tal vez el componente m\u00e1s importante sigue siendo el sistema de frenos. El funcionamiento adecuado de los frenos puede ser una necesidad urgente cuando las condiciones de la carretera cambian repentinamente o cuando otro automovilista realiza una acci\u00f3n inesperada. El instante en que usted reconoce que sus frenos est\u00e1n...<\/p>","protected":false},"author":1,"featured_media":19679,"parent":2195,"menu_order":0,"comment_status":"closed","ping_status":"closed","template":"","meta":{"_acf_changed":false,"footnotes":""},"class_list":["post-2725","page","type-page","status-publish","has-post-thumbnail","hentry"],"acf":[],"_links":{"self":[{"href":"https:\/\/steinberglawfirm-staging.clmcloud.app\/es\/wp-json\/wp\/v2\/pages\/2725"}],"collection":[{"href":"https:\/\/steinberglawfirm-staging.clmcloud.app\/es\/wp-json\/wp\/v2\/pages"}],"about":[{"href":"https:\/\/steinberglawfirm-staging.clmcloud.app\/es\/wp-json\/wp\/v2\/types\/page"}],"author":[{"embeddable":true,"href":"https:\/\/steinberglawfirm-staging.clmcloud.app\/es\/wp-json\/wp\/v2\/users\/1"}],"replies":[{"embeddable":true,"href":"https:\/\/steinberglawfirm-staging.clmcloud.app\/es\/wp-json\/wp\/v2\/comments?post=2725"}],"version-history":[{"count":2,"href":"https:\/\/steinberglawfirm-staging.clmcloud.app\/es\/wp-json\/wp\/v2\/pages\/2725\/revisions"}],"predecessor-version":[{"id":21268,"href":"https:\/\/steinberglawfirm-staging.clmcloud.app\/es\/wp-json\/wp\/v2\/pages\/2725\/revisions\/21268"}],"up":[{"embeddable":true,"href":"https:\/\/steinberglawfirm-staging.clmcloud.app\/es\/wp-json\/wp\/v2\/pages\/2195"}],"wp:featuredmedia":[{"embeddable":true,"href":"https:\/\/steinberglawfirm-staging.clmcloud.app\/es\/wp-json\/wp\/v2\/media\/19679"}],"wp:attachment":[{"href":"https:\/\/steinberglawfirm-staging.clmcloud.app\/es\/wp-json\/wp\/v2\/media?parent=2725"}],"curies":[{"name":"wp","href":"https:\/\/api.w.org\/{rel}","templated":true}]}}