{"id":2723,"date":"2017-08-30T22:38:06","date_gmt":"2017-08-30T22:38:06","guid":{"rendered":"https:\/\/www.steinberglawfirm.com\/?page_id=2723"},"modified":"2022-04-19T21:48:33","modified_gmt":"2022-04-19T21:48:33","slug":"aphasia","status":"publish","type":"page","link":"https:\/\/steinberglawfirm-staging.clmcloud.app\/es\/articulos\/afasia\/","title":{"rendered":"Afasia"},"content":{"rendered":"<h1 class=\"wp-block-heading\">Afasia<\/h1>\n\n\n\n<div style=\"height:17px\" aria-hidden=\"true\" class=\"wp-block-spacer\"><\/div>\n\n\n\n<p>Los trastornos del lenguaje son una grave preocupaci\u00f3n cuando una persona sufre un traumatismo cerebral debido a un accidente o a una complicaci\u00f3n de la salud, como un derrame cerebral. En concreto, la afasia, que puede poner en peligro la capacidad de una persona para crear o recibir un lenguaje significativo, puede ser un trastorno especialmente destructivo debido a un da\u00f1o cerebral. Sin la capacidad de producir un lenguaje fluido o de comprender el discurso de otra persona, pueden surgir problemas en las relaciones personales y comerciales.<\/p>\n\n\n\n<p>Para obtener m\u00e1s informaci\u00f3n sobre sus derechos y opciones tras una lesi\u00f3n cerebral traum\u00e1tica, p\u00f3ngase en contacto con los abogados especializados en lesiones cerebrales Charleston del&nbsp;<a href=\"https:\/\/www.steinberglawfirm.com\/about-us\/\" target=\"_blank\" rel=\"noopener\">Steinberg Law Firm<\/a>&nbsp;al 843-720-2800 hoy mismo.<\/p>\n\n\n\n<p><strong>AFASIA DE BROCA Y WERNICKE<\/strong><\/p>\n\n\n\n<p>Entre las muchas formas diferentes de afasia, cada una de ellas distintiva en sus s\u00edntomas y efectos, hay dos formas principales que describen los principales problemas asociados a este trastorno. Con la afasia, una persona es incapaz de producir o reconocer el c\u00f3digo del lenguaje, lo que hace que la comunicaci\u00f3n sea tensa o totalmente imposible. A continuaci\u00f3n se enumeran los principales s\u00edntomas de la afasia:<\/p>\n\n\n\n<ul class=\"wp-block-list\"><li>La incapacidad de hablar con fluidez<\/li><li>La incapacidad de pronunciar correctamente las palabras<\/li><li>La incapacidad de comprender el lenguaje hablado, aunque la audici\u00f3n est\u00e9 intacta<\/li><li>La incapacidad de leer o escribir<\/li><li>Uso habitual de palabras y nombres inventados<\/li><\/ul>\n\n\n\n<p>De forma muy general, la afasia de Broca se conoce como una afasia que dificulta enormemente la producci\u00f3n del lenguaje. En el otro extremo de este trastorno, la afasia de Wernicke impide la capacidad de una persona para comprender el lenguaje, como si no lo hablara.<\/p>\n\n\n\n<h2 class=\"wp-block-heading\">Abogados de lesiones personales que representan a Charleston y \u00e1reas cercanas de South Carolina<\/h2>\n\n\n\n<p><strong>CONTACTAR CON NOSOTROS<\/strong><\/p>\n\n\n\n<p>Si ha sufrido da\u00f1os cerebrales debido a la acci\u00f3n o inacci\u00f3n de otra persona, puede tener derecho a una indemnizaci\u00f3n. P\u00f3ngase en contacto con el Charleston&nbsp;<a href=\"https:\/\/www.steinberglawfirm.com\/practice-areas\/personal-injury\/\" target=\"_blank\" rel=\"noopener\">da\u00f1os personales<\/a>&nbsp;abogados del Steinberg Law Firm llamando al 843-720-2800 para saber m\u00e1s sobre sus derechos y opciones legales.<\/p>","protected":false},"excerpt":{"rendered":"<p>Afasia Los trastornos del lenguaje son una grave preocupaci\u00f3n cuando una persona sufre un traumatismo cerebral debido a un accidente o a una complicaci\u00f3n de la salud, como un derrame cerebral. En concreto, la afasia, que puede poner en peligro la capacidad de una persona para crear o recibir un lenguaje significativo, puede ser un trastorno especialmente destructivo debido a un da\u00f1o cerebral. Sin...<\/p>","protected":false},"author":1,"featured_media":19931,"parent":2195,"menu_order":0,"comment_status":"closed","ping_status":"closed","template":"","meta":{"_acf_changed":false,"footnotes":""},"class_list":["post-2723","page","type-page","status-publish","has-post-thumbnail","hentry"],"acf":[],"_links":{"self":[{"href":"https:\/\/steinberglawfirm-staging.clmcloud.app\/es\/wp-json\/wp\/v2\/pages\/2723"}],"collection":[{"href":"https:\/\/steinberglawfirm-staging.clmcloud.app\/es\/wp-json\/wp\/v2\/pages"}],"about":[{"href":"https:\/\/steinberglawfirm-staging.clmcloud.app\/es\/wp-json\/wp\/v2\/types\/page"}],"author":[{"embeddable":true,"href":"https:\/\/steinberglawfirm-staging.clmcloud.app\/es\/wp-json\/wp\/v2\/users\/1"}],"replies":[{"embeddable":true,"href":"https:\/\/steinberglawfirm-staging.clmcloud.app\/es\/wp-json\/wp\/v2\/comments?post=2723"}],"version-history":[{"count":1,"href":"https:\/\/steinberglawfirm-staging.clmcloud.app\/es\/wp-json\/wp\/v2\/pages\/2723\/revisions"}],"predecessor-version":[{"id":19932,"href":"https:\/\/steinberglawfirm-staging.clmcloud.app\/es\/wp-json\/wp\/v2\/pages\/2723\/revisions\/19932"}],"up":[{"embeddable":true,"href":"https:\/\/steinberglawfirm-staging.clmcloud.app\/es\/wp-json\/wp\/v2\/pages\/2195"}],"wp:featuredmedia":[{"embeddable":true,"href":"https:\/\/steinberglawfirm-staging.clmcloud.app\/es\/wp-json\/wp\/v2\/media\/19931"}],"wp:attachment":[{"href":"https:\/\/steinberglawfirm-staging.clmcloud.app\/es\/wp-json\/wp\/v2\/media?parent=2723"}],"curies":[{"name":"wp","href":"https:\/\/api.w.org\/{rel}","templated":true}]}}