{"id":2721,"date":"2017-08-30T22:37:04","date_gmt":"2017-08-30T22:37:04","guid":{"rendered":"https:\/\/www.steinberglawfirm.com\/?page_id=2721"},"modified":"2022-04-19T19:06:18","modified_gmt":"2022-04-19T19:06:18","slug":"anti-depressant-withdrawal","status":"publish","type":"page","link":"https:\/\/steinberglawfirm-staging.clmcloud.app\/es\/articulos\/antidepresivo-retiro\/","title":{"rendered":"Abstinencia de antidepresivos"},"content":{"rendered":"<h1 class=\"wp-block-heading\">Abstinencia de antidepresivos<\/h1>\n\n\n\n<div style=\"height:15px\" aria-hidden=\"true\" class=\"wp-block-spacer\"><\/div>\n\n\n\n<p>Los medicamentos antidepresivos se desarrollaron hace unos 50 a\u00f1os para tratar los s\u00edntomas de la depresi\u00f3n cl\u00ednica. Hoy en d\u00eda tambi\u00e9n se recetan para una serie de enfermedades, como los trastornos alimentarios, la ansiedad e incluso para ayudar a dejar de fumar. Aunque estos medicamentos han sido beneficiosos para muchas personas, tambi\u00e9n tienen ciertos riesgos y efectos secundarios que pueden ser peligrosos.<\/p>\n\n\n\n<p>Un tipo de riesgo es la posibilidad de que se produzcan s\u00edntomas de abstinencia cuando se omiten las dosis. Los ISRS, o inhibidores selectivos de la recaptaci\u00f3n de serotonina, son la variedad m\u00e1s com\u00fan de medicamentos antidepresivos. Sus efectos de abstinencia pueden ser desde inc\u00f3modos hasta peligrosos. Los m\u00e9dicos recomiendan que cualquier persona que quiera dejar de usar un ISRS disminuya su dosis lentamente con supervisi\u00f3n m\u00e9dica.<\/p>\n\n\n\n<p>Si su m\u00e9dico no le advirti\u00f3 de los efectos de la abstinencia de los ISRS o no supervis\u00f3 adecuadamente su cese, puede haber sido v\u00edctima de\u00a0<a href=\"https:\/\/www.steinberglawfirm.com\/practice-areas\/medical-malpractice\/\" target=\"_blank\" rel=\"noopener\">negligencia m\u00e9dica<\/a>. Para discutir sus derechos con un abogado experimentado en la retirada de antidepresivos Charleston, llame al\u00a0<a href=\"https:\/\/www.steinberglawfirm.com\/about-us\/\" target=\"_blank\" rel=\"noopener\">Steinberg Law Firm<\/a>\u00a0al 843-720-2800.<\/p>\n\n\n\n<p><strong>S\u00cdNTOMAS DE ABSTINENCIA DE SSRI<\/strong><\/p>\n\n\n\n<p>Cuando una persona deja de tomar un antidepresivo, los s\u00edntomas de abstinencia suelen empezar a producirse en unos pocos d\u00edas, dependiendo del f\u00e1rmaco. Es posible que desee hablar con un abogado especializado en lesiones por interrupci\u00f3n de ISRS Charleston si ha experimentado los siguientes s\u00edntomas con la suficiente gravedad como para interferir en su vida diaria:<\/p>\n\n\n\n<ul class=\"wp-block-list\"><li>Dolor o calambres abdominales<\/li><li>Adormecimiento o sensaci\u00f3n de hormigueo en brazos y piernas<\/li><li>Aumento de la agitaci\u00f3n y\/o agresividad<\/li><li>Insomnio<\/li><li>Espasmos musculares o parkinsonismo<\/li><li>Mareo o v\u00e9rtigo<\/li><li>N\u00e1useas o incapacidad para comer<\/li><\/ul>\n\n\n\n<p>La intensidad y la duraci\u00f3n de los s\u00edntomas variar\u00e1n en funci\u00f3n del f\u00e1rmaco espec\u00edfico, del tiempo que se haya tomado y de los factores individuales que afecten a cada paciente.<\/p>\n\n\n\n<h2 class=\"wp-block-heading\">Abogados de lesiones personales que representan a Charleston y \u00e1reas cercanas de South Carolina<\/h2>\n\n\n\n<p><strong>CONTACTAR CON NOSOTROS<\/strong><\/p>\n\n\n\n<p>Si su m\u00e9dico no le prepar\u00f3 para la retirada de los ISRS o no le ayud\u00f3 en este dif\u00edcil proceso, podr\u00eda tener derecho a recibir una indemnizaci\u00f3n legal. Para saber m\u00e1s,&nbsp;<a href=\"https:\/\/www.steinberglawfirm.com\/contact-us\/\" target=\"_blank\" rel=\"noopener\">contactar con<\/a>&nbsp;los abogados de lesiones por abstinencia del Charleston del Steinberg Law Firm hoy en el 843-720-2800.<\/p>","protected":false},"excerpt":{"rendered":"<p>Retirada de antidepresivos Los medicamentos antidepresivos se desarrollaron hace unos 50 a\u00f1os para tratar los s\u00edntomas de la depresi\u00f3n cl\u00ednica. Hoy en d\u00eda tambi\u00e9n se recetan para una serie de enfermedades, como los trastornos alimentarios, la ansiedad e incluso para ayudar a las personas a dejar de fumar. Aunque estos medicamentos han sido beneficiosos para muchas personas, tambi\u00e9n tienen ciertos riesgos y efectos secundarios...<\/p>","protected":false},"author":1,"featured_media":15168,"parent":2195,"menu_order":0,"comment_status":"closed","ping_status":"closed","template":"","meta":{"_acf_changed":false,"footnotes":""},"class_list":["post-2721","page","type-page","status-publish","has-post-thumbnail","hentry"],"acf":[],"_links":{"self":[{"href":"https:\/\/steinberglawfirm-staging.clmcloud.app\/es\/wp-json\/wp\/v2\/pages\/2721"}],"collection":[{"href":"https:\/\/steinberglawfirm-staging.clmcloud.app\/es\/wp-json\/wp\/v2\/pages"}],"about":[{"href":"https:\/\/steinberglawfirm-staging.clmcloud.app\/es\/wp-json\/wp\/v2\/types\/page"}],"author":[{"embeddable":true,"href":"https:\/\/steinberglawfirm-staging.clmcloud.app\/es\/wp-json\/wp\/v2\/users\/1"}],"replies":[{"embeddable":true,"href":"https:\/\/steinberglawfirm-staging.clmcloud.app\/es\/wp-json\/wp\/v2\/comments?post=2721"}],"version-history":[{"count":1,"href":"https:\/\/steinberglawfirm-staging.clmcloud.app\/es\/wp-json\/wp\/v2\/pages\/2721\/revisions"}],"predecessor-version":[{"id":19927,"href":"https:\/\/steinberglawfirm-staging.clmcloud.app\/es\/wp-json\/wp\/v2\/pages\/2721\/revisions\/19927"}],"up":[{"embeddable":true,"href":"https:\/\/steinberglawfirm-staging.clmcloud.app\/es\/wp-json\/wp\/v2\/pages\/2195"}],"wp:featuredmedia":[{"embeddable":true,"href":"https:\/\/steinberglawfirm-staging.clmcloud.app\/es\/wp-json\/wp\/v2\/media\/15168"}],"wp:attachment":[{"href":"https:\/\/steinberglawfirm-staging.clmcloud.app\/es\/wp-json\/wp\/v2\/media?parent=2721"}],"curies":[{"name":"wp","href":"https:\/\/api.w.org\/{rel}","templated":true}]}}