{"id":2717,"date":"2014-10-13T22:34:57","date_gmt":"2014-10-13T22:34:57","guid":{"rendered":"https:\/\/www.steinberglawfirm.com\/?page_id=2717"},"modified":"2022-04-19T18:29:16","modified_gmt":"2022-04-19T18:29:16","slug":"agnosia-and-brain-injury","status":"publish","type":"page","link":"https:\/\/steinberglawfirm-staging.clmcloud.app\/es\/articulos\/agnosia-y-lesion-cerebral\/","title":{"rendered":"Agnosia y lesi\u00f3n cerebral"},"content":{"rendered":"<h1 class=\"wp-block-heading\">Agnosia y lesi\u00f3n cerebral<\/h1>\n\n\n\n<div style=\"height:15px\" aria-hidden=\"true\" class=\"wp-block-spacer\"><\/div>\n\n\n\n<p>Cuando una persona sufre una lesi\u00f3n cerebral, puede desarrollar una serie de complicaciones graves. Las lesiones cerebrales pueden provocar un trastorno especialmente destructivo conocido como agnosia. La agnosia es un t\u00e9rmino utilizado para describir una amplia variedad de condiciones que interfieren con la capacidad de una persona para interactuar con el mundo que le rodea de alguna manera. Sin embargo, los distintos tipos de esta afecci\u00f3n suelen afectar a un \u00e1mbito muy limitado de la percepci\u00f3n sensorial o del pensamiento abstracto.<\/p>\n\n\n\n<p>Para obtener m\u00e1s informaci\u00f3n sobre sus opciones legales si usted o un ser querido ha sido afectado por agnosia debido a la negligencia de otra parte, p\u00f3ngase en contacto con los abogados de lesiones personales del Charleston en el 843-720-2800 hoy.<\/p>\n\n\n\n<p><strong>TIPOS DE AGNOSIA<\/strong><\/p>\n\n\n\n<p>Diferentes \u00e1reas del cerebro son responsables de manejar procesos mentales distintos. Si una lesi\u00f3n da\u00f1a o destruye una estructura concreta, el individuo lesionado puede perder la funci\u00f3n de esa estructura. Como resultado, puede perder habilidades b\u00e1sicas que se han desarrollado a lo largo de la vida de la persona. Estas p\u00e9rdidas pueden incluir lo siguiente:<\/p>\n\n\n\n<ul class=\"wp-block-list\"><li>Incapacidad para identificar o comprender las implicaciones de los objetos vistos<\/li><li>Incapacidad para comprender los sonidos escuchados<\/li><li>Incapacidad para distinguir la m\u00fasica del ruido aleatorio<\/li><li>Incapacidad para distinguir una imagen especular de un objeto real<\/li><li>Incapacidad para comprender los colores<\/li><li>Incapacidad para relacionar a una persona con su rostro<\/li><li>Incapacidad de conectar a una persona con su voz<\/li><\/ul>\n\n\n\n<p>Cuando existe, el tratamiento puede resultar caro y largo. En algunos casos, los da\u00f1os en el cerebro pueden hacer que estas complicaciones sean permanentes.<\/p>\n\n\n\n<h2 class=\"wp-block-heading\">Abogados de lesiones personales que representan a Charleston y \u00e1reas cercanas de South Carolina<\/h2>\n\n\n\n<p><strong>CONTACTAR CON NOSOTROS<\/strong><\/p>\n\n\n\n<p>Si usted ha sido lesionado a causa de los errores de una persona negligente, puede haber acciones legales disponibles que, si tienen \u00e9xito, podr\u00edan ayudarle a asegurar una compensaci\u00f3n financiera. P\u00f3ngase en contacto con los h\u00e1biles y experimentados abogados de lesiones personales del Charleston hoy mismo en el 843-720-2800 para recibir ayuda en estos momentos dif\u00edciles.<\/p>","protected":false},"excerpt":{"rendered":"<p>Agnosia y lesi\u00f3n cerebral Cuando una persona sufre una lesi\u00f3n cerebral, puede desarrollar una serie de complicaciones graves. Una condici\u00f3n particularmente destructiva conocida como agnosia puede ser el resultado de las lesiones cerebrales. La agnosia es un t\u00e9rmino utilizado para describir una amplia variedad de condiciones que interfieren con la capacidad de una persona para interactuar con el...<\/p>","protected":false},"author":1,"featured_media":15284,"parent":2195,"menu_order":0,"comment_status":"closed","ping_status":"closed","template":"","meta":{"_acf_changed":false,"footnotes":""},"class_list":["post-2717","page","type-page","status-publish","has-post-thumbnail","hentry"],"acf":[],"_links":{"self":[{"href":"https:\/\/steinberglawfirm-staging.clmcloud.app\/es\/wp-json\/wp\/v2\/pages\/2717"}],"collection":[{"href":"https:\/\/steinberglawfirm-staging.clmcloud.app\/es\/wp-json\/wp\/v2\/pages"}],"about":[{"href":"https:\/\/steinberglawfirm-staging.clmcloud.app\/es\/wp-json\/wp\/v2\/types\/page"}],"author":[{"embeddable":true,"href":"https:\/\/steinberglawfirm-staging.clmcloud.app\/es\/wp-json\/wp\/v2\/users\/1"}],"replies":[{"embeddable":true,"href":"https:\/\/steinberglawfirm-staging.clmcloud.app\/es\/wp-json\/wp\/v2\/comments?post=2717"}],"version-history":[{"count":1,"href":"https:\/\/steinberglawfirm-staging.clmcloud.app\/es\/wp-json\/wp\/v2\/pages\/2717\/revisions"}],"predecessor-version":[{"id":19925,"href":"https:\/\/steinberglawfirm-staging.clmcloud.app\/es\/wp-json\/wp\/v2\/pages\/2717\/revisions\/19925"}],"up":[{"embeddable":true,"href":"https:\/\/steinberglawfirm-staging.clmcloud.app\/es\/wp-json\/wp\/v2\/pages\/2195"}],"wp:featuredmedia":[{"embeddable":true,"href":"https:\/\/steinberglawfirm-staging.clmcloud.app\/es\/wp-json\/wp\/v2\/media\/15284"}],"wp:attachment":[{"href":"https:\/\/steinberglawfirm-staging.clmcloud.app\/es\/wp-json\/wp\/v2\/media?parent=2717"}],"curies":[{"name":"wp","href":"https:\/\/api.w.org\/{rel}","templated":true}]}}