{"id":2715,"date":"2014-10-13T22:33:19","date_gmt":"2014-10-13T22:33:19","guid":{"rendered":"https:\/\/www.steinberglawfirm.com\/?page_id=2715"},"modified":"2022-04-19T18:26:43","modified_gmt":"2022-04-19T18:26:43","slug":"accident-liability-in-borrowed-vehicles","status":"publish","type":"page","link":"https:\/\/steinberglawfirm-staging.clmcloud.app\/es\/articulos\/accidente-liquidez-en-vehiculos-prestados\/","title":{"rendered":"Responsabilidad por accidentes en veh\u00edculos prestados"},"content":{"rendered":"<h1 class=\"wp-block-heading\">Responsabilidad por accidentes en veh\u00edculos prestados<\/h1>\n\n\n\n<div style=\"height:15px\" aria-hidden=\"true\" class=\"wp-block-spacer\"><\/div>\n\n\n\n<p>Cuando una persona presta su veh\u00edculo a otra, ese individuo puede ser considerado responsable de cualquier accidente que el conductor cause. Este es el caso m\u00e1s frecuente si el propietario de un veh\u00edculo presta su coche o cami\u00f3n a un automovilista que no est\u00e1 capacitado para conducir o es imprudente al volante. Desafortunadamente, estos conductores descuidados pueden causar accidentes devastadores en veh\u00edculos prestados.<\/p>\n\n\n\n<p>Si ha resultado herido en un accidente de coche por culpa de los errores de otra persona, es posible que quiera consultar con un asesor legal antes de presentar una reclamaci\u00f3n. Podemos ayudarle a determinar qui\u00e9n es el culpable de su accidente de coche y buscar la compensaci\u00f3n que se merece. Para saber m\u00e1s, p\u00f3ngase en contacto con un abogado de accidentes de la Charleston hoy mismo llamando al 843-720-2800.<\/p>\n\n\n\n<p><strong>RESPONSABILIDAD DE LOS CONDUCTORES Y PROPIETARIOS<\/strong><\/p>\n\n\n\n<p>Si un conductor supone una amenaza para la seguridad de los dem\u00e1s automovilistas, la responsabilidad del propietario es asegurarse de que su veh\u00edculo no sea utilizado por ese conductor. Los propietarios deben ser especialmente cautelosos cuando se trata de los siguientes tipos de conductores:<\/p>\n\n\n\n<ul class=\"wp-block-list\"><li>Conductores sin permiso o licencia v\u00e1lidos<\/li><li>Conductores demasiado j\u00f3venes para obtener el permiso<\/li><li>Conductores de edad avanzada que no pueden conducir un veh\u00edculo con seguridad<\/li><li>Conductores demasiado enfermos para estar al volante<\/li><li>Conductores con problemas m\u00e9dicos que les impidan conducir<\/li><li>Conductores imprudentes<\/li><\/ul>\n\n\n\n<p>Adem\u00e1s, algunas empresas pueden ser consideradas responsables de las acciones de los conductores que utilizan sus coches de empresa. Si alguno de estos conductores provoca un accidente, el empresario puede ser considerado responsable por los tribunales.<\/p>\n\n\n\n<p><strong>CONTACTAR CON NOSOTROS<\/strong><\/p>\n\n\n\n<p>Si va a presentar una reclamaci\u00f3n de indemnizaci\u00f3n despu\u00e9s de un accidente de coche, es posible que desee consultar con un abogado para determinar qui\u00e9n es responsable de sus lesiones y contra qui\u00e9n debe dirigirse la reclamaci\u00f3n. Para obtener m\u00e1s informaci\u00f3n acerca de c\u00f3mo podemos ser capaces de ayudar con este proceso, p\u00f3ngase en contacto con un abogado de lesiones personales Charleston de la Steinberg Law Firm en 843-720-2800 hoy.<\/p>","protected":false},"excerpt":{"rendered":"<p>Responsabilidad por accidentes en veh\u00edculos prestados Cuando una persona presta su veh\u00edculo a otra, esa persona puede ser considerada responsable de cualquier accidente que el conductor cause. Este es el caso m\u00e1s frecuente si el propietario de un veh\u00edculo presta su coche o cami\u00f3n a un automovilista que no est\u00e1 capacitado para conducir o es imprudente...<\/p>","protected":false},"author":1,"featured_media":19679,"parent":2195,"menu_order":0,"comment_status":"closed","ping_status":"closed","template":"","meta":{"_acf_changed":false,"footnotes":""},"class_list":["post-2715","page","type-page","status-publish","has-post-thumbnail","hentry"],"acf":[],"_links":{"self":[{"href":"https:\/\/steinberglawfirm-staging.clmcloud.app\/es\/wp-json\/wp\/v2\/pages\/2715"}],"collection":[{"href":"https:\/\/steinberglawfirm-staging.clmcloud.app\/es\/wp-json\/wp\/v2\/pages"}],"about":[{"href":"https:\/\/steinberglawfirm-staging.clmcloud.app\/es\/wp-json\/wp\/v2\/types\/page"}],"author":[{"embeddable":true,"href":"https:\/\/steinberglawfirm-staging.clmcloud.app\/es\/wp-json\/wp\/v2\/users\/1"}],"replies":[{"embeddable":true,"href":"https:\/\/steinberglawfirm-staging.clmcloud.app\/es\/wp-json\/wp\/v2\/comments?post=2715"}],"version-history":[{"count":1,"href":"https:\/\/steinberglawfirm-staging.clmcloud.app\/es\/wp-json\/wp\/v2\/pages\/2715\/revisions"}],"predecessor-version":[{"id":19923,"href":"https:\/\/steinberglawfirm-staging.clmcloud.app\/es\/wp-json\/wp\/v2\/pages\/2715\/revisions\/19923"}],"up":[{"embeddable":true,"href":"https:\/\/steinberglawfirm-staging.clmcloud.app\/es\/wp-json\/wp\/v2\/pages\/2195"}],"wp:featuredmedia":[{"embeddable":true,"href":"https:\/\/steinberglawfirm-staging.clmcloud.app\/es\/wp-json\/wp\/v2\/media\/19679"}],"wp:attachment":[{"href":"https:\/\/steinberglawfirm-staging.clmcloud.app\/es\/wp-json\/wp\/v2\/media?parent=2715"}],"curies":[{"name":"wp","href":"https:\/\/api.w.org\/{rel}","templated":true}]}}