{"id":2713,"date":"2014-10-13T22:30:31","date_gmt":"2014-10-13T22:30:31","guid":{"rendered":"https:\/\/www.steinberglawfirm.com\/?page_id=2713"},"modified":"2022-04-19T18:25:26","modified_gmt":"2022-04-19T18:25:26","slug":"abusive-head-trauma","status":"publish","type":"page","link":"https:\/\/steinberglawfirm-staging.clmcloud.app\/es\/articulos\/traumatismo-craneal-abusivo\/","title":{"rendered":"Traumatismo craneoencef\u00e1lico abusivo"},"content":{"rendered":"<h1 class=\"wp-block-heading\">Traumatismo craneoencef\u00e1lico abusivo<\/h1>\n\n\n\n<div style=\"height:15px\" aria-hidden=\"true\" class=\"wp-block-spacer\"><\/div>\n\n\n\n<p>Cuidar de un ni\u00f1o peque\u00f1o nunca es f\u00e1cil, ni siquiera para una persona que haya elegido el cuidado de ni\u00f1os como profesi\u00f3n. Al no poder comunicar sus deseos y necesidades del mismo modo que un ni\u00f1o mayor o un adulto, un beb\u00e9 o un ni\u00f1o peque\u00f1o puede recurrir al llanto, a los gritos o a otros comportamientos que pueden agredir los sentidos de un cuidador y colmar su paciencia.<\/p>\n\n\n\n<p>Desgraciadamente, algunos individuos optan por descargar su frustraci\u00f3n en ni\u00f1os indefensos sacudi\u00e9ndolos violentamente. Esto ser\u00eda una respuesta totalmente inexcusable en cualquier circunstancia, y las dolorosas realidades del traumatismo craneoencef\u00e1lico abusivo (AHT o s\u00edndrome del beb\u00e9 sacudido) son demasiado graves para que estas acciones queden impunes.<\/p>\n\n\n\n<p>Si su hijo ha sufrido el s\u00edndrome del beb\u00e9 sacudido, es probable que tenga que pagar importantes facturas m\u00e9dicas, tanto ahora como en el futuro. Una demanda civil puede ser la mejor manera de que reciba la compensaci\u00f3n econ\u00f3mica necesaria para pagar estos gastos y atender otras necesidades. P\u00f3ngase en contacto con los abogados especializados en lesiones infantiles Charleston del&nbsp;<a href=\"https:\/\/www.steinberglawfirm.com\/about-us\/\" target=\"_blank\" rel=\"noopener\">Steinberg Law Firm<\/a>&nbsp;al 843-720-2800 para discutir sus derechos y opciones legales hoy.<\/p>\n\n\n\n<p><strong>S\u00cdNTOMAS DEL S\u00cdNDROME DEL BEB\u00c9 SACUDIDO<\/strong><\/p>\n\n\n\n<p>Aunque el nombre informal de la AHT incluye la palabra \"sacudida\", es posible que un ni\u00f1o sufra esta peligrosa condici\u00f3n como consecuencia de cualquier impacto violento. El cuidador que hiere a un ni\u00f1o puede intentar distorsionar la situaci\u00f3n o minimizar la impresi\u00f3n que reciben los padres sobre la gravedad del incidente. Pero los siguientes s\u00edntomas son indicativos del s\u00edndrome del beb\u00e9 sacudido y justifican la preocupaci\u00f3n inmediata y la atenci\u00f3n m\u00e9dica:<\/p>\n\n\n\n<ul class=\"wp-block-list\"><li>Decoloraci\u00f3n de la piel<\/li><li>P\u00e9rdida de apetito<\/li><li>P\u00e9rdida de control muscular y movimientos involuntarios<\/li><li>P\u00e9rdida de visi\u00f3n<\/li><li>Disminuci\u00f3n de la funci\u00f3n cognitiva<\/li><li>Aumento de la irritabilidad<\/li><li>Letargo extremo<\/li><li>Desprendimiento de retina<\/li><\/ul>\n\n\n\n<h2 class=\"wp-block-heading\">Abogados de lesiones personales que representan a Charleston y \u00e1reas cercanas de South Carolina<\/h2>\n\n\n\n<p><strong>CONTACTAR CON NOSOTROS<\/strong><\/p>\n\n\n\n<p>Nada de lo que haga un ni\u00f1o podr\u00eda merecer un trato tan duro, y la persona que hiri\u00f3 a su hijo o hija debe rendir cuentas. P\u00f3ngase en contacto con los abogados de lesiones infantiles del Charleston en el 843-720-2800 para obtener la representaci\u00f3n agresiva que necesita.<\/p>","protected":false},"excerpt":{"rendered":"<p>Traumatismo craneoencef\u00e1lico abusivo Cuidar de un ni\u00f1o peque\u00f1o nunca es f\u00e1cil, ni siquiera para una persona que haya elegido el cuidado de ni\u00f1os como profesi\u00f3n. Al no poder comunicar sus deseos y necesidades del mismo modo que un ni\u00f1o mayor o un adulto, un beb\u00e9 o un ni\u00f1o peque\u00f1o puede recurrir al llanto, los gritos u otros comportamientos que pueden agredir...<\/p>","protected":false},"author":1,"featured_media":18839,"parent":2195,"menu_order":0,"comment_status":"closed","ping_status":"closed","template":"","meta":{"_acf_changed":false,"footnotes":""},"class_list":["post-2713","page","type-page","status-publish","has-post-thumbnail","hentry"],"acf":[],"_links":{"self":[{"href":"https:\/\/steinberglawfirm-staging.clmcloud.app\/es\/wp-json\/wp\/v2\/pages\/2713"}],"collection":[{"href":"https:\/\/steinberglawfirm-staging.clmcloud.app\/es\/wp-json\/wp\/v2\/pages"}],"about":[{"href":"https:\/\/steinberglawfirm-staging.clmcloud.app\/es\/wp-json\/wp\/v2\/types\/page"}],"author":[{"embeddable":true,"href":"https:\/\/steinberglawfirm-staging.clmcloud.app\/es\/wp-json\/wp\/v2\/users\/1"}],"replies":[{"embeddable":true,"href":"https:\/\/steinberglawfirm-staging.clmcloud.app\/es\/wp-json\/wp\/v2\/comments?post=2713"}],"version-history":[{"count":1,"href":"https:\/\/steinberglawfirm-staging.clmcloud.app\/es\/wp-json\/wp\/v2\/pages\/2713\/revisions"}],"predecessor-version":[{"id":19922,"href":"https:\/\/steinberglawfirm-staging.clmcloud.app\/es\/wp-json\/wp\/v2\/pages\/2713\/revisions\/19922"}],"up":[{"embeddable":true,"href":"https:\/\/steinberglawfirm-staging.clmcloud.app\/es\/wp-json\/wp\/v2\/pages\/2195"}],"wp:featuredmedia":[{"embeddable":true,"href":"https:\/\/steinberglawfirm-staging.clmcloud.app\/es\/wp-json\/wp\/v2\/media\/18839"}],"wp:attachment":[{"href":"https:\/\/steinberglawfirm-staging.clmcloud.app\/es\/wp-json\/wp\/v2\/media?parent=2713"}],"curies":[{"name":"wp","href":"https:\/\/api.w.org\/{rel}","templated":true}]}}