{"id":2711,"date":"2017-08-30T22:30:14","date_gmt":"2017-08-30T22:30:14","guid":{"rendered":"https:\/\/www.steinberglawfirm.com\/?page_id=2711"},"modified":"2018-10-09T20:00:29","modified_gmt":"2018-10-09T20:00:29","slug":"crosland-pearlman-white-included-in-the-best-lawyers-in-america-for-2014","status":"publish","type":"page","link":"https:\/\/steinberglawfirm-staging.clmcloud.app\/es\/noticias\/crosland-pearlman-white-incluido-en-los-mejores-abogados-de-america-para-2014\/","title":{"rendered":"Crosland, Pearlman White incluidos en The Best Lawyers in America para 2014"},"content":{"rendered":"<h1>Crosland, Pearlman White incluidos en The Best Lawyers in America para 2014<\/h1>\n<p><strong>LAS BUENAS NOTICIAS VIENEN DE TRES EN TRES PARA LOS ABOGADOS DEL BUFETE STEINBERG<\/strong><\/p>\n<p>CHARLESTON, SC - Tres abogados de la\u00a0<a href=\"https:\/\/www.steinberglawfirm.com\/about-us\/\" target=\"_blank\" rel=\"noopener\">Steinberg Law Firm<\/a>\u00a0han sido incluidos una vez m\u00e1s en la lista de los mejores abogados de Am\u00e9rica de U.S. News &amp; World Report. David Pearlman, Thomas White y Malcolm Crosland Jr. han sido distinguidos en el \u00e1rea de pr\u00e1ctica de\u00a0<a href=\"https:\/\/www.steinberglawfirm.com\/practice-areas\/workers-compensation\/\" target=\"_blank\" rel=\"noopener\">Indemnizaci\u00f3n por accidente de trabajo<\/a>\u00a0Ley - Reclamantes. Adem\u00e1s, Malcolm Crosland Jr. tambi\u00e9n ha sido nombrado el \"Abogado del A\u00f1o\" de Best Lawyers 2014 Charleston, SC Workers' Compensation Law - Claimants.<\/p>\n<p>Para ser elegido como Best Lawyer, millones de los mejores abogados completan evaluaciones confidenciales en una exhaustiva y rigurosa encuesta de revisi\u00f3n por pares. Si un abogado recibe suficientes votos positivos para ser incluido, el abogado debe mantener esos votos en encuestas posteriores para permanecer en la lista. Los abogados no pueden pagar una cuota para participar o ser incluidos en las listas.<\/p>\n<p>Tres veces nombrado a los Mejores Abogados de Am\u00e9rica, Crosland tiene una calificaci\u00f3n A\/V con Martindale-Hubble por su desempe\u00f1o profesional y \u00e9tico. Fue presidente de Injured Workers Advocates y actualmente forma parte de la Junta Directiva de Workers Injury Law and Advocacy Group. \u00a1Malcolm tambi\u00e9n es el fundador de HeadsUp! SC, una organizaci\u00f3n sin \u00e1nimo de lucro dedicada a prevenir las lesiones cerebrales entre los j\u00f3venes deportistas. Crosland trabaja en el despacho de Steinberg en Broad Street, en el centro de la ciudad Charleston.<\/p>\n<p>Pearlman es miembro del Colegio de Abogados desde hace m\u00e1s de 37 a\u00f1os. Ha ganado casos emblem\u00e1ticos ante los tribunales estatales de apelaci\u00f3n y el Tribunal Supremo y se le atribuyen victorias que protegen a los trabajadores contra algunas de las mayores empresas del pa\u00eds. Ha sido galardonado en 2011 con el premio Leadership in Law de Lawyers Weekly, ha sido nombrado uno de los mejores abogados de Am\u00e9rica durante siete a\u00f1os consecutivos y ha sido seleccionado como \"Super Lawyer\" durante 4 a\u00f1os.<\/p>\n<p>Tras graduarse entre los primeros 10% de su clase en la Facultad de Derecho South Carolina en 1977, White fue admitido en el Colegio de Abogados de SC en 1978 y se incorpor\u00f3 al Steinberg Law Firm en 1980. White es miembro del Colegio de Abogados del Condado de Charleston, del Colegio de Abogados de SC, de la Asociaci\u00f3n de Abogados Litigantes de SC y de la Asociaci\u00f3n de Reclamantes de Compensaci\u00f3n Laboral de South Carolina. Durante los \u00faltimos cuatro a\u00f1os, Tom ha sido incluido en la lista de los mejores abogados de Am\u00e9rica para la compensaci\u00f3n de los trabajadores.<\/p>\n<h2>Abogados de lesiones personales que representan a Charleston y \u00e1reas cercanas de South Carolina<\/h2>\n<p>Best Lawyers es la publicaci\u00f3n m\u00e1s antigua y respetada del sector jur\u00eddico. Los clientes y los profesionales del derecho consideran que figurar en Best Lawyers es un importante honor, otorgado a un abogado por sus colegas. Hace tres a\u00f1os, Best Lawyers se asoci\u00f3 con U.S. News &amp; World Report, la principal publicaci\u00f3n de clasificaci\u00f3n de Estados Unidos, para clasificar a los despachos de abogados en ese pa\u00eds. Actualmente, los listados se publican en 70 pa\u00edses de todo el mundo y su presencia ha crecido sustancialmente en la comunidad jur\u00eddica internacional. Durante m\u00e1s de tres d\u00e9cadas, Best Lawyers se ha ganado su credibilidad como la fuente m\u00e1s fiable e imparcial de referencias legales.<\/p>","protected":false},"excerpt":{"rendered":"<p>Crosland, Pearlman White incluidos en The Best Lawyers in America para 2014 LAS BUENAS NOTICIAS LLEGAN POR TRONCOS PARA LOS ABOGADOS DE STEINBERG CHARLESTON, SC - Tres abogados del Steinberg Law Firm han sido incluidos una vez m\u00e1s en la lista de los mejores abogados de Am\u00e9rica de U.S. News &amp; World Report. David Pearlman, Thomas White y Malcolm Crosland Jr. han sido...<\/p>","protected":false},"author":1,"featured_media":0,"parent":2304,"menu_order":0,"comment_status":"closed","ping_status":"closed","template":"","meta":{"_acf_changed":false,"footnotes":""},"class_list":["post-2711","page","type-page","status-publish","hentry"],"acf":[],"_links":{"self":[{"href":"https:\/\/steinberglawfirm-staging.clmcloud.app\/es\/wp-json\/wp\/v2\/pages\/2711"}],"collection":[{"href":"https:\/\/steinberglawfirm-staging.clmcloud.app\/es\/wp-json\/wp\/v2\/pages"}],"about":[{"href":"https:\/\/steinberglawfirm-staging.clmcloud.app\/es\/wp-json\/wp\/v2\/types\/page"}],"author":[{"embeddable":true,"href":"https:\/\/steinberglawfirm-staging.clmcloud.app\/es\/wp-json\/wp\/v2\/users\/1"}],"replies":[{"embeddable":true,"href":"https:\/\/steinberglawfirm-staging.clmcloud.app\/es\/wp-json\/wp\/v2\/comments?post=2711"}],"version-history":[{"count":0,"href":"https:\/\/steinberglawfirm-staging.clmcloud.app\/es\/wp-json\/wp\/v2\/pages\/2711\/revisions"}],"up":[{"embeddable":true,"href":"https:\/\/steinberglawfirm-staging.clmcloud.app\/es\/wp-json\/wp\/v2\/pages\/2304"}],"wp:attachment":[{"href":"https:\/\/steinberglawfirm-staging.clmcloud.app\/es\/wp-json\/wp\/v2\/media?parent=2711"}],"curies":[{"name":"wp","href":"https:\/\/api.w.org\/{rel}","templated":true}]}}