{"id":2709,"date":"2017-08-30T22:26:36","date_gmt":"2017-08-30T22:26:36","guid":{"rendered":"https:\/\/www.steinberglawfirm.com\/?page_id=2709"},"modified":"2018-10-09T20:10:30","modified_gmt":"2018-10-09T20:10:30","slug":"two-partners-in-steinberg-law-firm-named-among-americans-best-attorneys","status":"publish","type":"page","link":"https:\/\/steinberglawfirm-staging.clmcloud.app\/es\/noticias\/dos-socios-de-la-firma-de-abogados-steinberg-nombrados-como-los-mejores-abogados-de-estados-unidos\/","title":{"rendered":"Dos socios de Steinberg Law Firm nombrados entre los mejores abogados de Estados Unidos"},"content":{"rendered":"<h1>Dos socios de Steinberg Law Firm nombrados entre los mejores abogados de Estados Unidos<\/h1>\n<p>CHARLESTON, SC - Tom White y David Pearlman, dos socios del\u00a0<a href=\"https:\/\/www.steinberglawfirm.com\/about-us\/\" target=\"_blank\" rel=\"noopener\">Steinberg Law Firm<\/a>\u00a0y ambos conocidos defensores de los derechos de los trabajadores, han sido citados en el directorio, The Best Lawyers in America, dentro de la categor\u00eda de Derecho de Compensaci\u00f3n Laboral.<\/p>\n<p>La inclusi\u00f3n en la lista nacional se basa en una rigurosa encuesta de revisi\u00f3n por pares de 1,8 millones de evaluaciones confidenciales. La publicaci\u00f3n tambi\u00e9n realiza miles de entrevistas con los principales abogados.<\/p>\n<p>White fue admitido en el Colegio de Abogados de Carolina del Sur en 1978, y ha sido juez municipal Goose Creek y miembro de la Asociaci\u00f3n de Reclamantes de Indemnizaciones por Accidentes de Trabajo South Carolina.<\/p>\n<p>Pearlman ha ejercido la abogac\u00eda durante m\u00e1s de 30 a\u00f1os y ha recibido el premio Gedney M. Howe, Jr. por su excelente servicio p\u00fablico.<\/p>\n<h2>Abogados de lesiones personales que representan a Charleston y \u00e1reas cercanas de South Carolina<\/h2>\n<p>Ambos son miembros del Steinberg Law Firm, fundado en Charleston hace m\u00e1s de 80 a\u00f1os. El bufete se centra en los derechos de los trabajadores,\u00a0<a href=\"https:\/\/www.steinberglawfirm.com\/practice-areas\/personal-injury\/\" target=\"_blank\" rel=\"noopener\">da\u00f1os personales<\/a>\u00a0y la discapacidad.<\/p>","protected":false},"excerpt":{"rendered":"<p>Dos socios de Steinberg Law Firm nombrados entre los mejores abogados de Estados Unidos CHARLESTON, SC - Tom White y David Pearlman, dos socios de Steinberg Law Firm y ambos conocidos defensores de los derechos de los trabajadores, han sido citados en el directorio, The Best Lawyers in America, dentro de la categor\u00eda de Derecho de Compensaci\u00f3n Laboral. La inclusi\u00f3n en la lista nacional es...<\/p>","protected":false},"author":1,"featured_media":0,"parent":2304,"menu_order":0,"comment_status":"closed","ping_status":"closed","template":"","meta":{"_acf_changed":false,"footnotes":""},"class_list":["post-2709","page","type-page","status-publish","hentry"],"acf":[],"_links":{"self":[{"href":"https:\/\/steinberglawfirm-staging.clmcloud.app\/es\/wp-json\/wp\/v2\/pages\/2709"}],"collection":[{"href":"https:\/\/steinberglawfirm-staging.clmcloud.app\/es\/wp-json\/wp\/v2\/pages"}],"about":[{"href":"https:\/\/steinberglawfirm-staging.clmcloud.app\/es\/wp-json\/wp\/v2\/types\/page"}],"author":[{"embeddable":true,"href":"https:\/\/steinberglawfirm-staging.clmcloud.app\/es\/wp-json\/wp\/v2\/users\/1"}],"replies":[{"embeddable":true,"href":"https:\/\/steinberglawfirm-staging.clmcloud.app\/es\/wp-json\/wp\/v2\/comments?post=2709"}],"version-history":[{"count":0,"href":"https:\/\/steinberglawfirm-staging.clmcloud.app\/es\/wp-json\/wp\/v2\/pages\/2709\/revisions"}],"up":[{"embeddable":true,"href":"https:\/\/steinberglawfirm-staging.clmcloud.app\/es\/wp-json\/wp\/v2\/pages\/2304"}],"wp:attachment":[{"href":"https:\/\/steinberglawfirm-staging.clmcloud.app\/es\/wp-json\/wp\/v2\/media?parent=2709"}],"curies":[{"name":"wp","href":"https:\/\/api.w.org\/{rel}","templated":true}]}}