{"id":27051,"date":"2023-10-03T22:00:15","date_gmt":"2023-10-03T22:00:15","guid":{"rendered":"https:\/\/www.steinberglawfirm.com\/?page_id=27051"},"modified":"2024-03-12T22:12:55","modified_gmt":"2024-03-12T22:12:55","slug":"types-of-trucks","status":"publish","type":"page","link":"https:\/\/steinberglawfirm-staging.clmcloud.app\/es\/lesiones-personales\/accidentes-de-camiones\/tipos-de-camiones\/","title":{"rendered":"Accidentes de camiones - Tipos de camiones"},"content":{"rendered":"<h1 class=\"wp-block-heading\">Accidentes de camiones - Tipos de camiones<\/h1>\n\n\n\n<h2 class=\"wp-block-heading\"><em>Abogados expertos en accidentes de cami\u00f3n South Carolina luchan por sus clientes tras un accidente de cami\u00f3n<\/em><\/h2>\n\n\n\n<p>En la conversaci\u00f3n cotidiana, la gente utiliza la palabra \"cami\u00f3n\" para referirse a cualquier cosa, desde una peque\u00f1a camioneta hasta un tractor-remolque completamente cargado. Sin embargo, existen muchos tipos diferentes de camiones. Estos camiones sirven para diferentes prop\u00f3sitos \u30fc y plantean diferentes riesgos de lesiones graves en una colisi\u00f3n.&nbsp;<\/p>\n\n\n\n<p>Si ha sufrido lesiones en un accidente de cami\u00f3n, no espere. Hable con un <a href=\"https:\/\/www.steinberglawfirm.com\/personal-injury\/truck-accidents\/\" data-type=\"link\" data-id=\"https:\/\/www.steinberglawfirm.com\/personal-injury\/truck-accidents\/\" target=\"_blank\" rel=\"noopener\">abogado con experiencia en accidentes de cami\u00f3n South Carolina<\/a> hoy. En <a href=\"https:\/\/www.steinberglawfirm.com\/attorney\/\" data-type=\"link\" data-id=\"https:\/\/www.steinberglawfirm.com\/\" target=\"_blank\" rel=\"noopener\">equipo en el Steinberg Law Firm<\/a> est\u00e1 aqu\u00ed para ayudar.<\/p>\n\n\n\n<h3 class=\"wp-block-heading\">Clasificaciones de camiones en EE.UU.<\/h3>\n\n\n\n<p>Las agencias federales de Estados Unidos clasifican los veh\u00edculos de forma diferente. En el caso de los camiones comerciales, la Administraci\u00f3n Federal de Seguridad de Autotransportes (FMCSA) utiliza un sistema de clasificaci\u00f3n basado en el peso bruto nominal del veh\u00edculo (GVWR). La Administraci\u00f3n Federal de Carreteras (FHWA) clasifica las categor\u00edas de la FMCSA en tres grupos. La Agencia de Protecci\u00f3n Medioambiental (EPA) utiliza un sistema que clasifica los camiones en funci\u00f3n de sus emisiones.&nbsp;<\/p>\n\n\n\n<h3 class=\"wp-block-heading\">Clasificaciones de camiones comerciales<\/h3>\n\n\n\n<p>La FMCSA utiliza clases numeradas para organizar los veh\u00edculos comerciales. La FHWA clasifica estas clases en tres grandes categor\u00edas: camiones ligeros, medianos y pesados.&nbsp;<\/p>\n\n\n\n<p>Las clasificaciones de la FMCSA y la FHWA se basan en el peso bruto nominal del veh\u00edculo (GVWR). El peso bruto nominal de un cami\u00f3n lo establece su fabricante. Es el peso m\u00e1ximo de carga y pasajeros que un cami\u00f3n puede transportar m\u00e1s el peso del propio cami\u00f3n.&nbsp;<\/p>\n\n\n\n<h4 class=\"wp-block-heading\">Ligero<\/h4>\n\n\n\n<p>Los camiones ligeros incluyen los camiones de Clase 1 y 2 de la FMCSA. Los camiones de la Clase 1 pueden tener un peso bruto nominal (GVWR) de hasta 6.000 libras.&nbsp;<\/p>\n\n\n\n<p>Ejemplos de camiones ligeros son muchas camionetas peque\u00f1as, como un Ford Ranger y un Toyota Tacoma. Al reunir <a href=\"https:\/\/www.steinberglawfirm.com\/truck-accident-report\/\" data-type=\"link\" data-id=\"https:\/\/www.steinberglawfirm.com\/truck-accident-report\/\" target=\"_blank\" rel=\"noopener\">estad\u00edsticas de accidentes de cami\u00f3n<\/a>los accidentes en los que est\u00e1n implicados camiones de la clase 1 pueden incluirse en las estad\u00edsticas de veh\u00edculos de pasajeros en lugar de en las estad\u00edsticas de accidentes de camiones comerciales.&nbsp;<\/p>\n\n\n\n<p>Las camionetas de Clase 2 tienen un GVWR entre 6,001 y 10,000 libras. Algunos ejemplos son el Chevrolet Silverado 1500 y 2500, as\u00ed como el Ford F-150 y F-250.&nbsp;<\/p>\n\n\n\n<h4 class=\"wp-block-heading\">Carga media&nbsp;<\/h4>\n\n\n\n<p>El grupo de camiones de \"servicio medio\" incluye las camionetas pick-up y algunos camiones de caja o de carga. Abarca las clases 3-6 de las clasificaciones de la FMCSA.&nbsp;<\/p>\n\n\n\n<p><a href=\"https:\/\/www.steinberglawfirm.com\/personal-injury\/truck-accidents\/pickup-truck-accidents\/\" data-type=\"link\" data-id=\"https:\/\/www.steinberglawfirm.com\/personal-injury\/truck-accidents\/pickup-truck-accidents\/\" target=\"_blank\" rel=\"noopener\">Camionetas<\/a> En la categor\u00eda de carga media se incluyen camiones como el Chevrolet Silverado 3500, el Ford F-350 y el Ram 3500, todos ellos considerados de Clase 3. Estos veh\u00edculos tienen un GVWR entre 10.001 y 14.000 libras.&nbsp;<\/p>\n\n\n\n<p>Los camiones comerciales de las clases 4-6 incluyen los Ford F-550 y F-650, as\u00ed como camiones fabricados por empresas de camiones comerciales como Isuzu, Freightliner, Kenworth, Peterbilt y Mack. Las clasificaciones de peso bruto vehicular para camiones en estas clases incluyen:<\/p>\n\n\n\n<ul class=\"wp-block-list\">\n<li>Clase 4: de 14.001 a 16.000 libras<\/li>\n\n\n\n<li>Clase 5: de 16.001 a 19.500 libras<\/li>\n\n\n\n<li>Clase 6: de 19.501 a 26.000 libras<\/li>\n<\/ul>\n\n\n\n<h4 class=\"wp-block-heading\">Carga pesada<\/h4>\n\n\n\n<p>Las clases 7 y 8 cubren los camiones pesados. En la Clase 7, un cami\u00f3n puede tener un GVWR de 26.001 a 33.000 libras. En la Clase 8, el peso bruto nominal de un cami\u00f3n puede llegar a las 80.000 libras para camiones con motores di\u00e9sel est\u00e1ndar. Para los camiones el\u00e9ctricos, el GVWR se eleva a 82.000 libras para acomodar el <a href=\"https:\/\/www.steinberglawfirm.com\/blog\/what-you-need-to-know-about-ev-truck-battery-safety-in-the-event-of-an-accident\/\" data-type=\"link\" data-id=\"https:\/\/www.steinberglawfirm.com\/blog\/what-you-need-to-know-about-ev-truck-battery-safety-in-the-event-of-an-accident\/\" target=\"_blank\" rel=\"noopener\">peso de las bater\u00edas del veh\u00edculo<\/a>.&nbsp;<\/p>\n\n\n\n<p>La mayor\u00eda <a href=\"https:\/\/www.steinberglawfirm.com\/personal-injury\/truck-accidents\/semi-truck-accident-injury-attorney\/\" data-type=\"link\" data-id=\"https:\/\/www.steinberglawfirm.com\/personal-injury\/truck-accidents\/semi-truck-accident-injury-attorney\/\" target=\"_blank\" rel=\"noopener\">conocidas semiempresas<\/a>Como Freightliner, Kenworth, Peterbilt y Mack, todos producen camiones de las Clases 7 y 8. El Tesla Semi es una reciente incorporaci\u00f3n totalmente el\u00e9ctrica a la Clase 8, con un GVWR de 82.000 libras.&nbsp;<\/p>\n\n\n\n<p>Los camiones de la Clase 7 o la Clase 8 pueden ser veh\u00edculos tractor-remolque o camiones de una sola unidad, como un cami\u00f3n volquete o un cami\u00f3n de bomberos. Los autobuses tambi\u00e9n pertenecen a la Clase 7 o la Clase 8, dependiendo de su GVWR.<\/p>\n\n\n\n<p>Un cami\u00f3n de la clase 8 puede tener un peso total de 80.000 libras (<a href=\"https:\/\/www.steinberglawfirm.com\/blog\/are-electric-trucks-really-safer-what-car-accident-victims-need-to-know-about-evs-and-injury-risks\/\" data-type=\"link\" data-id=\"https:\/\/www.steinberglawfirm.com\/blog\/are-electric-trucks-really-safer-what-car-accident-victims-need-to-know-about-evs-and-injury-risks\/\" target=\"_blank\" rel=\"noopener\">m\u00e1s para camiones el\u00e9ctricos<\/a>), lo que significa m\u00e1s impulso y m\u00e1s da\u00f1os pueden ocurrir en un choque. Sin embargo, incluso una camioneta de Clase 1 puede pesar hasta 6.000 libras totalmente cargada. El peso a\u00f1adido de la carga aumenta la capacidad de un cami\u00f3n para cometer da\u00f1os graves en un choque.&nbsp;<\/p>\n\n\n\n<h3 class=\"wp-block-heading\">Normas especiales para determinadas clases de camiones<\/h3>\n\n\n\n<p>Los conductores de veh\u00edculos de Clase 7 o Clase 8 deben cumplir unos requisitos especiales de licencia establecidos por la Administraci\u00f3n Federal de Seguridad de Autotransportes (FMCSA) cuando conducen en el comercio interestatal. Para los tractocamiones, tambi\u00e9n conocidos como \"veh\u00edculos combinados\", los conductores deben tener una licencia de conducir comercial de Clase A (CDL). Los conductores de todos los dem\u00e1s veh\u00edculos de Clase 8 y algunos de Clase 7 deben tener una CDL de Clase B.&nbsp;<\/p>\n\n\n\n<p>La FMCSA no exige una CDL de Clase B para conducir veh\u00edculos de emergencia o veh\u00edculos utilizados \u00fanicamente con fines recreativos o agr\u00edcolas. Sin embargo, el gobierno federal s\u00ed permite a los estados establecer requisitos de CDL para conducir este tipo de veh\u00edculos. Los camiones que transportan m\u00e1s de 16 pasajeros, incluido el conductor, o que transportan materiales peligrosos tambi\u00e9n deben ser operados \u00fanicamente por conductores con una CDL v\u00e1lida, independientemente de cu\u00e1nto pese el veh\u00edculo.&nbsp;&nbsp;<\/p>\n\n\n\n<h3 class=\"wp-block-heading\">\u00bfQu\u00e9 tipos de camiones son m\u00e1s peligrosos?<\/h3>\n\n\n\n<p>En 2020, 4.588 accidentes de camiones y autobuses se cobraron vidas en todo el pa\u00eds. Ese a\u00f1o, la FMCSA estim\u00f3 que m\u00e1s de 10,5 millones de camiones y m\u00e1s de 2,9 millones de cabezas tractoras ten\u00edan licencia para circular por las carreteras estadounidenses. Los camiones de gran tonelaje representaron el 10,4% de todos los kil\u00f3metros recorridos ese a\u00f1o.&nbsp;<\/p>\n\n\n\n<p>En diciembre de 2021, 757.7652 transportistas utilizaban <a href=\"https:\/\/www.steinberglawfirm.com\/personal-injury\/truck-accidents\/container-truck-accident-attorney\/\" target=\"_blank\" rel=\"noopener\">camiones para transportar mercanc\u00edas<\/a> en Estados Unidos. Emplean a unos 8,7 millones de camioneros comerciales en todo el pa\u00eds, y abarcan desde grandes empresas de transporte por carretera hasta propietarios-operadores individuales.\u00a0<\/p>\n\n\n\n<p>No todas las ocho clases de camiones est\u00e1n implicadas en accidentes \u30fc o en causar muertes \u30fc al mismo ritmo. Por ejemplo:<\/p>\n\n\n\n<ul class=\"wp-block-list\">\n<li><strong>81 por ciento <\/strong>de todos los accidentes de camiones de la clase 8 que causan heridos implican el choque de un cami\u00f3n contra otro veh\u00edculo.<\/li>\n\n\n\n<li><strong>76 por ciento <\/strong>de las colisiones que s\u00f3lo causan da\u00f1os materiales implican el choque de un cami\u00f3n de la clase 8 contra otro veh\u00edculo.<\/li>\n\n\n\n<li><strong>74 por ciento <\/strong>de todos los accidentes mortales de camiones de la clase 8 implican el choque de un cami\u00f3n contra otro veh\u00edculo, como un coche, un todoterreno o un cami\u00f3n de pasajeros m\u00e1s peque\u00f1o.<\/li>\n<\/ul>\n\n\n\n<p>En general, la frecuencia de las colisiones de veh\u00edculos de motor ha disminuido durante la d\u00e9cada de 2020. Sin embargo, el \u00edndice de colisiones en las que se ven implicados camiones de gran tama\u00f1o est\u00e1 aumentando. Cuando un cami\u00f3n es un tractor-remolque o pesa m\u00e1s de 26.000 libras (Clase 7 u 8), el <a href=\"https:\/\/www.steinberglawfirm.com\/blog\/how-do-i-file-a-truck-accident-lawsuit-on-behalf-of-my-deceased-family-member\/\" data-type=\"link\" data-id=\"https:\/\/www.steinberglawfirm.com\/blog\/how-do-i-file-a-truck-accident-lawsuit-on-behalf-of-my-deceased-family-member\/\" target=\"_blank\" rel=\"noopener\">riesgo de causar la muerte<\/a> en el choque aumenta un 5,8%.<\/p>\n\n\n\n<p>Factores que aumentan el riesgo de <a href=\"https:\/\/www.steinberglawfirm.com\/personal-injury\/truck-accidents\/fatal-truck-accidents\/\" data-type=\"link\" data-id=\"https:\/\/www.steinberglawfirm.com\/personal-injury\/truck-accidents\/fatal-truck-accidents\/\" target=\"_blank\" rel=\"noopener\">muerte o lesiones graves en un accidente de cami\u00f3n<\/a> incluyen:<\/p>\n\n\n\n<ul class=\"wp-block-list\">\n<li><strong>Peso y altura del cami\u00f3n. <\/strong>Un cami\u00f3n completamente cargado puede causar m\u00e1s da\u00f1os en una colisi\u00f3n que uno vac\u00edo, independientemente del tama\u00f1o del cami\u00f3n. Como los camiones m\u00e1s grandes suelen tener un mayor peso bruto, pueden causar m\u00e1s da\u00f1os.<\/li>\n\n\n\n<li><strong>Mantenimiento descuidado o defectos ocultos. <\/strong>La causa m\u00e1s com\u00fan de un accidente de cami\u00f3n es un defecto mec\u00e1nico, a menudo en los frenos o los neum\u00e1ticos. Un mantenimiento descuidado puede aumentar el riesgo de accidente, al igual que los defectos ocultos de los sistemas mec\u00e1nicos.&nbsp;<\/li>\n<\/ul>\n\n\n\n<h3 class=\"wp-block-heading\">Por qu\u00e9 los casos de accidente de cami\u00f3n South Carolina pueden ser complicados<\/h3>\n\n\n\n<p>Cuando colisionan dos veh\u00edculos de pasajeros, cada conductor puede tener que tratar con su propia compa\u00f1\u00eda de seguros y con el seguro del otro conductor. Aunque puede haber pasajeros implicados, el n\u00famero total de partes con inter\u00e9s en el caso suele limitarse a los que iban en uno de los veh\u00edculos accidentados.&nbsp;<\/p>\n\n\n\n<p>Los accidentes de camiones comerciales pueden ser m\u00e1s complicados. Las partes que pueden verse involucradas cuando un cami\u00f3n choca con otro veh\u00edculo incluyen:<\/p>\n\n\n\n<ul class=\"wp-block-list\">\n<li>El conductor y los pasajeros del coche colisionaron con el cami\u00f3n.<\/li>\n\n\n\n<li>El conductor del cami\u00f3n comercial.<\/li>\n\n\n\n<li>La empresa que emplea al conductor del cami\u00f3n comercial.&nbsp;<\/li>\n\n\n\n<li>Una empresa que alquila o arrienda el cami\u00f3n para que lo utilice el conductor o el empresario del conductor.<\/li>\n\n\n\n<li>La empresa propietaria del remolque que pueda llevar el cami\u00f3n.<\/li>\n\n\n\n<li>El equipo o la empresa responsable de cargar y sujetar la carga en el remolque.<\/li>\n\n\n\n<li>La persona o empresa responsable de realizar el mantenimiento del cami\u00f3n y de garantizar que las reparaciones necesarias se lleven a cabo a tiempo.&nbsp;<\/li>\n\n\n\n<li>El fabricante del cami\u00f3n, del remolque o de ambos.&nbsp;<\/li>\n\n\n\n<li>Cualquier parte responsable de garantizar que el conductor sigue cumpliendo las leyes sobre licencias, incluida la necesidad de someterse a ex\u00e1menes f\u00edsicos peri\u00f3dicos del Departamento de Transporte (DOT) y de cumplir las horas de servicio (HOS).&nbsp;<\/li>\n<\/ul>\n\n\n\n<p>Cada una de estas partes puede tener cobertura de seguro tambi\u00e9n, lo que puede involucrar a\u00fan a m\u00e1s personas en un caso de accidente de cami\u00f3n. Cuando varias compa\u00f1\u00edas de seguros est\u00e1n involucrados, los retrasos pueden ocurrir como aseguradores cada uno tratan de evitar el pago de sus facturas \u30fc y dejar a otro asegurador con esa responsabilidad. Para navegar por esta complejidad, <a href=\"https:\/\/www.steinberglawfirm.com\/contact-us\/\" data-type=\"link\" data-id=\"https:\/\/www.steinberglawfirm.com\/contact-us\/\" target=\"_blank\" rel=\"noopener\">trabajar con un abogado experto en accidentes de cami\u00f3n South Carolina<\/a> lo antes posible. Su abogado puede manejar su caso para que pueda centrarse en la curaci\u00f3n.&nbsp;<\/p>\n\n\n\n<h2 class=\"wp-block-heading\">Hable hoy con un abogado con experiencia en accidentes de camiones South Carolina<\/h2>\n\n\n\n<p>Despu\u00e9s de un accidente de cami\u00f3n, puede sentir que su vida ha dado un vuelco. Puede que le cueste recuperarse de lesiones graves. Puede que le preocupe c\u00f3mo llegar a fin de mes. Puede sentirse frustrado por no poder ayudar en casa, jugar con sus hijos o nietos o disfrutar de sus aficiones. Puede temer que nada vuelva a ser lo mismo.<\/p>\n\n\n\n<p>Si se siente as\u00ed, no est\u00e1 solo. Hable con un abogado especializado en accidentes de cami\u00f3n South Carolina en el <a href=\"https:\/\/www.steinberglawfirm.com\/\" data-type=\"link\" data-id=\"https:\/\/www.steinberglawfirm.com\/\" target=\"_blank\" rel=\"noopener\">Steinberg Law Firm<\/a> hoy. Nuestro equipo legal se centra en comprender los detalles de su caso y luchar por la compensaci\u00f3n que necesita. Para saber m\u00e1s, <a href=\"https:\/\/www.steinberglawfirm.com\/contact-us\/\" data-type=\"link\" data-id=\"https:\/\/www.steinberglawfirm.com\/contact-us\/\" target=\"_blank\" rel=\"noopener\">contacto con nosotros<\/a> hoy mismo para programar una <a href=\"https:\/\/www.steinberglawfirm.com\/free-consultation\/\" data-type=\"link\" data-id=\"https:\/\/www.steinberglawfirm.com\/free-consultation\/\" target=\"_blank\" rel=\"noopener\">evaluaci\u00f3n gratuita y confidencial de su caso<\/a>.<\/p>","protected":false},"excerpt":{"rendered":"<p>Accidentes de Camiones - Tipos de Camiones Experimentados South Carolina Abogados de Accidentes de Camiones Lucha por los clientes despu\u00e9s de un accidente de cami\u00f3n En la conversaci\u00f3n cotidiana, la gente usa la palabra \"cami\u00f3n\" para significar todo, desde una peque\u00f1a camioneta a un tractor-remolque completamente cargado. Sin embargo, existen muchos tipos diferentes de camiones. Estos camiones sirven para diferentes prop\u00f3sitos \u30fc y plantean diferentes...<\/p>","protected":false},"author":1,"featured_media":27057,"parent":175,"menu_order":0,"comment_status":"closed","ping_status":"closed","template":"","meta":{"_acf_changed":false,"footnotes":""},"class_list":["post-27051","page","type-page","status-publish","has-post-thumbnail","hentry"],"acf":[],"_links":{"self":[{"href":"https:\/\/steinberglawfirm-staging.clmcloud.app\/es\/wp-json\/wp\/v2\/pages\/27051"}],"collection":[{"href":"https:\/\/steinberglawfirm-staging.clmcloud.app\/es\/wp-json\/wp\/v2\/pages"}],"about":[{"href":"https:\/\/steinberglawfirm-staging.clmcloud.app\/es\/wp-json\/wp\/v2\/types\/page"}],"author":[{"embeddable":true,"href":"https:\/\/steinberglawfirm-staging.clmcloud.app\/es\/wp-json\/wp\/v2\/users\/1"}],"replies":[{"embeddable":true,"href":"https:\/\/steinberglawfirm-staging.clmcloud.app\/es\/wp-json\/wp\/v2\/comments?post=27051"}],"version-history":[{"count":7,"href":"https:\/\/steinberglawfirm-staging.clmcloud.app\/es\/wp-json\/wp\/v2\/pages\/27051\/revisions"}],"predecessor-version":[{"id":30728,"href":"https:\/\/steinberglawfirm-staging.clmcloud.app\/es\/wp-json\/wp\/v2\/pages\/27051\/revisions\/30728"}],"up":[{"embeddable":true,"href":"https:\/\/steinberglawfirm-staging.clmcloud.app\/es\/wp-json\/wp\/v2\/pages\/175"}],"wp:featuredmedia":[{"embeddable":true,"href":"https:\/\/steinberglawfirm-staging.clmcloud.app\/es\/wp-json\/wp\/v2\/media\/27057"}],"wp:attachment":[{"href":"https:\/\/steinberglawfirm-staging.clmcloud.app\/es\/wp-json\/wp\/v2\/media?parent=27051"}],"curies":[{"name":"wp","href":"https:\/\/api.w.org\/{rel}","templated":true}]}}