{"id":2699,"date":"2017-08-30T22:21:19","date_gmt":"2017-08-30T22:21:19","guid":{"rendered":"https:\/\/www.steinberglawfirm.com\/?page_id=2699"},"modified":"2018-10-09T20:07:10","modified_gmt":"2018-10-09T20:07:10","slug":"steinberg-law-firm-proud-to-announce-1-9m-verdict-in-auto-tort-case","status":"publish","type":"page","link":"https:\/\/steinberglawfirm-staging.clmcloud.app\/es\/noticias\/steinberg-law-firm-proud-to-announce-1-9m-verdict-in-auto-tort-case\/","title":{"rendered":"Steinberg Law Firm Orgulloso de anunciar un veredicto de $1,9M en un caso de da\u00f1os a autom\u00f3viles"},"content":{"rendered":"<h1>Steinberg Law Firm Orgulloso de anunciar un veredicto de $1,9M en un caso de da\u00f1os a autom\u00f3viles<\/h1>\n<p>El\u00a0<a href=\"https:\/\/www.steinberglawfirm.com\/about-us\/\" target=\"_blank\" rel=\"noopener\">Steinberg Law Firm<\/a>\u00a0se enorgullece de anunciar que el abogado Michael J. Jordan tuvo \u00e9xito en su primer juicio en solitario, asegurando un veredicto de $1,9 millones para su cliente Kenneth Crites. Crites se lesion\u00f3 en diciembre de 2004 cuando el acusado se salt\u00f3 un sem\u00e1foro en rojo, chocando contra el cami\u00f3n de Crites y lesionando su cuello, espalda y mand\u00edbula.<\/p>\n<p>La gravedad del accidente hizo que Crites perdiera varios meses de trabajo, y que volviera s\u00f3lo para descubrir que su estado le imped\u00eda realizar su trabajo. Al no poder estar de pie m\u00e1s de unos minutos ni levantar objetos pesados, no pudo mantener su trabajo habitual en una empresa de estatuas. El lucro cesante de Crites se cifr\u00f3 en $280.000, y le quedaron casi $30.000 de facturas m\u00e9dicas.<\/p>\n<p>Michael J. Jordan no perdi\u00f3 tiempo en defender los derechos de su cliente y exigir la justicia que merec\u00eda. En un juicio de dos d\u00edas, destac\u00f3 las lesiones de su cliente y los efectos que el accidente tuvo en su calidad de vida.<\/p>\n<p>El veredicto es uno de los mayores para el Charleston, un hecho especialmente impresionante dado que era el primer caso en solitario de Jordan. \u00c9l mismo se encarg\u00f3 del caso de principio a fin, y sus compa\u00f1eros abogados del bufete est\u00e1n orgullosos de los resultados.<\/p>\n<p>\"Es un logro\", dijo el socio gerente David T. Pearlman sobre el \u00e9xito de Jordan. \"Trabaj\u00f3 muy duro y dedic\u00f3 mucho tiempo, esfuerzo y preparaci\u00f3n para preparar este caso para el juicio, y creo que se not\u00f3 en el resultado\".<\/p>","protected":false},"excerpt":{"rendered":"<p>Steinberg Law Firm se enorgullece de anunciar un veredicto de $1,9M en un caso de da\u00f1os por accidente de autom\u00f3vil El Steinberg Law Firm se enorgullece de anunciar que el abogado Michael J. Jordan tuvo \u00e9xito en su primer juicio en solitario, asegurando un veredicto de $1,9 millones para su cliente Kenneth Crites. Crites se lesion\u00f3 en diciembre de 2004 cuando el acusado se salt\u00f3 un sem\u00e1foro en rojo, golpeando...<\/p>","protected":false},"author":1,"featured_media":0,"parent":2304,"menu_order":0,"comment_status":"closed","ping_status":"closed","template":"","meta":{"_acf_changed":false,"footnotes":""},"class_list":["post-2699","page","type-page","status-publish","hentry"],"acf":[],"_links":{"self":[{"href":"https:\/\/steinberglawfirm-staging.clmcloud.app\/es\/wp-json\/wp\/v2\/pages\/2699"}],"collection":[{"href":"https:\/\/steinberglawfirm-staging.clmcloud.app\/es\/wp-json\/wp\/v2\/pages"}],"about":[{"href":"https:\/\/steinberglawfirm-staging.clmcloud.app\/es\/wp-json\/wp\/v2\/types\/page"}],"author":[{"embeddable":true,"href":"https:\/\/steinberglawfirm-staging.clmcloud.app\/es\/wp-json\/wp\/v2\/users\/1"}],"replies":[{"embeddable":true,"href":"https:\/\/steinberglawfirm-staging.clmcloud.app\/es\/wp-json\/wp\/v2\/comments?post=2699"}],"version-history":[{"count":0,"href":"https:\/\/steinberglawfirm-staging.clmcloud.app\/es\/wp-json\/wp\/v2\/pages\/2699\/revisions"}],"up":[{"embeddable":true,"href":"https:\/\/steinberglawfirm-staging.clmcloud.app\/es\/wp-json\/wp\/v2\/pages\/2304"}],"wp:attachment":[{"href":"https:\/\/steinberglawfirm-staging.clmcloud.app\/es\/wp-json\/wp\/v2\/media?parent=2699"}],"curies":[{"name":"wp","href":"https:\/\/api.w.org\/{rel}","templated":true}]}}