{"id":26966,"date":"2023-09-14T17:46:22","date_gmt":"2023-09-14T17:46:22","guid":{"rendered":"https:\/\/www.steinberglawfirm.com\/?page_id=26966"},"modified":"2024-07-25T18:07:23","modified_gmt":"2024-07-25T18:07:23","slug":"truck-accident-lawyer","status":"publish","type":"page","link":"https:\/\/steinberglawfirm-staging.clmcloud.app\/es\/ubicaciones\/charleston\/camion-accidente-abogado-2\/","title":{"rendered":"Charleston Abogado de accidente de cami\u00f3n"},"content":{"rendered":"<h1 class=\"wp-block-heading\">Charleston Abogado de accidente de cami\u00f3n<\/h1>\n\n\n\n<h2 class=\"wp-block-heading\"><em>Con experiencia <a href=\"https:\/\/www.steinberglawfirm.com\/personal-injury\/truck-accidents\/semi-truck-accident-injury-attorney\/\" data-type=\"link\" data-id=\"https:\/\/www.steinberglawfirm.com\/personal-injury\/truck-accidents\/semi-truck-accident-injury-attorney\/\" target=\"_blank\" rel=\"noopener\">South Carolina abogados accidente de cami\u00f3n<\/a> ayudar a las v\u00edctimas de accidentes a exigir responsabilidades por negligencia a camioneros y empresas de transporte por carretera<\/em><\/h2>\n\n\n\n<p>Cada d\u00eda, miles de camiones grandes pasan por la zona Charleston en la I-26, I-526, y varias otras autopistas estatales y carreteras locales. Los conductores de camiones grandes tienen la responsabilidad de compartir las carreteras de forma segura con otros conductores, ciclistas y peatones. Del mismo modo, las empresas de transporte por carretera son responsables de garantizar que los camiones reciban el mantenimiento adecuado para que un fallo repentino del equipo no provoque un accidente.&nbsp;<\/p>\n\n\n\n<p>Cuando alguien involucrado en poner un cami\u00f3n en la carretera falla en sus responsabilidades de seguridad, un choque serio puede resultar. Cuando un cami\u00f3n grande choca con un veh\u00edculo m\u00e1s peque\u00f1o, un ciclista o un peat\u00f3n, las consecuencias pueden ser devastadoras.&nbsp;<\/p>\n\n\n\n<p>Si usted o un ser querido ha sufrido lesiones en un accidente de cami\u00f3n South Carolina, no espere. Hable con el <a href=\"https:\/\/www.steinberglawfirm.com\/personal-injury\/truck-accidents\/\" data-type=\"link\" data-id=\"https:\/\/www.steinberglawfirm.com\/personal-injury\/truck-accidents\/\" target=\"_blank\" rel=\"noopener\">abogados expertos en accidentes de cami\u00f3n Charleston<\/a> en el Steinberg Law Firm hoy.&nbsp;<\/p>\n\n\n\n<h3 class=\"wp-block-heading\">Charleston, South Carolina Estad\u00edsticas de accidentes de cami\u00f3n<\/h3>\n\n\n\n<p><a href=\"https:\/\/www.steinberglawfirm.com\/truck-accident-report\/\" target=\"_blank\" rel=\"noopener\">Los accidentes de grandes camiones son un problema nacional<\/a>. En 2020, 4.588 accidentes de camiones grandes y autobuses se cobraron 5.125 vidas en Estados Unidos, seg\u00fan la Administraci\u00f3n Federal de Seguridad de Autotransportes (FMCSA). Dicho de otro modo, aproximadamente 14 personas murieron cada d\u00eda en un accidente de cami\u00f3n o autob\u00fas en Estados Unidos en 2020.&nbsp;<\/p>\n\n\n\n<p>En 2020, el South Carolina registr\u00f3 86 muertes en colisiones entre tractores y remolques y 39 muertes en colisiones con otros tipos de camiones. En 2021, estas cifras aumentaron a <a href=\"https:\/\/www.steinberglawfirm.com\/personal-injury\/truck-accidents\/fatal-truck-accidents\/\" data-type=\"link\" data-id=\"https:\/\/www.steinberglawfirm.com\/personal-injury\/truck-accidents\/fatal-truck-accidents\/\" target=\"_blank\" rel=\"noopener\">99 muertos en accidentes de tractor-remolque<\/a> y 44 muertos en otros accidentes de cami\u00f3n, lo que supone un aumento del 15,1% y del 12,8%, respectivamente.&nbsp;<\/p>\n\n\n\n<p>Seg\u00fan el Departamento de Seguridad P\u00fablica del Estado (SCDPS), el error del conductor sigue siendo una de las principales causas de accidentes tanto de veh\u00edculos de pasajeros como de camiones grandes en el South Carolina. Sin embargo, otros factores tambi\u00e9n pueden provocar un accidente de cami\u00f3n que cause lesiones a otras personas. Por ejemplo, en 2021:<\/p>\n\n\n\n<ul class=\"wp-block-list\">\n<li><strong>Carga que se cae del cami\u00f3n o se desplaza en su interior <\/strong>inici\u00f3 26 colisiones en las que al menos una persona result\u00f3 herida.&nbsp;<\/li>\n\n\n\n<li><strong>Camiones volcados <\/strong>causaron una colisi\u00f3n mortal y siete colisiones con heridos.&nbsp;<\/li>\n\n\n\n<li><strong>Golpear una estructura a\u00e9rea como un puente <\/strong>provocaron seis colisiones con heridos en 2021, en las que resultaron lesionadas un total de siete personas. Chocar contra un soporte de se\u00f1alizaci\u00f3n a\u00e9rea caus\u00f3 otros cinco heridos en 2021.&nbsp;<\/li>\n<\/ul>\n\n\n\n<p>En 2021, el condado de Charleston se encontraba entre los tres condados con mayor n\u00famero de colisiones de tr\u00e1fico por cada 100 millones de kil\u00f3metros recorridos. Greenville y <a href=\"https:\/\/www.steinberglawfirm.com\/locations\/horry-county-sc-personal-injury-attorneys\/\" target=\"_blank\" rel=\"noopener\">Condados de Horry<\/a> tambi\u00e9n se situ\u00f3 entre los tres primeros. Sin embargo, el condado de Charleston no se situ\u00f3 entre los tres primeros condados en cuanto a muertes por colisi\u00f3n de veh\u00edculos, lo que indica que los que sufrieron colisiones en Charleston y sus alrededores ten\u00edan m\u00e1s probabilidades de sufrir lesiones no mortales.&nbsp;<\/p>\n\n\n\n<p>Sin embargo, tanto la I-26 como la I-536 fueron lugares importantes de colisiones de veh\u00edculos en 2021. <a href=\"https:\/\/www.steinberglawfirm.com\/personal-injury\/truck-accidents\/i-26-truck-accident-attorneys\/\" data-type=\"link\" data-id=\"https:\/\/www.steinberglawfirm.com\/personal-injury\/truck-accidents\/i-26-truck-accident-attorneys\/\" target=\"_blank\" rel=\"noopener\">En la I-26<\/a>En la I-526, 46 personas perdieron la vida y m\u00e1s de 1.400 resultaron heridas. En la I-526 se produjeron un muerto y 237 heridos en colisiones. El SCPDS no especific\u00f3 en cu\u00e1ntos de estos accidentes estaban implicados camiones grandes.&nbsp;<\/p>\n\n\n\n<p>Aunque estad\u00edsticamente los conductores de camiones grandes tienen menos probabilidades de sufrir lesiones mortales en un accidente, no son inmunes. Seg\u00fan el Insurance Institute for Highway Safety (IIHS), en 2021 murieron 16 conductores de camiones grandes en un accidente, es decir, el 1% de todas las muertes de tr\u00e1fico ocurridas en el estado ese a\u00f1o.<\/p>\n\n\n\n<h3 class=\"wp-block-heading\">Lesiones comunes en accidentes de camiones Charleston<\/h3>\n\n\n\n<p>Cuando un cami\u00f3n grande choca contra un veh\u00edculo de pasajeros, las fuerzas generadas por el choque pueden causar lesiones catastr\u00f3ficas a los ocupantes del veh\u00edculo m\u00e1s peque\u00f1o.&nbsp;<\/p>\n\n\n\n<p>Las lesiones m\u00e1s comunes en los accidentes de camiones Charleston son las siguientes:<\/p>\n\n\n\n<ul class=\"wp-block-list\">\n<li><strong>La cabeza, <a href=\"https:\/\/www.steinberglawfirm.com\/personal-injury\/truck-accidents\/neck-injury\/\" data-type=\"link\" data-id=\"https:\/\/www.steinberglawfirm.com\/personal-injury\/truck-accidents\/neck-injury\/\" target=\"_blank\" rel=\"noopener\">cuello<\/a>y <a href=\"https:\/\/www.steinberglawfirm.com\/personal-injury\/truck-accidents\/back-injuries\/\" data-type=\"link\" data-id=\"https:\/\/www.steinberglawfirm.com\/personal-injury\/truck-accidents\/back-injuries\/\" target=\"_blank\" rel=\"noopener\">lesiones de espalda<\/a><\/strong>como hernias discales o lesiones nerviosas.<\/li>\n\n\n\n<li><strong><a href=\"https:\/\/www.steinberglawfirm.com\/personal-injury\/truck-accidents\/brain-injury\/\" data-type=\"link\" data-id=\"https:\/\/www.steinberglawfirm.com\/personal-injury\/truck-accidents\/brain-injury\/\" target=\"_blank\" rel=\"noopener\">Cerebro<\/a> y <a href=\"https:\/\/www.steinberglawfirm.com\/personal-injury\/truck-accidents\/spinal-cord-injuries\/\" data-type=\"link\" data-id=\"https:\/\/www.steinberglawfirm.com\/personal-injury\/truck-accidents\/spinal-cord-injuries\/\" target=\"_blank\" rel=\"noopener\">lesiones medulares<\/a><\/strong> incluyen lesiones cerebrales traum\u00e1ticas (TBI) o par\u00e1lisis.&nbsp;<\/li>\n\n\n\n<li><strong>Huesos rotos<\/strong> pueden requerir cirug\u00eda para su tratamiento y causar problemas continuos de movilidad y control del dolor.&nbsp;<\/li>\n\n\n\n<li><strong>Da\u00f1os musculares y nerviosos<\/strong> puede producirse si partes del cuerpo como rodillas, piernas, brazos y mu\u00f1ecas quedan aplastadas o inmovilizadas durante un accidente.&nbsp;<\/li>\n\n\n\n<li><strong>Da\u00f1os en los \u00f3rganos<\/strong> por un traumatismo por objeto contundente causado por el choque del cami\u00f3n.&nbsp;<\/li>\n\n\n\n<li><strong><a href=\"https:\/\/www.steinberglawfirm.com\/personal-injury\/truck-accidents\/loss-of-limbs\/\" data-type=\"link\" data-id=\"https:\/\/www.steinberglawfirm.com\/personal-injury\/truck-accidents\/loss-of-limbs\/\" target=\"_blank\" rel=\"noopener\">Amputaci\u00f3n<\/a> <\/strong>puede ocurrir si se seccionan partes del cuerpo durante un accidente o si deben extraerse para salvar la vida de una persona.&nbsp;<\/li>\n\n\n\n<li><strong><a href=\"https:\/\/www.steinberglawfirm.com\/personal-injury\/truck-accidents\/burns\/\" data-type=\"link\" data-id=\"https:\/\/www.steinberglawfirm.com\/personal-injury\/truck-accidents\/burns\/\" target=\"_blank\" rel=\"noopener\">Quemaduras<\/a><\/strong> causada por la exposici\u00f3n al fuego de un veh\u00edculo, a productos qu\u00edmicos c\u00e1usticos que se filtran de un motor da\u00f1ado o a cables el\u00e9ctricos expuestos.&nbsp;<\/li>\n\n\n\n<li><strong>Lesiones mentales y emocionales<\/strong>como flashbacks traum\u00e1ticos, depresi\u00f3n y ansiedad.<\/li>\n<\/ul>\n\n\n\n<p>Debido a las enormes fuerzas que se generan en muchos accidentes de cami\u00f3n, es habitual que las v\u00edctimas de estos choques sufran m\u00e1s de un tipo de lesi\u00f3n. Estas lesiones pueden requerir un tratamiento m\u00e9dico extenso. En algunos casos, un superviviente puede necesitar cuidados de por vida.&nbsp;<\/p>\n\n\n\n<h3 class=\"wp-block-heading\">Establecer la responsabilidad en un accidente de cami\u00f3n Charleston<\/h3>\n\n\n\n<p>Cuando la mayor\u00eda de la gente piensa en un accidente de cami\u00f3n, asumen que el conductor del cami\u00f3n o el conductor de otro veh\u00edculo fue el responsable de la colisi\u00f3n. Sin embargo, determinar qui\u00e9n tiene la culpa puede ser un reto.&nbsp;<\/p>\n\n\n\n<p>En t\u00e9rminos generales, la mayor\u00eda de las demandas por accidente de cami\u00f3n Charleston obligan a la persona que presenta la demanda a demostrar cuatro cosas:<\/p>\n\n\n\n<ul class=\"wp-block-list\">\n<li>El otro conductor u otra parte ten\u00eda un <strong>deber<\/strong> emplear un cuidado razonable para evitar el accidente.<\/li>\n\n\n\n<li>El otro conductor u otra parte <strong>violado<\/strong> o incumpli\u00f3 ese deber.<\/li>\n\n\n\n<li>Este incumplimiento del deber fue a la vez el <strong>porque de hecho <\/strong>(causa real) de las lesiones de la persona y una <strong>causa inmediata<\/strong>o causa previsible, de dichas lesiones.&nbsp;<\/li>\n\n\n\n<li>La persona perjudicada tiene el tipo de p\u00e9rdidas que un tribunal puede abordar mediante <strong>da\u00f1os.&nbsp;<\/strong><\/li>\n<\/ul>\n\n\n\n<p>Las distintas reclamaciones por accidentes de cami\u00f3n se enfrentan a diferentes retos a la hora de abordar estos cuatro puntos. En un accidente, la negligencia de un conductor puede ser una causa obvia, pero las partes pueden discutir sobre la cuant\u00eda adecuada de los da\u00f1os. En otro, los da\u00f1os pueden estar claros, pero puede ser dif\u00edcil decir exactamente de qui\u00e9n fue la culpa que caus\u00f3 el accidente y las lesiones resultantes.&nbsp;<\/p>\n\n\n\n<p>Por esta raz\u00f3n, no hay dos casos de accidente de cami\u00f3n Charleston que terminen de la misma manera. Mientras que sus amigos o familiares pueden ser capaces de proporcionar apoyo emocional esencial, no pueden predecir exactamente c\u00f3mo terminar\u00e1 su caso, incluso si han pasado por un accidente de cami\u00f3n antes. <a href=\"https:\/\/www.steinberglawfirm.com\/contact-us\/\" data-type=\"link\" data-id=\"https:\/\/www.steinberglawfirm.com\/contact-us\/\" target=\"_blank\" rel=\"noopener\">Hable con un abogado con experiencia<\/a> para comprender c\u00f3mo se aplica la ley South Carolina a los hechos singulares de su caso.&nbsp;<\/p>\n\n\n\n<h3 class=\"wp-block-heading\">Da\u00f1os y perjuicios en casos de accidente de cami\u00f3n Charleston<\/h3>\n\n\n\n<p>La mayor\u00eda de las demandas por accidentes de cami\u00f3n buscan obtener una indemnizaci\u00f3n en forma de da\u00f1os monetarios. El objetivo de esta indemnizaci\u00f3n es compensarte por las p\u00e9rdidas que no habr\u00edas sufrido si el accidente no se hubiera producido.&nbsp;<\/p>\n\n\n\n<p>Los da\u00f1os y perjuicios en las demandas por accidente de tractor-remolque Charleston suelen clasificarse en una de estas dos categor\u00edas. Los tribunales denominan a estas categor\u00edas da\u00f1os \"econ\u00f3micos\" y \"no econ\u00f3micos\".<\/p>\n\n\n\n<p>Los da\u00f1os econ\u00f3micos incluyen las p\u00e9rdidas financieras directas relacionadas con el accidente. Algunos ejemplos de p\u00e9rdidas econ\u00f3micas son las facturas m\u00e9dicas, los salarios perdidos, los costes de reparaci\u00f3n o sustituci\u00f3n de su veh\u00edculo y el coste de contratar atenci\u00f3n m\u00e9dica a domicilio, la limpieza de la casa o el cuidado del c\u00e9sped que de otro modo habr\u00eda realizado.&nbsp;<\/p>\n\n\n\n<p>Los da\u00f1os no econ\u00f3micos buscan compensarle por p\u00e9rdidas que son reales pero que no suelen venir con un recibo o una factura adjunta. El dolor y el sufrimiento son formas comunes de da\u00f1os no econ\u00f3micos incluidos en muchos casos de accidentes de cami\u00f3n. La p\u00e9rdida del disfrute de actividades que ya no puede hacer tambi\u00e9n puede incluirse, junto con cicatrices o desfiguraci\u00f3n si el accidente o el tratamiento m\u00e9dico requerido dejaron marcas permanentes en su cuerpo.&nbsp;<\/p>\n\n\n\n<p>As\u00ed como los hechos de cada colisi\u00f3n de camiones Charleston son diferentes, tambi\u00e9n lo son los tipos exactos y las cantidades de da\u00f1os que su caso buscar\u00e1. Hable con un abogado con experiencia para aprender m\u00e1s acerca de la compensaci\u00f3n.&nbsp;<\/p>\n\n\n\n<h3 class=\"wp-block-heading\">\u00bfQu\u00e9 hace que un caso de accidente de cami\u00f3n Charleston sea complicado?<\/h3>\n\n\n\n<p>En algunos accidentes de cami\u00f3n Charleston, la acci\u00f3n u omisi\u00f3n de un camionero es una causa clara del accidente. Los siguientes son algunos ejemplos de por qu\u00e9 pueden ocurrir choques de camiones:&nbsp;<\/p>\n\n\n\n<ul class=\"wp-block-list\">\n<li><strong>A <a href=\"https:\/\/www.steinberglawfirm.com\/personal-injury\/truck-accidents\/container-truck-accident-attorney\/\" target=\"_blank\" rel=\"noopener\">carga del cami\u00f3n<\/a> se carg\u00f3 incorrectamente<\/strong>...haciendo que se desplace o se suelte. <a href=\"https:\/\/www.steinberglawfirm.com\/personal-injury\/truck-accidents\/car-shipping-company-vehicle-transport\/\" target=\"_blank\" rel=\"noopener\">durante el transporte<\/a> y provocar un accidente.\u00a0<\/li>\n\n\n\n<li><strong>Mantenimiento inadecuado del cami\u00f3n<\/strong> hace que falle una pieza esencial, lo que provoca una colisi\u00f3n.&nbsp;<\/li>\n\n\n\n<li><strong>Falta de formaci\u00f3n o de control adecuados<\/strong> conductores resulta en un conductor que no tiene las habilidades que necesita para responder adecuadamente en una situaci\u00f3n dif\u00edcil. En lugar de ello, se produce un accidente.&nbsp;<\/li>\n\n\n\n<li><strong>No detecci\u00f3n de un defecto<\/strong> en el cami\u00f3n. Este defecto hace que la pieza falle en un momento cr\u00edtico, provocando una colisi\u00f3n.&nbsp;<\/li>\n\n\n\n<li><strong>Un contratista de construcci\u00f3n de carreteras no tiene en cuenta el tama\u00f1o de un cami\u00f3n<\/strong> o radio de giro al colocar las barreras y carriles de construcci\u00f3n. Cuando un cami\u00f3n intenta circular por la zona, puede producirse un accidente.&nbsp;<\/li>\n<\/ul>\n\n\n\n<p>En los desplazamientos de grandes camiones por las principales carreteras suelen intervenir muchas personas y empresas. Todas estas partes tienen que cumplir con su deber de utilizar un cuidado razonable para evitar accidentes. Cuando fallan en su deber, este fallo puede causar un accidente grave - y las partes que no utilizaron el debido cuidado pueden ser consideradas responsables de su negligencia.&nbsp;<\/p>\n\n\n\n<p>Contabilizar todas las partes que pueden ser responsables de un accidente de cami\u00f3n hace que muchas reclamaciones de camiones sean complicadas. Otra raz\u00f3n por la que estos casos se vuelven complejos es que la mayor\u00eda o todas las partes involucradas pueden tener su propia cobertura de seguro para accidentes de camiones.&nbsp;<\/p>\n\n\n\n<p>Es tentador suponer que m\u00e1s cobertura de seguro significa m\u00e1s ayuda para las personas lesionadas. Sin embargo, en muchos siniestros de camiones Charleston, una mayor implicaci\u00f3n de las compa\u00f1\u00edas de seguros significa m\u00e1s retrasos y confusi\u00f3n. Las aseguradoras intentan pasarse la responsabilidad unas a otras, cada una argumentando que no deber\u00edan ser ellas las que pagaran tu siniestro. Mientras tanto, las facturas se acumulan y su nivel de estr\u00e9s tambi\u00e9n.&nbsp;<\/p>\n\n\n\n<p>A <a href=\"https:\/\/www.steinberglawfirm.com\/attorney\/\" data-type=\"link\" data-id=\"https:\/\/www.steinberglawfirm.com\/attorney\/\" target=\"_blank\" rel=\"noopener\">abogado especializado en colisiones de camiones Charleston<\/a> puede ayudarle a gestionar estas complejas reclamaciones. Su abogado puede negociar en su nombre, determinar qui\u00e9n es responsable y exigir responsabilidades a las partes correspondientes. Mientras tanto, usted puede centrarse en la curaci\u00f3n de sus lesiones y reconstruir su vida despu\u00e9s de un accidente.&nbsp;<\/p>\n\n\n\n<h2 class=\"wp-block-heading\">P\u00f3ngase en contacto con el Steinberg Law Firm hoy para obtener ayuda con su caso de accidente de cami\u00f3n Charleston<\/h2>\n\n\n\n<p>Para muchos supervivientes de accidentes, la colisi\u00f3n de un cami\u00f3n es la primera vez que tienen que trabajar con un abogado o con el sistema judicial South Carolina. Hacerlo puede parecer desalentador, especialmente cuando ya est\u00e1s trabajando tan duro para recuperarte de tus lesiones.&nbsp;<\/p>\n\n\n\n<p>Cuando busque un abogado que lleve su caso, tenga en cuenta los siguientes consejos.&nbsp;<\/p>\n\n\n\n<ul class=\"wp-block-list\">\n<li><strong>Busque abogados y bufetes de abogados con experiencia en casos de accidentes de cami\u00f3n Charleston. <\/strong>La experiencia con reclamaciones de camiones y en los tribunales Charleston proporciona el conocimiento y la perspectiva que un abogado necesita para representarle eficazmente.&nbsp;<\/li>\n\n\n\n<li><strong>Hable siempre con un abogado antes de aceptar trabajar con \u00e9l. <\/strong>Aseg\u00farese de que el abogado responde a sus preguntas de forma que usted las entienda. Si no se siente c\u00f3modo trabajando con un abogado en particular, pregunte si hay alguien m\u00e1s en el bufete con quien pueda hablar, o contin\u00fae su b\u00fasqueda.&nbsp;<\/li>\n\n\n\n<li><strong>No tema hacer preguntas, incluidas las relativas al pago. <\/strong>Aseg\u00farese de que entiende c\u00f3mo se pagar\u00e1 a su abogado. <a href=\"https:\/\/www.steinberglawfirm.com\/no-fee-unless-you-win\/\" data-type=\"link\" data-id=\"https:\/\/www.steinberglawfirm.com\/no-fee-unless-you-win\/\" target=\"_blank\" rel=\"noopener\">Nuestros abogados expertos en accidentes de cami\u00f3n ofrecen acuerdos de honorarios de contingencia<\/a>Esto significa que s\u00f3lo cobran si consiguen una indemnizaci\u00f3n econ\u00f3mica para usted.<\/li>\n<\/ul>\n\n\n\n<p>Un accidente de cami\u00f3n puede cambiar su vida en un instante. Despu\u00e9s de un accidente, las tareas cotidianas pueden ser una lucha. Puede pasar meses o incluso a\u00f1os recuper\u00e1ndose de lesiones graves. Es posible que se preocupe por c\u00f3mo va a cuidar de su familia o mantener su hogar en marcha si no puede trabajar. Puede temer no volver a practicar sus aficiones favoritas u otras actividades.<\/p>\n\n\n\n<p>Si esto le suena familiar, usted no est\u00e1 solo y la ayuda est\u00e1 disponible. Hable con un abogado con experiencia en accidentes de camiones Charleston en el <a href=\"https:\/\/www.steinberglawfirm.com\/\" data-type=\"link\" data-id=\"https:\/\/www.steinberglawfirm.com\/\" target=\"_blank\" rel=\"noopener\">Steinberg Law Firm<\/a> hoy. Haremos todo lo posible por responder a sus preguntas y darle la informaci\u00f3n que necesita para tomar una decisi\u00f3n informada para su futuro. <a href=\"https:\/\/www.steinberglawfirm.com\/contact-us\/\" data-type=\"link\" data-id=\"https:\/\/www.steinberglawfirm.com\/contact-us\/\" target=\"_blank\" rel=\"noopener\">Contacte con nosotros hoy mismo<\/a> para programar una <a href=\"https:\/\/www.steinberglawfirm.com\/free-consultation\/\" data-type=\"link\" data-id=\"https:\/\/www.steinberglawfirm.com\/free-consultation\/\" target=\"_blank\" rel=\"noopener\">evaluaci\u00f3n gratuita y confidencial de su caso<\/a> con uno de nuestros abogados especializados en accidentes de cami\u00f3n Charleston.<\/p>","protected":false},"excerpt":{"rendered":"<p>Charleston Abogado de Accidente de Cami\u00f3n Abogados con experiencia en accidentes de semirremolque en South Carolina ayudan a las v\u00edctimas de accidentes a responsabilizar a los conductores de camiones y a las compa\u00f1\u00edas de camiones por negligencia Todos los d\u00edas, miles de camiones grandes pasan por el \u00e1rea de Charleston en I-26, I-526, y varias otras autopistas estatales y carreteras locales. Los conductores de camiones grandes tienen la responsabilidad de compartir las carreteras ...<\/p>","protected":false},"author":1,"featured_media":26977,"parent":3313,"menu_order":0,"comment_status":"closed","ping_status":"closed","template":"","meta":{"_acf_changed":false,"footnotes":""},"class_list":["post-26966","page","type-page","status-publish","has-post-thumbnail","hentry"],"acf":[],"_links":{"self":[{"href":"https:\/\/steinberglawfirm-staging.clmcloud.app\/es\/wp-json\/wp\/v2\/pages\/26966"}],"collection":[{"href":"https:\/\/steinberglawfirm-staging.clmcloud.app\/es\/wp-json\/wp\/v2\/pages"}],"about":[{"href":"https:\/\/steinberglawfirm-staging.clmcloud.app\/es\/wp-json\/wp\/v2\/types\/page"}],"author":[{"embeddable":true,"href":"https:\/\/steinberglawfirm-staging.clmcloud.app\/es\/wp-json\/wp\/v2\/users\/1"}],"replies":[{"embeddable":true,"href":"https:\/\/steinberglawfirm-staging.clmcloud.app\/es\/wp-json\/wp\/v2\/comments?post=26966"}],"version-history":[{"count":14,"href":"https:\/\/steinberglawfirm-staging.clmcloud.app\/es\/wp-json\/wp\/v2\/pages\/26966\/revisions"}],"predecessor-version":[{"id":31464,"href":"https:\/\/steinberglawfirm-staging.clmcloud.app\/es\/wp-json\/wp\/v2\/pages\/26966\/revisions\/31464"}],"up":[{"embeddable":true,"href":"https:\/\/steinberglawfirm-staging.clmcloud.app\/es\/wp-json\/wp\/v2\/pages\/3313"}],"wp:featuredmedia":[{"embeddable":true,"href":"https:\/\/steinberglawfirm-staging.clmcloud.app\/es\/wp-json\/wp\/v2\/media\/26977"}],"wp:attachment":[{"href":"https:\/\/steinberglawfirm-staging.clmcloud.app\/es\/wp-json\/wp\/v2\/media?parent=26966"}],"curies":[{"name":"wp","href":"https:\/\/api.w.org\/{rel}","templated":true}]}}