{"id":2695,"date":"2017-08-30T22:19:50","date_gmt":"2017-08-30T22:19:50","guid":{"rendered":"https:\/\/www.steinberglawfirm.com\/?page_id=2695"},"modified":"2018-10-09T20:05:53","modified_gmt":"2018-10-09T20:05:53","slug":"steinberg-law-firm-named-best-in-state-for-workers-compensation-advocacy","status":"publish","type":"page","link":"https:\/\/steinberglawfirm-staging.clmcloud.app\/es\/noticias\/steinberg-law-firm-named-best-in-state-for-workers-compensation-advocacy\/","title":{"rendered":"Steinberg Law Firm nombrado el mejor del estado en defensa de la compensaci\u00f3n de los trabajadores"},"content":{"rendered":"<h1>Steinberg Law Firm nombrado el mejor del estado en defensa de la compensaci\u00f3n de los trabajadores<\/h1>\n<p>La Asociaci\u00f3n de Abogados de Reclamaciones de Indemnizaci\u00f3n por Accidentes de Trabajo South Carolina ha nombrado a la\u00a0<a href=\"https:\/\/www.steinberglawfirm.com\/about-us\/\" target=\"_blank\" rel=\"noopener\">Steinberg Law Firm<\/a>\u00a0el Bufete Destacado del A\u00f1o South Carolina. David Pearlman acept\u00f3 el premio a principios de este mes en la reuni\u00f3n anual de la Asociaci\u00f3n celebrada en Columbia, SC.<\/p>\n<p>El premio, que se concede s\u00f3lo en casos excepcionales -cuando los miembros consideran que un bufete de abogados se ha destacado en el \u00e1mbito de la indemnizaci\u00f3n de los trabajadores- se otorg\u00f3 al bufete por su defensa de los derechos de los trabajadores lesionados y su \u00e9xito en los casos presentados ante el Tribunal de Apelaci\u00f3n y el Tribunal Supremo del Estado.<\/p>\n<p>En junio, Pearlman y Kevin Holmes ganaron el caso de un adolescente que sufri\u00f3 un accidente de tr\u00e1fico mientras trabajaba a tiempo parcial despu\u00e9s de la escuela. Tr\u00e1gicamente, el joven qued\u00f3 parapl\u00e9jico. Los abogados del Steinberg Law Firm lograron obtener una indemnizaci\u00f3n basada en sus probables ingresos futuros. Los esfuerzos del bufete evitaron que su cliente sufriera una vida de pobreza.<\/p>\n<p>En noviembre, Tom White y Kevin Holmes defendieron el caso de un ex bombero North Charleston ante el Tribunal Supremo. Los esfuerzos del bufete alargaron con \u00e9xito el periodo de tiempo que tiene un empleado para presentar una reclamaci\u00f3n por una lesi\u00f3n por traumatismo repetitivo.<\/p>\n<h2>Abogados de lesiones personales que representan a Charleston y \u00e1reas cercanas de South Carolina<\/h2>\n<p>El bufete, fundado en Charleston hace m\u00e1s de 76 a\u00f1os, lleva mucho tiempo defendiendo los derechos de los trabajadores. Los fundadores del bufete ayudaron a redactar la ley original de compensaci\u00f3n a los trabajadores en South Carolina y sus abogados siguen hoy comprometidos con la protecci\u00f3n de los derechos de los trabajadores lesionados en el trabajo. El Steinberg Law Firm cuenta con oficinas en el centro de la ciudad Charleston y Goose Creek. Sus nueve abogados practican en las \u00e1reas de compensaci\u00f3n de los trabajadores,\u00a0<a href=\"https:\/\/www.steinberglawfirm.com\/practice-areas\/auto-accidents\/\" target=\"_blank\" rel=\"noopener\">accidentes de tr\u00e1fico<\/a>,\u00a0<a href=\"https:\/\/www.steinberglawfirm.com\/practice-areas\/wrongful-death\/\" target=\"_blank\" rel=\"noopener\">muerte por negligencia<\/a>\u00a0y responsabilidad por productos, incapacidad de la seguridad social y quiebra.<\/p>","protected":false},"excerpt":{"rendered":"<p>Steinberg Law Firm nombrado el mejor del estado para la defensa de la compensaci\u00f3n de los trabajadores La Asociaci\u00f3n de Abogados de Reclamaci\u00f3n de Compensaci\u00f3n de los Trabajadores South Carolina ha nombrado a la Steinberg Law Firm el bufete de abogados destacado del a\u00f1o. David Pearlman acept\u00f3 el premio a principios de este mes en la reuni\u00f3n anual de la Asociaci\u00f3n celebrada en Columbia, SC. El premio,...<\/p>","protected":false},"author":1,"featured_media":0,"parent":2304,"menu_order":0,"comment_status":"closed","ping_status":"closed","template":"","meta":{"_acf_changed":false,"footnotes":""},"class_list":["post-2695","page","type-page","status-publish","hentry"],"acf":[],"_links":{"self":[{"href":"https:\/\/steinberglawfirm-staging.clmcloud.app\/es\/wp-json\/wp\/v2\/pages\/2695"}],"collection":[{"href":"https:\/\/steinberglawfirm-staging.clmcloud.app\/es\/wp-json\/wp\/v2\/pages"}],"about":[{"href":"https:\/\/steinberglawfirm-staging.clmcloud.app\/es\/wp-json\/wp\/v2\/types\/page"}],"author":[{"embeddable":true,"href":"https:\/\/steinberglawfirm-staging.clmcloud.app\/es\/wp-json\/wp\/v2\/users\/1"}],"replies":[{"embeddable":true,"href":"https:\/\/steinberglawfirm-staging.clmcloud.app\/es\/wp-json\/wp\/v2\/comments?post=2695"}],"version-history":[{"count":0,"href":"https:\/\/steinberglawfirm-staging.clmcloud.app\/es\/wp-json\/wp\/v2\/pages\/2695\/revisions"}],"up":[{"embeddable":true,"href":"https:\/\/steinberglawfirm-staging.clmcloud.app\/es\/wp-json\/wp\/v2\/pages\/2304"}],"wp:attachment":[{"href":"https:\/\/steinberglawfirm-staging.clmcloud.app\/es\/wp-json\/wp\/v2\/media?parent=2695"}],"curies":[{"name":"wp","href":"https:\/\/api.w.org\/{rel}","templated":true}]}}