{"id":2693,"date":"2017-08-30T22:19:10","date_gmt":"2017-08-30T22:19:10","guid":{"rendered":"https:\/\/www.steinberglawfirm.com\/?page_id=2693"},"modified":"2020-05-28T19:56:55","modified_gmt":"2020-05-28T19:56:55","slug":"steinberg-law-firm-listed-in-u-s-news-best-law-firms-of-2015","status":"publish","type":"page","link":"https:\/\/steinberglawfirm-staging.clmcloud.app\/es\/noticias\/steinberg-law-firm-listed-in-u-s-news-best-law-firms-of-2015\/","title":{"rendered":"Steinberg Law Firm Aparece en la lista de los \"mejores bufetes\" de 2015 de U.S. News"},"content":{"rendered":"<h2>Abogados de lesiones personales que representan a Charleston y \u00e1reas cercanas de South Carolina<\/h2>\n<p>Steinberg Law Firm ha sido nombrado una vez m\u00e1s uno de los \"mejores bufetes de abogados\" de Estados Unidos por U.S. News &amp; World Report y Best Lawyers.<\/p>\n<p>Los despachos incluidos en la clasificaci\u00f3n de 2015 han sido reconocidos por su excelencia profesional en el ejercicio de la abogac\u00eda y su experiencia jur\u00eddica, y reciben sistem\u00e1ticamente altas calificaciones de clientes y compa\u00f1eros. La clasificaci\u00f3n de 2015 se basa en el mayor n\u00famero de despachos participantes y en el mayor n\u00famero de votos de clientes registrado.<\/p>\n<p>Cada a\u00f1o, Best Lawyers reconoce al 4% de los mejores abogados en ejercicio en Estados Unidos. Varios de los abogados de Steinberg Law Firm han sido reconocidos por The Best Lawyers in America en m\u00faltiples ocasiones a lo largo de los a\u00f1os, y el bufete ha sido incluido en la lista de \"Mejores bufetes de abogados\" dos a\u00f1os consecutivos.<\/p>\n<p>Los despachos clasificados aparecen en una escala nacional y metropolitana, presentada en niveles. El Steinberg Law Firm aparece en el nivel 1 para la Ley de Compensaci\u00f3n de Trabajadores - Demandantes en el \u00e1rea metropolitana Charleston, South Carolina. El bufete se ha ganado un alto nivel de respeto entre otros abogados y clientes importantes en el \u00e1rea Charleston.<\/p>\n<p>Los \"Mejores Bufetes\" de 2015 aparecer\u00e1n en dos publicaciones: las clasificaciones nacionales de primer nivel aparecer\u00e1n en la segunda edici\u00f3n de la revista \"Best Law Firms\" Legal Issue, y las clasificaciones nacionales y metropolitanas de primer nivel aparecer\u00e1n en la publicaci\u00f3n \"Best Law Firms\" General Counsel. Todas las clasificaciones pueden consultarse en bestlawfirms.usnews.com.<\/p>","protected":false},"excerpt":{"rendered":"<p>\u00a1Abogados de lesiones personales que representan a Charleston y \u00e1reas cercanas de South Carolina Steinberg Law Firm ha sido nombrado una vez m\u00e1s uno de los \"mejores bufetes de abogados\" en Am\u00e9rica por el U.S. News &amp; World Report y Best Lawyers! Las firmas incluidas en el ranking 2015 han sido reconocidas por su excelencia profesional en la pr\u00e1ctica de la ley y la experiencia legal,...<\/p>","protected":false},"author":1,"featured_media":0,"parent":2304,"menu_order":0,"comment_status":"closed","ping_status":"closed","template":"","meta":{"_acf_changed":false,"footnotes":""},"class_list":["post-2693","page","type-page","status-publish","hentry"],"acf":[],"_links":{"self":[{"href":"https:\/\/steinberglawfirm-staging.clmcloud.app\/es\/wp-json\/wp\/v2\/pages\/2693"}],"collection":[{"href":"https:\/\/steinberglawfirm-staging.clmcloud.app\/es\/wp-json\/wp\/v2\/pages"}],"about":[{"href":"https:\/\/steinberglawfirm-staging.clmcloud.app\/es\/wp-json\/wp\/v2\/types\/page"}],"author":[{"embeddable":true,"href":"https:\/\/steinberglawfirm-staging.clmcloud.app\/es\/wp-json\/wp\/v2\/users\/1"}],"replies":[{"embeddable":true,"href":"https:\/\/steinberglawfirm-staging.clmcloud.app\/es\/wp-json\/wp\/v2\/comments?post=2693"}],"version-history":[{"count":0,"href":"https:\/\/steinberglawfirm-staging.clmcloud.app\/es\/wp-json\/wp\/v2\/pages\/2693\/revisions"}],"up":[{"embeddable":true,"href":"https:\/\/steinberglawfirm-staging.clmcloud.app\/es\/wp-json\/wp\/v2\/pages\/2304"}],"wp:attachment":[{"href":"https:\/\/steinberglawfirm-staging.clmcloud.app\/es\/wp-json\/wp\/v2\/media?parent=2693"}],"curies":[{"name":"wp","href":"https:\/\/api.w.org\/{rel}","templated":true}]}}