{"id":2691,"date":"2017-08-30T22:18:31","date_gmt":"2017-08-30T22:18:31","guid":{"rendered":"https:\/\/www.steinberglawfirm.com\/?page_id=2691"},"modified":"2018-10-09T20:05:05","modified_gmt":"2018-10-09T20:05:05","slug":"steinberg-law-firm-expands-summerville-team","status":"publish","type":"page","link":"https:\/\/steinberglawfirm-staging.clmcloud.app\/es\/noticias\/steinberg-law-firm-expands-summerville-team\/","title":{"rendered":"Steinberg Law Firm ampl\u00eda el equipo Summerville"},"content":{"rendered":"<h1>Steinberg Law Firm ampl\u00eda el equipo Summerville<\/h1>\n<p>SUMMERVILLE, SC - Un abogado con m\u00e1s de 20 a\u00f1os de experiencia se ha trasladado a las oficinas de Summerville del\u00a0<a href=\"https:\/\/www.steinberglawfirm.com\/about-us\/\" target=\"_blank\" rel=\"noopener\">Steinberg Law Firm<\/a>. Dale Van Slambrook, que ha acumulado una clientela fiel en la oficina Goose Creek, est\u00e1 ayudando a ampliar la presencia de la firma en Summerville. Van Slambrook ser\u00e1 el Socio Director de la oficina; se une al socio de la firma Steven Goldberg en las oficinas de 1520 Old Trolley Road aqu\u00ed.<\/p>\n<p>La pr\u00e1ctica de Van Slambrook se centra en ayudar a los clientes con\u00a0<a href=\"https:\/\/www.steinberglawfirm.com\/practice-areas\/personal-injury\/\" target=\"_blank\" rel=\"noopener\">da\u00f1os personales<\/a>\u00a0y abogar por las reclamaciones de la seguridad social y la discapacidad. Van Slambrook es triatleta, maratonista y cazador. Est\u00e1 casado y tiene tres hijos; la familia reside en Goose Creek.<\/p>\n<h2>Abogados de lesiones personales que representan a Charleston y \u00e1reas cercanas de South Carolina<\/h2>\n<p>El Steinberg Law Firm celebrar\u00e1 su 80\u00ba aniversario este a\u00f1o. La firma tiene una larga historia de servir a los trabajadores lesionados en todo el Lowcountry. Tiene oficinas en el centro de la ciudad Charleston, Goose Creek y Summerville.<\/p>","protected":false},"excerpt":{"rendered":"<p>Steinberg Law Firm ampl\u00eda el equipo de Summerville SUMMERVILLE, SC - Un abogado con m\u00e1s de 20 a\u00f1os de experiencia se ha trasladado a las oficinas de Summerville del Steinberg Law Firm. Dale Van Slambrook, que ha acumulado una clientela fiel en la oficina de Goose Creek, est\u00e1 ayudando a ampliar la presencia de la firma en Summerville. Van Slambrook prestar\u00e1 sus servicios...<\/p>","protected":false},"author":1,"featured_media":0,"parent":2304,"menu_order":0,"comment_status":"closed","ping_status":"closed","template":"","meta":{"_acf_changed":false,"footnotes":""},"class_list":["post-2691","page","type-page","status-publish","hentry"],"acf":[],"_links":{"self":[{"href":"https:\/\/steinberglawfirm-staging.clmcloud.app\/es\/wp-json\/wp\/v2\/pages\/2691"}],"collection":[{"href":"https:\/\/steinberglawfirm-staging.clmcloud.app\/es\/wp-json\/wp\/v2\/pages"}],"about":[{"href":"https:\/\/steinberglawfirm-staging.clmcloud.app\/es\/wp-json\/wp\/v2\/types\/page"}],"author":[{"embeddable":true,"href":"https:\/\/steinberglawfirm-staging.clmcloud.app\/es\/wp-json\/wp\/v2\/users\/1"}],"replies":[{"embeddable":true,"href":"https:\/\/steinberglawfirm-staging.clmcloud.app\/es\/wp-json\/wp\/v2\/comments?post=2691"}],"version-history":[{"count":0,"href":"https:\/\/steinberglawfirm-staging.clmcloud.app\/es\/wp-json\/wp\/v2\/pages\/2691\/revisions"}],"up":[{"embeddable":true,"href":"https:\/\/steinberglawfirm-staging.clmcloud.app\/es\/wp-json\/wp\/v2\/pages\/2304"}],"wp:attachment":[{"href":"https:\/\/steinberglawfirm-staging.clmcloud.app\/es\/wp-json\/wp\/v2\/media?parent=2691"}],"curies":[{"name":"wp","href":"https:\/\/api.w.org\/{rel}","templated":true}]}}