{"id":2689,"date":"2017-08-30T22:17:50","date_gmt":"2017-08-30T22:17:50","guid":{"rendered":"https:\/\/www.steinberglawfirm.com\/?page_id=2689"},"modified":"2018-10-09T20:03:41","modified_gmt":"2018-10-09T20:03:41","slug":"steinberg-law-firm-creates-novel-program-for-helping-to-feed-lowcountry-residents","status":"publish","type":"page","link":"https:\/\/steinberglawfirm-staging.clmcloud.app\/es\/noticias\/steinberg-law-firm-creates-novel-program-for-helping-to-feeding-lowcountry-residents\/","title":{"rendered":"Steinberg Law Firm crea un novedoso programa para ayudar a alimentar a los habitantes de los bajos fondos"},"content":{"rendered":"<h1>Steinberg Law Firm crea un novedoso programa para ayudar a alimentar a los habitantes de los bajos fondos<\/h1>\n<p>CHARLESTON, SC - Los repartidores de pizza llevar\u00e1n algo m\u00e1s que pasteles a los hogares de la zona en los pr\u00f3ximos d\u00edas. Gracias a una novedosa idea de la\u00a0<a href=\"https:\/\/www.steinberglawfirm.com\/about-us\/\" target=\"_blank\" rel=\"noopener\">Steinberg Law Firm<\/a>Con la entrega de 50.000 cajas de pizza en toda la regi\u00f3n tambi\u00e9n se dar\u00e1 a conocer el Lowcountry Food Bank, una organizaci\u00f3n ben\u00e9fica que proporciona alimentos a los necesitados.<\/p>\n<p>El programa - llamado D\u00f3lares por pasta - fue desarrollado por los socios del Steinberg Law Firm. \"Representamos a los trabajadores, muchos de los cuales est\u00e1n esencialmente a un cheque de la bancarrota\", dijo David Pearlman, un socio de la firma de 76 a\u00f1os que ha construido su reputaci\u00f3n en la compensaci\u00f3n de los trabajadores, la discapacidad, y\u00a0<a href=\"https:\/\/www.steinberglawfirm.com\/practice-areas\/personal-injury\/\" target=\"_blank\" rel=\"noopener\">da\u00f1os personales<\/a>. \"Sabemos que el hambre est\u00e1 a la vuelta de la esquina para muchos de nuestros clientes, y nuestros vecinos. Y por eso esperamos que esto ayude a marcar la diferencia\".<\/p>\n<p>La idea es sencilla. Steinberg Law Firm consigui\u00f3 la ayuda de una empresa de Washington DC para imprimir y distribuir 50.000 cajas de pizza. Cada caja incluye un mensaje sobre el problema del hambre en esta regi\u00f3n y el importante papel que desempe\u00f1a el Lowcountry Food Bank (<a href=\"https:\/\/www.lowcountryfoodbank.org\/\" target=\"_blank\" rel=\"noopener\">www.lowcountryfoodbank.org<\/a>) juega.<\/p>\n<p>Adem\u00e1s de dar a conocer la labor de la organizaci\u00f3n ben\u00e9fica en esta comunidad, la empresa hace una donaci\u00f3n ben\u00e9fica al Lowcountry Food Bank basada en las ventas de las pizzer\u00edas participantes durante el programa. Entre los participantes se encuentran tiendas independientes de toda la zona.<\/p>\n<p>El Lowcountry Food Bank recoge alimentos de numerosas fuentes y los distribuye a trav\u00e9s de una red de m\u00e1s de 400 organismos miembros. Su experiencia permite convertir cada $1 donado en $20 de alimentos para los necesitados. El Banco de Alimentos atiende a los padres que trabajan, a los ancianos y a otras personas que no pueden permitirse el aumento de los precios de los alimentos, as\u00ed como a los ni\u00f1os que viven por debajo del nivel de pobreza.<\/p>\n<p>Las cajas han empezado a aparecer en pizzer\u00edas independientes de toda la zona de los tres condados este mes. Los socios de Steinberg Law Firm animan a otros negocios de la zona a unirse a ellos para alimentar a los hambrientos de la regi\u00f3n. \"Es f\u00e1cil mirar alrededor de la zona Charleston y creer que todo el mundo es pr\u00f3spero\", dijo Malcolm Crosland, socio de la empresa. \"Pero en realidad, hay muchas personas que necesitan ayuda urgentemente. Cuando el sost\u00e9n de una familia se lesiona en el trabajo y pasa una semana sin cobrar, eso puede significar que la familia no tenga literalmente nada que comer\", dijo Crosland.<\/p>\n<p>Seg\u00fan un informe de 2002 del Departamento de Agricultura de EE.UU. (USDA), el 11,1% de todos los hogares estadounidenses sufr\u00eda inseguridad alimentaria por falta de recursos. Desde 1999, la inseguridad alimentaria ha aumentado en 3,9 millones de personas: 2,8 millones de adultos y m\u00e1s de un mill\u00f3n de ni\u00f1os. A nivel local, uno de cada cuatro residentes sufre inseguridad alimentaria.<\/p>\n<h2>Abogados de lesiones personales que representan a Charleston y \u00e1reas cercanas de South Carolina<\/h2>","protected":false},"excerpt":{"rendered":"<p>Steinberg Law Firm crea un novedoso programa para ayudar a alimentar a los residentes de Lowcountry CHARLESTON, SC - Los repartidores de pizza llevar\u00e1n algo m\u00e1s que pasteles a los hogares de la zona en los pr\u00f3ximos d\u00edas. Gracias a una novedosa idea de la Steinberg Law Firm, 50.000 cajas de pizza repartidas por toda la regi\u00f3n tambi\u00e9n dar\u00e1n a conocer el Lowcountry Food Bank,...<\/p>","protected":false},"author":1,"featured_media":0,"parent":2304,"menu_order":0,"comment_status":"closed","ping_status":"closed","template":"","meta":{"_acf_changed":false,"footnotes":""},"class_list":["post-2689","page","type-page","status-publish","hentry"],"acf":[],"_links":{"self":[{"href":"https:\/\/steinberglawfirm-staging.clmcloud.app\/es\/wp-json\/wp\/v2\/pages\/2689"}],"collection":[{"href":"https:\/\/steinberglawfirm-staging.clmcloud.app\/es\/wp-json\/wp\/v2\/pages"}],"about":[{"href":"https:\/\/steinberglawfirm-staging.clmcloud.app\/es\/wp-json\/wp\/v2\/types\/page"}],"author":[{"embeddable":true,"href":"https:\/\/steinberglawfirm-staging.clmcloud.app\/es\/wp-json\/wp\/v2\/users\/1"}],"replies":[{"embeddable":true,"href":"https:\/\/steinberglawfirm-staging.clmcloud.app\/es\/wp-json\/wp\/v2\/comments?post=2689"}],"version-history":[{"count":0,"href":"https:\/\/steinberglawfirm-staging.clmcloud.app\/es\/wp-json\/wp\/v2\/pages\/2689\/revisions"}],"up":[{"embeddable":true,"href":"https:\/\/steinberglawfirm-staging.clmcloud.app\/es\/wp-json\/wp\/v2\/pages\/2304"}],"wp:attachment":[{"href":"https:\/\/steinberglawfirm-staging.clmcloud.app\/es\/wp-json\/wp\/v2\/media?parent=2689"}],"curies":[{"name":"wp","href":"https:\/\/api.w.org\/{rel}","templated":true}]}}