{"id":2687,"date":"2017-08-30T22:16:53","date_gmt":"2017-08-30T22:16:53","guid":{"rendered":"https:\/\/www.steinberglawfirm.com\/?page_id=2687"},"modified":"2018-10-09T20:02:55","modified_gmt":"2018-10-09T20:02:55","slug":"steinberg-law-firm-celebrating-80-years-of-service-by-providing-eight-months-of-service-to-local-charities","status":"publish","type":"page","link":"https:\/\/steinberglawfirm-staging.clmcloud.app\/es\/noticias\/steinberg-law-firm-celebracion-de-los-80-anos-de-servicio-prestando-ocho-meses-de-servicio-a-organizaciones-beneficas-locales\/","title":{"rendered":"Steinberg Law Firm Celebra 80 a\u00f1os de servicio prestando ocho meses de servicio a organizaciones ben\u00e9ficas locales"},"content":{"rendered":"<h1>Steinberg Law Firm Celebra 80 a\u00f1os de servicio prestando ocho meses de servicio a organizaciones ben\u00e9ficas locales<\/h1>\n<p>CHARLESTON, SC - Trabajar para una empresa que lleva 80 a\u00f1os ayudando a la gente en todo el Lowcountry ha inspirado a los socios del\u00a0<a href=\"https:\/\/www.steinberglawfirm.com\/about-us\/\" target=\"_blank\" rel=\"noopener\">Steinberg Law Firm<\/a>\u00a0para celebrar su aniversario con un regalo de servicio. A partir de este mes, y hasta noviembre, la empresa adoptar\u00e1 una organizaci\u00f3n ben\u00e9fica local al mes y aplicar\u00e1 sus recursos humanos, profesionales y financieros para fortalecerla.<\/p>\n<p>La empresa (<a href=\"https:\/\/www.steinberglawfirm.com\" target=\"_blank\" rel=\"noopener\">www.steinberglawfirm.com<\/a>) tiene una larga historia de servicio a los trabajadores, y ayud\u00f3 a redactar las leyes originales de compensaci\u00f3n laboral en South Carolina. \"Nos pareci\u00f3 adecuado adoptar un calendario completo de retribuci\u00f3n a nuestra comunidad durante este a\u00f1o de aniversario\", dijo David Pearlman, socio del bufete.<\/p>\n<p>El programa se inici\u00f3 con el socio Tom White, que se ha ofrecido a llevar un caso de discapacidad pro bono para el programa de Justicia Legal de Crisis Ministries. El programa de Justicia Legal empareja a los abogados locales con los hu\u00e9spedes del refugio y les proporciona asesor\u00eda legal gratuita. El socio de la firma Michael Jordan tambi\u00e9n est\u00e1 prestando servicios pro bono al refugio.<\/p>\n<h2>Abogados de lesiones personales que representan a Charleston y \u00e1reas cercanas de South Carolina<\/h2>\n<p>En mayo, el personal administrativo de la empresa ha adoptado el programa Women Build de Sea Island Habitat for Humanity. El bufete patrocinar\u00e1 la impresi\u00f3n de camisetas del evento y destinar\u00e1 un grupo de mujeres a ayudar a montar la casa.<\/p>\n<p>En junio, el socio Steven Goldberg se encargar\u00e1 de cumplir la lista de deseos de Operation Home, una organizaci\u00f3n a la que apoya. Operation Home ofrece reparaciones de viviendas gratuitas o de bajo coste a residentes con bajos ingresos.<\/p>\n<p>En julio, el abogado Pearlman conectar\u00e1 el bufete con la Misi\u00f3n Rural y su programa Esperanza para el Futuro, que proporciona fondos para los estudiantes necesitados que van a la universidad.<\/p>\n<p>En agosto, el socio Malcolm Crosland lanzar\u00e1 un nuevo grupo de concienciaci\u00f3n centrado en evitar\u00a0<a href=\"https:\/\/www.steinberglawfirm.com\/practice-areas\/head-brain-and-spine-injuries\/\" target=\"_blank\" rel=\"noopener\">lesiones en la cabeza<\/a>\u00a0relacionados con las actividades deportivas.<\/p>\n<p>En septiembre, Dale Van Slambrook recaudar\u00e1 fondos para Special Olympics of the Lowcountry. Van Slambrook, maratonista y frecuente concursante de Iron Man, conseguir\u00e1 patrocinios por cada milla que corra en 2008.<\/p>\n<p>En octubre, el socio Kevin Holmes llevar\u00e1 a un gran grupo de empleados y colegas de compras para llenar la lista de deseos del exitoso programa Kids Caf\u00e9 del Lowcountry Food Bank.<\/p>\n<p>El mes de noviembre culminar\u00e1 el programa con Kevin Smith, presidente entrante de la Asociaci\u00f3n de Alfabetizaci\u00f3n Trident y nuevo socio de Steinberg, que dirigir\u00e1 una campa\u00f1a de recogida de libros para ni\u00f1os en las tres oficinas de la empresa.<\/p>","protected":false},"excerpt":{"rendered":"<p>Steinberg Law Firm celebra 80 a\u00f1os de servicio ofreciendo ocho meses de servicio a organizaciones ben\u00e9ficas locales CHARLESTON, SC - Trabajar para una empresa que lleva 80 a\u00f1os ayudando a la gente en todo el Lowcountry ha inspirado a los socios del Steinberg Law Firm a celebrar su aniversario con un regalo de servicio. A partir de este mes, y hasta el...<\/p>","protected":false},"author":1,"featured_media":0,"parent":2304,"menu_order":0,"comment_status":"closed","ping_status":"closed","template":"","meta":{"_acf_changed":false,"footnotes":""},"class_list":["post-2687","page","type-page","status-publish","hentry"],"acf":[],"_links":{"self":[{"href":"https:\/\/steinberglawfirm-staging.clmcloud.app\/es\/wp-json\/wp\/v2\/pages\/2687"}],"collection":[{"href":"https:\/\/steinberglawfirm-staging.clmcloud.app\/es\/wp-json\/wp\/v2\/pages"}],"about":[{"href":"https:\/\/steinberglawfirm-staging.clmcloud.app\/es\/wp-json\/wp\/v2\/types\/page"}],"author":[{"embeddable":true,"href":"https:\/\/steinberglawfirm-staging.clmcloud.app\/es\/wp-json\/wp\/v2\/users\/1"}],"replies":[{"embeddable":true,"href":"https:\/\/steinberglawfirm-staging.clmcloud.app\/es\/wp-json\/wp\/v2\/comments?post=2687"}],"version-history":[{"count":0,"href":"https:\/\/steinberglawfirm-staging.clmcloud.app\/es\/wp-json\/wp\/v2\/pages\/2687\/revisions"}],"up":[{"embeddable":true,"href":"https:\/\/steinberglawfirm-staging.clmcloud.app\/es\/wp-json\/wp\/v2\/pages\/2304"}],"wp:attachment":[{"href":"https:\/\/steinberglawfirm-staging.clmcloud.app\/es\/wp-json\/wp\/v2\/media?parent=2687"}],"curies":[{"name":"wp","href":"https:\/\/api.w.org\/{rel}","templated":true}]}}