{"id":2685,"date":"2017-08-30T22:16:07","date_gmt":"2017-08-30T22:16:07","guid":{"rendered":"https:\/\/www.steinberglawfirm.com\/?page_id=2685"},"modified":"2018-10-09T20:01:40","modified_gmt":"2018-10-09T20:01:40","slug":"steinberg-attorney-named-to-statewide-workers-compensation-committee","status":"publish","type":"page","link":"https:\/\/steinberglawfirm-staging.clmcloud.app\/es\/noticias\/el-abogado-steinberg-es-nombrado-para-el-comite-de-compensacion-de-los-trabajadores-del-estado\/","title":{"rendered":"Abogado de Steinberg nombrado para el Comit\u00e9 de Compensaci\u00f3n de Trabajadores del Estado"},"content":{"rendered":"<h1>Abogado de Steinberg nombrado para el Comit\u00e9 de Compensaci\u00f3n de Trabajadores del Estado<\/h1>\n<p>MOUNT PLEASANT, SC - Malcolm M. Crosland, Jr., socio de la\u00a0<a href=\"https:\/\/www.steinberglawfirm.com\/about-us\/\" target=\"_blank\" rel=\"noopener\">Steinberg Law Firm<\/a>ha sido elegido miembro del Comit\u00e9 Ejecutivo de la Junta de Gobernadores de la Asociaci\u00f3n de Abogados de Reclamaciones de Indemnizaci\u00f3n por Accidentes de Trabajo South Carolina.<\/p>\n<p>La organizaci\u00f3n trabaja en la defensa y la educaci\u00f3n para promover la comprensi\u00f3n de la ley de compensaci\u00f3n de los trabajadores en todo el estado.<\/p>\n<p>Crosland trabaja en el Steinberg Law Firm desde 1986 y dirige su oficina de East Cooper. Vive en Mount Pleasant con su mujer y su hijo.<\/p>","protected":false},"excerpt":{"rendered":"<p>Abogado Steinberg nombrado para el Comit\u00e9 de Compensaci\u00f3n de Trabajadores de todo el Estado MOUNT PLEASANT, SC - Malcolm M. Crosland, Jr., un socio de la Steinberg Law Firm, ha sido elegido para el Comit\u00e9 Ejecutivo de la Junta de Gobernadores de la Asociaci\u00f3n de South Carolina Abogados de Reclamaci\u00f3n de Compensaci\u00f3n de Trabajadores. La organizaci\u00f3n trabaja en la defensa y la educaci\u00f3n para promover...<\/p>","protected":false},"author":1,"featured_media":0,"parent":2304,"menu_order":0,"comment_status":"closed","ping_status":"closed","template":"","meta":{"_acf_changed":false,"footnotes":""},"class_list":["post-2685","page","type-page","status-publish","hentry"],"acf":[],"_links":{"self":[{"href":"https:\/\/steinberglawfirm-staging.clmcloud.app\/es\/wp-json\/wp\/v2\/pages\/2685"}],"collection":[{"href":"https:\/\/steinberglawfirm-staging.clmcloud.app\/es\/wp-json\/wp\/v2\/pages"}],"about":[{"href":"https:\/\/steinberglawfirm-staging.clmcloud.app\/es\/wp-json\/wp\/v2\/types\/page"}],"author":[{"embeddable":true,"href":"https:\/\/steinberglawfirm-staging.clmcloud.app\/es\/wp-json\/wp\/v2\/users\/1"}],"replies":[{"embeddable":true,"href":"https:\/\/steinberglawfirm-staging.clmcloud.app\/es\/wp-json\/wp\/v2\/comments?post=2685"}],"version-history":[{"count":0,"href":"https:\/\/steinberglawfirm-staging.clmcloud.app\/es\/wp-json\/wp\/v2\/pages\/2685\/revisions"}],"up":[{"embeddable":true,"href":"https:\/\/steinberglawfirm-staging.clmcloud.app\/es\/wp-json\/wp\/v2\/pages\/2304"}],"wp:attachment":[{"href":"https:\/\/steinberglawfirm-staging.clmcloud.app\/es\/wp-json\/wp\/v2\/media?parent=2685"}],"curies":[{"name":"wp","href":"https:\/\/api.w.org\/{rel}","templated":true}]}}