{"id":2683,"date":"2017-08-30T22:15:02","date_gmt":"2017-08-30T22:15:02","guid":{"rendered":"https:\/\/www.steinberglawfirm.com\/?page_id=2683"},"modified":"2022-04-27T17:28:49","modified_gmt":"2022-04-27T17:28:49","slug":"attorney-van-slambrook-named-berkeley-county-bar-president","status":"publish","type":"page","link":"https:\/\/steinberglawfirm-staging.clmcloud.app\/es\/noticias\/abogado-van-slambrook-nombrado-presidente-del-barrio-de-berkeley\/","title":{"rendered":"El abogado Van Slambrook es nombrado presidente del Colegio de Abogados del Condado de Berkeley"},"content":{"rendered":"<h1>El abogado Van Slambrook es nombrado presidente del Colegio de Abogados del Condado de Berkeley<\/h1>\n<p>GOOSE CREEK - Dale E. Van Slambrook, socio del\u00a0<a href=\"https:\/\/www.steinberglawfirm.com\/about-us\/\" target=\"_blank\" rel=\"noopener\">Steinberg Law Firm<\/a>es el nuevo Presidente del Colegio de Abogados del Condado de Berkeley 2010-2011. Nominado por los miembros de la asociaci\u00f3n, su presidencia fue aprobada por el Colegio de Abogados del Condado de Berkeley en su reuni\u00f3n anual del mes pasado. Como Presidente del Colegio de Abogados del Condado de Berkeley continuar\u00e1 promoviendo la participaci\u00f3n y la comunicaci\u00f3n entre la comunidad y los miembros del Colegio.<\/p>\n<p>Van Slambrook tambi\u00e9n es actualmente uno de los jueces del tribunal municipal de la ciudad de Goose Creek. Sigue ejerciendo la abogac\u00eda a tiempo completo en las comunidades de Goose Creek, Monck's Corner y Summerville como miembro del Steinberg Law Firm. Concentra su pr\u00e1ctica en las \u00e1reas de discapacidad de la Seguridad Social,\u00a0<a href=\"https:\/\/www.steinberglawfirm.com\/practice-areas\/personal-injury\/\" target=\"_blank\" rel=\"noopener\">da\u00f1os personales<\/a>\u00a0y derecho sucesorio. Es socio principal del despacho Steinberg Law Firm de Summerville.<\/p>\n<p>Casado con Darlene Van Slambrook, es un \u00e1vido maratonista y un triatleta Ironman.<\/p>\n<h2>Abogados de lesiones personales que representan a Charleston y \u00e1reas cercanas de South Carolina<\/h2>\n<p>El Steinberg Law Firm se estableci\u00f3 hace m\u00e1s de 95 a\u00f1os, y sirve a la comunidad con oficinas en el centro Charleston, Goose Creek y Summerville.<\/p>","protected":false},"excerpt":{"rendered":"<p>Abogado Van Slambrook nombrado Presidente del Colegio de Abogados del Condado de Berkeley GOOSE CREEK - Dale E. Van Slambrook, socio del Steinberg Law Firm, es el nuevo Presidente del Colegio de Abogados del Condado de Berkeley 2010-2011. Nominado por los miembros de la asociaci\u00f3n, su presidencia fue aprobada por el Colegio de Abogados del Condado de Berkeley en su reuni\u00f3n anual el mes pasado. Como el Colegio de Abogados del Condado de Berkeley...<\/p>","protected":false},"author":1,"featured_media":0,"parent":2304,"menu_order":0,"comment_status":"closed","ping_status":"closed","template":"","meta":{"_acf_changed":false,"footnotes":""},"class_list":["post-2683","page","type-page","status-publish","hentry"],"acf":[],"_links":{"self":[{"href":"https:\/\/steinberglawfirm-staging.clmcloud.app\/es\/wp-json\/wp\/v2\/pages\/2683"}],"collection":[{"href":"https:\/\/steinberglawfirm-staging.clmcloud.app\/es\/wp-json\/wp\/v2\/pages"}],"about":[{"href":"https:\/\/steinberglawfirm-staging.clmcloud.app\/es\/wp-json\/wp\/v2\/types\/page"}],"author":[{"embeddable":true,"href":"https:\/\/steinberglawfirm-staging.clmcloud.app\/es\/wp-json\/wp\/v2\/users\/1"}],"replies":[{"embeddable":true,"href":"https:\/\/steinberglawfirm-staging.clmcloud.app\/es\/wp-json\/wp\/v2\/comments?post=2683"}],"version-history":[{"count":1,"href":"https:\/\/steinberglawfirm-staging.clmcloud.app\/es\/wp-json\/wp\/v2\/pages\/2683\/revisions"}],"predecessor-version":[{"id":21267,"href":"https:\/\/steinberglawfirm-staging.clmcloud.app\/es\/wp-json\/wp\/v2\/pages\/2683\/revisions\/21267"}],"up":[{"embeddable":true,"href":"https:\/\/steinberglawfirm-staging.clmcloud.app\/es\/wp-json\/wp\/v2\/pages\/2304"}],"wp:attachment":[{"href":"https:\/\/steinberglawfirm-staging.clmcloud.app\/es\/wp-json\/wp\/v2\/media?parent=2683"}],"curies":[{"name":"wp","href":"https:\/\/api.w.org\/{rel}","templated":true}]}}