{"id":2681,"date":"2017-08-30T22:13:58","date_gmt":"2017-08-30T22:13:58","guid":{"rendered":"https:\/\/www.steinberglawfirm.com\/?page_id=2681"},"modified":"2022-05-06T20:05:21","modified_gmt":"2022-05-06T20:05:21","slug":"the-first-time-i-was-appointed-to-represent-a-death-penalty-defendant","status":"publish","type":"page","link":"https:\/\/steinberglawfirm-staging.clmcloud.app\/es\/noticias\/la-primera-vez-que-me-nombraron-para-representar-a-un-acusado-de-pena-de-muerte\/","title":{"rendered":"\"La primera vez que me designaron para representar a un acusado de pena de muerte\""},"content":{"rendered":"<h1>La primera vez que me designaron para representar a un acusado de pena de muerte<\/h1>\n<p>Una historia del abogado\u00a0<a href=\"https:\/\/www.steinberglawfirm.com\/attorney\/\" target=\"_blank\" rel=\"noopener\">Kevin Holmes<\/a>El informe, compartido con el Centro de Recursos y Defensa de la Pena de Muerte y publicado originalmente en su\u00a0<a href=\"https:\/\/us4.campaign-archive1.com\/?u=c93fa984931b6fbc079996daa&#038;id=9b150dd693\" target=\"_blank\" rel=\"noopener\">Bolet\u00edn de diciembre de 2014<\/a>.\u00a0<\/p>\n<p>\"La primera vez que me designaron para representar a un acusado de pena de muerte fue a principios de los a\u00f1os ochenta. No llevaba ni diez a\u00f1os ejerciendo la abogac\u00eda. Se trataba de un doble asesinato; un asesinato tuvo lugar en el condado de Charleston y el otro en el condado de Berkeley. Los tres acusados eran del condado de Sumter. Uno de los acusados estaba cooperando y hab\u00eda accedido a testificar contra el otro acusado y contra nuestro cliente. Se alegaba que los acusados hab\u00edan viajado a Charleston para vender unas armas que hab\u00edan robado en un asalto a una armer\u00eda del condado de Richland. <\/p>\n<p>Cuando llegaron a Charleston, el perista al que iban a vender las armas se neg\u00f3 a tratar con ellos. Se quedaron tirados sin dinero, as\u00ed que asaltaron una gasolinera a la salida de la ciudad. Consiguieron unos $20 y secuestraron al cajero, un militar de la Armada que intentaba ganar un dinero extra para mantener a su joven familia, al que uno de los acusados mat\u00f3 al estilo ejecuci\u00f3n en una oscura carretera saliendo del condado de Charleston. Luego, temiendo que los otros dos acusados le delataran, convenci\u00f3 a los otros dos para que mataran a otro dependiente de una tienda nocturna, seg\u00fan todos los indicios el tipo m\u00e1s agradable de la ciudad que no s\u00f3lo dirig\u00eda la \u00fanica tienda nocturna, sino que trabajaba en la funeraria local y conoc\u00eda a todo el mundo. <\/p>\n<p>El co-abogado y yo fuimos nombrados la semana antes de Acci\u00f3n de Gracias y fuimos a juicio la semana siguiente al d\u00eda de A\u00f1o Nuevo. En aquella \u00e9poca, el abogado cobraba $2.500 a repartir entre los dos y creo que el tribunal pod\u00eda aprobar hasta $2500 para gastos de investigaci\u00f3n. Para empeorar las cosas, nuestro cliente hab\u00eda recibido un disparo en la cara con una escopeta y, literalmente, la mitad de su mand\u00edbula inferior estaba a punto de estallar. Su mand\u00edbula estaba cerrada con alambre y ten\u00eda problemas para comunicarse. El juicio se celebr\u00f3 en Moncks Corner, a 45 minutos en coche para un abogado de Charleston como yo, lo que a\u00f1ad\u00eda horas adicionales a las jornadas de 18 horas que pas\u00e1bamos intentando defender el caso. La carga que se nos impuso fue enorme hasta el punto de ser f\u00edsica y mentalmente agotadora. <\/p>\n<p>Nuestra investigaci\u00f3n se vio gravemente obstaculizada por el escaso tiempo que se nos proporcion\u00f3 al estar de vacaciones. Todav\u00eda recuerdo la frase inicial de mi alegato final en la fase de la pena de muerte del juicio: \"Incluso en mi mejor d\u00eda, ser\u00eda incapaz de encontrar las palabras para defender la vida de otro. Este no ser\u00e1 mi mejor d\u00eda\". <\/p>\n<p>Segu\u00ed describiendo todas las horas imposibles que hab\u00edamos dedicado a investigar, no s\u00f3lo el crimen, sino las circunstancias de la vida de nuestro cliente. No hace falta decir que no sali\u00f3 bien y el jurado dict\u00f3 la pena de muerte. Lo mejor que puedo decir es que algunos miembros del jurado lloraron durante mi alegato. Aprend\u00ed mucho sobre la pena de muerte, pero hasta el d\u00eda de hoy me preocupa que haya sido a costa de mi cliente, que merec\u00eda un abogado con experiencia en casos de pena de muerte. <\/p>\n<p>Pensar que cualquier otro caso puede preparar a un abogado para los desaf\u00edos de un juicio de pena de muerte, en el que todo est\u00e1 en contra desde el principio, es una ilusi\u00f3n. Al final me sent\u00ed utilizado como escaparate de la falsa idea de que el proceso de la pena de muerte es justo. Siempre me preguntar\u00e9 si hubiera tenido m\u00e1s experiencia, o tiempo, o dinero, podr\u00eda haber cambiado las cosas. Sin la ayuda de David Bruck y del Centro, el co-asesor y yo no habr\u00edamos sabido por d\u00f3nde empezar la tarea imposible que se nos asign\u00f3.\"<\/p>\n<h2>Abogados de lesiones personales que representan a Charleston y \u00e1reas cercanas de South Carolina<\/h2>","protected":false},"excerpt":{"rendered":"<p>La primera vez que me designaron para representar a un acusado de pena de muerte Una historia del abogado Kevin Holmes, compartida con el Centro de Recursos y Defensa de la Pena de Muerte y publicada originalmente en su bolet\u00edn de diciembre de 2014.  \"La primera vez que me designaron para representar a un acusado de pena de muerte fue a principios de la d\u00e9cada de 1980. Ni siquiera hab\u00eda sido...<\/p>","protected":false},"author":1,"featured_media":0,"parent":2304,"menu_order":0,"comment_status":"closed","ping_status":"closed","template":"","meta":{"_acf_changed":false,"footnotes":""},"class_list":["post-2681","page","type-page","status-publish","hentry"],"acf":[],"_links":{"self":[{"href":"https:\/\/steinberglawfirm-staging.clmcloud.app\/es\/wp-json\/wp\/v2\/pages\/2681"}],"collection":[{"href":"https:\/\/steinberglawfirm-staging.clmcloud.app\/es\/wp-json\/wp\/v2\/pages"}],"about":[{"href":"https:\/\/steinberglawfirm-staging.clmcloud.app\/es\/wp-json\/wp\/v2\/types\/page"}],"author":[{"embeddable":true,"href":"https:\/\/steinberglawfirm-staging.clmcloud.app\/es\/wp-json\/wp\/v2\/users\/1"}],"replies":[{"embeddable":true,"href":"https:\/\/steinberglawfirm-staging.clmcloud.app\/es\/wp-json\/wp\/v2\/comments?post=2681"}],"version-history":[{"count":1,"href":"https:\/\/steinberglawfirm-staging.clmcloud.app\/es\/wp-json\/wp\/v2\/pages\/2681\/revisions"}],"predecessor-version":[{"id":21829,"href":"https:\/\/steinberglawfirm-staging.clmcloud.app\/es\/wp-json\/wp\/v2\/pages\/2681\/revisions\/21829"}],"up":[{"embeddable":true,"href":"https:\/\/steinberglawfirm-staging.clmcloud.app\/es\/wp-json\/wp\/v2\/pages\/2304"}],"wp:attachment":[{"href":"https:\/\/steinberglawfirm-staging.clmcloud.app\/es\/wp-json\/wp\/v2\/media?parent=2681"}],"curies":[{"name":"wp","href":"https:\/\/api.w.org\/{rel}","templated":true}]}}