{"id":26688,"date":"2023-08-10T17:04:38","date_gmt":"2023-08-10T17:04:38","guid":{"rendered":"https:\/\/www.steinberglawfirm.com\/?page_id=26688"},"modified":"2023-08-14T18:08:20","modified_gmt":"2023-08-14T18:08:20","slug":"testimonial-jeremiah","status":"publish","type":"page","link":"https:\/\/steinberglawfirm-staging.clmcloud.app\/es\/video-centro\/videos-testimoniales-de-clientes\/testimonio-jeremiah\/","title":{"rendered":"Testimonio: Jeremiah"},"content":{"rendered":"<h1 class=\"wp-block-heading\"> Testimonio de un cliente: Jeremiah<\/h1>\n\n\n\n<iframe loading=\"lazy\" width=\"705\" height=\"395\" src=\"https:\/\/www.youtube.com\/embed\/ym-QyHBe1wA\" title=\"Reproductor de v\u00eddeo de YouTube\" frameborder=\"0\" allow=\"accelerometer; autoplay; clipboard-write; encrypted-media; gyroscope; picture-in-picture; web-share\" allowfullscreen><\/iframe>\n\n\n\n<p>Jeremiah y Mindy, clientes de Steinberg Law Firm, cuentan c\u00f3mo se les revent\u00f3 un neum\u00e1tico mientras Jeremiah trabajaba como operador de un cami\u00f3n volquete. El cami\u00f3n volc\u00f3, y Jeremiah fue <a href=\"https:\/\/www.steinberglawfirm.com\/personal-injury\/truck-accidents\/burns\/\" target=\"_blank\" rel=\"noopener\">quemado gravemente por asfalto caliente<\/a>. El <a href=\"https:\/\/www.steinberglawfirm.com\/\" target=\"_blank\" rel=\"noopener\">Steinberg Law Firm<\/a> pudo asistir a Jeremiah y Mindy de principio a fin, dej\u00e1ndoles <a href=\"https:\/\/www.steinberglawfirm.com\/results\/\" target=\"_blank\" rel=\"noopener\">contento y satisfecho con los resultados<\/a>.<\/p>\n\n\n\n<h3 class=\"wp-block-heading\">Otros v\u00eddeos de testimonios de clientes:<\/h3>\n\n\n<ul class=\"list-pages-shortcode sibling-pages\"><li class=\"page_item page-item-26688\"><a href=\"https:\/\/steinberglawfirm-staging.clmcloud.app\/es\/video-centro\/videos-testimoniales-de-clientes\/testimonio-jeremiah\/\">Testimonio: Jeremiah<\/a><\/li>\n<li class=\"page_item page-item-3842\"><a href=\"https:\/\/steinberglawfirm-staging.clmcloud.app\/es\/video-centro\/videos-testimoniales-de-clientes\/leslie-b\/\">Testimonio: Leslie B.<\/a><\/li>\n<li class=\"page_item page-item-5742\"><a href=\"https:\/\/steinberglawfirm-staging.clmcloud.app\/es\/video-centro\/videos-testimoniales-de-clientes\/naomi-m\/\">Testimonio: Naomi M.<\/a><\/li>\n<\/ul>","protected":false},"excerpt":{"rendered":"<p>Testimonio de un cliente: Jeremiah Jeremiah y Mindy, clientes de Steinberg Law Firm, cuentan su historia de c\u00f3mo revent\u00f3 un neum\u00e1tico mientras Jeremiah trabajaba como operador de un cami\u00f3n volquete. El cami\u00f3n volc\u00f3 y Jeremiah sufri\u00f3 quemaduras graves por el asfalto caliente. The Steinberg Law Firm fue capaz de ayudar a Jerem\u00edas y Mindy desde el principio ...<\/p>","protected":false},"author":1,"featured_media":15292,"parent":3810,"menu_order":0,"comment_status":"closed","ping_status":"closed","template":"","meta":{"_acf_changed":false,"footnotes":""},"class_list":["post-26688","page","type-page","status-publish","has-post-thumbnail","hentry"],"acf":[],"_links":{"self":[{"href":"https:\/\/steinberglawfirm-staging.clmcloud.app\/es\/wp-json\/wp\/v2\/pages\/26688"}],"collection":[{"href":"https:\/\/steinberglawfirm-staging.clmcloud.app\/es\/wp-json\/wp\/v2\/pages"}],"about":[{"href":"https:\/\/steinberglawfirm-staging.clmcloud.app\/es\/wp-json\/wp\/v2\/types\/page"}],"author":[{"embeddable":true,"href":"https:\/\/steinberglawfirm-staging.clmcloud.app\/es\/wp-json\/wp\/v2\/users\/1"}],"replies":[{"embeddable":true,"href":"https:\/\/steinberglawfirm-staging.clmcloud.app\/es\/wp-json\/wp\/v2\/comments?post=26688"}],"version-history":[{"count":4,"href":"https:\/\/steinberglawfirm-staging.clmcloud.app\/es\/wp-json\/wp\/v2\/pages\/26688\/revisions"}],"predecessor-version":[{"id":26771,"href":"https:\/\/steinberglawfirm-staging.clmcloud.app\/es\/wp-json\/wp\/v2\/pages\/26688\/revisions\/26771"}],"up":[{"embeddable":true,"href":"https:\/\/steinberglawfirm-staging.clmcloud.app\/es\/wp-json\/wp\/v2\/pages\/3810"}],"wp:featuredmedia":[{"embeddable":true,"href":"https:\/\/steinberglawfirm-staging.clmcloud.app\/es\/wp-json\/wp\/v2\/media\/15292"}],"wp:attachment":[{"href":"https:\/\/steinberglawfirm-staging.clmcloud.app\/es\/wp-json\/wp\/v2\/media?parent=26688"}],"curies":[{"name":"wp","href":"https:\/\/api.w.org\/{rel}","templated":true}]}}