{"id":26509,"date":"2023-07-25T17:48:19","date_gmt":"2023-07-25T17:48:19","guid":{"rendered":"https:\/\/www.steinberglawfirm.com\/?page_id=26509"},"modified":"2023-07-25T18:42:05","modified_gmt":"2023-07-25T18:42:05","slug":"college-sports-injury-attorneys","status":"publish","type":"page","link":"https:\/\/steinberglawfirm-staging.clmcloud.app\/es\/lesiones-personales\/abogados-de-lesiones-personales\/abogados-especializados-en-lesiones-deportivas-universitarias\/","title":{"rendered":"Abogados de lesiones deportivas universitarias"},"content":{"rendered":"<h1 class=\"wp-block-heading\">South Carolina Abogados de lesiones deportivas universitarias<\/h1>\n\n\n\n<p><em>Enfrentarse a un colegio o universidad en una demanda por lesiones deportivas nunca es un buen plan de juego, pero con la <a href=\"https:\/\/www.steinberglawfirm.com\/\" target=\"_blank\" rel=\"noopener\">Steinberg Law Firm<\/a> en tu equipo, no tendr\u00e1s que hacerlo.&nbsp;<\/em><\/p>\n\n\n\n<p><em>Para una revisi\u00f3n gratuita de su caso, ll\u00e1menos al <a href=\"tel:1-843-720-2800\">843-720-2800<\/a>.<\/em><\/p>\n\n\n\n<p>Cuando te inscribiste para hacer deporte en la universidad, sab\u00edas que tu trabajo consist\u00eda en entrenar duro y dar lo mejor de ti mismo. Y, si eres como la mayor\u00eda de la gente, tambi\u00e9n supusiste que la universidad, tus entrenadores y dem\u00e1s personal de apoyo har\u00edan todo lo posible por mantenerte a salvo. Pero, \u00bfqu\u00e9 ocurre cuando resulta que no es as\u00ed?&nbsp;<\/p>\n\n\n\n<p>Una lesi\u00f3n deportiva no s\u00f3lo puede poner en peligro su futuro en el deporte, sino que tambi\u00e9n puede dejarle con problemas de salud a largo plazo que pueden afectar a otros aspectos de su vida. En el Steinberg Law Firm, nuestro <a href=\"https:\/\/www.steinberglawfirm.com\/personal-injury\/personal-injury-lawyers\/\" target=\"_blank\" rel=\"noopener\">los abogados especializados en lesiones deportivas universitarias ayudan a los deportistas lesionados<\/a> responsabilizar a los causantes de sus lesiones, al tiempo que conectamos a nuestros clientes con una compensaci\u00f3n econ\u00f3mica por todo lo que han pasado y el impacto que sus lesiones tendr\u00e1n en su futuro.&nbsp;<\/p>\n\n\n\n<h3 class=\"wp-block-heading\">Tipos comunes de lesiones deportivas universitarias<\/h3>\n\n\n\n<p>Los deportistas universitarios practican diversos deportes, cada uno con su propio perfil de riesgo. Hay algunas lesiones que tienden a ser m\u00e1s comunes en muchos deportes. A continuaci\u00f3n se enumeran algunas de las lesiones deportivas universitarias m\u00e1s comunes.<\/p>\n\n\n\n<p><strong>Esguinces y distensiones<\/strong>: Se trata de lesiones de los ligamentos y los tendones, respectivamente, y son habituales en la mayor\u00eda de los deportes. Los deportistas pueden sufrir un esguince de ligamentos debido a los r\u00e1pidos cambios de direcci\u00f3n, las ca\u00eddas o los impactos habituales en muchos deportes.<\/p>\n\n\n\n<p><strong>Fracturas de estr\u00e9s<\/strong>: Son peque\u00f1as fisuras en los huesos que se producen con el tiempo debido a movimientos repetitivos o al uso excesivo. Son frecuentes en los deportes de carrera, como el atletismo o el cross.<\/p>\n\n\n\n<p><strong>Conmociones cerebrales<\/strong>: Las conmociones cerebrales son <a href=\"https:\/\/www.steinberglawfirm.com\/personal-injury\/serious-injury-cases\/traumatic-brain-injury\/\" target=\"_blank\" rel=\"noopener\">lesiones cerebrales<\/a> causadas por un golpe en la cabeza o el cuerpo que hace que el cerebro se mueva r\u00e1pidamente de un lado a otro. Son especialmente frecuentes en deportes de contacto como el f\u00fatbol americano y el f\u00fatbol.<\/p>\n\n\n\n<p><strong>Lesiones de rodilla<\/strong>: Pueden ser lesiones espec\u00edficas, como la rotura del ligamento cruzado anterior (LCA) o del ligamento colateral medial (LCM), la rotura del menisco o la tendinitis rotuliana. Son frecuentes en deportes en los que se corre mucho, se salta o se producen otros tipos de contacto f\u00edsico.<\/p>\n\n\n\n<p><strong>Lesiones de hombro<\/strong>: Pueden incluir <a href=\"https:\/\/www.steinberglawfirm.com\/articles\/shoulder-dislocation\/\" target=\"_blank\" rel=\"noopener\">dislocaciones<\/a>esguinces, distensiones y desgarros. Son frecuentes en deportes que requieren movimientos por encima de la cabeza, como el b\u00e9isbol, el baloncesto, el voleibol y la nataci\u00f3n.<\/p>\n\n\n\n<p><strong>Lesiones de tobillo<\/strong>: Suelen consistir en esguinces y fracturas y son frecuentes en deportes que implican correr, saltar y cambiar r\u00e1pidamente de direcci\u00f3n, como el baloncesto, el f\u00fatbol y el atletismo.<\/p>\n\n\n\n<h3 class=\"wp-block-heading\">\u00bfCu\u00e1les son los deportes universitarios m\u00e1s peligrosos?<\/h3>\n\n\n\n<p>Casi todos los deportes presentan alg\u00fan riesgo de lesi\u00f3n; sin embargo, es cierto que hay algunos m\u00e1s peligrosos que otros. Tambi\u00e9n es importante tener en cuenta la gravedad de una lesi\u00f3n deportiva; por ejemplo, el baloncesto tiene un \u00edndice de lesiones muy elevado, pero la mayor\u00eda de las lesiones de baloncesto son leves. Por otro lado, cada a\u00f1o se lesionan menos jugadores de f\u00fatbol, pero los que se lesionan suelen <a href=\"https:\/\/www.steinberglawfirm.com\/personal-injury\/serious-injury-cases\/\" target=\"_blank\" rel=\"noopener\">sufrir lesiones muy graves<\/a>.&nbsp;<\/p>\n\n\n\n<p>Teniendo en cuenta estas dos consideraciones, a continuaci\u00f3n figura una lista de los deportes universitarios m\u00e1s peligrosos.<\/p>\n\n\n\n<ul class=\"wp-block-list\">\n<li>F\u00fatbol masculino,<\/li>\n\n\n\n<li>Lucha libre,<\/li>\n\n\n\n<li>Animaci\u00f3n masculina y femenina,<\/li>\n\n\n\n<li>Gimnasia masculina y femenina,&nbsp;<\/li>\n\n\n\n<li>F\u00fatbol femenino,<\/li>\n\n\n\n<li>Remo masculino, y<\/li>\n\n\n\n<li>H\u00edpica femenina.<\/li>\n<\/ul>\n\n\n\n<p>Por supuesto, cuando se trata de la seguridad de los deportistas, no se trata tanto del deporte como de las precauciones que toman los centros escolares y los entrenadores para evitar lesiones dentro y fuera del campo.&nbsp;<\/p>\n\n\n\n<h3 class=\"wp-block-heading\">\u00bfQui\u00e9n es responsable de una lesi\u00f3n deportiva universitaria?<\/h3>\n\n\n\n<p>Como <a href=\"https:\/\/www.steinberglawfirm.com\/blog\/college-athlete-sport-injuries-can-you-sue\/\" target=\"_blank\" rel=\"noopener\">atleta universitario lesionado<\/a>es importante comprender d\u00f3nde puede residir la responsabilidad de sus lesiones. En ocasiones, la responsabilidad puede recaer en m\u00faltiples partes, como el colegio o la universidad, un entrenador, otros jugadores o los fabricantes de equipamiento, entre otros. Sin embargo, es importante tener en cuenta que, en muchos casos, la participaci\u00f3n en deportes se considera una actividad voluntaria, y los atletas que eligen jugar pueden asumir los riesgos inherentes del juego. Siga leyendo para obtener m\u00e1s informaci\u00f3n sobre las distintas partes que pueden ser econ\u00f3micamente responsables de las lesiones deportivas de un deportista universitario.<\/p>\n\n\n\n<h4 class=\"wp-block-heading\">Colegios y universidades<\/h4>\n\n\n\n<p>Una entidad que puede ser considerada responsable es el colegio o la universidad. Las instituciones educativas tienen la obligaci\u00f3n de cuidar de sus alumnos, lo que incluye mantener unas instalaciones seguras y proporcionar personal con la formaci\u00f3n adecuada. Si la lesi\u00f3n fue causada por un equipo defectuoso que no se mantuvo adecuadamente o por una supervisi\u00f3n o entrenamiento inadecuados, el centro puede ser responsable. Del mismo modo, si la escuela no proporcion\u00f3 la atenci\u00f3n m\u00e9dica adecuada o no sigui\u00f3 los protocolos de vuelta al juego despu\u00e9s de una lesi\u00f3n, podr\u00eda ser considerada responsable.<\/p>\n\n\n\n<h4 class=\"wp-block-heading\">Entrenadores<\/h4>\n\n\n\n<p>Los entrenadores tambi\u00e9n desempe\u00f1an un papel crucial en la seguridad de los deportistas. Se espera de ellos que ense\u00f1en las t\u00e9cnicas correctas para garantizar que los deportistas est\u00e9n f\u00edsicamente preparados para las actividades y que no empujen a los deportistas lesionados m\u00e1s all\u00e1 de sus l\u00edmites. Si un entrenador ha actuado con negligencia en cualquiera de estos aspectos, podr\u00eda ser considerado responsable de las lesiones resultantes. En muchos casos, cuando un entrenador es responsable de las lesiones de un jugador, la universidad es considerada responsable subsidiaria. Esto se debe a que el entrenador, como empleado de la universidad, act\u00faa como \"agente\" de la universidad, y por lo tanto, la universidad asume la responsabilidad por las acciones negligentes del entrenador.<br><br>A menudo, los entrenadores pueden querer que un estudiante-atleta busque atenci\u00f3n m\u00e9dica para obtener el visto bueno y volver a la pr\u00e1ctica para un pr\u00f3ximo partido o campeonato. Si una enfermera practicante, asistente m\u00e9dico, entrenador atl\u00e9tico o m\u00e9dico act\u00faa con negligencia grave o mala conducta intencional, pueden ser considerados responsables a trav\u00e9s de una reclamaci\u00f3n. Lo mejor es buscar la orientaci\u00f3n de un abogado con experiencia en lesiones deportivas de la universidad en Steinberg Law Firm.&nbsp;&nbsp;<\/p>\n\n\n\n<h4 class=\"wp-block-heading\">Otros jugadores<\/h4>\n\n\n\n<p>En algunos casos, otro deportista puede ser responsable de tu lesi\u00f3n. Esto suele ocurrir cuando el deportista act\u00faa intencionada o imprudentemente, fuera de los l\u00edmites de las reglas del juego. Demostrarlo puede ser dif\u00edcil, ya que muchos deportes implican intr\u00ednsecamente cierto grado de contacto f\u00edsico y riesgo. Presentar una demanda por lesiones contra un jugador universitario no suele ser la primera opci\u00f3n, porque es posible que los deportistas universitarios no dispongan de los recursos o la cobertura de seguro adecuados para indemnizar plenamente a un jugador lesionado.&nbsp;<\/p>\n\n\n\n<h4 class=\"wp-block-heading\">Fabricantes de equipos<\/h4>\n\n\n\n<p>Los fabricantes de equipamiento deportivo pueden ser considerados responsables si se descubre que un producto es defectuoso o no ofrece la seguridad que afirma. Si su lesi\u00f3n fue causada por un funcionamiento defectuoso o una tergiversaci\u00f3n relacionada con la seguridad, el fabricante podr\u00eda ser considerado responsable. Consulte <a href=\"https:\/\/www.steinberglawfirm.com\/personal-injury\/dangerous-products\/\" target=\"_blank\" rel=\"noopener\">reclamaciones de responsabilidad por productos defectuosos<\/a> son diferentes de muchos otros tipos de casos de lesiones en la universidad, ya que se basan en una teor\u00eda de responsabilidad objetiva, lo que significa que una vez que demuestre que un producto era peligroso o defectuoso, no es necesario demostrar que el fabricante fue negligente.&nbsp;<\/p>\n\n\n\n<p>Si bien todo esto puede hacer que parezca que hay muchas v\u00edas posibles para el recurso legal, es importante tener en cuenta que muchos colegios y universidades requieren que los estudiantes-atletas firmen renuncias que limitan la responsabilidad de la instituci\u00f3n por lesiones relacionadas con el deporte. Estas exenciones no cubren necesariamente todas las situaciones, especialmente en casos de negligencia grave, pero pueden dificultar las acciones legales.<\/p>\n\n\n\n<h3 class=\"wp-block-heading\">\u00bfCu\u00e1l es la repercusi\u00f3n de una renuncia de cesi\u00f3n en la capacidad de un deportista para presentar una demanda?<\/h3>\n\n\n\n<p>Una renuncia deportiva universitaria es un documento que un estudiante-atleta firma, reconociendo los riesgos que implica la participaci\u00f3n en un deporte en particular y aceptando no responsabilizar legalmente al colegio o universidad por cualquier lesi\u00f3n que pueda sufrir como resultado de su participaci\u00f3n. Las renuncias son ejecutables en determinadas situaciones, pero inaplicables en otras, por lo que es importante consultar con un abogado experto en lesiones deportivas.&nbsp;<\/p>\n\n\n\n<p>En algunas situaciones, una exenci\u00f3n de responsabilidad puede impedir que un deportista demande a un colegio o universidad. Por lo general, esto s\u00f3lo se aplica a las lesiones que uno podr\u00eda esperar sufrir simplemente por participar en el deporte. Por ejemplo, una jugadora de baloncesto probablemente no tendr\u00e1 \u00e9xito en una demanda basada en un esguince de tobillo que sufri\u00f3 al caer torpemente despu\u00e9s de recoger un rebote. Sin embargo, las lesiones causadas por negligencia grave o imprudencia temeraria de otra parte suelen quedar fuera del \u00e1mbito de aplicaci\u00f3n de una exenci\u00f3n de responsabilidad, por ejemplo:<\/p>\n\n\n\n<p><strong>Negligencia grave o conducta temeraria<\/strong>: Aunque una exenci\u00f3n puede proteger a una universidad de la responsabilidad por negligencia ordinaria, por lo general no puede protegerla de la responsabilidad por negligencia grave o conducta temeraria, es decir, un comportamiento que muestra un desprecio sustancial por la seguridad de los dem\u00e1s.&nbsp;<\/p>\n\n\n\n<p><strong>Actos intencionados<\/strong>: Si un entrenador, un miembro del personal u otro estudiante causa da\u00f1os deliberadamente, es poco probable que una exenci\u00f3n proteja a la universidad de toda responsabilidad.<\/p>\n\n\n\n<p><strong>Equipos defectuosos<\/strong>: Si el colegio proporciona un equipo defectuoso o inseguro y ello provoca una lesi\u00f3n, la renuncia puede no proteger al colegio.<\/p>\n\n\n\n<p><strong>Falsedades<\/strong>: Si la universidad hizo afirmaciones o promesas falsas sobre la seguridad de sus programas deportivos, una exenci\u00f3n puede no protegerla de la responsabilidad.<\/p>\n\n\n\n<p>Por supuesto, los t\u00e9rminos exactos de una exenci\u00f3n deportiva pueden variar significativamente, y su <a href=\"https:\/\/www.steinberglawfirm.com\/blog\/is-a-waiver-enforceable\/\" target=\"_blank\" rel=\"noopener\">la aplicabilidad puede depender de una serie de factores<\/a>Si tiene preguntas espec\u00edficas sobre la exenci\u00f3n deportiva, consulte a un abogado especializado en lesiones deportivas de Charleston. Si tiene preguntas espec\u00edficas acerca de una exenci\u00f3n deportiva, debe consultar con un Charleston abogado de lesiones deportivas universitarias en el Steinberg Law Firm.&nbsp;<\/p>\n\n\n\n<h3 class=\"wp-block-heading\">\u00bfQu\u00e9 da\u00f1os y perjuicios puede reclamar un deportista universitario lesionado mediante una demanda por lesiones personales?<\/h3>\n\n\n\n<p>Como atleta universitario lesionado, cuando <a href=\"https:\/\/www.steinberglawfirm.com\/personal-injury\/personal-injury-lawyers\/\" target=\"_blank\" rel=\"noopener\">interponer una demanda por lesiones personales<\/a>Seg\u00fan las circunstancias espec\u00edficas de su caso, existen varios tipos de indemnizaciones por da\u00f1os y perjuicios. Por lo general, estas consideraciones incluyen la naturaleza y gravedad de su lesi\u00f3n, qu\u00e9 leyes estatales se aplican, y si la conducta del demandado fue negligente o intencional. Algunas categor\u00edas generales de da\u00f1os y perjuicios que podr\u00edan ser indemnizables son las siguientes:<\/p>\n\n\n\n<p><strong>Gastos m\u00e9dicos<\/strong>: Esto puede incluir una indemnizaci\u00f3n por el coste de la atenci\u00f3n m\u00e9dica inmediata tras la lesi\u00f3n, as\u00ed como los gastos m\u00e9dicos futuros previstos, como fisioterapia o cuidados a largo plazo.<\/p>\n\n\n\n<p><strong>P\u00e9rdida de salarios y de capacidad de ganancia<\/strong>: Si el deportista no puede trabajar (temporal o permanentemente) debido a sus lesiones, puede recibir una indemnizaci\u00f3n por los salarios perdidos. Si la lesi\u00f3n afecta a su capacidad de ganar dinero en el futuro, se le puede conceder una indemnizaci\u00f3n por p\u00e9rdida de capacidad de ganancia. Esto puede ser muy importante para los deportistas que est\u00e1n en proceso de ser ojeados para jugar en una liga profesional.&nbsp;<\/p>\n\n\n\n<p><strong>Dolor y sufrimiento<\/strong>: Estos da\u00f1os compensan el dolor f\u00edsico y la angustia emocional sufridos por el deportista como consecuencia de la lesi\u00f3n. La cuant\u00eda puede variar mucho en funci\u00f3n de las circunstancias espec\u00edficas del caso; sin embargo, los da\u00f1os y perjuicios por dolor y sufrimiento suelen constituir una parte significativa de la indemnizaci\u00f3n global por da\u00f1os y perjuicios de un deportista.&nbsp;<\/p>\n\n\n\n<p><strong>P\u00e9rdida del disfrute de la vida<\/strong>: Si la lesi\u00f3n impide de forma permanente al deportista disfrutar de las actividades que sol\u00eda realizar, se le pueden conceder da\u00f1os y perjuicios por p\u00e9rdida del disfrute de la vida.<\/p>\n\n\n\n<p><strong>Da\u00f1os punitivos<\/strong>: Si la conducta del demandado fue particularmente atroz o temeraria, el tribunal puede conceder da\u00f1os punitivos para castigar al demandado y disuadir de conductas similares en el futuro.<\/p>\n\n\n\n<h2 class=\"wp-block-heading\">Hable hoy mismo con un abogado experto en lesiones deportivas universitarias sobre su caso<\/h2>\n\n\n\n<p>Si te lesionaste mientras practicabas deportes universitarios, no est\u00e1s solo. Y aunque algunas lesiones no se pueden prevenir, otras s\u00ed. Sin embargo, los entrenadores, los preparadores f\u00edsicos e incluso los administradores de las escuelas pueden presionar a los atletas m\u00e1s all\u00e1 de lo que sus cuerpos pueden soportar. En el Steinberg Law Firm, nuestro <a href=\"https:\/\/www.steinberglawfirm.com\/attorney\/\" target=\"_blank\" rel=\"noopener\">equipo de abogados especializados en lesiones personales<\/a> cuenta con m\u00e1s de 95 a\u00f1os de experiencia <a href=\"https:\/\/www.steinberglawfirm.com\/results\/\" target=\"_blank\" rel=\"noopener\">ayudar a las v\u00edctimas de lesiones a obtener una indemnizaci\u00f3n justa<\/a> por todo lo que han pasado. Proporcionamos a todos los clientes potenciales un <a href=\"https:\/\/www.steinberglawfirm.com\/free-consultation\/\" target=\"_blank\" rel=\"noopener\">evaluaci\u00f3n gratuita de su caso<\/a>durante la cual escucharemos lo que ocurri\u00f3, responderemos a sus preguntas y le explicaremos c\u00f3mo podemos ayudarle a presentar una demanda legal contra los responsables de sus lesiones. Para obtener m\u00e1s informaci\u00f3n, y para programar una consulta gratuita hoy, llame a la Steinberg Law Firm en <a href=\"tel:1-843-720-2800\">843-720-2800<\/a>. Tambi\u00e9n puede ponerse en contacto con nosotros a trav\u00e9s de <a href=\"https:\/\/www.steinberglawfirm.com\/contact-us\/\" target=\"_blank\" rel=\"noopener\">formulario de contacto en l\u00ednea<\/a>.<\/p>","protected":false},"excerpt":{"rendered":"<p>South Carolina Abogados de lesiones deportivas en universidades Enfrentarse a una universidad en una demanda por lesiones deportivas nunca es un buen plan, pero con Steinberg Law Firm en su equipo, no tendr\u00e1 que hacerlo.  Para una revisi\u00f3n gratuita de su caso, ll\u00e1menos al 843-720-2800. Cuando se inscribi\u00f3 para practicar deportes...<\/p>","protected":false},"author":1,"featured_media":26526,"parent":9348,"menu_order":0,"comment_status":"closed","ping_status":"closed","template":"","meta":{"_acf_changed":false,"footnotes":""},"class_list":["post-26509","page","type-page","status-publish","has-post-thumbnail","hentry"],"acf":[],"_links":{"self":[{"href":"https:\/\/steinberglawfirm-staging.clmcloud.app\/es\/wp-json\/wp\/v2\/pages\/26509"}],"collection":[{"href":"https:\/\/steinberglawfirm-staging.clmcloud.app\/es\/wp-json\/wp\/v2\/pages"}],"about":[{"href":"https:\/\/steinberglawfirm-staging.clmcloud.app\/es\/wp-json\/wp\/v2\/types\/page"}],"author":[{"embeddable":true,"href":"https:\/\/steinberglawfirm-staging.clmcloud.app\/es\/wp-json\/wp\/v2\/users\/1"}],"replies":[{"embeddable":true,"href":"https:\/\/steinberglawfirm-staging.clmcloud.app\/es\/wp-json\/wp\/v2\/comments?post=26509"}],"version-history":[{"count":8,"href":"https:\/\/steinberglawfirm-staging.clmcloud.app\/es\/wp-json\/wp\/v2\/pages\/26509\/revisions"}],"predecessor-version":[{"id":26529,"href":"https:\/\/steinberglawfirm-staging.clmcloud.app\/es\/wp-json\/wp\/v2\/pages\/26509\/revisions\/26529"}],"up":[{"embeddable":true,"href":"https:\/\/steinberglawfirm-staging.clmcloud.app\/es\/wp-json\/wp\/v2\/pages\/9348"}],"wp:featuredmedia":[{"embeddable":true,"href":"https:\/\/steinberglawfirm-staging.clmcloud.app\/es\/wp-json\/wp\/v2\/media\/26526"}],"wp:attachment":[{"href":"https:\/\/steinberglawfirm-staging.clmcloud.app\/es\/wp-json\/wp\/v2\/media?parent=26509"}],"curies":[{"name":"wp","href":"https:\/\/api.w.org\/{rel}","templated":true}]}}