{"id":26500,"date":"2023-07-25T17:00:57","date_gmt":"2023-07-25T17:00:57","guid":{"rendered":"https:\/\/www.steinberglawfirm.com\/?page_id=26500"},"modified":"2024-08-01T20:31:35","modified_gmt":"2024-08-01T20:31:35","slug":"head-on-car-accident-attorneys","status":"publish","type":"page","link":"https:\/\/steinberglawfirm-staging.clmcloud.app\/es\/lesiones-personales\/accidentes-de-trafico-2\/abogados-accidente-de-carretera\/","title":{"rendered":"Charleston, SC Abogados de colisi\u00f3n frontal de veh\u00edculos"},"content":{"rendered":"<h1 class=\"wp-block-heading\">Charleston, SC Abogados de colisi\u00f3n frontal de veh\u00edculos<\/h1>\n\n\n\n<h2 class=\"wp-block-heading\"><em>South Carolina Abogados de Accidentes de Coche Ayudando a las V\u00edctimas de Lesiones a Recuperar la Compensaci\u00f3n<\/em><\/h2>\n\n\n\n<p>Las colisiones frontales se producen cuando dos veh\u00edculos chocan frontalmente. Las colisiones frontales son uno de los accidentes de tr\u00e1fico m\u00e1s mort\u00edferos, con m\u00e1s de 5.200 muertos al a\u00f1o. Sin embargo, la gran mayor\u00eda de estos graves accidentes pueden evitarse. Las colisiones frontales suelen producirse como resultado de una conducci\u00f3n bajo los efectos del alcohol, distra\u00edda o fatigada. Incluso los conductores m\u00e1s atentos pueden verse implicados en un choque frontal si la se\u00f1alizaci\u00f3n de la carretera es inadecuada, si las zonas de obras est\u00e1n mal se\u00f1alizadas, si hay problemas de visibilidad debido a la escasa iluminaci\u00f3n o a las condiciones meteorol\u00f3gicas, o incluso por causas ajenas a su voluntad, como la irrupci\u00f3n repentina de un veh\u00edculo en sentido contrario en su carril.<\/p>\n\n\n\n<p>En el Steinberg Law Firm, nuestro <a href=\"https:\/\/www.steinberglawfirm.com\/personal-injury\/auto-accidents\/\" target=\"_blank\" rel=\"noopener\">equipo especializado de abogados de accidentes de tr\u00e1fico Charleston<\/a> ha estado ayudando a las v\u00edctimas de accidentes y sus familias a recuperar los da\u00f1os financieros de los automovilistas que causan colisiones frontales. <a href=\"https:\/\/www.steinberglawfirm.com\/about-us\/\" target=\"_blank\" rel=\"noopener\">Desde 1927<\/a>hemos estado al lado de las v\u00edctimas de accidentes, abogando agresivamente en su nombre para asegurar que tengan los recursos financieros necesarios para hacerlos completos despu\u00e9s de sufrir lesiones graves y p\u00e9rdidas incuantificables.&nbsp;<\/p>\n\n\n\n<h3 class=\"wp-block-heading\">\u00bfD\u00f3nde se producen la mayor\u00eda de las colisiones frontales en Charleston?<\/h3>\n\n\n\n<p>Las colisiones frontales, tambi\u00e9n conocidas como choques frontales, son algunos de los tipos m\u00e1s devastadores de accidentes automovil\u00edsticos. Aunque los accidentes frontales representan menos del dos por ciento de todos los accidentes de tr\u00e1fico, son responsables de m\u00e1s del diez por ciento de todos los accidentes de tr\u00e1fico. <a href=\"https:\/\/www.steinberglawfirm.com\/personal-injury\/auto-accidents\/fatal-car-accident\/\" target=\"_blank\" rel=\"noopener\">muertes relacionadas con el tr\u00e1fico<\/a>. Aunque las colisiones frontales pueden ocurrir en cualquier parte, algunos factores aumentan la probabilidad de que estos accidentes se produzcan en zonas espec\u00edficas.<\/p>\n\n\n\n<h4 class=\"wp-block-heading\">Colisiones frontales en carretera<\/h4>\n\n\n\n<p><strong>Zonas de paso<\/strong>: Los accidentes son m\u00e1s probables en las zonas en las que est\u00e1 permitido adelantar, como los tramos con l\u00edneas amarillas discontinuas. Los conductores que intentan adelantar a veh\u00edculos m\u00e1s lentos pueden calcular mal la distancia o la velocidad del tr\u00e1fico que circula en sentido contrario y provocar colisiones frontales.<\/p>\n\n\n\n<p><strong>Zonas de construcci\u00f3n<\/strong>: Las colisiones frontales son m\u00e1s frecuentes en las zonas en obras debido a la estrechez de los carriles, los cambios de carril, la visibilidad reducida y la conducci\u00f3n distra\u00edda. Las zonas en obras suelen tener una se\u00f1alizaci\u00f3n confusa y cambios inesperados en los patrones de tr\u00e1fico, lo que aumenta la probabilidad de que los conductores se incorporen inadvertidamente a carriles contrarios.<\/p>\n\n\n\n<p><strong>Rampas de entrada y salida<\/strong>: Las colisiones frontales pueden producirse cuando un conductor circula en sentido contrario por una rampa de entrada o salida de una autopista. Aunque las rampas de entrada y salida suelen estar bien se\u00f1alizadas, un <a href=\"https:\/\/www.steinberglawfirm.com\/locations\/charleston\/car-accident-lawyers\/drunk-driving-injury-accident\/\" target=\"_blank\" rel=\"noopener\">borracho<\/a> Un conductor distra\u00eddo puede no percatarse de la amplia se\u00f1alizaci\u00f3n que indica que est\u00e1 a punto de circular en sentido contrario o no anticiparse a una curva pr\u00f3xima en la carretera. Las peores colisiones frontales en carretera suelen producirse despu\u00e9s de que un conductor se incorpore a una autopista en sentido contrario, donde es probable que colisione con un veh\u00edculo que circula en sentido contrario a m\u00e1s de 100 km\/h.\u00a0<\/p>\n\n\n\n<h4 class=\"wp-block-heading\">Colisiones frontales en carreteras y calles<\/h4>\n\n\n\n<p><strong>Carreteras de dos carriles<\/strong>: Las colisiones frontales son m\u00e1s frecuentes en carreteras de dos carriles estrechos, especialmente en zonas rurales o suburbanas. Estas carreteras suelen carecer de barreras f\u00edsicas entre los carriles opuestos y a menudo no est\u00e1n iluminadas, lo que aumenta el riesgo de que los veh\u00edculos se desv\u00eden hacia el tr\u00e1fico que circula en sentido contrario debido a una conducci\u00f3n distra\u00edda, somnolencia o problemas de visi\u00f3n.<\/p>\n\n\n\n<p><strong>Curvas y recodos<\/strong>: Las carreteras con curvas cerradas, esquinas ciegas o tramos sinuosos presentan un mayor riesgo de colisiones frontales. Los conductores que juzgan mal la curva de una carretera o no se anticipan al tr\u00e1fico que viene en sentido contrario al maniobrar por estas zonas pueden colisionar con veh\u00edculos que vienen en sentido contrario.<\/p>\n\n\n\n<p><strong>Intersecciones<\/strong>: Las intersecciones, especialmente las que carecen de sem\u00e1foros o se\u00f1ales de stop, pueden ser zonas peligrosas de colisiones frontales. Los conductores que no ceden el paso o hacen caso omiso de las normas de tr\u00e1fico en las intersecciones corren el riesgo de colisionar con otros veh\u00edculos que circulan en sentido contrario.<\/p>\n\n\n\n<p><strong>Zonas de conducci\u00f3n bajo los efectos del alcohol<\/strong>: Las localidades cercanas a bares, clubes nocturnos o zonas con altos \u00edndices de consumo de alcohol son propensas a colisiones frontales debidas a la conducci\u00f3n bajo los efectos del alcohol o las drogas. Los conductores bajo los efectos del alcohol o las drogas pueden perder el control de sus veh\u00edculos, desviarse hacia el tr\u00e1fico que circula en sentido contrario o conducir por el lado equivocado de la calzada.<\/p>\n\n\n\n<h3 class=\"wp-block-heading\">Tipos comunes de lesiones tras un choque frontal Charleston<\/h3>\n\n\n\n<p>Las colisiones frontales tienen m\u00e1s probabilidades de provocar lesiones graves o la muerte que cualquier otro tipo de accidente de tr\u00e1fico. En gran parte, esto se debe a que la mayor\u00eda de los accidentes frontales implican altas velocidades e impactos directos. Por ejemplo, en un accidente en el que dos veh\u00edculos colisionan en \u00e1ngulo, los veh\u00edculos pueden chocar entre s\u00ed y seguir circulando hasta detenerse por completo. Sin embargo, en una colisi\u00f3n frontal, ambos veh\u00edculos se detienen inmediatamente. Como resultado, las colisiones frontales suelen provocar uno o m\u00e1s de los siguientes tipos de lesiones.&nbsp;<\/p>\n\n\n\n<p><strong>Lesiones craneales y cerebrales<\/strong>: La repentina desaceleraci\u00f3n y el impacto de una colisi\u00f3n frontal pueden hacer que las cabezas de los ocupantes golpeen el parabrisas, el salpicadero u otras superficies duras del interior del veh\u00edculo. Esto puede provocar <a href=\"https:\/\/www.steinberglawfirm.com\/personal-injury\/auto-accidents\/brain-injury-from-car-accident\/\" target=\"_blank\" rel=\"noopener\">lesiones cerebrales traum\u00e1ticas (TBI)<\/a>conmociones cerebrales, contusiones o incluso fracturas de cr\u00e1neo. Estas lesiones pueden tener efectos duraderos en la funci\u00f3n cognitiva, la memoria y la motricidad.<\/p>\n\n\n\n<p><strong>Lesiones cervicales y de columna<\/strong>: El latigazo cervical es una lesi\u00f3n frecuente en las colisiones frontales. El fuerte movimiento de vaiv\u00e9n de la cabeza puede <a href=\"https:\/\/www.steinberglawfirm.com\/personal-injury\/auto-accidents\/neck-injuries-from-car-accidents\/\" target=\"_blank\" rel=\"noopener\">forzar el cuello<\/a>que provocan lesiones en los tejidos blandos, hernias discales o da\u00f1os en la m\u00e9dula espinal. <a href=\"https:\/\/www.steinberglawfirm.com\/personal-injury\/auto-accidents\/spinal-cord-injury\/\" target=\"_blank\" rel=\"noopener\">Lesiones medulares graves<\/a> puede provocar par\u00e1lisis o discapacidad permanente.<\/p>\n\n\n\n<p><strong>Lesiones tor\u00e1cicas y abdominales<\/strong>: El impacto de una colisi\u00f3n frontal puede hacer que el pecho de los ocupantes golpee el volante o el cintur\u00f3n de seguridad, provocando la rotura de costillas, el colapso de los pulmones o da\u00f1os en \u00f3rganos internos como el h\u00edgado, el bazo o los ri\u00f1ones. Estas lesiones pueden poner en peligro la vida y requerir una intervenci\u00f3n m\u00e9dica inmediata.<\/p>\n\n\n\n<p><strong>Lesiones en las extremidades<\/strong>: La fuerza del impacto puede hacer que los brazos y las piernas de los ocupantes choquen con el interior del veh\u00edculo o queden atrapados entre los restos. Esto puede provocar fracturas, luxaciones, laceraciones o <a href=\"https:\/\/www.steinberglawfirm.com\/personal-injury\/auto-accidents\/amputations-from-car-accidents\/\" target=\"_blank\" rel=\"noopener\">incluso amputaciones<\/a>. En algunos casos, las extremidades pueden quedar aplastadas o atrapadas, lo que requiere la intervenci\u00f3n de los servicios de emergencia.<\/p>\n\n\n\n<p><strong>Lesiones faciales<\/strong>: La cara es vulnerable a las lesiones en una colisi\u00f3n frontal. El despliegue del airbag, la rotura de cristales o el impacto contra superficies duras pueden causar fracturas faciales, laceraciones o lesiones oculares. Estas lesiones pueden requerir intervenci\u00f3n quir\u00fargica y tener consecuencias est\u00e9ticas y funcionales a largo plazo.<\/p>\n\n\n\n<p><strong>Trauma psicol\u00f3gico<\/strong>: Sobrevivir a una colisi\u00f3n frontal puede dejar secuelas psicol\u00f3gicas duraderas en las personas implicadas. El trastorno de estr\u00e9s postraum\u00e1tico (TEPT), la ansiedad, la depresi\u00f3n o las fobias relacionadas con la conducci\u00f3n o los veh\u00edculos son problemas psicol\u00f3gicos comunes que pueden surgir tras un accidente traum\u00e1tico.<\/p>\n\n\n\n<h3 class=\"wp-block-heading\">\u00bfCu\u00e1les son las causas m\u00e1s comunes de colisiones frontales en South Carolina?&nbsp;<\/h3>\n\n\n\n<p>Hay varios factores que contribuyen a las colisiones frontales, y reconocerlos puede ayudar a prevenir futuros accidentes y a que las v\u00edctimas exijan responsabilidades a los culpables.<\/p>\n\n\n\n<p><strong>Negligencia del conductor<br><\/strong>Una causa com\u00fan de las colisiones frontales es la negligencia del conductor. <a href=\"https:\/\/www.steinberglawfirm.com\/personal-injury\/auto-accidents\/distracted-driving-accidents\/\" target=\"_blank\" rel=\"noopener\">Conducci\u00f3n distra\u00edda<\/a>La conducci\u00f3n bajo los efectos del alcohol o las drogas, como enviar mensajes de texto o hablar por tel\u00e9fono, desv\u00eda la atenci\u00f3n del conductor de la carretera, lo que aumenta el riesgo de desviarse hacia el tr\u00e1fico que circula en sentido contrario. Adem\u00e1s, la conducci\u00f3n bajo los efectos del alcohol o las drogas merma significativamente el juicio y el tiempo de reacci\u00f3n del conductor, por lo que es m\u00e1s probable que cruce la l\u00ednea central y colisione frontalmente con otro veh\u00edculo.<\/p>\n\n\n\n<p><strong>Exceso de velocidad<br><\/strong>Otro <a href=\"https:\/\/www.steinberglawfirm.com\/personal-injury\/auto-accidents\/speeding-car-accidents\/\" target=\"_blank\" rel=\"noopener\">causa importante de colisiones frontales es el exceso de velocidad<\/a>. Cuando los conductores superan el l\u00edmite de velocidad establecido, tienen menos tiempo para reaccionar ante situaciones inesperadas y es m\u00e1s probable que pierdan el control de su veh\u00edculo y se desv\u00eden hacia los carriles contrarios. El exceso de velocidad no s\u00f3lo aumenta la gravedad del impacto, sino que tambi\u00e9n reduce la eficacia de los dispositivos de seguridad, como los airbags y los cinturones de seguridad, lo que contribuye a\u00fan m\u00e1s a la gravedad de las lesiones sufridas en las colisiones frontales.<\/p>\n\n\n\n<p><strong>Carreteras mal dise\u00f1adas o mantenidas<\/strong><br>Tambi\u00e9n pueden provocar colisiones frontales. Una se\u00f1alizaci\u00f3n inadecuada, la falta de delimitaci\u00f3n correcta de los carriles y una visibilidad limitada en las curvas o intersecciones pueden confundir a los conductores y aumentar las probabilidades de cruzarse involuntariamente con el tr\u00e1fico que circula en sentido contrario. Es esencial que las entidades gubernamentales responsables del mantenimiento de las carreteras identifiquen y rectifiquen estos problemas con prontitud para mejorar la seguridad vial.<\/p>\n\n\n\n<p><strong>Fatiga del conductor<\/strong><br>Otro factor que contribuye a las colisiones frontales es el cansancio. Los conductores fatigados son m\u00e1s propensos a quedarse dormidos al volante o a perder la concentraci\u00f3n y reaccionar con mayor lentitud. En tales casos, un conductor puede desviarse hacia el tr\u00e1fico que circula en sentido contrario sin darse cuenta, provocando una colisi\u00f3n frontal catastr\u00f3fica. Los conductores de camiones de largo recorrido, los trabajadores por turnos y las personas con trastornos del sue\u00f1o no tratados son especialmente susceptibles a este peligro.<\/p>\n\n\n\n<p><strong>Mal tiempo<\/strong><\/p>\n\n\n\n<p>Por \u00faltimo, las inclemencias del tiempo pueden aumentar considerablemente la probabilidad de colisiones frontales. La lluvia intensa y la niebla reducen la visibilidad y dificultan que los conductores mantengan el control de sus veh\u00edculos. Las superficies resbaladizas de la carretera tambi\u00e9n afectan a la distancia de frenado, haciendo que <a href=\"https:\/\/www.steinberglawfirm.com\/personal-injury\/auto-accidents\/failure-to-stop-car-accident\/\" target=\"_blank\" rel=\"noopener\">m\u00e1s dif\u00edcil para los conductores parar a tiempo<\/a> y evite cruzarse a los carriles contrarios.<\/p>\n\n\n\n<h3 class=\"wp-block-heading\">12 pasos cr\u00edticos a seguir tras un accidente de tr\u00e1fico frontal Charleston<\/h3>\n\n\n\n<p>Despu\u00e9s de un accidente frontal en Charleston, South Carolina, es importante tomar ciertas medidas para garantizar su seguridad, proteger sus derechos legales, y navegar por el proceso posterior al accidente sin problemas. He aqu\u00ed algunas acciones clave a tener en cuenta:<\/p>\n\n\n\n<ol class=\"wp-block-list\">\n<li><strong>Compruebe si hay lesiones<\/strong>: Ante todo, eval\u00faese a s\u00ed mismo y a los dem\u00e1s implicados por si hubiera lesiones y llame a los servicios de emergencia si fuera necesario.<\/li>\n\n\n\n<li><strong>Trasladarse a un lugar seguro<\/strong>: Si es posible, desplace su veh\u00edculo a un lugar seguro fuera de la carretera para evitar m\u00e1s accidentes o atascos.<\/li>\n\n\n\n<li><strong>Llamar a la polic\u00eda<\/strong>: Ponte en contacto con las autoridades locales para informar del accidente. Un informe policial puede proporcionar documentaci\u00f3n crucial para las reclamaciones al seguro y los procedimientos judiciales.<\/li>\n\n\n\n<li><strong>Intercambiar informaci\u00f3n<\/strong>: Intercambia datos de contacto, seguro y veh\u00edculo con la otra parte implicada en el accidente. Adem\u00e1s, recaba informaci\u00f3n de contacto de los testigos, si los hay.<\/li>\n\n\n\n<li><strong>Documentar la escena<\/strong>: Haz fotos del lugar del accidente, incluidos los da\u00f1os en ambos veh\u00edculos, las marcas de derrape y las lesiones visibles. Estas pruebas pueden respaldar tu reclamaci\u00f3n al seguro.<\/li>\n\n\n\n<li><strong>Notif\u00edquelo a su compa\u00f1\u00eda de seguros<\/strong>: Comunique el accidente a su compa\u00f1\u00eda de seguros lo antes posible. Facil\u00edtales informaci\u00f3n precisa y detallada sobre el siniestro.<\/li>\n\n\n\n<li><strong>Busque atenci\u00f3n m\u00e9dica<\/strong>: Aunque no tengas lesiones visibles, es aconsejable que te sometas a una evaluaci\u00f3n m\u00e9dica para descartar cualquier lesi\u00f3n oculta. Esta documentaci\u00f3n m\u00e9dica puede ser valiosa para las reclamaciones al seguro.<\/li>\n\n\n\n<li><strong>Preservar las pruebas<\/strong>: Conserve copias de todas las facturas m\u00e9dicas, presupuestos de reparaciones y cualquier otro documento pertinente relacionado con el accidente.<\/li>\n\n\n\n<li><strong>Consulte a un abogado de accidentes de coche Charleston<\/strong>: Si ha sufrido lesiones importantes o da\u00f1os materiales, es aconsejable <a href=\"https:\/\/www.steinberglawfirm.com\/contact-us\/\" target=\"_blank\" rel=\"noopener\">consulte con un abogado especializado en accidentes de tr\u00e1fico<\/a> para conocer sus derechos y opciones legales.<\/li>\n\n\n\n<li><strong>Seguir todos los planes de tratamiento<\/strong>: Si necesita tratamiento m\u00e9dico, siga los consejos de su m\u00e9dico y acuda a todas las citas para facilitar su recuperaci\u00f3n y reforzar su caso.<\/li>\n\n\n\n<li><strong>Evitar hablar de culpas<\/strong>: Abst\u00e9ngase de admitir la culpa o discutir el accidente en detalle con la compa\u00f1\u00eda de seguros de la otra parte sin representaci\u00f3n legal.<\/li>\n\n\n\n<li><strong>Comprender la prescripci\u00f3n<\/strong>: Tenga en cuenta los plazos para <a href=\"https:\/\/www.steinberglawfirm.com\/personal-injury\/personal-injury-lawyers\/\" target=\"_blank\" rel=\"noopener\">presentar una demanda por da\u00f1os personales en South Carolina<\/a> para que no se le pase ning\u00fan plazo.<\/li>\n<\/ol>\n\n\n\n<p>Por supuesto, cada accidente de coche es \u00fanico, por lo que es crucial buscar asesoramiento legal personalizado para navegar por las circunstancias espec\u00edficas de su caso.<\/p>\n\n\n\n<h3 class=\"wp-block-heading\">Las 7 cosas que debe buscar en un abogado de accidentes de tr\u00e1fico frontales Charleston<\/h3>\n\n\n\n<p>Al buscar un abogado de accidentes de coche Charleston para manejar un caso de colisi\u00f3n frontal, es crucial tener en cuenta varios factores clave para asegurarse de encontrar la representaci\u00f3n legal adecuada para su caso. Aqu\u00ed hay siete cosas importantes que debe buscar en un abogado de accidente de coche Charleston:<\/p>\n\n\n\n<ol class=\"wp-block-list\">\n<li><strong>Experiencia<\/strong>: Busque un abogado con amplia experiencia en casos de accidentes de tr\u00e1fico. Deben tener un profundo conocimiento de las leyes de lesiones personales, las p\u00f3lizas de seguros y el sistema legal local.<\/li>\n<\/ol>\n\n\n\n<ol start=\"2\" class=\"wp-block-list\">\n<li><strong>Conocedores<\/strong>: Busque un abogado que entienda las complejidades de un caso de accidente de coche. Deben tener un historial de representar con \u00e9xito a clientes en situaciones similares y poseer las habilidades y conocimientos necesarios para navegar su caso \u00fanico.&nbsp;<\/li>\n<\/ol>\n\n\n\n<ol start=\"3\" class=\"wp-block-list\">\n<li><strong>Reputaci\u00f3n<\/strong>: Investigue la reputaci\u00f3n del abogado en la comunidad jur\u00eddica y entre sus antiguos clientes. Lea rese\u00f1as en Internet, testimonios y pida referencias para calibrar su profesionalidad, capacidad de comunicaci\u00f3n y tasa de \u00e9xito.<\/li>\n<\/ol>\n\n\n\n<ol start=\"4\" class=\"wp-block-list\">\n<li><strong>Recursos<\/strong>: Un abogado de accidentes de coche de buena reputaci\u00f3n debe tener acceso a una red de expertos, incluidos los especialistas en reconstrucci\u00f3n de accidentes, profesionales m\u00e9dicos e investigadores, para ayudar a construir un caso fuerte en su nombre.<\/li>\n<\/ol>\n\n\n\n<ol start=\"5\" class=\"wp-block-list\">\n<li><strong>Comunicaci\u00f3n y accesibilidad<\/strong>: Elija un abogado receptivo y accesible. La comunicaci\u00f3n efectiva es esencial en cualquier caso legal, as\u00ed que aseg\u00farese de que el abogado est\u00e1 disponible para abordar sus preocupaciones, responder a sus preguntas y mantenerle informado durante todo el proceso.<\/li>\n<\/ol>\n\n\n\n<ol start=\"6\" class=\"wp-block-list\">\n<li><strong>Experiencia en juicios<\/strong>: Aunque la mayor\u00eda de los casos de accidentes de coche se resuelven fuera de los tribunales, es esencial elegir un abogado que tenga experiencia en juicios. Esto demuestra su capacidad para representarle eficazmente en los tribunales si su caso va a juicio.<\/li>\n<\/ol>\n\n\n\n<ol start=\"7\" class=\"wp-block-list\">\n<li><strong>Atenci\u00f3n personalizada<\/strong>: Un buen abogado de accidentes de coche debe dar prioridad a sus necesidades individuales y proporcionar una atenci\u00f3n personalizada a su caso. Deben escuchar tu historia, entender tus objetivos y desarrollar una estrategia legal a medida.<\/li>\n<\/ol>\n\n\n\n<p>Si tiene en cuenta estos factores, podr\u00e1 encontrar un abogado de accidentes de tr\u00e1fico Charleston cualificado y de confianza que defienda sus derechos y trabaje para conseguir <a href=\"https:\/\/www.steinberglawfirm.com\/blog\/case-result-head-on-collision-on-two-lane-road-with-serious-injuries-underinsured-negligent-driver\/\" target=\"_blank\" rel=\"noopener\">obtener la indemnizaci\u00f3n que se merece<\/a>.<\/p>\n\n\n\n<h2 class=\"wp-block-heading\">P\u00f3ngase en contacto con el bufete Steinberg para saber c\u00f3mo podemos ayudarle a presentar una reclamaci\u00f3n por accidente de coche Charleston.<\/h2>\n\n\n\n<p>Si recientemente ha resultado herido en una colisi\u00f3n frontal, su decisi\u00f3n sobre qu\u00e9 abogado de accidentes de tr\u00e1fico Charleston elige para que le represente puede ser una de las decisiones m\u00e1s importantes que tome en su caso. En el <a href=\"https:\/\/www.steinberglawfirm.com\/\" target=\"_blank\" rel=\"noopener\">Steinberg Law Firm<\/a>Tenemos m\u00e1s de 95 a\u00f1os de experiencia pr\u00e1ctica ayudando a nuestros clientes a navegar el proceso de lesiones personales, y sabemos lo que se necesita para conectarlo con la compensaci\u00f3n que necesita, merece, y tiene derecho legal. Para obtener m\u00e1s informaci\u00f3n, y para programar una consulta gratuita hoy, <a href=\"tel:1-843-720-2800\">llame al 843-720-2800<\/a>. Tenemos <a href=\"https:\/\/www.steinberglawfirm.com\/testimonials\/\" target=\"_blank\" rel=\"noopener\">m\u00e1s de 950 opiniones de 5 estrellas<\/a> y <a href=\"https:\/\/www.steinberglawfirm.com\/free-consultation\/\" target=\"_blank\" rel=\"noopener\">ofrecer consultas gratuitas a las v\u00edctimas de accidentes<\/a>.<\/p>","protected":false},"excerpt":{"rendered":"<p>Charleston, SC Abogados de choques frontales de veh\u00edculos South Carolina Abogados de accidentes automovil\u00edsticos que ayudan a las v\u00edctimas de lesiones a recuperar una indemnizaci\u00f3n Los choques frontales ocurren cuando dos veh\u00edculos chocan entre s\u00ed, de frente. Las colisiones frontales se encuentran entre los accidentes de tr\u00e1fico m\u00e1s mortales, causando m\u00e1s de 5.200 muertes cada a\u00f1o. Sin embargo, la gran mayor\u00eda de estos graves accidentes pueden evitarse. Choques frontales...<\/p>","protected":false},"author":1,"featured_media":26503,"parent":760,"menu_order":0,"comment_status":"closed","ping_status":"closed","template":"","meta":{"_acf_changed":false,"footnotes":""},"class_list":["post-26500","page","type-page","status-publish","has-post-thumbnail","hentry"],"acf":[],"_links":{"self":[{"href":"https:\/\/steinberglawfirm-staging.clmcloud.app\/es\/wp-json\/wp\/v2\/pages\/26500"}],"collection":[{"href":"https:\/\/steinberglawfirm-staging.clmcloud.app\/es\/wp-json\/wp\/v2\/pages"}],"about":[{"href":"https:\/\/steinberglawfirm-staging.clmcloud.app\/es\/wp-json\/wp\/v2\/types\/page"}],"author":[{"embeddable":true,"href":"https:\/\/steinberglawfirm-staging.clmcloud.app\/es\/wp-json\/wp\/v2\/users\/1"}],"replies":[{"embeddable":true,"href":"https:\/\/steinberglawfirm-staging.clmcloud.app\/es\/wp-json\/wp\/v2\/comments?post=26500"}],"version-history":[{"count":9,"href":"https:\/\/steinberglawfirm-staging.clmcloud.app\/es\/wp-json\/wp\/v2\/pages\/26500\/revisions"}],"predecessor-version":[{"id":31580,"href":"https:\/\/steinberglawfirm-staging.clmcloud.app\/es\/wp-json\/wp\/v2\/pages\/26500\/revisions\/31580"}],"up":[{"embeddable":true,"href":"https:\/\/steinberglawfirm-staging.clmcloud.app\/es\/wp-json\/wp\/v2\/pages\/760"}],"wp:featuredmedia":[{"embeddable":true,"href":"https:\/\/steinberglawfirm-staging.clmcloud.app\/es\/wp-json\/wp\/v2\/media\/26503"}],"wp:attachment":[{"href":"https:\/\/steinberglawfirm-staging.clmcloud.app\/es\/wp-json\/wp\/v2\/media?parent=26500"}],"curies":[{"name":"wp","href":"https:\/\/api.w.org\/{rel}","templated":true}]}}