{"id":26269,"date":"2023-06-09T18:49:54","date_gmt":"2023-06-09T18:49:54","guid":{"rendered":"https:\/\/www.steinberglawfirm.com\/?page_id=26269"},"modified":"2024-08-01T20:47:28","modified_gmt":"2024-08-01T20:47:28","slug":"single-vehicle-accident-attorneys","status":"publish","type":"page","link":"https:\/\/steinberglawfirm-staging.clmcloud.app\/es\/lesiones-personales\/accidentes-de-trafico-2\/abogados-para-accidentes-de-un-solo-vehiculo\/","title":{"rendered":"Abogados de accidentes de un solo veh\u00edculo"},"content":{"rendered":"<h1 class=\"wp-block-heading\">Charleston, SC Abogados de accidentes de un solo veh\u00edculo<\/h1>\n\n\n\n<h2 class=\"wp-block-heading\"><em>Un accidente de tr\u00e1fico puede tener opciones de indemnizaci\u00f3n por lesiones en funci\u00f3n de qui\u00e9n sea el responsable.<\/em><\/h2>\n\n\n\n<p>Las im\u00e1genes populares de \"accidentes de coche\" suelen mostrar dos o m\u00e1s veh\u00edculos que han colisionado entre s\u00ed. Sin embargo, en un porcentaje significativo de accidentes de tr\u00e1fico solo est\u00e1 implicado un veh\u00edculo.&nbsp;<\/p>\n\n\n\n<p>En la mayor\u00eda de los casos <a href=\"https:\/\/www.steinberglawfirm.com\/personal-injury\/auto-accidents\/\" target=\"_blank\" rel=\"noopener\">South Carolina accidentes de tr\u00e1fico<\/a>el principal factor que contribuye a una colisi\u00f3n es el comportamiento del conductor. El comportamiento del conductor es el factor que m\u00e1s contribuye en el 82,47% de los accidentes mortales y en el 94,12% de los no mortales, seg\u00fan el Departamento de Seguridad P\u00fablica de South Carolina.<\/p>\n\n\n\n<p>Cuando su veh\u00edculo choca sin que haya un segundo veh\u00edculo implicado, no puede pedir indemnizaci\u00f3n a otro conductor. Pero a\u00fan puede tener opciones. <a href=\"https:\/\/www.steinberglawfirm.com\/contact-us\/\" target=\"_blank\" rel=\"noopener\">Hable con un abogado experto en accidentes de un solo veh\u00edculo South Carolina en Steinberg Law Firm<\/a> para saber m\u00e1s.&nbsp;<\/p>\n\n\n\n<h3 class=\"wp-block-heading\">South Carolina Estad\u00edsticas de accidentes de un solo veh\u00edculo<\/h3>\n\n\n\n<p><a href=\"https:\/\/www.steinberglawfirm.com\/blog\/johns-island-sc-car-accident-injury-case-settles-550k\/\" target=\"_blank\" rel=\"noopener\">Siniestros de un solo veh\u00edculo<\/a> pueden ser tan peligrosas como las colisiones de varios veh\u00edculos. Aunque no todos estos accidentes est\u00e1n provocados por el conductor de un veh\u00edculo, cualquier colisi\u00f3n puede causar lesiones al conductor y a los pasajeros.&nbsp;<\/p>\n\n\n\n<ul class=\"wp-block-list\">\n<li>En todo el pa\u00eds, <strong>52 por ciento <\/strong>de las muertes por accidente de tr\u00e1fico en 2021 se produjeron en colisiones de un solo veh\u00edculo.&nbsp;<\/li>\n\n\n\n<li>Las muertes por colisi\u00f3n de un solo veh\u00edculo aumentaron un <strong>6,0 por ciento <\/strong>en todo el pa\u00eds entre 2020 y 2021.<\/li>\n\n\n\n<li>South Carolina est\u00e1 a la par con la media nacional. En 2021, 619 personas murieron en accidentes de un solo veh\u00edculo en el estado, lo que supone <strong>52 por ciento <\/strong>de todas las muertes por accidente South Carolina de ese a\u00f1o.&nbsp;<\/li>\n\n\n\n<li>En <strong>33,51 por ciento <\/strong>de los accidentes de tr\u00e1fico mortales en 2020, el suceso inicial implic\u00f3 que un veh\u00edculo chocara contra un objeto fijo como una zanja, un \u00e1rbol o <a href=\"https:\/\/www.steinberglawfirm.com\/blog\/guardrail-failure-heavy-vehicle-liability-in-car-accident-charleston-sc\/\" target=\"_blank\" rel=\"noopener\">barandilla<\/a>no otro veh\u00edculo.&nbsp;<\/li>\n\n\n\n<li>Golpear un objeto fijo tambi\u00e9n fue el suceso inicial en <strong>18,04 por ciento <\/strong>de colisiones no mortales.&nbsp;<\/li>\n\n\n\n<li>Los conductores adolescentes son especialmente vulnerables a las colisiones mortales de un solo veh\u00edculo. En un estudio, los conductores adolescentes South Carolina eran <strong>2,5 veces <\/strong>m\u00e1s probabilidades de morir en una colisi\u00f3n de un solo veh\u00edculo que otros conductores con carn\u00e9.&nbsp;<\/li>\n\n\n\n<li><strong>37 por ciento <\/strong>de las muertes por accidente de motocicleta en 2018 se produjeron en accidentes de un solo veh\u00edculo.<\/li>\n<\/ul>\n\n\n\n<p><a href=\"https:\/\/www.steinberglawfirm.com\/personal-injury\/auto-accidents\/fatal-car-accident\/\" target=\"_blank\" rel=\"noopener\">Los accidentes de un solo veh\u00edculo pueden ser peligrosos e incluso mortales<\/a>. Tambi\u00e9n pueden causar complicaciones, confusi\u00f3n y quebraderos de cabeza a los propietarios y ocupantes de veh\u00edculos que buscan una indemnizaci\u00f3n tras un accidente.&nbsp;<\/p>\n\n\n\n<h3 class=\"wp-block-heading\">\u00bfC\u00f3mo se producen los accidentes de un solo veh\u00edculo Charleston?&nbsp;<\/h3>\n\n\n\n<p>Los accidentes de un solo veh\u00edculo comparten muchas de las causas de los accidentes de varios veh\u00edculos. Los tipos comunes de accidentes de un solo veh\u00edculo incluyen los siguientes:<\/p>\n\n\n\n<ul class=\"wp-block-list\">\n<li><strong>Salirse de la calzada <\/strong>debido a distracciones, drogas o <a href=\"https:\/\/www.steinberglawfirm.com\/locations\/charleston\/car-accident-lawyers\/drunk-driving-injury-accident\/\" target=\"_blank\" rel=\"noopener\">conducci\u00f3n bajo los efectos del alcohol<\/a>. Adem\u00e1s, condiciones como carreteras resbaladizas o mala iluminaci\u00f3n pueden hacer que un conductor pierda el control de su veh\u00edculo.<\/li>\n\n\n\n<li><strong>Golpear escombros u objetos en la carretera, <\/strong>como \u00e1rboles o ramas ca\u00eddas, rocas u objetos que se hayan desprendido de otros veh\u00edculos.&nbsp;<\/li>\n\n\n\n<li><strong>Conducir demasiado r\u00e1pido para las condiciones, <\/strong>provocar un accidente con vuelco o que el veh\u00edculo choque contra un \u00e1rbol, una barandilla, un poste u otro elemento porque el conductor no pudo frenar a tiempo.&nbsp;<\/li>\n\n\n\n<li><strong>Atropellar a un animal <\/strong>en la calzada, como un ciervo, un perro u otro animal.&nbsp;<\/li>\n\n\n\n<li><strong>Hacer frente a un fallo repentino del veh\u00edculo o del equipo, <\/strong>como p\u00e9rdida de direcci\u00f3n, problemas de frenos o un neum\u00e1tico reventado.&nbsp;<\/li>\n\n\n\n<li><strong>Problemas con la carretera o su se\u00f1alizaci\u00f3n, <\/strong>como un sem\u00e1foro roto o un bache peligrosamente profundo. Adem\u00e1s, los visitantes de Charleston o los conductores inexpertos pueden no anticiparse a las normas de circulaci\u00f3n debido a su desconocimiento de la zona.&nbsp;<\/li>\n\n\n\n<li><strong>Evitar una colisi\u00f3n con otro veh\u00edculo, <\/strong>como dar un volantazo para evitar chocar con otro coche que cruz\u00f3 la l\u00ednea central.&nbsp;<\/li>\n<\/ul>\n\n\n\n<p><a href=\"https:\/\/www.steinberglawfirm.com\/personal-injury\/auto-accidents\/drunk-driving-accident\/\" target=\"_blank\" rel=\"noopener\">La conducci\u00f3n bajo los efectos del alcohol es una causa com\u00fan de los accidentes de un solo veh\u00edculo<\/a>especialmente por la noche. Un estudio realizado por la Administraci\u00f3n Nacional de Seguridad del Tr\u00e1fico en Carretera descubri\u00f3 que, aunque los conductores ebrios est\u00e1n implicados en el 21% de todas las colisiones mortales, lo est\u00e1n en el 35% de las colisiones mortales de un solo veh\u00edculo. El 47% de las colisiones mortales en las que se ve implicado un conductor ebrio se producen de noche.&nbsp;<\/p>\n\n\n\n<h3 class=\"wp-block-heading\">Qu\u00e9 hacer tras un accidente de tr\u00e1fico de un solo veh\u00edculo Charleston<\/h3>\n\n\n\n<p>Si te ves implicado en un accidente de un solo veh\u00edculo:<\/p>\n\n\n\n<ul class=\"wp-block-list\">\n<li><strong>Llame al 911 de inmediato. <\/strong>Sobre todo si hay heridos. Los equipos de rescate pueden ayudar a las v\u00edctimas heridas y asegurar el lugar del accidente para que el accidente de un solo veh\u00edculo no se convierta en un accidente m\u00faltiple.<\/li>\n\n\n\n<li><strong>Si es posible, traslade a todos a un lugar seguro fuera de la carretera. <\/strong>No mueva a una persona gravemente herida o que pueda tener lesiones en el cuello o la espalda a menos que deba moverla para evitar un da\u00f1o inminente o la muerte.&nbsp;<\/li>\n\n\n\n<li><strong>Utilice las luces intermitentes del veh\u00edculo y otros elementos para advertir al tr\u00e1fico que se aproxima. <\/strong>Enciende las luces de emergencia del veh\u00edculo. Utiliza linternas o bengalas si las tienes para que el lugar del accidente sea m\u00e1s visible para los conductores que se aproximan.&nbsp;<\/li>\n\n\n\n<li><strong>Recoger informaci\u00f3n en el lugar de los hechos. <\/strong>Habla con los testigos disponibles y obt\u00e9n su informaci\u00f3n de contacto. Haz fotos o dibuja un diagrama de la escena. Anota los hechos b\u00e1sicos que puedas recordar, como qu\u00e9 ocurri\u00f3 y qu\u00e9 estaba haciendo cada persona en ese momento.&nbsp;<\/li>\n<\/ul>\n\n\n\n<p>Despu\u00e9s de un accidente de un solo veh\u00edculo, su prioridad es buscar atenci\u00f3n m\u00e9dica. Aunque no te sientas herido, acude al m\u00e9dico para verificar que est\u00e1s bien y recibir tratamiento m\u00e9dico si es necesario.&nbsp;<\/p>\n\n\n\n<p>Si su compa\u00f1\u00eda de seguros quiere hablar con usted sobre su accidente, le recomendamos que <a href=\"https:\/\/www.steinberglawfirm.com\/contact-us\/\" target=\"_blank\" rel=\"noopener\">hable con uno de nuestros abogados<\/a> para ver si tiene un caso. No se culpe a s\u00ed mismo ni a nadie por el accidente, aunque est\u00e9 convencido de que sabe qui\u00e9n es el responsable. Guarde para su abogado las conversaciones sobre qui\u00e9n pudo tener la culpa.&nbsp;<\/p>\n\n\n\n<h3 class=\"wp-block-heading\">Otra persona conduc\u00eda mi coche y tuvo un accidente. \u00bfA qui\u00e9n se considera responsable?&nbsp;<\/h3>\n\n\n\n<p>No es raro que los propietarios de veh\u00edculos South Carolina dejen que otra persona conduzca su coche. Tanto si est\u00e1s haciendo un viaje por carretera, recuper\u00e1ndote de una enfermedad, preocupado por tu sobriedad o simplemente quieres olvidarte de la carretera durante un rato, pedirle a un amigo o familiar que conduzca no es algo inusual.&nbsp;<\/p>\n\n\n\n<p>Pero, \u00bfy si esa persona choca con su coche? De repente, puede que tenga muchas preguntas sin respuesta sobre la cobertura del seguro y la indemnizaci\u00f3n\u30fcespecialmente si usted u otro miembro de su familia ha resultado herido en un accidente de un solo veh\u00edculo. \u00bfCubre su seguro de autom\u00f3vil el accidente? Lo cubre el seguro de autom\u00f3vil del conductor si tiene cobertura para otro veh\u00edculo? \u00bfY si el conductor no ten\u00eda seguro?&nbsp;<\/p>\n\n\n\n<p>Enfrentarse a estas cuestiones puede ser todo un reto. Por ejemplo, puede que su seguro cubra sus lesiones pero no las del conductor. Tu seguro puede cubrir o no los da\u00f1os de tu veh\u00edculo.<\/p>\n\n\n\n<p>Cada accidente de un solo veh\u00edculo tiene un conjunto \u00fanico de hechos que determinan el resultado de ese caso. Si pide consejo a un amigo, recuerde que su caso difiere de lo que le ocurri\u00f3 a otra persona. Su resultado probablemente ser\u00e1 diferente tambi\u00e9n. Un abogado con experiencia en accidentes de un solo veh\u00edculo South Carolina puede ayudarle.&nbsp;<\/p>\n\n\n\n<h3 class=\"wp-block-heading\">Qu\u00e9 tener en cuenta al buscar ayuda despu\u00e9s de un accidente de un solo veh\u00edculo en Charleston<\/h3>\n\n\n\n<p>Despu\u00e9s de un accidente, puede que se pregunte qu\u00e9 hacer a continuaci\u00f3n. Puedes sentirte especialmente abrumado o confuso si te est\u00e1s recuperando de una lesi\u00f3n o tienes que hacer frente a costosas reparaciones del veh\u00edculo.&nbsp;<\/p>\n\n\n\n<p>Estos son algunos puntos a tener en cuenta cuando busque ayuda con su reclamaci\u00f3n por accidente de un solo veh\u00edculo.&nbsp;<\/p>\n\n\n\n<h3 class=\"wp-block-heading\">Plazos para presentar reclamaciones por accidente de un solo veh\u00edculo<\/h3>\n\n\n\n<p>South Carolina fija plazos para <a href=\"https:\/\/www.steinberglawfirm.com\/personal-injury\/auto-accidents\/\" target=\"_blank\" rel=\"noopener\">accidente de coche<\/a> y <a href=\"https:\/\/www.steinberglawfirm.com\/personal-injury\/personal-injury-lawyers\/\" target=\"_blank\" rel=\"noopener\">demandas por da\u00f1os personales<\/a>. Por lo general, estas reclamaciones deben presentarse en un plazo de tres a\u00f1os a partir de la fecha del accidente.&nbsp;<\/p>\n\n\n\n<p>Las compa\u00f1\u00edas de seguros tambi\u00e9n establecen plazos para la presentaci\u00f3n de reclamaciones. Los plazos de las aseguradoras suelen ser muy inferiores a tres a\u00f1os. Es importante actuar con rapidez y hablar con un abogado si se acercan los plazos del seguro.&nbsp;<\/p>\n\n\n\n<h3 class=\"wp-block-heading\">Documentaci\u00f3n que debe guardar y mostrar a su abogado<\/h3>\n\n\n\n<p>Despu\u00e9s de un accidente de un solo veh\u00edculo, puede que no tenga otro conductor con el que tratar, pero sin duda tiene papeleo. Usted puede construir su caso guardando este papeleo para compartir con su abogado.<\/p>\n\n\n\n<p>Entre los documentos que deben conservarse figuran los siguientes<\/p>\n\n\n\n<ul class=\"wp-block-list\">\n<li>Facturas m\u00e9dicas, recibos y formularios de encuentro tras las visitas m\u00e9dicas. Si te falta alguno de ellos, pide una copia nueva en la consulta de tu m\u00e9dico.<\/li>\n\n\n\n<li>Facturas de reparaci\u00f3n, presupuestos de reparaci\u00f3n y recibos de los trabajos realizados en su veh\u00edculo.<\/li>\n\n\n\n<li>Facturas o recibos de gr\u00faa.&nbsp;<\/li>\n\n\n\n<li>Cualquier nota o foto que haya tomado inmediatamente despu\u00e9s del accidente.&nbsp;<\/li>\n<\/ul>\n\n\n\n<p>Guarde toda la documentaci\u00f3n en un lugar seguro. Lleve esta documentaci\u00f3n a las reuniones que tenga con su abogado.&nbsp;<\/p>\n\n\n\n<h3 class=\"wp-block-heading\">C\u00f3mo elegir un abogado cualificado Charleston accidente de un solo coche<\/h3>\n\n\n\n<p>Muchos abogados South Carolina trabajan con clientes que sufrieron lesiones en accidentes de tr\u00e1fico. Sin embargo, no todos <a href=\"https:\/\/www.steinberglawfirm.com\/personal-injury\/auto-accidents\/\" target=\"_blank\" rel=\"noopener\">South Carolina abogados de accidentes de tr\u00e1fico<\/a> ofrecen la mejor opci\u00f3n para quien ha sufrido un accidente de un solo veh\u00edculo.&nbsp;<\/p>\n\n\n\n<p>Cuando busque un abogado que le ayude con su caso:<\/p>\n\n\n\n<ul class=\"wp-block-list\">\n<li><strong>Busque a alguien con experiencia en la tramitaci\u00f3n de siniestros de accidentes de un solo veh\u00edculo. <\/strong>Los accidentes de un solo veh\u00edculo difieren en algunos aspectos importantes. El mejor abogado para su caso es uno con experiencia en el manejo de accidentes de un solo veh\u00edculo.&nbsp;<\/li>\n\n\n\n<li><strong>Busque un historial de \u00e9xito en las negociaciones de seguros. <\/strong>Los siniestros de un solo veh\u00edculo suelen implicar a una o varias compa\u00f1\u00edas de seguros que pueden luchar para evitar el pago de cualquier indemnizaci\u00f3n. Necesitas un abogado con un historial probado de \u00e9xito en la negociaci\u00f3n con las compa\u00f1\u00edas de seguros.&nbsp;<\/li>\n\n\n\n<li><strong>Elija un abogado que le d\u00e9 respuestas que usted entienda. <\/strong>Aseg\u00farese de que se siente c\u00f3modo haciendo preguntas a su abogado y de que entiende las respuestas. Pida aclaraciones si las necesita.&nbsp;<\/li>\n\n\n\n<li><strong>Pida informaci\u00f3n sobre c\u00f3mo se pagar\u00e1 a su abogado. <\/strong>Los abogados con experiencia proporcionan esta informaci\u00f3n por escrito y la comentar\u00e1n con usted abiertamente. Obtenga sus preguntas sobre <a href=\"https:\/\/www.steinberglawfirm.com\/no-fee-unless-you-win\/\" target=\"_blank\" rel=\"noopener\">tasas y gastos<\/a> antes de aceptar trabajar con un abogado determinado.<\/li>\n<\/ul>\n\n\n\n<p>Los accidentes de un solo veh\u00edculo pueden causarle lesiones a usted o a un ser querido. Usted puede luchar para manejar el trabajo o administrar su hogar. Usted puede preocuparse acerca de c\u00f3mo va a conseguir su veh\u00edculo fijo o reemplazado. Puede temer por su salud y por el futuro de su familia.&nbsp;<\/p>\n\n\n\n<p>Si esto le resulta familiar, no est\u00e1 solo. Hable con los experimentados <a href=\"https:\/\/www.steinberglawfirm.com\/personal-injury\/auto-accidents\/\" target=\"_blank\" rel=\"noopener\">South Carolina abogados de accidentes de tr\u00e1fico de un solo veh\u00edculo<\/a> hoy. En <a href=\"https:\/\/www.steinberglawfirm.com\/attorney\/\" target=\"_blank\" rel=\"noopener\">equipo en el Steinberg Law Firm<\/a> puede ayudar.<\/p>","protected":false},"excerpt":{"rendered":"<p>Charleston, SC Abogados de accidentes de un solo veh\u00edculo Un accidente de coche puede tener opciones de compensaci\u00f3n de lesiones dependiendo de qui\u00e9n es el responsable. Las im\u00e1genes populares de \"accidentes de coche\" a menudo muestran dos o m\u00e1s veh\u00edculos que han chocado entre s\u00ed. Sin embargo, un porcentaje significativo de accidentes de coche implican s\u00f3lo un veh\u00edculo.  En la mayor\u00eda de los accidentes de veh\u00edculos South Carolina, el principal...<\/p>","protected":false},"author":1,"featured_media":26279,"parent":760,"menu_order":0,"comment_status":"closed","ping_status":"closed","template":"","meta":{"_acf_changed":false,"footnotes":""},"class_list":["post-26269","page","type-page","status-publish","has-post-thumbnail","hentry"],"acf":[],"_links":{"self":[{"href":"https:\/\/steinberglawfirm-staging.clmcloud.app\/es\/wp-json\/wp\/v2\/pages\/26269"}],"collection":[{"href":"https:\/\/steinberglawfirm-staging.clmcloud.app\/es\/wp-json\/wp\/v2\/pages"}],"about":[{"href":"https:\/\/steinberglawfirm-staging.clmcloud.app\/es\/wp-json\/wp\/v2\/types\/page"}],"author":[{"embeddable":true,"href":"https:\/\/steinberglawfirm-staging.clmcloud.app\/es\/wp-json\/wp\/v2\/users\/1"}],"replies":[{"embeddable":true,"href":"https:\/\/steinberglawfirm-staging.clmcloud.app\/es\/wp-json\/wp\/v2\/comments?post=26269"}],"version-history":[{"count":8,"href":"https:\/\/steinberglawfirm-staging.clmcloud.app\/es\/wp-json\/wp\/v2\/pages\/26269\/revisions"}],"predecessor-version":[{"id":31596,"href":"https:\/\/steinberglawfirm-staging.clmcloud.app\/es\/wp-json\/wp\/v2\/pages\/26269\/revisions\/31596"}],"up":[{"embeddable":true,"href":"https:\/\/steinberglawfirm-staging.clmcloud.app\/es\/wp-json\/wp\/v2\/pages\/760"}],"wp:featuredmedia":[{"embeddable":true,"href":"https:\/\/steinberglawfirm-staging.clmcloud.app\/es\/wp-json\/wp\/v2\/media\/26279"}],"wp:attachment":[{"href":"https:\/\/steinberglawfirm-staging.clmcloud.app\/es\/wp-json\/wp\/v2\/media?parent=26269"}],"curies":[{"name":"wp","href":"https:\/\/api.w.org\/{rel}","templated":true}]}}