{"id":26257,"date":"2023-06-09T18:25:22","date_gmt":"2023-06-09T18:25:22","guid":{"rendered":"https:\/\/www.steinberglawfirm.com\/?page_id=26257"},"modified":"2023-06-09T18:46:10","modified_gmt":"2023-06-09T18:46:10","slug":"jet-ski-rental-accident-attorneys","status":"publish","type":"page","link":"https:\/\/steinberglawfirm-staging.clmcloud.app\/es\/lesiones-personales\/abogados-de-lesiones-personales\/jet-ski-rental-accident-attorneys\/","title":{"rendered":"Abogados de accidentes de alquiler de motos acu\u00e1ticas"},"content":{"rendered":"<h1 class=\"wp-block-heading\">Charleston, SC Abogados de accidentes de alquiler de motos acu\u00e1ticas<\/h1>\n\n\n\n<h2 class=\"wp-block-heading\"><em>Abogados de lesiones en deportes acu\u00e1ticos al servicio de Folly Beach, Isle of Palm y Shem Creek<\/em><\/h2>\n\n\n\n<p>Las motos acu\u00e1ticas y otras motos acu\u00e1ticas personales (\"PWC\") pueden proporcionar a los conductores y pasajeros horas de diversi\u00f3n en el oc\u00e9ano o en uno de los muchos lagos y r\u00edos del South Carolina. No obstante, <a href=\"https:\/\/www.steinberglawfirm.com\/personal-injury\/personal-injury-lawyers\/river-water-sports-injury-lawyers\/\" target=\"_blank\" rel=\"noopener\">las motos acu\u00e1ticas tambi\u00e9n son enga\u00f1osamente peligrosas<\/a>. Seg\u00fan la Guardia Costera de Estados Unidos, <a href=\"https:\/\/www.steinberglawfirm.com\/personal-injury\/boat-accidents\/\" target=\"_blank\" rel=\"noopener\">las motos acu\u00e1ticas est\u00e1n implicadas en el 19% de los accidentes de navegaci\u00f3n<\/a>y son responsables de m\u00e1s del 36% de todos los accidentes de navegaci\u00f3n.&nbsp;&nbsp;<\/p>\n\n\n\n<p>No es sorprendente que alrededor del 37% de todos los accidentes de motos acu\u00e1ticas est\u00e9n relacionados con motos acu\u00e1ticas alquiladas. En Charleston, algunas de las mayores empresas de alquiler de motos acu\u00e1ticas son Tidal Wave Water Sports, Hydrofly Watersports, Sealand Adventure Sports, Coastal Rentals y Sun &amp; Ski Beach Services. Las empresas de alquiler de motos acu\u00e1ticas generan enormes beneficios alquilando estas embarcaciones potencialmente peligrosas a residentes y turistas. Para seguir ingresando dinero, muchas empresas de alquiler minimizan los riesgos inherentes al manejo de una moto acu\u00e1tica, fomentando una actitud despreocupada hacia lo que con demasiada frecuencia es una actividad mortal.&nbsp;<\/p>\n\n\n\n<p>Si ha sufrido lesiones en un accidente de alquiler de una moto acu\u00e1tica, el <a href=\"https:\/\/www.steinberglawfirm.com\/personal-injury\/personal-injury-lawyers\/\" target=\"_blank\" rel=\"noopener\">Charleston da\u00f1os personales<\/a> y <a href=\"https:\/\/www.steinberglawfirm.com\/personal-injury\/wrongful-death\/\" target=\"_blank\" rel=\"noopener\">abogados de muerte por negligencia<\/a> en el <a href=\"https:\/\/www.steinberglawfirm.com\/\" target=\"_blank\" rel=\"noopener\">Steinberg Law Firm<\/a> est\u00e1n aqu\u00ed para ayudar. Hemos reunido un <a href=\"https:\/\/www.steinberglawfirm.com\/attorney\/\" target=\"_blank\" rel=\"noopener\">equipo especializado de abogados experimentados<\/a> que se comprometen a ayudar a las v\u00edctimas de accidentes y a sus familias a recuperar una indemnizaci\u00f3n justa de las empresas de alquiler que no garantizan la seguridad de los motoristas y pasajeros. Para <a href=\"https:\/\/www.steinberglawfirm.com\/free-consultation\/\" target=\"_blank\" rel=\"noopener\">programar una consulta gratuita<\/a> con un abogado, llame al Steinberg Law Firm al <a href=\"tel:1-843-720-2800\">843-720-2800<\/a>.<\/p>\n\n\n\n<h3 class=\"wp-block-heading\">Tipos de lesiones en motos acu\u00e1ticas por accidentes en el r\u00edo Charleston<\/h3>\n\n\n\n<p>La Guardia Costera de Estados Unidos calcula que en 2020 se produjeron 5.265 accidentes de navegaci\u00f3n. Estos accidentes provocaron 767 muertes y 3.191 lesiones. Un sorprendente 22 por ciento de estos accidentes mortales involucraron motos acu\u00e1ticas personales, como motos acu\u00e1ticas y WaveRunners. Por supuesto, no todos los accidentes de motos acu\u00e1ticas son mortales; la mayor\u00eda no lo son. Los accidentes no mortales tambi\u00e9n pueden poner patas arriba la vida de una v\u00edctima, pudiendo requerir meses de visitas al m\u00e9dico, fisioterapia y cirug\u00edas, e incluso entonces, muchas v\u00edctimas siguen sufriendo los efectos a largo plazo.<\/p>\n\n\n\n<p>Algunas de las lesiones m\u00e1s comunes en las motos acu\u00e1ticas son las siguientes:<\/p>\n\n\n\n<h4 class=\"wp-block-heading\">Ahogamiento<\/h4>\n\n\n\n<p>El ahogamiento es quiz\u00e1s el riesgo m\u00e1s obvio en un accidente de moto acu\u00e1tica. Aunque mucha gente s\u00f3lo asocia el ahogamiento con accidentes mortales, no siempre es as\u00ed. Hay dos tipos de ahogamientos: mortales y no mortales. La definici\u00f3n m\u00e9dica de ahogamiento es \"experimentar una alteraci\u00f3n respiratoria\" como resultado de estar sumergido bajo el agua. As\u00ed pues, una persona empieza a ahogarse en cuanto est\u00e1 sumergida bajo el agua durante un periodo lo suficientemente largo como para que su cerebro deje de recibir el ox\u00edgeno que necesita para funcionar correctamente.&nbsp;<\/p>\n\n\n\n<h4 class=\"wp-block-heading\">Conmociones cerebrales<\/h4>\n\n\n\n<p>Los traumatismos craneoencef\u00e1licos, como las conmociones cerebrales, suelen producirse cuando el conductor o pasajero de una moto acu\u00e1tica colisiona con otra embarcaci\u00f3n, boya u objeto duro tras salir despedido de una moto acu\u00e1tica. Una conmoci\u00f3n cerebral es un tipo de <a href=\"https:\/\/www.steinberglawfirm.com\/personal-injury\/serious-injury-cases\/traumatic-brain-injury\/\" target=\"_blank\" rel=\"noopener\">lesi\u00f3n cerebral traum\u00e1tica<\/a> causada por un chich\u00f3n, un golpe o una sacudida en la cabeza. Esta fuerza f\u00edsica hace que el cerebro se desplace repentinamente y choque con el interior del cr\u00e1neo. Las conmociones cerebrales pueden provocar lesiones inmediatas, pero tambi\u00e9n cambios permanentes en el funcionamiento qu\u00edmico del cerebro.&nbsp;<\/p>\n\n\n\n<h4 class=\"wp-block-heading\">Huesos rotos<\/h4>\n\n\n\n<p>Los conductores y pasajeros de motos acu\u00e1ticas suelen romperse uno o m\u00e1s huesos en una colisi\u00f3n. Al igual que las lesiones cerebrales en las motos acu\u00e1ticas, las fracturas \u00f3seas suelen ser el resultado de que el conductor salga despedido de la moto acu\u00e1tica y colisione con otro objeto. Las fracturas m\u00e1s comunes en los accidentes de moto acu\u00e1tica son las de cuello, brazos, piernas y cara.&nbsp;<\/p>\n\n\n\n<h3 class=\"wp-block-heading\">Causas comunes de accidentes de motos acu\u00e1ticas South Carolina<\/h3>\n\n\n\n<p>Los accidentes de moto acu\u00e1tica son incre\u00edblemente frecuentes y se cobran cientos de vidas al a\u00f1o en Estados Unidos. Por ello, no es de extra\u00f1ar que diversas organizaciones gubernamentales y sin \u00e1nimo de lucro dediquen mucho tiempo y recursos a comprender sus causas. Cuando se trata de las causas de los accidentes de motos acu\u00e1ticas, no hay mucho debate; los tipos m\u00e1s comunes de accidentes de motos acu\u00e1ticas son los siguientes:<\/p>\n\n\n\n<h4 class=\"wp-block-heading\">Operarios inexpertos<\/h4>\n\n\n\n<p>De los 2.806 accidentes de motos acu\u00e1ticas que tuvieron lugar en 2021, la Guardia Costera de Estados Unidos estim\u00f3 que en 221 estuvo implicada la \"inexperiencia del operador\". Los operadores noveles o inexpertos son m\u00e1s propensos a cometer errores sencillos y evitables que pueden acabar cost\u00e1ndoles la vida a ellos mismos... o a otra persona.&nbsp;<\/p>\n\n\n\n<h4 class=\"wp-block-heading\">Velocidad<\/h4>\n\n\n\n<p>La velocidad se cit\u00f3 como causa de accidente de moto acu\u00e1tica en 202 casos en 2021, seg\u00fan los datos m\u00e1s recientes de la Guardia Costera de Estados Unidos. El exceso de velocidad al conducir una moto acu\u00e1tica es especialmente peligroso porque muchas de estas embarcaciones no tienen frenos. Y, aquellas motos acu\u00e1ticas que s\u00ed vienen equipadas con frenos son dif\u00edciles de controlar al reducir la velocidad. Girar r\u00e1pidamente una moto acu\u00e1tica o no anticiparse a la aproximaci\u00f3n de otra moto acu\u00e1tica puede hacer que el conductor salga despedido de la moto y sufra lesiones graves, como golpearse la cabeza contra la moto, un muelle o las rocas.<\/p>\n\n\n\n<h4 class=\"wp-block-heading\">Falta de atenci\u00f3n\/Distracci\u00f3n\/No mantener la vigilancia<\/h4>\n\n\n\n<p>La Guardia Costera de Estados Unidos lleva un registro detallado de todos los accidentes de motos acu\u00e1ticas. Tan detallados que separa las causas de accidentes similares en categor\u00edas individuales. Por ejemplo, la \"falta de atenci\u00f3n del operador\", la \"vigilancia inadecuada\" y la \"violaci\u00f3n de las normas de navegaci\u00f3n\" se enumeran por separado. Juntos, estos tipos de accidentes son responsables de 971 del total de 2.806 accidentes con motos acu\u00e1ticas.&nbsp;&nbsp;<\/p>\n\n\n\n<p>Por supuesto, muchos accidentes de moto acu\u00e1tica implican dos o m\u00e1s de estos factores; sin embargo, la Guardia Costera de los Estados Unidos s\u00f3lo enumera una causa por accidente. Por lo tanto, es probable que cada uno de estos tipos de accidente ocurra incluso con m\u00e1s frecuencia de la que se informa.&nbsp;<\/p>\n\n\n\n<p>A continuaci\u00f3n se enumeran los tipos m\u00e1s comunes de colisiones de motos acu\u00e1ticas:<\/p>\n\n\n\n<ul class=\"wp-block-list\">\n<li>Colisi\u00f3n con otra moto acu\u00e1tica o embarcaci\u00f3n.<\/li>\n\n\n\n<li>Un piloto expulsado de la moto acu\u00e1tica.<\/li>\n\n\n\n<li>Colisi\u00f3n con un objeto fijo.<\/li>\n\n\n\n<li>Una moto acu\u00e1tica atropella a una persona que no conduce.<\/li>\n\n\n\n<li>Ca\u00edda de la moto acu\u00e1tica.<\/li>\n\n\n\n<li>Encallar.<\/li>\n\n\n\n<li>Accidente de esqu\u00ed acu\u00e1tico\/deportes n\u00e1uticos.<\/li>\n<\/ul>\n\n\n\n<p>Aunque la inmensa mayor\u00eda de estos accidentes son evitables, los operadores de motos acu\u00e1ticas tienden a no tratar la actividad con el respeto y el cuidado necesarios para un funcionamiento seguro en las masas de agua del South Carolina.&nbsp;<\/p>\n\n\n\n<h4 class=\"wp-block-heading\">Drogadicci\u00f3n y alcoholismo<\/h4>\n\n\n\n<p>El consumo de drogas y alcohol contribuy\u00f3 a 170 accidentes de motos acu\u00e1ticas en 2021, seg\u00fan la Guardia Costera de Estados Unidos. Los conductores bajo los efectos del alcohol tienden a ir m\u00e1s r\u00e1pido, por lo que son incapaces de controlar y mirar por d\u00f3nde van en el agua. Aunque se coloquen se\u00f1ales de seguridad en las motos acu\u00e1ticas para informar a los conductores y otros visitantes, esto no siempre significa que todo el mundo siga las normas.<\/p>\n\n\n\n<h3 class=\"wp-block-heading\">\u00bfQu\u00e9 se considera \"navegaci\u00f3n bajo los efectos del alcohol\" en el South Carolina?<\/h3>\n\n\n\n<p>Los aficionados que alquilan motos acu\u00e1ticas lo hacen para pasarlo bien, lo que a menudo incluye el alcohol. Aunque navegar bajo los efectos del alcohol es ilegal en South Carolina, las leyes de BUI del estado son ligeramente diferentes de las leyes tradicionales de DUI.&nbsp;<\/p>\n\n\n\n<p>En <a href=\"https:\/\/www.scstatehouse.gov\/code\/t50c021.php#:~:text=Section%202.D.-,SECTION%2050%2D21%2D112.,-Operation%20of%20moving\" target=\"_blank\" rel=\"noreferrer noopener\">South Carolina C\u00f3digo de leyes \u00a7 50-21-112<\/a>es ilegal conducir cualquier embarcaci\u00f3n motorizada, incluidas las motos acu\u00e1ticas, si:<\/p>\n\n\n\n<ul class=\"wp-block-list\">\n<li>El conductor est\u00e1 bajo los efectos del alcohol;<\/li>\n\n\n\n<li>El conductor est\u00e1 bajo los efectos de las drogas; o<\/li>\n\n\n\n<li>El conductor est\u00e1 bajo los efectos combinados del alcohol y las drogas.&nbsp;<\/li>\n<\/ul>\n\n\n\n<p>Por lo que respecta a la alcoholemia, es habitual ver en Internet presunciones sobre la tasa de alcoholemia del conductor en el momento del accidente. Sin embargo, \u00e9stas s\u00f3lo se aplican a los casos penales. En <a href=\"https:\/\/www.steinberglawfirm.com\/personal-injury\/personal-injury-lawyers\/\" target=\"_blank\" rel=\"noopener\">da\u00f1os personales<\/a> y <a href=\"https:\/\/www.steinberglawfirm.com\/personal-injury\/wrongful-death\/\" target=\"_blank\" rel=\"noopener\">casos de muerte por negligencia<\/a>Sin embargo, estas presunciones no se aplican, y el juez o el jurado son libres de hacer cualquier deducci\u00f3n que se deduzca razonablemente de las pruebas. Por ejemplo, aunque no es ilegal conducir una moto acu\u00e1tica consumiendo bebidas alcoh\u00f3licas (siempre que el conductor no est\u00e9 legalmente intoxicado), un jurado en un caso de lesiones personales puede considerar que el consumo de alcohol del conductor contribuy\u00f3 a su negligencia.&nbsp;&nbsp;<\/p>\n\n\n\n<p>Tenga en cuenta, sin embargo, que ser\u00eda dif\u00edcil responsabilizar a una empresa de alquiler de motos acu\u00e1ticas por un accidente BUI a menos que tuvieran conocimiento de que la persona a la que alquilaron la moto acu\u00e1tica estaba intoxicada.&nbsp;<\/p>\n\n\n\n<h3 class=\"wp-block-heading\">\u00bfSon v\u00e1lidas las exenciones de responsabilidad en South Carolina?<\/h3>\n\n\n\n<p>Cuando alquile una moto acu\u00e1tica, antes de que le permitan salir al agua, el <a href=\"https:\/\/www.steinberglawfirm.com\/faq\/faq-waiver-enforcement\/is-a-jetski-waiver-legally-binding\/\" target=\"_blank\" rel=\"noopener\">empresa de alquiler probablemente le pedir\u00e1 que firme una renuncia<\/a>. Una renuncia, tambi\u00e9n llamada \"descargo de responsabilidad\", es un tipo de contrato que limita la responsabilidad de la empresa de alquiler en caso de accidente. En general, seg\u00fan la ley South Carolina, las exenciones son ejecutables como cualquier otro contrato. Por lo tanto, si usted firma una renuncia y se lesiona mientras utiliza el equipo de la empresa, es posible que no pueda demandar a la empresa de alquiler.&nbsp;<\/p>\n\n\n\n<p>Sin embargo, <a href=\"https:\/\/www.steinberglawfirm.com\/blog\/is-a-waiver-enforceable\/\" target=\"_blank\" rel=\"noopener\">las renuncias, como todos los contratos, no siempre son ejecutables<\/a>. Adem\u00e1s, incluso cuando una renuncia o exenci\u00f3n es v\u00e1lida y aplicable, algunos accidentes y lesiones pueden quedar fuera del \u00e1mbito de la renuncia. Por supuesto, las empresas de alquiler de motos acu\u00e1ticas contratan a abogados sofisticados para que redacten sus renuncias y, por su dise\u00f1o, estos documentos suelen estar redactados de forma que cualquiera que los firme tenga la idea de que la empresa no puede ser demandada, sean cuales sean las circunstancias. Sin embargo, una renuncia s\u00f3lo suele cubrir los riesgos inherentes a la actividad, y no cubre situaciones en las que la empresa de alquiler haya sido negligente o en las que el material alquilado sea defectuoso. Y como una renuncia es s\u00f3lo un acuerdo entre el arrendatario y la empresa de alquiler, firmar una renuncia no tendr\u00e1 ning\u00fan efecto sobre la capacidad de una v\u00edctima de accidente para presentar una demanda por lesiones personales contra otra persona negligente.&nbsp;<\/p>\n\n\n\n<p>Por ejemplo, supongamos que alquilas una moto acu\u00e1tica y, de repente y sin motivo alguno, se apaga el motor sin previo aviso, dej\u00e1ndote tirado en el agua. Si otra persona en una moto acu\u00e1tica no te ve y golpea tu moto, puedes tener <a href=\"https:\/\/www.steinberglawfirm.com\/personal-injury\/dangerous-products\/\" target=\"_blank\" rel=\"noopener\">motivos para demandar a la empresa de alquiler por alquilarle una unidad defectuosa<\/a>y al otro operador por su negligencia al no percatarse de la presencia de una moto acu\u00e1tica varada.<\/p>\n\n\n\n<h3 class=\"wp-block-heading\">\u00bfHa sufrido lesiones en un accidente de alquiler de moto acu\u00e1tica en la costa o en el r\u00edo?<\/h3>\n\n\n\n<p>Si <a href=\"https:\/\/www.steinberglawfirm.com\/personal-injury\/personal-injury-lawyers\/river-water-sports-injury-lawyers\/\" target=\"_blank\" rel=\"noopener\">usted o un ser querido ha resultado herido recientemente en un accidente de moto acu\u00e1tica<\/a>puede reclamar una indemnizaci\u00f3n econ\u00f3mica a la empresa de alquiler, a otro operador o a ambos. En el <a href=\"https:\/\/www.steinberglawfirm.com\/\" target=\"_blank\" rel=\"noopener\">Steinberg Law Firm<\/a>, nuestros abogados especializados en accidentes de moto acu\u00e1tica Charleston cuentan con m\u00e1s de 95 a\u00f1os de experiencia pr\u00e1ctica ayudando a las v\u00edctimas de accidentes a recuperar el dinero por los da\u00f1os y perjuicios sufridos. <a href=\"https:\/\/www.steinberglawfirm.com\/attorney\/\" target=\"_blank\" rel=\"noopener\">Nuestros abogados adoptan un enfoque \u00fanico, centrado en el cliente<\/a> a cada caso que tratamos, tom\u00e1ndonos el tiempo necesario para comprender qu\u00e9 es lo m\u00e1s importante para usted antes de recomendarle cualquier curso de acci\u00f3n. <a href=\"https:\/\/www.steinberglawfirm.com\/free-consultation\/\" target=\"_blank\" rel=\"noopener\">Tambi\u00e9n ofrecemos consultas gratuitas a todos los posibles clientes<\/a>durante el cual escucharemos lo que sucedi\u00f3, responderemos a sus preguntas, esbozaremos el proceso de recuperaci\u00f3n y le explicaremos lo que podemos hacer para ayudarle. Para obtener m\u00e1s informaci\u00f3n, y para programar su consulta gratuita hoy, llegar a la Steinberg Law Firm en <a href=\"tel:1-843-720-2800\">843-720-2800<\/a>. Tambi\u00e9n puede ponerse en contacto con nosotros a trav\u00e9s de <a href=\"https:\/\/www.steinberglawfirm.com\/contact-us\/\" target=\"_blank\" rel=\"noopener\">nuestro formulario de contacto en l\u00ednea<\/a>.<\/p>","protected":false},"excerpt":{"rendered":"<p>Charleston, SC Jet Ski Alquiler de Accidentes Abogados Deportes Acu\u00e1ticos Lesiones Abogados Sirviendo Folly Beach, Isle of Palm, y Shem Creek Motos acu\u00e1ticas y otras motos acu\u00e1ticas (\"PWC\") puede proporcionar a los pilotos y pasajeros con horas de diversi\u00f3n mientras que en el oc\u00e9ano o uno de los muchos lagos y r\u00edos en South Carolina. Sin embargo, las motos acu\u00e1ticas...<\/p>","protected":false},"author":1,"featured_media":26264,"parent":9348,"menu_order":0,"comment_status":"closed","ping_status":"closed","template":"","meta":{"_acf_changed":false,"footnotes":""},"class_list":["post-26257","page","type-page","status-publish","has-post-thumbnail","hentry"],"acf":[],"_links":{"self":[{"href":"https:\/\/steinberglawfirm-staging.clmcloud.app\/es\/wp-json\/wp\/v2\/pages\/26257"}],"collection":[{"href":"https:\/\/steinberglawfirm-staging.clmcloud.app\/es\/wp-json\/wp\/v2\/pages"}],"about":[{"href":"https:\/\/steinberglawfirm-staging.clmcloud.app\/es\/wp-json\/wp\/v2\/types\/page"}],"author":[{"embeddable":true,"href":"https:\/\/steinberglawfirm-staging.clmcloud.app\/es\/wp-json\/wp\/v2\/users\/1"}],"replies":[{"embeddable":true,"href":"https:\/\/steinberglawfirm-staging.clmcloud.app\/es\/wp-json\/wp\/v2\/comments?post=26257"}],"version-history":[{"count":4,"href":"https:\/\/steinberglawfirm-staging.clmcloud.app\/es\/wp-json\/wp\/v2\/pages\/26257\/revisions"}],"predecessor-version":[{"id":26268,"href":"https:\/\/steinberglawfirm-staging.clmcloud.app\/es\/wp-json\/wp\/v2\/pages\/26257\/revisions\/26268"}],"up":[{"embeddable":true,"href":"https:\/\/steinberglawfirm-staging.clmcloud.app\/es\/wp-json\/wp\/v2\/pages\/9348"}],"wp:featuredmedia":[{"embeddable":true,"href":"https:\/\/steinberglawfirm-staging.clmcloud.app\/es\/wp-json\/wp\/v2\/media\/26264"}],"wp:attachment":[{"href":"https:\/\/steinberglawfirm-staging.clmcloud.app\/es\/wp-json\/wp\/v2\/media?parent=26257"}],"curies":[{"name":"wp","href":"https:\/\/api.w.org\/{rel}","templated":true}]}}