{"id":26250,"date":"2023-06-09T17:22:46","date_gmt":"2023-06-09T17:22:46","guid":{"rendered":"https:\/\/www.steinberglawfirm.com\/?page_id=26250"},"modified":"2024-07-19T19:34:02","modified_gmt":"2024-07-19T19:34:02","slug":"dog-bites-on-south-carolina-beaches","status":"publish","type":"page","link":"https:\/\/steinberglawfirm-staging.clmcloud.app\/es\/lesiones-personales\/mordeduras-de-perro\/mordeduras-de-perro-en-las-playas-de-carolina-del-sur\/","title":{"rendered":"Mordeduras de perro en las playas South Carolina"},"content":{"rendered":"<h1 class=\"wp-block-heading\">Mordeduras de perro en las playas South Carolina<\/h1>\n\n\n\n<h2 class=\"wp-block-heading\"><em>Abogados de lesiones al servicio de Folly Beach, Isle of Palms, Myrtle Beach y Hilton Head<\/em><\/h2>\n\n\n\n<p>Si vives en el distrito South Carolina, ir a la playa es muy f\u00e1cil. Sin embargo, dadas las diferentes normas y reglamentos sobre correas, puede ser dif\u00edcil saber cu\u00e1ndo podr\u00e1 disfrutar de la playa sin el riesgo innecesario de que perros extra\u00f1os vaguen sin correa por la playa. Aunque la mayor\u00eda de los perros de la playa son inofensivos, hay <a href=\"https:\/\/www.steinberglawfirm.com\/personal-injury\/dog-bites\/\" target=\"_blank\" rel=\"noopener\">no se sabe cu\u00e1ndo un perro podr\u00eda atacarte.<\/a> cuando menos te lo esperas.&nbsp;<\/p>\n\n\n\n<p>En el <a href=\"https:\/\/www.steinberglawfirm.com\/\" target=\"_blank\" rel=\"noopener\">Steinberg Law Firm<\/a>, nuestro <a href=\"https:\/\/www.steinberglawfirm.com\/personal-injury\/personal-injury-lawyers\/\" target=\"_blank\" rel=\"noopener\">abogados de da\u00f1os personales<\/a> tienen una larga historia de ayudar a las v\u00edctimas de mordeduras de perro recuperar la compensaci\u00f3n por sus gastos m\u00e9dicos y otros da\u00f1os econ\u00f3micos y no econ\u00f3micos. Nos encantan los perros, pero creemos que los due\u00f1os de animales deben responsabilizarse de sus mascotas, por la seguridad del animal y tambi\u00e9n por la de los dem\u00e1s. Y cuando un propietario negligente tiene un perro que ataca a otra persona, creemos que el propietario debe rendir cuentas.&nbsp;<\/p>\n\n\n\n<h3 class=\"wp-block-heading\">\u00bfSon frecuentes las mordeduras de perro?<\/h3>\n\n\n\n<p>Con m\u00e1s de 76 millones de perros en Estados Unidos, es <a href=\"https:\/\/www.steinberglawfirm.com\/articles\/what-to-do-after-a-dog-bite\/\" target=\"_blank\" rel=\"noopener\">no es de extra\u00f1ar que las mordeduras de perro sean un hecho bastante frecuente<\/a>. De hecho, seg\u00fan algunas estimaciones, cada d\u00eda ingresan en urgencias casi 1.000 v\u00edctimas de mordeduras de perro. Ciertamente, algunas de estas lesiones son leves; sin embargo, se calcula que 27.000 personas al a\u00f1o se someten a cirug\u00eda reconstructiva tras ser atacadas por un perro.&nbsp;<\/p>\n\n\n\n<h3 class=\"wp-block-heading\">\u00bfCu\u00e1les son las leyes sobre perros en las playas del condado de Charleston?<\/h3>\n\n\n\n<p>Dado que las leyes sobre perros en el condado de Charleston pueden variar de una playa a otra, puede resultar dif\u00edcil recordar cu\u00e1les son las restricciones. Varias playas permiten a los due\u00f1os pasear a sus perros con correa, y la mayor\u00eda han especificado horas \"sin correa\" en las que los perros pueden correr libres. Sin embargo, incluso durante estas horas sin correa, el propietario debe controlar a su perro y llevar una correa por si necesita sujetar al animal. Antes de visitar una playa o un parque p\u00fablicos, conviene consultar el sitio web de cada lugar para obtener informaci\u00f3n actualizada.<\/p>\n\n\n\n<p>A continuaci\u00f3n se indican algunas de las leyes locales sobre pasear perros en las playas del condado de Charleston.&nbsp;&nbsp;<\/p>\n\n\n\n<h4 class=\"wp-block-heading\">Playa de Folly<\/h4>\n\n\n\n<p>Los propietarios que paseen a sus perros por la playa deber\u00e1n llevarlos siempre atados. A partir de ahora y hasta el 30 de septiembre, no se admiten perros en la playa entre las 10.00 y las 18.00 horas. Tampoco se admiten perros en el muelle a ninguna hora del d\u00eda.&nbsp;<\/p>\n\n\n\n<h4 class=\"wp-block-heading\">Parque del condado de Isle of Palms<\/h4>\n\n\n\n<p>En la playa, los due\u00f1os pueden llevar a sus perros sin correa a determinadas horas del d\u00eda, seg\u00fan la temporada. Por ejemplo, entre el 1 de abril y el 15 de septiembre, los perros pueden estar sin correa entre las 5.00 y las 9.00 horas. Sin embargo, a partir del 15 de septiembre y hasta el 31 de marzo, los due\u00f1os pueden pasear a sus perros sin correa antes de las 10.00 horas o despu\u00e9s de las 16.00 horas.<\/p>\n\n\n\n<h4 class=\"wp-block-heading\">Parque Kiawah Beachwalker<\/h4>\n\n\n\n<p>Se admiten perros en la playa todo el a\u00f1o; sin embargo, todos los perros deben ir atados cuando est\u00e9n fuera. Hay dos excepciones a esta norma. En primer lugar, los perros no necesitan correa si est\u00e1n en un recinto cerrado, como un corral. En segundo lugar, los perros pueden estar sin correa en la \"zona de uso canino\" designada, que se extiende desde el l\u00edmite oriental del Beach Club hasta el Ocean Course Clubhouse. La ciudad de Kiawah Island pone a disposici\u00f3n de los propietarios de animales un mapa imprimible para facilitar la consulta.&nbsp;<\/p>\n\n\n\n<h4 class=\"wp-block-heading\">Isla de Sullivan<\/h4>\n\n\n\n<p>De conformidad con las ordenanzas locales, se exige licencia a todos los perros que circulen por las calles, propiedades privadas o playas de Sullivan's Island. Desde ahora hasta el 30 de septiembre, los perros pueden estar sin correa entre las 5.00 y las 10.00 horas y pueden ser paseados con correa entre las 18.00 y las 5.00 horas. No se permiten perros en la playa entre las 10.00 y las 18.00 horas. Entre el 1 de octubre y el 30 de abril, los perros pueden estar sin correa entre las 5.00 y las 12.00 horas y pueden ser paseados con correa entre las 12.00 y las 5.00 horas.<\/p>\n\n\n\n<h4 class=\"wp-block-heading\">Playa de Seabrook Island<\/h4>\n\n\n\n<p>La playa de Seabrook Island est\u00e1 dividida en tres zonas: una Zona Restringida, donde nunca se permite la entrada de perros, lleven o no correa; una Zona de Restricci\u00f3n Limitada, donde los perros deben ir siempre con correa; y una Zona General de Playa, donde se permite que los perros vayan sin correa entre las 10.00 y las 17.00 horas de abril a septiembre. Entre octubre y marzo, los perros pueden ir sin correa a todas horas, siempre que el due\u00f1o controle a su mascota.&nbsp;<\/p>\n\n\n\n<h4 class=\"wp-block-heading\">Myrtle Beach<\/h4>\n\n\n\n<p>Debido al elevado n\u00famero de visitantes y a las playas abarrotadas, <a href=\"https:\/\/www.steinberglawfirm.com\/locations\/myrtle-beach-personal-injury-attorney\/\" target=\"_blank\" rel=\"noopener\">Myrtle Beach<\/a> tiene algunas de las leyes sobre correas m\u00e1s estrictas de todas las playas South Carolina. Independientemente de la \u00e9poca del a\u00f1o, tanto en la playa como en el paseo mar\u00edtimo, los perros deben llevar una correa de menos de dos metros. Adem\u00e1s, entre el 1 de mayo y el D\u00eda del Trabajo, s\u00f3lo se admiten perros en la playa antes de las 10 de la ma\u00f1ana y despu\u00e9s de las 5 de la tarde. En cuanto al paseo mar\u00edtimo de Myrtle Beach, se admiten perros con correa entre las 5 de la ma\u00f1ana y las 10 de la ma\u00f1ana desde el 1 de mayo hasta el D\u00eda del Trabajo.  Del D\u00eda del Trabajo al 30 de abril, los perros pueden pasear por el paseo a cualquier hora.<\/p>\n\n\n\n<h4 class=\"wp-block-heading\">Hilton Head<\/h4>\n\n\n\n<p>No se admiten perros en la playa de Hilton Head Island entre las 10.00 y las 17.00 horas desde el viernes anterior al D\u00eda de los Ca\u00eddos hasta el D\u00eda del Trabajo. Sin embargo, la playa exige que los perros lleven correa entre las 10.00 y las 17.00 horas desde el 1 de abril hasta el jueves anterior al D\u00eda de los Ca\u00eddos, as\u00ed como desde el martes posterior al D\u00eda del Trabajo hasta el 30 de septiembre. Adem\u00e1s, Hilton Head Beach exige que los perros est\u00e9n bajo el control de la voz del due\u00f1o en todo momento.<\/p>\n\n\n\n<h3 class=\"wp-block-heading\">\u00bfQu\u00e9 ocurre si el due\u00f1o de un perro infringe la Ley de la correa?<\/h3>\n\n\n\n<p>Las playas var\u00edan en cuanto a las sanciones por infringir la ley de la correa. Sin embargo, en la mayor\u00eda de los casos, el due\u00f1o de un perro que no respete la ley de la correa ser\u00e1 multado. Por supuesto, el importe de la multa var\u00eda seg\u00fan la playa. Por ejemplo, en Seabrook Island, quien infrinja la ley de la correa de la ciudad puede enfrentarse a una multa de hasta $1087,50, y en Kiawah Island, los agentes de la Patrulla de Playas y de la Aplicaci\u00f3n del C\u00f3digo de la ciudad ponen multas de hasta $465 por infracci\u00f3n de la ley de la correa.&nbsp;<\/p>\n\n\n\n<h3 class=\"wp-block-heading\">\u00bfQui\u00e9n tiene la culpa de que un perro ataque a alguien en una playa p\u00fablica?<\/h3>\n\n\n\n<p>En los casos de mordeduras de perro ocurridas en la playa, es posible que el propietario del animal o la playa sean responsables. Sin embargo, las leyes sobre mordeduras de perro de South Carolina hacen que sea mucho m\u00e1s f\u00e1cil probar un caso contra el due\u00f1o de la mascota. Seg\u00fan la <a href=\"https:\/\/www.scstatehouse.gov\/Archives\/CodeofLaws2016\/t47c003.php#:~:text=Attacked%20by%20Dog-,SECTION%2047%2D3%2D110,-.%20Liability%20for\" target=\"_blank\" rel=\"noreferrer noopener\">South Carolina C\u00f3digo de leyes \u00a7 47-3-110<\/a>si un perro muerde a alguien mientras se encuentra en un lugar p\u00fablico o legalmente en un lugar privado, el propietario del perro es estrictamente responsable. La responsabilidad objetiva es un t\u00e9rmino utilizado para describir los casos en los que una persona lesionada no necesita demostrar que la otra parte fue legalmente negligente. En otras palabras, basta con demostrar que el demandado era el due\u00f1o del perro y que \u00e9ste mordi\u00f3 al ba\u00f1ista. Sin embargo, la responsabilidad objetiva no se aplica si un ba\u00f1ista es atacado tras provocar al perro. En estos casos, el ba\u00f1ista herido tendr\u00eda que demostrar que el due\u00f1o del perro fue negligente.&nbsp;<\/p>\n\n\n\n<p>Es mucho m\u00e1s dif\u00edcil para una v\u00edctima de mordedura de perro responsabilizar econ\u00f3micamente a la playa de sus lesiones. Esto se debe a varias razones. En primer lugar, algunas playas son propiedad del gobierno local, lo que puede dar lugar a problemas de inmunidad. En segundo lugar, la v\u00edctima tendr\u00eda que demostrar que la playa fue de alg\u00fan modo negligente en la creaci\u00f3n o aplicaci\u00f3n de sus leyes sobre correas. Aunque esto es ciertamente posible -y estos casos se dan de vez en cuando-, son relativamente infrecuentes.&nbsp;<\/p>\n\n\n\n<h3 class=\"wp-block-heading\">\u00bfSe proh\u00edben determinadas razas de perros en las playas?<\/h3>\n\n\n\n<p>No, las playas de la zona Charleston no limitan qu\u00e9 razas de perros est\u00e1n permitidas en la playa. Las playas tampoco limitan las razas de perros que pueden estar sin correa durante las horas designadas para ello.&nbsp;<\/p>\n\n\n\n<h3 class=\"wp-block-heading\">\u00bfCu\u00e1l es el plazo de prescripci\u00f3n en un caso de mordedura de perro en el condado de Charleston?<\/h3>\n\n\n\n<p>En el condado de Charleston, as\u00ed como en el resto de South Carolina, las v\u00edctimas de mordeduras de perro tienen hasta tres a\u00f1os para presentar una demanda contra el propietario del animal. Este plazo de tres a\u00f1os empieza a contar a partir de la fecha de la lesi\u00f3n. Si una v\u00edctima no puede presentar su demanda dentro del plazo de prescripci\u00f3n de tres a\u00f1os, es casi seguro que el tribunal desestime el caso, dej\u00e1ndole sin posibilidad de recuperarse de sus lesiones.&nbsp;<\/p>\n\n\n\n<h3 class=\"wp-block-heading\">\u00bfLe atac\u00f3 un perro en una playa South Carolina?<\/h3>\n\n\n\n<p>Si le ha atacado un perro mientras visitaba una playa estatal del condado de Charleston, <a href=\"https:\/\/www.steinberglawfirm.com\/contact-us\/\" target=\"_blank\" rel=\"noopener\">p\u00f3ngase en contacto con los abogados especializados en lesiones personales Charleston<\/a> en el Steinberg Law Firm. En el <a href=\"https:\/\/www.steinberglawfirm.com\/\" target=\"_blank\" rel=\"noopener\">Steinberg Law Firm<\/a>Hemos sido <a href=\"https:\/\/www.steinberglawfirm.com\/results\/\" target=\"_blank\" rel=\"noopener\">ayudar a los perjudicados a obtener una indemnizaci\u00f3n<\/a> por lo que les han hecho pasar durante m\u00e1s de 95 a\u00f1os. Nos encargamos de todo tipo de casos de mordeduras de perro, incluidos los que se producen en Foley Beach, Kiawah Island, Isle of Palms, Sullivan's Island, Seabrook Island, Hilton Head y Myrtle Beach. Para obtener m\u00e1s informaci\u00f3n, y para <a href=\"https:\/\/www.steinberglawfirm.com\/free-consultation\/\" target=\"_blank\" rel=\"noopener\">programar una consulta gratuita<\/a> con un abogado hoy mismo, <a href=\"tel:-843-720-2800\">llame al 843-720-2800<\/a>. Tambi\u00e9n puede ponerse en contacto con nosotros a trav\u00e9s de <a href=\"https:\/\/www.steinberglawfirm.com\/contact-us\/\" target=\"_blank\" rel=\"noopener\">nuestro formulario de contacto en l\u00ednea seguro y confidencial<\/a>.<\/p>","protected":false},"excerpt":{"rendered":"<p>Mordeduras de perro en las playas South Carolina Abogados de lesiones al servicio de Folly Beach, Isle of Palms, Myrtle Beach y Hilton Head Si usted es un residente de South Carolina, tomar un viaje de un d\u00eda a la playa es una brisa. Sin embargo, dadas las diferentes normas y reglamentos de correa, puede ser dif\u00edcil saber cu\u00e1ndo podr\u00e1...<\/p>","protected":false},"author":1,"featured_media":26254,"parent":774,"menu_order":0,"comment_status":"closed","ping_status":"closed","template":"","meta":{"_acf_changed":false,"footnotes":""},"class_list":["post-26250","page","type-page","status-publish","has-post-thumbnail","hentry"],"acf":[],"_links":{"self":[{"href":"https:\/\/steinberglawfirm-staging.clmcloud.app\/es\/wp-json\/wp\/v2\/pages\/26250"}],"collection":[{"href":"https:\/\/steinberglawfirm-staging.clmcloud.app\/es\/wp-json\/wp\/v2\/pages"}],"about":[{"href":"https:\/\/steinberglawfirm-staging.clmcloud.app\/es\/wp-json\/wp\/v2\/types\/page"}],"author":[{"embeddable":true,"href":"https:\/\/steinberglawfirm-staging.clmcloud.app\/es\/wp-json\/wp\/v2\/users\/1"}],"replies":[{"embeddable":true,"href":"https:\/\/steinberglawfirm-staging.clmcloud.app\/es\/wp-json\/wp\/v2\/comments?post=26250"}],"version-history":[{"count":6,"href":"https:\/\/steinberglawfirm-staging.clmcloud.app\/es\/wp-json\/wp\/v2\/pages\/26250\/revisions"}],"predecessor-version":[{"id":31379,"href":"https:\/\/steinberglawfirm-staging.clmcloud.app\/es\/wp-json\/wp\/v2\/pages\/26250\/revisions\/31379"}],"up":[{"embeddable":true,"href":"https:\/\/steinberglawfirm-staging.clmcloud.app\/es\/wp-json\/wp\/v2\/pages\/774"}],"wp:featuredmedia":[{"embeddable":true,"href":"https:\/\/steinberglawfirm-staging.clmcloud.app\/es\/wp-json\/wp\/v2\/media\/26254"}],"wp:attachment":[{"href":"https:\/\/steinberglawfirm-staging.clmcloud.app\/es\/wp-json\/wp\/v2\/media?parent=26250"}],"curies":[{"name":"wp","href":"https:\/\/api.w.org\/{rel}","templated":true}]}}