{"id":26239,"date":"2023-06-08T23:09:31","date_gmt":"2023-06-08T23:09:31","guid":{"rendered":"https:\/\/www.steinberglawfirm.com\/?page_id=26239"},"modified":"2024-08-01T20:33:55","modified_gmt":"2024-08-01T20:33:55","slug":"drunk-driving-injury-lawyers","status":"publish","type":"page","link":"https:\/\/steinberglawfirm-staging.clmcloud.app\/es\/ubicaciones\/monte-agradable\/abogado-accidente-de-coche-4\/abogados-especializados-en-alcoholemia\/","title":{"rendered":"Abogados de lesiones por conducir ebrio"},"content":{"rendered":"<h1 class=\"wp-block-heading\">Abogados de lesiones por conducir ebrio en Mt. Pleasant<\/h1>\n\n\n\n<h2 class=\"wp-block-heading\"><em>Abogados de accidentes de coche al servicio de Mt. Pleasant, SC v\u00edctimas de DUI<\/em><\/h2>\n\n\n\n<p>La mayor\u00eda de los accidentes de tr\u00e1fico son evitables. Sin embargo, cuando se habla de accidentes por conducir ebrio, el \"error\" de un conductor es cualquier cosa menos inocente. Cuando alguien se pone al volante de un veh\u00edculo despu\u00e9s de haber bebido demasiado, sabe que est\u00e1 poniendo en peligro la seguridad de todos los dem\u00e1s en la carretera. Sin embargo, <a href=\"https:\/\/www.steinberglawfirm.com\/locations\/mount-pleasant\/car-accident-lawyer\/\" target=\"_blank\" rel=\"noopener\">Los conductores de Mt. Pleasant siguen tomando decisiones imprudentes<\/a> cuando se trata de conducir bajo los efectos del alcohol.&nbsp;<\/p>\n\n\n\n<p>En el <a href=\"https:\/\/www.steinberglawfirm.com\/\" target=\"_blank\" rel=\"noopener\">Steinberg Law Firm<\/a>, nuestro <a href=\"https:\/\/www.steinberglawfirm.com\/attorney\/\" target=\"_blank\" rel=\"noopener\">equipo dedicado de abogados de accidentes de DUI Mt. Pleasant<\/a> representan regularmente a v\u00edctimas de accidentes en <a href=\"https:\/\/www.steinberglawfirm.com\/personal-injury\/personal-injury-lawyers\/\" target=\"_blank\" rel=\"noopener\">casos de da\u00f1os personales<\/a>ayud\u00e1ndoles a obtener una compensaci\u00f3n significativa por lo que han sufrido. Adoptamos un enfoque individual para cada caso que manejamos, asegurando que sus necesidades se ponen en primer lugar, su opini\u00f3n es valorada, y sus preguntas son contestadas con prontitud.&nbsp;<\/p>\n\n\n\n<h3 class=\"wp-block-heading\">Conducir ebrio en Mt. Pleasant<\/h3>\n\n\n\n<p>Situado al noreste de Charleston, justo al otro lado del r\u00edo Wando, Mt. Pleasant es una popular alternativa suburbana al ajetreado modo de vida en <a href=\"https:\/\/www.steinberglawfirm.com\/locations\/charleston\/car-accident-lawyers\/drunk-driving-injury-accident\/\" target=\"_blank\" rel=\"noopener\">Charleston<\/a>. Al mismo tiempo, Mt. Pleasant est\u00e1 a s\u00f3lo 25 minutos en coche del centro Charleston, lo que facilita los desplazamientos a la ciudad para trabajar o divertirse. A pesar de las ventajas de vivir en Mt. Pleasant, los visitantes que acuden a los bares y restaurantes locales siguen tomando malas decisiones y ponen a otros en una situaci\u00f3n de <a href=\"https:\/\/www.steinberglawfirm.com\/locations\/mount-pleasant\/car-accident-lawyer\/\" target=\"_blank\" rel=\"noopener\">alto riesgo de verse implicado en un accidente de tr\u00e1fico grave<\/a>.\u00a0<\/p>\n\n\n\n<p>Seg\u00fan el an\u00e1lisis de Forbes Advisors Worst States for Drunk Driving 2022, South Carolina ocupa el s\u00e9ptimo lugar en el pa\u00eds, con aproximadamente 7 conductores ebrios implicados en un accidente de tr\u00e1fico mortal por cada 100.000 conductores.<sup> <\/sup>De media, mueren 5 personas por conducir ebrias por cada 100.000 habitantes.<\/p>\n\n\n\n<p>Desde 2022, un total de 243 incidentes relacionados con DUI ocurrieron en Mt. Pleasant. El Portal de Servicios MapCitizen del Departamento de Polic\u00eda de Mt. Pleasant revel\u00f3 que desde el a\u00f1o pasado, 16 incidentes relacionados con DUI ocurrieron en la autopista 17 y 19 incidentes relacionados con DUI cerca del centro comercial Mt. Pleasant Town Centre. En Chuck Dawley Blvd, se reportaron 7 incidentes relacionados con DUI y 10 incidentes relacionados con DUI ocurrieron cerca del Centro Comercial Queensborough.<\/p>\n\n\n\n<h3 class=\"wp-block-heading\">Lesiones comunes por conducir ebrio<\/h3>\n\n\n\n<p>Las lesiones que pueden producirse como consecuencia de un accidente por conducci\u00f3n bajo los efectos del alcohol suelen dar lugar a lesiones m\u00e1s graves. Este tipo de colisiones a menudo implican altas velocidades, impactos directos con otro veh\u00edculo u objeto, o ambos. Algunas de las lesiones m\u00e1s comunes en los accidentes por conducir ebrio son las siguientes:<\/p>\n\n\n\n<ul class=\"wp-block-list\">\n<li>Huesos rotos&nbsp;<\/li>\n\n\n\n<li><a href=\"https:\/\/www.steinberglawfirm.com\/personal-injury\/auto-accidents\/brain-injury-from-car-accident\/\" target=\"_blank\" rel=\"noopener\">Lesiones cerebrales traum\u00e1ticas<\/a><\/li>\n\n\n\n<li>Lesiones faciales<\/li>\n\n\n\n<li>Da\u00f1os en los \u00f3rganos internos<\/li>\n\n\n\n<li><a href=\"https:\/\/www.steinberglawfirm.com\/personal-injury\/auto-accidents\/back-injuries-from-car-accidents\/\" target=\"_blank\" rel=\"noopener\">Volver<\/a> y <a href=\"https:\/\/www.steinberglawfirm.com\/personal-injury\/auto-accidents\/spinal-cord-injury\/\" target=\"_blank\" rel=\"noopener\">lesiones en la columna vertebral<\/a><\/li>\n\n\n\n<li>Par\u00e1lisis<\/li>\n\n\n\n<li>Latigazo cervical<\/li>\n<\/ul>\n\n\n\n<p>Aunque estas lesiones pueden curarse con el tiempo, por desgracia, no siempre es as\u00ed. Incluso despu\u00e9s de meses de citas de seguimiento, fisioterapia y cirug\u00edas, las v\u00edctimas de accidentes automovil\u00edsticos pueden seguir sufriendo limitaciones y discapacidades a largo plazo. Adem\u00e1s, muchas v\u00edctimas de accidentes por conducir ebrios experimentan angustia emocional, lo que puede limitar a\u00fan m\u00e1s su capacidad para trabajar y participar en las actividades que antes disfrutaban.&nbsp;<\/p>\n\n\n\n<h3 class=\"wp-block-heading\">Los casos de lesiones personales por conducir ebrio en Mt. Pleasant ofrecen a las v\u00edctimas un camino hacia la recuperaci\u00f3n<\/h3>\n\n\n\n<p>Los que han sido <a href=\"https:\/\/www.steinberglawfirm.com\/locations\/mount-pleasant\/car-accident-lawyer\/\" target=\"_blank\" rel=\"noopener\">herido en un accidente por conducir ebrio en Mt. Pleasant<\/a> merecen justicia. Y, mientras que el sistema de justicia penal est\u00e1 dise\u00f1ado para repartir castigo a los condenados por violar las leyes de DUI del estado, estos casos proporcionan poca ayuda a las v\u00edctimas y sus familias. Al presentar una demanda por lesiones personales, las v\u00edctimas de accidentes pueden responsabilizar financieramente a los conductores ebrios negligentes por los da\u00f1os y perjuicios que causaron.&nbsp;<\/p>\n\n\n\n<p><a href=\"https:\/\/www.steinberglawfirm.com\/personal-injury\/personal-injury-lawyers\/\" target=\"_blank\" rel=\"noopener\">Demandas por da\u00f1os personales<\/a> son casos civiles presentados por una v\u00edctima de accidente contra otra parte. La mayor\u00eda de los casos de lesiones personales se basan en la teor\u00eda legal de la negligencia, y los accidentes de DUI no son una excepci\u00f3n. En un caso de negligencia, la v\u00edctima debe probar lo siguiente:&nbsp;<\/p>\n\n\n\n<ol class=\"wp-block-list\">\n<li>Que el demandado les deb\u00eda un deber de diligencia.<\/li>\n\n\n\n<li>La demandada incumpli\u00f3 ese deber.<\/li>\n\n\n\n<li>Las lesiones de la v\u00edctima fueron consecuencia de las acciones del acusado.<\/li>\n\n\n\n<li>Que la v\u00edctima haya sufrido da\u00f1os econ\u00f3micos o no econ\u00f3micos como consecuencia del accidente.&nbsp;<\/li>\n<\/ol>\n\n\n\n<p>En algunos casos, las v\u00edctimas de accidentes pueden beneficiarse de la negligencia per se. La negligencia per se se aplica cuando el deber, as\u00ed como las expectativas de lo que se requiere para cumplir con ese deber, est\u00e1n previstos por la ley. Cuando un demandado incumple una obligaci\u00f3n legal contra\u00edda con la v\u00edctima del accidente, se cumplen los dos primeros elementos de un caso de negligencia.&nbsp;<\/p>\n\n\n\n<p>Por ejemplo, la ley South Carolina DUI establece: \"Es ilegal que una persona conduzca un veh\u00edculo de motor dentro de este Estado mientras est\u00e9 bajo la influencia del alcohol en la medida en que las facultades de la persona para conducir un veh\u00edculo de motor est\u00e9n material y apreciablemente disminuidas.\" Esta ley crea un deber que todos los automovilistas deben cumplir. Por lo tanto, si un conductor viola la ley de DUI, ha incumplido un deber.&nbsp;<\/p>\n\n\n\n<p>Para que se aplique la negligencia per se, la v\u00edctima del accidente debe demostrar que:<\/p>\n\n\n\n<ol class=\"wp-block-list\">\n<li>La finalidad del estatuto es proteger del tipo de da\u00f1o que ha sufrido la v\u00edctima del accidente; y<\/li>\n\n\n\n<li>La v\u00edctima del accidente pertenece a la clase de personas que la ley pretende proteger.&nbsp;<\/li>\n<\/ol>\n\n\n\n<p>Cuando se aplica la negligencia per se, lo \u00fanico que le queda por demostrar a la v\u00edctima del accidente es que las acciones del conductor ebrio fueron la causa de las lesiones de la v\u00edctima y que \u00e9sta sufri\u00f3 da\u00f1os como consecuencia del accidente.&nbsp;<\/p>\n\n\n\n<h3 class=\"wp-block-heading\">Accidentes mortales por DUI en Mt. Pleasant<\/h3>\n\n\n\n<p>Los accidentes por conducir ebrio tienen muchas m\u00e1s probabilidades de acabar con una o m\u00e1s personas implicadas <a href=\"https:\/\/www.steinberglawfirm.com\/personal-injury\/auto-accidents\/fatal-car-accident\/\" target=\"_blank\" rel=\"noopener\">sufrir lesiones mortales<\/a>. De hecho, casi el 30 por ciento de todas las muertes de tr\u00e1fico South Carolina en 2020 involucraron a un conductor ebrio. Si bien esta cifra est\u00e1 generalmente en l\u00ednea con otros estados, muchos m\u00e1s South carolinos mueren en accidentes por conducir ebrios cuando se considera la poblaci\u00f3n del estado. Por ejemplo, seg\u00fan la National Highway Traffic Safety Administration, hay 5,6 muertes de tr\u00e1fico relacionadas con el alcohol por cada 100,000 personas en South Carolina, mientras que hay un promedio de 3,1 muertes de tr\u00e1fico relacionadas con el alcohol en los Estados Unidos. Eso significa que los residentes de South Carolina tienen casi el doble de probabilidades de morir en un accidente de DUI que los residentes de otros estados.&nbsp;<\/p>\n\n\n\n<p>En gran parte, esto se debe al n\u00famero de DUIs de menores de edad en South Carolina. Por ejemplo, en 2019, la tasa de muertes por conducci\u00f3n bajo los efectos del alcohol de menores de edad en South Carolina fue el doble de la tasa de la media nacional.&nbsp;<\/p>\n\n\n\n<h3 class=\"wp-block-heading\">Mt. Pleasant Casos de muerte injusta despu\u00e9s de accidentes mortales por DUI<\/h3>\n\n\n\n<p>Familias que <a href=\"https:\/\/www.steinberglawfirm.com\/personal-injury\/auto-accidents\/fatal-car-accident\/\" target=\"_blank\" rel=\"noopener\">perdi\u00f3 a un ser querido en un accidente de DUI en Mt. Pleasant<\/a> puede obtener una indemnizaci\u00f3n por su p\u00e9rdida mediante una demanda por homicidio culposo. En el South Carolina, s\u00f3lo los administradores o albaceas de la herencia de una v\u00edctima de accidente fallecida pueden presentar una demanda por homicidio culposo. A menudo, las personas nombran a un albacea o administrador en su testamento; sin embargo, si ese no fuera el caso, el tribunal nombrar\u00e1 a uno.<\/p>\n\n\n\n<p>Si bien el ejecutor\/administrador debe aportar una <a href=\"https:\/\/www.steinberglawfirm.com\/locations\/mount-pleasant\/wrongful-death-attorney\/\" target=\"_blank\" rel=\"noopener\">Demanda por homicidio culposo en Mt. Pleasant<\/a>Los beneficios de la demanda se destinan a los seres queridos supervivientes. Los elegibles para recuperar los da\u00f1os en un caso de muerte por negligencia de accidente de DUI incluyen los siguientes:<\/p>\n\n\n\n<ul class=\"wp-block-list\">\n<li>El c\u00f3nyuge y los hijos del fallecido;<\/li>\n\n\n\n<li>Los padres supervivientes de la v\u00edctima del accidente de tr\u00e1fico (si no hay c\u00f3nyuge ni hijos).<\/li>\n\n\n\n<li>Los herederos de la persona fallecida (si no hay c\u00f3nyuge, hijos o padres).<\/li>\n<\/ul>\n\n\n\n<p>Las familias en duelo pueden <a href=\"https:\/\/www.steinberglawfirm.com\/personal-injury\/wrongful-death\/\" target=\"_blank\" rel=\"noopener\">recuperar una indemnizaci\u00f3n importante mediante una demanda por homicidio culposo<\/a>. Por supuesto, los da\u00f1os en estos casos var\u00edan dependiendo de muchos factores, pero los da\u00f1os que pueden ser recuperados en una demanda por homicidio culposo por DUI en Mt. Pleasant generalmente incluyen los siguientes:<\/p>\n\n\n\n<ul class=\"wp-block-list\">\n<li>P\u00e9rdida de ingresos que el fallecido habr\u00eda aportado al hogar.<\/li>\n\n\n\n<li>P\u00e9rdida del cuidado, protecci\u00f3n y compa\u00f1\u00eda de la v\u00edctima.<\/li>\n\n\n\n<li>Angustia mental experimentada por los seres queridos supervivientes de la v\u00edctima.<\/li>\n\n\n\n<li>Gastos de funeral y entierro.<\/li>\n\n\n\n<li>Da\u00f1os punitivos.<\/li>\n<\/ul>\n\n\n\n<p>South Carolina las familias tambi\u00e9n pueden interponer una acci\u00f3n de supervivencia, solicitando una indemnizaci\u00f3n por los da\u00f1os sufridos por la v\u00edctima antes de su muerte. Al igual que en los casos de homicidio culposo, las acciones de supervivencia s\u00f3lo pueden ser presentadas por el albacea o administrador del patrimonio de la v\u00edctima. Los da\u00f1os recuperados van a parar al patrimonio de la v\u00edctima y pueden incluir lo siguiente:<\/p>\n\n\n\n<ul class=\"wp-block-list\">\n<li>El dolor y el sufrimiento de la v\u00edctima antes de su muerte.<\/li>\n\n\n\n<li>Tratamiento m\u00e9dico que recibi\u00f3 la v\u00edctima.<\/li>\n\n\n\n<li>Todos los gastos en que haya incurrido la v\u00edctima antes de fallecer.<\/li>\n\n\n\n<li>Da\u00f1os punitivos.<\/li>\n<\/ul>\n\n\n\n<h3 class=\"wp-block-heading\">Hable hoy mismo con un abogado con experiencia en lesiones personales de Mt. Pleasant sobre su reciente accidente por DUI<\/h3>\n\n\n\n<p>Si usted o un ser querido ha resultado herido recientemente en un accidente por conducir ebrio, la <a href=\"https:\/\/www.steinberglawfirm.com\/personal-injury\/auto-accidents\/\" target=\"_blank\" rel=\"noopener\">Charleston abogados de accidentes de coche en el Steinberg Law Firm<\/a> est\u00e1n aqu\u00ed para ayudarle. Con m\u00e1s de 95 a\u00f1os de experiencia abogando agresivamente en nombre de las v\u00edctimas de accidentes y sus familias, entendemos por lo que est\u00e1 pasando y lo que se necesita para asegurar que usted reciba la compensaci\u00f3n que se merece. Nosotros tambi\u00e9n <a href=\"https:\/\/www.steinberglawfirm.com\/no-fee-unless-you-win\/\" target=\"_blank\" rel=\"noopener\">aceptar todas las demandas por conducir ebrio en base a contingencia<\/a>Esto significa que usted no tendr\u00e1 que pagar honorarios de abogado hasta que obtengamos una indemnizaci\u00f3n en su nombre. Para obtener m\u00e1s informaci\u00f3n, y para <a href=\"https:\/\/www.steinberglawfirm.com\/free-consultation\/\" target=\"_blank\" rel=\"noopener\">programar una consulta gratuita<\/a> con uno de nuestros abogados, no dude en llamarnos 24\/7 al <a href=\"tel:1-843-720-2800\">843-720-2800<\/a>. Tambi\u00e9n puede ponerse en contacto con nosotros a trav\u00e9s de <a href=\"https:\/\/www.steinberglawfirm.com\/contact-us\/\" target=\"_blank\" rel=\"noopener\">nuestro formulario de contacto en l\u00ednea<\/a>.<\/p>","protected":false},"excerpt":{"rendered":"<p>Mt. Pleasant Abogados de lesiones por conducir ebrio Abogados de accidentes automovil\u00edsticos al servicio de Mt. Pleasant, SC V\u00edctimas de DUI La mayor\u00eda de los accidentes automovil\u00edsticos son evitables. Sin embargo, cuando se habla de accidentes por conducir ebrio, el \"error\" de un automovilista es cualquier cosa menos inocente. Cuando alguien se pone al volante de un veh\u00edculo despu\u00e9s de haber bebido demasiado, sabe que est\u00e1 poniendo en peligro la...<\/p>","protected":false},"author":1,"featured_media":26243,"parent":13626,"menu_order":0,"comment_status":"closed","ping_status":"closed","template":"","meta":{"_acf_changed":false,"footnotes":""},"class_list":["post-26239","page","type-page","status-publish","has-post-thumbnail","hentry"],"acf":[],"_links":{"self":[{"href":"https:\/\/steinberglawfirm-staging.clmcloud.app\/es\/wp-json\/wp\/v2\/pages\/26239"}],"collection":[{"href":"https:\/\/steinberglawfirm-staging.clmcloud.app\/es\/wp-json\/wp\/v2\/pages"}],"about":[{"href":"https:\/\/steinberglawfirm-staging.clmcloud.app\/es\/wp-json\/wp\/v2\/types\/page"}],"author":[{"embeddable":true,"href":"https:\/\/steinberglawfirm-staging.clmcloud.app\/es\/wp-json\/wp\/v2\/users\/1"}],"replies":[{"embeddable":true,"href":"https:\/\/steinberglawfirm-staging.clmcloud.app\/es\/wp-json\/wp\/v2\/comments?post=26239"}],"version-history":[{"count":4,"href":"https:\/\/steinberglawfirm-staging.clmcloud.app\/es\/wp-json\/wp\/v2\/pages\/26239\/revisions"}],"predecessor-version":[{"id":31584,"href":"https:\/\/steinberglawfirm-staging.clmcloud.app\/es\/wp-json\/wp\/v2\/pages\/26239\/revisions\/31584"}],"up":[{"embeddable":true,"href":"https:\/\/steinberglawfirm-staging.clmcloud.app\/es\/wp-json\/wp\/v2\/pages\/13626"}],"wp:featuredmedia":[{"embeddable":true,"href":"https:\/\/steinberglawfirm-staging.clmcloud.app\/es\/wp-json\/wp\/v2\/media\/26243"}],"wp:attachment":[{"href":"https:\/\/steinberglawfirm-staging.clmcloud.app\/es\/wp-json\/wp\/v2\/media?parent=26239"}],"curies":[{"name":"wp","href":"https:\/\/api.w.org\/{rel}","templated":true}]}}