{"id":25404,"date":"2023-05-11T23:43:28","date_gmt":"2023-05-11T23:43:28","guid":{"rendered":"https:\/\/www.steinberglawfirm.com\/?page_id=25404"},"modified":"2023-05-11T23:48:37","modified_gmt":"2023-05-11T23:48:37","slug":"let-steinberg-law-firm-help-you-against-insurance-companies","status":"publish","type":"page","link":"https:\/\/steinberglawfirm-staging.clmcloud.app\/es\/video-centro\/anuncios-de-television\/let-steinberg-law-firm-help-you-against-insurance-companies\/","title":{"rendered":"Deje que Steinberg Law Firm le ayude contra las compa\u00f1\u00edas de seguros"},"content":{"rendered":"<h1 class=\"wp-block-heading\">Deje que Steinberg Law Firm le ayude contra las compa\u00f1\u00edas de seguros<\/h1>\n\n\n\n<figure class=\"wp-block-embed is-type-video is-provider-vimeo wp-block-embed-vimeo wp-embed-aspect-16-9 wp-has-aspect-ratio\"><div class=\"wp-block-embed__wrapper\">\n<iframe loading=\"lazy\" title=\"Deje que Steinberg Law Firm le ayude contra las compa\u00f1\u00edas de seguros\" src=\"https:\/\/player.vimeo.com\/video\/826026570?h=82d0ef4c16&amp;dnt=1&amp;app_id=122963\" width=\"500\" height=\"281\" frameborder=\"0\" allow=\"autoplay; fullscreen; picture-in-picture; clipboard-write\"><\/iframe>\n<\/div><\/figure>\n\n\n\n<p>Los accidentes de coche pueden ser devastadores. Las lesiones causan dolor que le puede seguir para el resto de su vida, lo que lleva a la incertidumbre para usted y su familia. Las compa\u00f1\u00edas de seguros quieren resolver su caso r\u00e1pidamente por el menor pago posible. En <a href=\"https:\/\/www.steinberglawfirm.com\/\" target=\"_blank\" rel=\"noopener\">Steinberg Law Firm<\/a> est\u00e1 aqu\u00ed para protegerle. Nuestro bufete de abogados ha ayudado a miles de personas <a href=\"https:\/\/www.steinberglawfirm.com\/personal-injury\/auto-accidents\/\" target=\"_blank\" rel=\"noopener\">heridos en accidentes de tr\u00e1fico<\/a>. Perm\u00edtanos ayudarle para que pueda recuperarse y volver a vivir su vida y disfrutar de su familia. <a href=\"tel:1-843-720-2800\">Llame al Steinberg Law Firm<\/a>y Get The Firm Behind You.<\/p>\n\n\n\n<h3>Otros anuncios de televisi\u00f3n:<\/h3>\n<ul class=\"list-pages-shortcode sibling-pages\"><li class=\"page_item page-item-3926\"><a href=\"https:\/\/steinberglawfirm-staging.clmcloud.app\/es\/video-centro\/anuncios-de-television\/110-por-ciento\/\">110 por ciento<\/a><\/li>\n<li class=\"page_item page-item-3953\"><a href=\"https:\/\/steinberglawfirm-staging.clmcloud.app\/es\/video-centro\/anuncios-de-television\/dont-go-it-alone\/\">No lo hagas solo<\/a><\/li>\n<li class=\"page_item page-item-3928\"><a href=\"https:\/\/steinberglawfirm-staging.clmcloud.app\/es\/video-centro\/anuncios-de-television\/experiencia\/\">Experiencia<\/a><\/li>\n<li class=\"page_item page-item-3951\"><a href=\"https:\/\/steinberglawfirm-staging.clmcloud.app\/es\/video-centro\/anuncios-de-television\/frustrado-con-las-companias-de-seguros\/\">\u00bfFrustrado con las compa\u00f1\u00edas de seguros?<\/a><\/li>\n<li class=\"page_item page-item-3955\"><a href=\"https:\/\/steinberglawfirm-staging.clmcloud.app\/es\/video-centro\/anuncios-de-television\/consigue-todo-lo-que-mereces\/\">Consiga todo lo que se merece<\/a><\/li>\n<li class=\"page_item page-item-3946\"><a href=\"https:\/\/steinberglawfirm-staging.clmcloud.app\/es\/video-centro\/anuncios-de-television\/get-the-firm-behind-you\/\">Consiga que la empresa le respalde<\/a><\/li>\n<li class=\"page_item page-item-3957\"><a href=\"https:\/\/steinberglawfirm-staging.clmcloud.app\/es\/video-centro\/anuncios-de-television\/consiga-su-propio-equipo-de-abogados\/\">Consiga su propio equipo de abogados<\/a><\/li>\n<li class=\"page_item page-item-3930\"><a href=\"https:\/\/steinberglawfirm-staging.clmcloud.app\/es\/video-centro\/anuncios-de-television\/trucos\/\">Trucos<\/a><\/li>\n<li class=\"page_item page-item-25395\"><a href=\"https:\/\/steinberglawfirm-staging.clmcloud.app\/es\/video-centro\/anuncios-de-television\/lo-que-es-importante-al-contratar-un-abogado\/\">Esto es lo importante a la hora de contratar a un abogado<\/a><\/li>\n<li class=\"page_item page-item-3932\"><a href=\"https:\/\/steinberglawfirm-staging.clmcloud.app\/es\/video-centro\/anuncios-de-television\/contratar-a-un-abogado\/\">Contrataci\u00f3n de un abogado<\/a><\/li>\n<li class=\"page_item page-item-26755\"><a href=\"https:\/\/steinberglawfirm-staging.clmcloud.app\/es\/video-centro\/anuncios-de-television\/como-steinberg-law-firm-earns-their-reputation\/\">C\u00f3mo Steinberg Law Firm se gana su reputaci\u00f3n<\/a><\/li>\n<li class=\"page_item page-item-21653\"><a href=\"https:\/\/steinberglawfirm-staging.clmcloud.app\/es\/video-centro\/anuncios-de-television\/ignorado-por-el-seguro-despues-de-un-accidente-de-trabajo\/\">\u00bfIgnorado por el seguro tras un accidente de trabajo?<\/a><\/li>\n<li class=\"page_item page-item-3948\"><a href=\"https:\/\/steinberglawfirm-staging.clmcloud.app\/es\/video-centro\/anuncios-de-television\/las-companias-de-seguros-son-muy-frustrantes\/\">Las compa\u00f1\u00edas de seguros son MUY frustrantes<\/a><\/li>\n<li class=\"page_item page-item-26702\"><a href=\"https:\/\/steinberglawfirm-staging.clmcloud.app\/es\/video-centro\/anuncios-de-television\/el-accidente-de-coche-o-camion-tarda-solo-unos-segundos-en-producirse\/\">La tragedia de un accidente de coche o cami\u00f3n s\u00f3lo tarda segundos en producirse<\/a><\/li>\n<li class=\"page_item page-item-25404\"><a href=\"https:\/\/steinberglawfirm-staging.clmcloud.app\/es\/video-centro\/anuncios-de-television\/let-steinberg-law-firm-help-you-against-insurance-companies\/\">Deje que Steinberg Law Firm le ayude contra las compa\u00f1\u00edas de seguros<\/a><\/li>\n<li class=\"page_item page-item-15985\"><a href=\"https:\/\/steinberglawfirm-staging.clmcloud.app\/es\/video-centro\/anuncios-de-television\/deja-que-el-bufete-de-abogados-steinberg-se-ocupe-de-ti\/\">Deje que el Steinberg Law Firm se ocupe de usted<\/a><\/li>\n<li class=\"page_item page-item-3934\"><a href=\"https:\/\/steinberglawfirm-staging.clmcloud.app\/es\/video-centro\/anuncios-de-television\/vida-interrumpida\/\">Vida interrumpida<\/a><\/li>\n<li class=\"page_item page-item-3936\"><a href=\"https:\/\/steinberglawfirm-staging.clmcloud.app\/es\/video-centro\/anuncios-de-television\/ahora-es-el-momento\/\">Ahora es el momento<\/a><\/li>\n<li class=\"page_item page-item-3938\"><a href=\"https:\/\/steinberglawfirm-staging.clmcloud.app\/es\/video-centro\/anuncios-de-television\/nuestro-equipo\/\">Nuestro equipo<\/a><\/li>\n<li class=\"page_item page-item-3924\"><a href=\"https:\/\/steinberglawfirm-staging.clmcloud.app\/es\/video-centro\/anuncios-de-television\/steinberg-law-firm\/\">Steinberg Law Firm<\/a><\/li>\n<li class=\"page_item page-item-25413\"><a href=\"https:\/\/steinberglawfirm-staging.clmcloud.app\/es\/video-centro\/anuncios-de-television\/el-bufete-steinberg-lleva-casi-un-siglo-protegiendo-a-los-trabajadores\/\">Steinberg Law Firm lleva casi un siglo protegiendo a los trabajadores<\/a><\/li>\n<li class=\"page_item page-item-25408\"><a href=\"https:\/\/steinberglawfirm-staging.clmcloud.app\/es\/video-centro\/anuncios-de-television\/steinberg-law-firm-helps-injured-workers-in-south-carolina\/\">Steinberg Law Firm Ayuda a los trabajadores lesionados en South Carolina<\/a><\/li>\n<li class=\"page_item page-item-30515\"><a href=\"https:\/\/steinberglawfirm-staging.clmcloud.app\/es\/video-centro\/anuncios-de-television\/el-bufete-steinberg-marca-la-pauta-en-los-bufetes-de-carolina-del-sur\/\">Steinberg Law Firm marca la pauta para los bufetes South Carolina<\/a><\/li>\n<li class=\"page_item page-item-27138\"><a href=\"https:\/\/steinberglawfirm-staging.clmcloud.app\/es\/video-centro\/anuncios-de-television\/steinberg-law-firm-votado-mejor-abogado-en-el-2023-charlestons-choice-award\/\">Steinberg Law Firm Elegido Mejor Despacho de Abogados en los Premios Charleston de 2023<\/a><\/li>\n<li class=\"page_item page-item-3940\"><a href=\"https:\/\/steinberglawfirm-staging.clmcloud.app\/es\/video-centro\/anuncios-de-television\/cuida\/\">Cu\u00eddate<\/a><\/li>\n<li class=\"page_item page-item-3942\"><a href=\"https:\/\/steinberglawfirm-staging.clmcloud.app\/es\/video-centro\/anuncios-de-television\/muy-frustrado\/\">Muy frustrado<\/a><\/li>\n<li class=\"page_item page-item-3922\"><a href=\"https:\/\/steinberglawfirm-staging.clmcloud.app\/es\/video-centro\/anuncios-de-television\/nosotros-stand-up\/\">Nos levantamos<\/a><\/li>\n<li class=\"page_item page-item-26752\"><a href=\"https:\/\/steinberglawfirm-staging.clmcloud.app\/es\/video-centro\/anuncios-de-television\/que-define-a-los-abogados-del-bufete-steinberg\/\">Qu\u00e9 define a los abogados del Steinberg Law Firm<\/a><\/li>\n<li class=\"page_item page-item-25400\"><a href=\"https:\/\/steinberglawfirm-staging.clmcloud.app\/es\/video-centro\/anuncios-de-television\/por-que-catherine-meehan-se-incorporo-al-bufete-steinberg\/\">Por qu\u00e9 Catherine Meehan se uni\u00f3 a Steinberg Law Firm<\/a><\/li>\n<li class=\"page_item page-item-26722\"><a href=\"https:\/\/steinberglawfirm-staging.clmcloud.app\/es\/video-centro\/anuncios-de-television\/workers-comp-claims-are-complicated-get-the-firm-behind-you\/\">Los reclamos de compensaci\u00f3n laboral son complicados. Consiga la firma detr\u00e1s de usted<\/a><\/li>\n<li class=\"page_item page-item-3944\"><a href=\"https:\/\/steinberglawfirm-staging.clmcloud.app\/es\/video-centro\/anuncios-de-television\/you-can-better\/\">Puedes apostar mejor<\/a><\/li>\n<\/ul>","protected":false},"excerpt":{"rendered":"<p>Deje que Steinberg Law Firm le ayude contra las compa\u00f1\u00edas de seguros Los accidentes de coche pueden ser devastadores. Las lesiones causan dolor que le puede seguir para el resto de su vida, lo que lleva a la incertidumbre para usted y su familia. Las compa\u00f1\u00edas de seguros quiere resolver su caso r\u00e1pidamente para el pago m\u00e1s peque\u00f1o posible. The Steinberg Law Firm est\u00e1 aqu\u00ed...<\/p>","protected":false},"author":1,"featured_media":0,"parent":3818,"menu_order":0,"comment_status":"closed","ping_status":"closed","template":"","meta":{"_acf_changed":false,"footnotes":""},"class_list":["post-25404","page","type-page","status-publish","hentry"],"acf":[],"_links":{"self":[{"href":"https:\/\/steinberglawfirm-staging.clmcloud.app\/es\/wp-json\/wp\/v2\/pages\/25404"}],"collection":[{"href":"https:\/\/steinberglawfirm-staging.clmcloud.app\/es\/wp-json\/wp\/v2\/pages"}],"about":[{"href":"https:\/\/steinberglawfirm-staging.clmcloud.app\/es\/wp-json\/wp\/v2\/types\/page"}],"author":[{"embeddable":true,"href":"https:\/\/steinberglawfirm-staging.clmcloud.app\/es\/wp-json\/wp\/v2\/users\/1"}],"replies":[{"embeddable":true,"href":"https:\/\/steinberglawfirm-staging.clmcloud.app\/es\/wp-json\/wp\/v2\/comments?post=25404"}],"version-history":[{"count":2,"href":"https:\/\/steinberglawfirm-staging.clmcloud.app\/es\/wp-json\/wp\/v2\/pages\/25404\/revisions"}],"predecessor-version":[{"id":25419,"href":"https:\/\/steinberglawfirm-staging.clmcloud.app\/es\/wp-json\/wp\/v2\/pages\/25404\/revisions\/25419"}],"up":[{"embeddable":true,"href":"https:\/\/steinberglawfirm-staging.clmcloud.app\/es\/wp-json\/wp\/v2\/pages\/3818"}],"wp:attachment":[{"href":"https:\/\/steinberglawfirm-staging.clmcloud.app\/es\/wp-json\/wp\/v2\/media?parent=25404"}],"curies":[{"name":"wp","href":"https:\/\/api.w.org\/{rel}","templated":true}]}}