{"id":24690,"date":"2023-05-09T23:43:26","date_gmt":"2023-05-09T23:43:26","guid":{"rendered":"https:\/\/www.steinberglawfirm.com\/?page_id=24690"},"modified":"2023-05-31T18:11:47","modified_gmt":"2023-05-31T18:11:47","slug":"is-a-kids-sports-waiver-legally-binding","status":"publish","type":"page","link":"https:\/\/steinberglawfirm-staging.clmcloud.app\/es\/faq\/faq-waiver-enforcement\/es-una-renuncia-de-deportes-de-ninos-legalmente-vinculante\/","title":{"rendered":"\u00bfEs jur\u00eddicamente vinculante la renuncia deportiva de un ni\u00f1o?"},"content":{"rendered":"<h1 class=\"wp-block-heading\">\u00bfEs jur\u00eddicamente vinculante la renuncia deportiva de un ni\u00f1o?<\/h1>\n\n\n\n<p>Los deportes juveniles son una excelente manera de que los ni\u00f1os hagan ejercicio, hagan amigos y adquieran habilidades para toda la vida. Todos los deportes entra\u00f1an cierto riesgo de lesi\u00f3n, ante lo cual muchas organizaciones deportivas juveniles responden <a href=\"https:\/\/www.steinberglawfirm.com\/blog\/is-a-waiver-enforceable\/\" target=\"_blank\" rel=\"noopener\">pedir a los padres o tutores que firmen renuncias<\/a>.\u00a0<\/p>\n\n\n\n<p>Cuando un ni\u00f1o se lesiona practicando deportes juveniles, los adultos responsables de \u00e9l pueden preguntarse si pueden presentar una reclamaci\u00f3n contra la organizaci\u00f3n deportiva. Pueden temer que la renuncia les impida obtener una indemnizaci\u00f3n por las p\u00e9rdidas de su hijo.&nbsp;<\/p>\n\n\n\n<p>En el South Carolina, las renuncias suelen considerarse caso por caso. No todas las cl\u00e1usulas de renuncia son aplicables, y no todas las renuncias pueden aplicarse en todas las situaciones posibles de perjuicio.&nbsp;<\/p>\n\n\n\n<p>Una cl\u00e1usula habitual en las exenciones deportivas infantiles es la \"exenci\u00f3n de responsabilidad\". Una exenci\u00f3n de responsabilidad es un contrato en el que el padre, la madre o el tutor del ni\u00f1o acepta renunciar al derecho de <a href=\"https:\/\/www.steinberglawfirm.com\/personal-injury\/premises-liability\/\" target=\"_blank\" rel=\"noopener\">interponer una demanda contra la organizaci\u00f3n deportiva<\/a> o de su personal, incluso si las lesiones del ni\u00f1o son causadas por negligencia de la organizaci\u00f3n o de su personal. A cambio, el padre recibe la oportunidad de inscribir a su hijo en el deporte.&nbsp;<\/p>\n\n\n\n<p>South Carolina los tribunales tratan las exenciones de responsabilidad con escepticismo. Los tribunales reconocen que la protecci\u00f3n frente a demandas que ofrecen estas exenciones puede tentar a las organizaciones deportivas y a su personal a comportarse de forma m\u00e1s descuidada, aumentando el riesgo de lesiones.&nbsp;<\/p>\n\n\n\n<p>En consecuencia, los tribunales South Carolina exigen que las exenciones de responsabilidad contengan un lenguaje muy claro que indique que el padre o tutor tiene la intenci\u00f3n de renunciar a su derecho a exigir responsabilidades a la organizaci\u00f3n y al personal por negligencia. Asimismo, la exenci\u00f3n de responsabilidad debe centrarse en un conjunto concreto de situaciones. No puede eximir a la organizaci\u00f3n o a su personal de toda responsabilidad por cualquier tipo de negligencia.&nbsp;<\/p>\n\n\n\n<p>Las cl\u00e1usulas de exenci\u00f3n de responsabilidad en los deportes juveniles tambi\u00e9n suelen contener una cl\u00e1usula de \"asunci\u00f3n de riesgos\". Una cl\u00e1usula de asunci\u00f3n de riesgos intenta dar a la organizaci\u00f3n y a su personal una \"salida\" ante los tribunales. Si un jugador se lesiona, la organizaci\u00f3n o el personal pueden alegar que el jugador y su familia asumieron el riesgo de lesi\u00f3n cuando decidieron practicar el deporte.<\/p>\n\n\n\n<p>Las cl\u00e1usulas de asunci\u00f3n de riesgos tambi\u00e9n tienen l\u00edmites. Por ejemplo, el riesgo debe ser previsible para el jugador o su adulto responsable. El riesgo de sufrir una conmoci\u00f3n cerebral jugando al f\u00fatbol, por ejemplo, es probablemente un riesgo previsible. El riesgo no puede estar oculto o ser conocido s\u00f3lo por la organizaci\u00f3n deportiva o el personal.&nbsp;<\/p>\n\n\n\n<p>Las renuncias de los ni\u00f1os a los deportes no son autom\u00e1ticamente ejecutables por el mero hecho de que el padre o tutor haya firmado la renuncia. El lenguaje de la renuncia debe examinarse cuidadosamente y compararse con los hechos reales que rodean la lesi\u00f3n. Hable con un <a href=\"https:\/\/www.steinberglawfirm.com\/personal-injury\/personal-injury-lawyers\/\" target=\"_blank\" rel=\"noopener\">abogado experto en lesiones South Carolina<\/a> antes de decidir qu\u00e9 hacer a continuaci\u00f3n.<\/p>\n\n\n\n<h3 class=\"wp-block-heading\">Otras preguntas frecuentes sobre la aplicaci\u00f3n de la exenci\u00f3n:<\/h3>\n\n\n<ul class=\"list-pages-shortcode sibling-pages\"><li class=\"page_item page-item-24674\"><a href=\"https:\/\/steinberglawfirm-staging.clmcloud.app\/es\/faq\/faq-waiver-enforcement\/es-juridicamente-vinculante-una-renuncia-al-alquiler-de-embarcaciones\/\">\u00bfEs jur\u00eddicamente vinculante la renuncia al alquiler de una embarcaci\u00f3n?<\/a><\/li>\n<li class=\"page_item page-item-24661\"><a href=\"https:\/\/steinberglawfirm-staging.clmcloud.app\/es\/faq\/faq-waiver-enforcement\/es-juridicamente-vinculante-una-renuncia-al-gimnasio\/\">\u00bfEs jur\u00eddicamente vinculante una renuncia al gimnasio?<\/a><\/li>\n<li class=\"page_item page-item-24682\"><a href=\"https:\/\/steinberglawfirm-staging.clmcloud.app\/es\/faq\/faq-waiver-enforcement\/is-a-jetski-waiver-legally-binding\/\">\u00bfEs jur\u00eddicamente vinculante la renuncia a la moto acu\u00e1tica?<\/a><\/li>\n<li class=\"page_item page-item-24690\"><a href=\"https:\/\/steinberglawfirm-staging.clmcloud.app\/es\/faq\/faq-waiver-enforcement\/es-una-renuncia-de-deportes-de-ninos-legalmente-vinculante\/\">\u00bfEs jur\u00eddicamente vinculante la renuncia deportiva de un ni\u00f1o?<\/a><\/li>\n<li class=\"page_item page-item-24668\"><a href=\"https:\/\/steinberglawfirm-staging.clmcloud.app\/es\/faq\/faq-waiver-enforcement\/es-juridicamente-vinculante-una-renuncia-a-las-artes-marciales\/\">\u00bfEs jur\u00eddicamente vinculante una renuncia a las artes marciales?<\/a><\/li>\n<\/ul>","protected":false},"excerpt":{"rendered":"<p>\u00bfEs jur\u00eddicamente vinculante la renuncia de un ni\u00f1o a practicar un deporte? Los deportes juveniles son una forma estupenda de que los ni\u00f1os hagan ejercicio, hagan amigos y adquieran habilidades para toda la vida. Todos los deportes entra\u00f1an cierto riesgo de lesi\u00f3n, por lo que muchas organizaciones deportivas juveniles piden a los padres o tutores que firmen una renuncia.  Cuando un ni\u00f1o se lesiona practicando un deporte...<\/p>","protected":false},"author":1,"featured_media":24691,"parent":24656,"menu_order":0,"comment_status":"closed","ping_status":"closed","template":"","meta":{"_acf_changed":false,"footnotes":""},"class_list":["post-24690","page","type-page","status-publish","has-post-thumbnail","hentry"],"acf":[],"_links":{"self":[{"href":"https:\/\/steinberglawfirm-staging.clmcloud.app\/es\/wp-json\/wp\/v2\/pages\/24690"}],"collection":[{"href":"https:\/\/steinberglawfirm-staging.clmcloud.app\/es\/wp-json\/wp\/v2\/pages"}],"about":[{"href":"https:\/\/steinberglawfirm-staging.clmcloud.app\/es\/wp-json\/wp\/v2\/types\/page"}],"author":[{"embeddable":true,"href":"https:\/\/steinberglawfirm-staging.clmcloud.app\/es\/wp-json\/wp\/v2\/users\/1"}],"replies":[{"embeddable":true,"href":"https:\/\/steinberglawfirm-staging.clmcloud.app\/es\/wp-json\/wp\/v2\/comments?post=24690"}],"version-history":[{"count":2,"href":"https:\/\/steinberglawfirm-staging.clmcloud.app\/es\/wp-json\/wp\/v2\/pages\/24690\/revisions"}],"predecessor-version":[{"id":26213,"href":"https:\/\/steinberglawfirm-staging.clmcloud.app\/es\/wp-json\/wp\/v2\/pages\/24690\/revisions\/26213"}],"up":[{"embeddable":true,"href":"https:\/\/steinberglawfirm-staging.clmcloud.app\/es\/wp-json\/wp\/v2\/pages\/24656"}],"wp:featuredmedia":[{"embeddable":true,"href":"https:\/\/steinberglawfirm-staging.clmcloud.app\/es\/wp-json\/wp\/v2\/media\/24691"}],"wp:attachment":[{"href":"https:\/\/steinberglawfirm-staging.clmcloud.app\/es\/wp-json\/wp\/v2\/media?parent=24690"}],"curies":[{"name":"wp","href":"https:\/\/api.w.org\/{rel}","templated":true}]}}