{"id":24682,"date":"2023-05-09T23:36:23","date_gmt":"2023-05-09T23:36:23","guid":{"rendered":"https:\/\/www.steinberglawfirm.com\/?page_id=24682"},"modified":"2023-06-09T18:48:52","modified_gmt":"2023-06-09T18:48:52","slug":"is-a-jetski-waiver-legally-binding","status":"publish","type":"page","link":"https:\/\/steinberglawfirm-staging.clmcloud.app\/es\/faq\/faq-waiver-enforcement\/is-a-jetski-waiver-legally-binding\/","title":{"rendered":"\u00bfEs jur\u00eddicamente vinculante la renuncia a la moto acu\u00e1tica?"},"content":{"rendered":"<h1 class=\"wp-block-heading\">\u00bfEs jur\u00eddicamente vinculante la renuncia a la moto acu\u00e1tica?<\/h1>\n\n\n\n<p>Alquilar una moto acu\u00e1tica es una actividad popular en South Carolina, especialmente para los visitantes de vacaciones y los que no viven en la costa. El alquiler de motos acu\u00e1ticas permite disfrutar de la diversi\u00f3n sin tener que cargar con la propiedad o el transporte de la moto hasta y desde la playa.&nbsp;<\/p>\n\n\n\n<p>Las empresas de alquiler de motos acu\u00e1ticas suelen exigir <a href=\"https:\/\/www.steinberglawfirm.com\/blog\/is-a-waiver-enforceable\/\" target=\"_blank\" rel=\"noopener\">que los inquilinos firmen una renuncia<\/a> como parte del proceso de alquiler. Esta renuncia suele contener una cl\u00e1usula que establece que el arrendatario no responsabilizar\u00e1 a la empresa de alquiler ni a su personal en caso de sufrir lesiones. Sin embargo, el mero hecho de que el arrendatario haya firmado una renuncia no significa que \u00e9sta pueda aplicarse en todas las circunstancias.<\/p>\n\n\n\n<p>Las cl\u00e1usulas de exenci\u00f3n de responsabilidad en el alquiler de motos acu\u00e1ticas suelen incluir una cl\u00e1usula de \"exenci\u00f3n de responsabilidad\". Esta parte de la exenci\u00f3n intenta proteger a la empresa de alquiler y a su personal. Suele establecer que la persona que alquila la moto acu\u00e1tica no puede demandar a la empresa de alquiler ni a su personal si el arrendatario sufre lesiones, incluso si la persona que alquila la moto acu\u00e1tica no puede demandar a la empresa de alquiler ni a su personal si el arrendatario sufre lesiones. <a href=\"https:\/\/www.steinberglawfirm.com\/personal-injury\/premises-liability\/\" target=\"_blank\" rel=\"noopener\">las lesiones se deben a la negligencia de la empresa de alquiler<\/a> o su personal.&nbsp;<\/p>\n\n\n\n<p>South Carolina los tribunales exigen mucho a las exenciones de responsabilidad. En primer lugar, la renuncia puede no ser ejecutable si su redacci\u00f3n es demasiado vaga. La renuncia debe dejar claro que el arrendatario tiene la intenci\u00f3n de renunciar al derecho a presentar una demanda por negligencia. En segundo lugar, la renuncia puede no ser ejecutable si es demasiado amplia. La renuncia no puede eximir a la empresa de alquiler o a su personal de responsabilidad por cualquier tipo de negligencia en cualquier circunstancia posible.&nbsp;<\/p>\n\n\n\n<p>Algunas renuncias de motos de agua tambi\u00e9n contienen un lenguaje que intenta responsabilizar al arrendatario si un tercero presenta una reclamaci\u00f3n contra la empresa de alquiler o su personal. Suelen conocerse como \"renuncias de indemnizaci\u00f3n\". Las empresas de motos acu\u00e1ticas pueden incluir estas renuncias si, por ejemplo, ofrecen motos acu\u00e1ticas fabricadas por terceros o mantenidas por una empresa externa. Estas renuncias tambi\u00e9n deben examinarse en funci\u00f3n de su lenguaje espec\u00edfico y sopesarse con los hechos realmente ocurridos.&nbsp;<\/p>\n\n\n\n<p>No todas las renuncias de motos acu\u00e1ticas son ejecutables. Algunas partes de una renuncia pueden ser ejecutables, mientras que otras no lo son. No des por sentado que no tienes opciones legales por el mero hecho de haber firmado una renuncia. Hable con un <a href=\"https:\/\/www.steinberglawfirm.com\/personal-injury\/personal-injury-lawyers\/jet-ski-rental-accident-attorneys\/\" target=\"_blank\" rel=\"noopener\">abogado experto en lesiones de motos de agua South Carolina<\/a> sobre su situaci\u00f3n.<\/p>\n\n\n\n<h3 class=\"wp-block-heading\">Otras preguntas frecuentes sobre la aplicaci\u00f3n de la exenci\u00f3n:<\/h3>\n\n\n<p>p\u00e1ginas-hermanas]<\/p>","protected":false},"excerpt":{"rendered":"<p>\u00bfEs jur\u00eddicamente vinculante la renuncia a la moto acu\u00e1tica? Alquilar una moto acu\u00e1tica es una actividad popular en South Carolina, especialmente para los visitantes de vacaciones y los que no viven en la costa. El alquiler de motos acu\u00e1ticas permite a la gente disfrutar de la diversi\u00f3n de una moto acu\u00e1tica sin la carga de poseer o transportar la embarcaci\u00f3n a y desde la playa.  Alquiler de motos acu\u00e1ticas...<\/p>","protected":false},"author":1,"featured_media":24687,"parent":24656,"menu_order":0,"comment_status":"closed","ping_status":"closed","template":"","meta":{"_acf_changed":false,"footnotes":""},"class_list":["post-24682","page","type-page","status-publish","has-post-thumbnail","hentry"],"acf":[],"_links":{"self":[{"href":"https:\/\/steinberglawfirm-staging.clmcloud.app\/es\/wp-json\/wp\/v2\/pages\/24682"}],"collection":[{"href":"https:\/\/steinberglawfirm-staging.clmcloud.app\/es\/wp-json\/wp\/v2\/pages"}],"about":[{"href":"https:\/\/steinberglawfirm-staging.clmcloud.app\/es\/wp-json\/wp\/v2\/types\/page"}],"author":[{"embeddable":true,"href":"https:\/\/steinberglawfirm-staging.clmcloud.app\/es\/wp-json\/wp\/v2\/users\/1"}],"replies":[{"embeddable":true,"href":"https:\/\/steinberglawfirm-staging.clmcloud.app\/es\/wp-json\/wp\/v2\/comments?post=24682"}],"version-history":[{"count":4,"href":"https:\/\/steinberglawfirm-staging.clmcloud.app\/es\/wp-json\/wp\/v2\/pages\/24682\/revisions"}],"predecessor-version":[{"id":26273,"href":"https:\/\/steinberglawfirm-staging.clmcloud.app\/es\/wp-json\/wp\/v2\/pages\/24682\/revisions\/26273"}],"up":[{"embeddable":true,"href":"https:\/\/steinberglawfirm-staging.clmcloud.app\/es\/wp-json\/wp\/v2\/pages\/24656"}],"wp:featuredmedia":[{"embeddable":true,"href":"https:\/\/steinberglawfirm-staging.clmcloud.app\/es\/wp-json\/wp\/v2\/media\/24687"}],"wp:attachment":[{"href":"https:\/\/steinberglawfirm-staging.clmcloud.app\/es\/wp-json\/wp\/v2\/media?parent=24682"}],"curies":[{"name":"wp","href":"https:\/\/api.w.org\/{rel}","templated":true}]}}