{"id":24674,"date":"2023-05-09T23:27:43","date_gmt":"2023-05-09T23:27:43","guid":{"rendered":"https:\/\/www.steinberglawfirm.com\/?page_id=24674"},"modified":"2023-05-31T18:12:14","modified_gmt":"2023-05-31T18:12:14","slug":"is-a-boat-rental-waiver-legally-binding","status":"publish","type":"page","link":"https:\/\/steinberglawfirm-staging.clmcloud.app\/es\/faq\/faq-waiver-enforcement\/es-juridicamente-vinculante-una-renuncia-al-alquiler-de-embarcaciones\/","title":{"rendered":"\u00bfEs jur\u00eddicamente vinculante la renuncia al alquiler de una embarcaci\u00f3n?"},"content":{"rendered":"<h1 class=\"wp-block-heading\">\u00bfEs jur\u00eddicamente vinculante la renuncia al alquiler de una embarcaci\u00f3n?<\/h1>\n\n\n\n<p>Las playas, lagos y r\u00edos de South Carolina invitan tanto a residentes como a visitantes a alquilar embarcaciones para realizar excursiones al aire libre. Quienes alquilan embarcaciones suelen <a href=\"https:\/\/www.steinberglawfirm.com\/blog\/is-a-waiver-enforceable\/\" target=\"_blank\" rel=\"noopener\">se le pide que firme una renuncia<\/a> como parte del proceso de alquiler. Sin embargo, el car\u00e1cter ejecutorio de estas cl\u00e1usulas de renuncia depende a menudo de las declaraciones espec\u00edficas que figuren en la renuncia y de las circunstancias del caso. <a href=\"https:\/\/www.steinberglawfirm.com\/personal-injury\/boat-accidents\/\" target=\"_blank\" rel=\"noopener\">circunstancias del perjuicio<\/a>.\u00a0<\/p>\n\n\n\n<p>Muchas renuncias de alquiler de embarcaciones contienen una cl\u00e1usula de \"responsabilidad\". Una cl\u00e1usula de responsabilidad es un contrato entre la empresa de alquiler y el arrendatario. En ella se estipula que el arrendatario no responsabilizar\u00e1 a la empresa de alquiler ni a su personal de las lesiones sufridas, incluso si \u00e9stas <a href=\"https:\/\/www.steinberglawfirm.com\/personal-injury\/premises-liability\/\" target=\"_blank\" rel=\"noopener\">las lesiones son causadas por la empresa de alquiler<\/a> o negligencia del personal.&nbsp;<\/p>\n\n\n\n<p>Al firmar una exenci\u00f3n de responsabilidad, el arrendatario renuncia a su derecho a presentar una demanda por negligencia contra la empresa de alquiler o su personal. La empresa de alquiler y el personal tienen menos incentivos para actuar con la diligencia debida, ya que no pueden ser demandados si no toman las medidas necesarias para evitar lesiones.&nbsp;<\/p>\n\n\n\n<p>En consecuencia, los tribunales South Carolina tienden a \"desfavorecer\" las exenciones de responsabilidad. Es menos probable que los tribunales apliquen estas exenciones si el lenguaje es vago o la exenci\u00f3n es tan amplia que proteger\u00eda a la empresa de alquiler o al personal de ser considerados responsables de cualquier tipo de negligencia.&nbsp;<\/p>\n\n\n\n<p>Un contrato de alquiler de embarcaciones tambi\u00e9n puede contener un acuerdo de \"indemnizaci\u00f3n\", tambi\u00e9n conocido como acuerdo de \"compensaci\u00f3n\". En estos acuerdos, el arrendatario se compromete a proteger a la empresa de alquiler de las p\u00e9rdidas causadas por un tercero.&nbsp;<\/p>\n\n\n\n<p>Esta cl\u00e1usula de exenci\u00f3n suele aparecer cuando una empresa de alquiler de embarcaciones ofrece embarcaciones vendidas o mantenidas por un tercero, como un fabricante o una empresa de mantenimiento de embarcaciones. Si el fabricante o la empresa de mantenimiento cometen una negligencia que causa da\u00f1os al arrendatario o a la empresa de alquiler de embarcaciones, se puede pedir al arrendatario que pague los costes de la empresa de alquiler, adem\u00e1s de los suyos propios.&nbsp;<\/p>\n\n\n\n<p>Los acuerdos de indemnizaci\u00f3n no son universalmente aplicables. Tambi\u00e9n dependen de las circunstancias del da\u00f1o concreto, as\u00ed como del lenguaje utilizado en el acuerdo.&nbsp;<\/p>\n\n\n\n<p>\u00bfHasta qu\u00e9 punto es ejecutable la renuncia al alquiler de una embarcaci\u00f3n South Carolina? Depende del lenguaje utilizado en la renuncia y de lo que realmente haya sucedido. En <a href=\"https:\/\/www.steinberglawfirm.com\/attorney\/\" target=\"_blank\" rel=\"noopener\">abogado con experiencia<\/a> puede responder a sus preguntas y aclarar sus opciones.<\/p>\n\n\n\n<h3 class=\"wp-block-heading\">Otras preguntas frecuentes sobre la aplicaci\u00f3n de la exenci\u00f3n:<\/h3>\n\n\n<ul class=\"list-pages-shortcode sibling-pages\"><li class=\"page_item page-item-24674\"><a href=\"https:\/\/steinberglawfirm-staging.clmcloud.app\/es\/faq\/faq-waiver-enforcement\/es-juridicamente-vinculante-una-renuncia-al-alquiler-de-embarcaciones\/\">\u00bfEs jur\u00eddicamente vinculante la renuncia al alquiler de una embarcaci\u00f3n?<\/a><\/li>\n<li class=\"page_item page-item-24661\"><a href=\"https:\/\/steinberglawfirm-staging.clmcloud.app\/es\/faq\/faq-waiver-enforcement\/es-juridicamente-vinculante-una-renuncia-al-gimnasio\/\">\u00bfEs jur\u00eddicamente vinculante una renuncia al gimnasio?<\/a><\/li>\n<li class=\"page_item page-item-24682\"><a href=\"https:\/\/steinberglawfirm-staging.clmcloud.app\/es\/faq\/faq-waiver-enforcement\/is-a-jetski-waiver-legally-binding\/\">\u00bfEs jur\u00eddicamente vinculante la renuncia a la moto acu\u00e1tica?<\/a><\/li>\n<li class=\"page_item page-item-24690\"><a href=\"https:\/\/steinberglawfirm-staging.clmcloud.app\/es\/faq\/faq-waiver-enforcement\/es-una-renuncia-de-deportes-de-ninos-legalmente-vinculante\/\">\u00bfEs jur\u00eddicamente vinculante la renuncia deportiva de un ni\u00f1o?<\/a><\/li>\n<li class=\"page_item page-item-24668\"><a href=\"https:\/\/steinberglawfirm-staging.clmcloud.app\/es\/faq\/faq-waiver-enforcement\/es-juridicamente-vinculante-una-renuncia-a-las-artes-marciales\/\">\u00bfEs jur\u00eddicamente vinculante una renuncia a las artes marciales?<\/a><\/li>\n<\/ul>","protected":false},"excerpt":{"rendered":"<p>\u00bfEs legalmente vinculante una renuncia de alquiler de embarcaciones? Las playas, lagos y r\u00edos de South Carolina invitan tanto a residentes como a visitantes a alquilar embarcaciones para realizar excursiones al aire libre. A los que alquilan embarcaciones se les suele pedir que firmen una renuncia como parte del proceso de alquiler. Sin embargo, la obligatoriedad de estas cl\u00e1usulas de exenci\u00f3n depende a menudo del...<\/p>","protected":false},"author":1,"featured_media":24678,"parent":24656,"menu_order":0,"comment_status":"closed","ping_status":"closed","template":"","meta":{"_acf_changed":false,"footnotes":""},"class_list":["post-24674","page","type-page","status-publish","has-post-thumbnail","hentry"],"acf":[],"_links":{"self":[{"href":"https:\/\/steinberglawfirm-staging.clmcloud.app\/es\/wp-json\/wp\/v2\/pages\/24674"}],"collection":[{"href":"https:\/\/steinberglawfirm-staging.clmcloud.app\/es\/wp-json\/wp\/v2\/pages"}],"about":[{"href":"https:\/\/steinberglawfirm-staging.clmcloud.app\/es\/wp-json\/wp\/v2\/types\/page"}],"author":[{"embeddable":true,"href":"https:\/\/steinberglawfirm-staging.clmcloud.app\/es\/wp-json\/wp\/v2\/users\/1"}],"replies":[{"embeddable":true,"href":"https:\/\/steinberglawfirm-staging.clmcloud.app\/es\/wp-json\/wp\/v2\/comments?post=24674"}],"version-history":[{"count":3,"href":"https:\/\/steinberglawfirm-staging.clmcloud.app\/es\/wp-json\/wp\/v2\/pages\/24674\/revisions"}],"predecessor-version":[{"id":26217,"href":"https:\/\/steinberglawfirm-staging.clmcloud.app\/es\/wp-json\/wp\/v2\/pages\/24674\/revisions\/26217"}],"up":[{"embeddable":true,"href":"https:\/\/steinberglawfirm-staging.clmcloud.app\/es\/wp-json\/wp\/v2\/pages\/24656"}],"wp:featuredmedia":[{"embeddable":true,"href":"https:\/\/steinberglawfirm-staging.clmcloud.app\/es\/wp-json\/wp\/v2\/media\/24678"}],"wp:attachment":[{"href":"https:\/\/steinberglawfirm-staging.clmcloud.app\/es\/wp-json\/wp\/v2\/media?parent=24674"}],"curies":[{"name":"wp","href":"https:\/\/api.w.org\/{rel}","templated":true}]}}