{"id":24668,"date":"2023-05-09T23:19:27","date_gmt":"2023-05-09T23:19:27","guid":{"rendered":"https:\/\/www.steinberglawfirm.com\/?page_id=24668"},"modified":"2023-05-31T18:12:22","modified_gmt":"2023-05-31T18:12:22","slug":"is-a-martial-arts-waiver-legally-binding","status":"publish","type":"page","link":"https:\/\/steinberglawfirm-staging.clmcloud.app\/es\/faq\/faq-waiver-enforcement\/es-juridicamente-vinculante-una-renuncia-a-las-artes-marciales\/","title":{"rendered":"\u00bfEs jur\u00eddicamente vinculante una renuncia a las artes marciales?"},"content":{"rendered":"<h1 class=\"wp-block-heading\">\u00bfEs jur\u00eddicamente vinculante una renuncia a las artes marciales?<\/h1>\n\n\n\n<p>Los estudios de artes marciales suelen <a href=\"https:\/\/www.steinberglawfirm.com\/blog\/is-a-waiver-enforceable\/\" target=\"_blank\" rel=\"noopener\">pedir a los alumnos que firmen una renuncia<\/a> antes de participar en las clases. Normalmente, estas renuncias pretenden proteger al estudio de la responsabilidad si el alumno se lesiona mientras practica artes marciales solo o con otras personas.\u00a0<\/p>\n\n\n\n<p>Si un alumno de artes marciales se lesiona en el estudio, \u00e9ste puede mencionar la renuncia firmada para explicar por qu\u00e9 el alumno no puede presentar una reclamaci\u00f3n por lesiones. Sin embargo, no todas las partes de una exenci\u00f3n de responsabilidad en artes marciales son ejecutables. La renuncia y las circunstancias de la lesi\u00f3n deben considerarse individualmente.<\/p>\n\n\n\n<p>A menudo, una exenci\u00f3n de artes marciales incluye una \"exenci\u00f3n de responsabilidad\". Este lenguaje intenta proteger al estudio de artes marciales de cualquier responsabilidad. Para ello, exige al alumno que acepte no presentar ninguna reclamaci\u00f3n contra el estudio, incluso si el <a href=\"https:\/\/www.steinberglawfirm.com\/personal-injury\/premises-liability\/\" target=\"_blank\" rel=\"noopener\">las lesiones del alumno se debieron a la negligencia del estudio<\/a> o su personal.&nbsp;<\/p>\n\n\n\n<p>South Carolina es uno de los varios estados que \"desfavorecen\" las exenciones de responsabilidad. Los tribunales estatales han se\u00f1alado que estas exenciones pueden hacer que los estudios de artes marciales y otras empresas sean menos propensos a tomar las debidas precauciones para proteger la seguridad de los alumnos o clientes, ya que se sienten protegidos de las consecuencias de la negligencia.&nbsp;<\/p>\n\n\n\n<p>Es m\u00e1s probable que un tribunal considere v\u00e1lida una exenci\u00f3n de responsabilidad si contiene un lenguaje claro que demuestre que el alumno de artes marciales pretend\u00eda proteger al estudio de la responsabilidad por la negligencia de \u00e9ste. Tambi\u00e9n es m\u00e1s probable que la exenci\u00f3n se aplique si se limita al tipo de actividad o acontecimiento que caus\u00f3 realmente las lesiones del alumno. Es poco probable que se apliquen las renuncias demasiado amplias.<\/p>\n\n\n\n<p>Otra cl\u00e1usula com\u00fan en las renuncias de las artes marciales es una cl\u00e1usula de \"asunci\u00f3n de riesgos\". Esta cl\u00e1usula ofrece al estudio de artes marciales una defensa afirmativa en un juicio. Permite al estudio argumentar que el alumno asumi\u00f3 el riesgo de sufrir lesiones.&nbsp;<\/p>\n\n\n\n<p>Sin embargo, las cl\u00e1usulas de asunci\u00f3n de riesgos no se aplican universalmente. Un riesgo asumido debe ser previsible por el estudiante. No puede ser oculto, conocido s\u00f3lo por el estudio, o un riesgo que el estudiante no hubiera podido predecir razonablemente.&nbsp;<\/p>\n\n\n\n<p>La aplicaci\u00f3n de una exenci\u00f3n depende de la redacci\u00f3n de la misma y de los hechos concretos que rodean el perjuicio. En <a href=\"https:\/\/www.steinberglawfirm.com\/personal-injury\/personal-injury-lawyers\/\" target=\"_blank\" rel=\"noopener\">abogado experto en lesiones<\/a> puede ayudarle a entender si una exenci\u00f3n es aplicable en su caso.<\/p>\n\n\n\n<h2 class=\"wp-block-heading\">Otras preguntas frecuentes sobre la aplicaci\u00f3n de la exenci\u00f3n:<\/h2>\n\n\n<ul class=\"list-pages-shortcode sibling-pages\"><li class=\"page_item page-item-24674\"><a href=\"https:\/\/steinberglawfirm-staging.clmcloud.app\/es\/faq\/faq-waiver-enforcement\/es-juridicamente-vinculante-una-renuncia-al-alquiler-de-embarcaciones\/\">\u00bfEs jur\u00eddicamente vinculante la renuncia al alquiler de una embarcaci\u00f3n?<\/a><\/li>\n<li class=\"page_item page-item-24661\"><a href=\"https:\/\/steinberglawfirm-staging.clmcloud.app\/es\/faq\/faq-waiver-enforcement\/es-juridicamente-vinculante-una-renuncia-al-gimnasio\/\">\u00bfEs jur\u00eddicamente vinculante una renuncia al gimnasio?<\/a><\/li>\n<li class=\"page_item page-item-24682\"><a href=\"https:\/\/steinberglawfirm-staging.clmcloud.app\/es\/faq\/faq-waiver-enforcement\/is-a-jetski-waiver-legally-binding\/\">\u00bfEs jur\u00eddicamente vinculante la renuncia a la moto acu\u00e1tica?<\/a><\/li>\n<li class=\"page_item page-item-24690\"><a href=\"https:\/\/steinberglawfirm-staging.clmcloud.app\/es\/faq\/faq-waiver-enforcement\/es-una-renuncia-de-deportes-de-ninos-legalmente-vinculante\/\">\u00bfEs jur\u00eddicamente vinculante la renuncia deportiva de un ni\u00f1o?<\/a><\/li>\n<li class=\"page_item page-item-24668\"><a href=\"https:\/\/steinberglawfirm-staging.clmcloud.app\/es\/faq\/faq-waiver-enforcement\/es-juridicamente-vinculante-una-renuncia-a-las-artes-marciales\/\">\u00bfEs jur\u00eddicamente vinculante una renuncia a las artes marciales?<\/a><\/li>\n<\/ul>","protected":false},"excerpt":{"rendered":"<p>\u00bfEs legalmente vinculante una exenci\u00f3n de responsabilidad en artes marciales? Los estudios de artes marciales suelen pedir a los alumnos que firmen una renuncia antes de participar en las clases. Normalmente, estas renuncias pretenden proteger al estudio de cualquier responsabilidad si el alumno se lesiona mientras practica artes marciales solo o con otras personas.  Si un alumno de artes marciales se lesiona en el estudio, el...<\/p>","protected":false},"author":1,"featured_media":24670,"parent":24656,"menu_order":0,"comment_status":"closed","ping_status":"closed","template":"","meta":{"_acf_changed":false,"footnotes":""},"class_list":["post-24668","page","type-page","status-publish","has-post-thumbnail","hentry"],"acf":[],"_links":{"self":[{"href":"https:\/\/steinberglawfirm-staging.clmcloud.app\/es\/wp-json\/wp\/v2\/pages\/24668"}],"collection":[{"href":"https:\/\/steinberglawfirm-staging.clmcloud.app\/es\/wp-json\/wp\/v2\/pages"}],"about":[{"href":"https:\/\/steinberglawfirm-staging.clmcloud.app\/es\/wp-json\/wp\/v2\/types\/page"}],"author":[{"embeddable":true,"href":"https:\/\/steinberglawfirm-staging.clmcloud.app\/es\/wp-json\/wp\/v2\/users\/1"}],"replies":[{"embeddable":true,"href":"https:\/\/steinberglawfirm-staging.clmcloud.app\/es\/wp-json\/wp\/v2\/comments?post=24668"}],"version-history":[{"count":2,"href":"https:\/\/steinberglawfirm-staging.clmcloud.app\/es\/wp-json\/wp\/v2\/pages\/24668\/revisions"}],"predecessor-version":[{"id":26219,"href":"https:\/\/steinberglawfirm-staging.clmcloud.app\/es\/wp-json\/wp\/v2\/pages\/24668\/revisions\/26219"}],"up":[{"embeddable":true,"href":"https:\/\/steinberglawfirm-staging.clmcloud.app\/es\/wp-json\/wp\/v2\/pages\/24656"}],"wp:featuredmedia":[{"embeddable":true,"href":"https:\/\/steinberglawfirm-staging.clmcloud.app\/es\/wp-json\/wp\/v2\/media\/24670"}],"wp:attachment":[{"href":"https:\/\/steinberglawfirm-staging.clmcloud.app\/es\/wp-json\/wp\/v2\/media?parent=24668"}],"curies":[{"name":"wp","href":"https:\/\/api.w.org\/{rel}","templated":true}]}}