{"id":24661,"date":"2023-05-08T19:54:23","date_gmt":"2023-05-08T19:54:23","guid":{"rendered":"https:\/\/www.steinberglawfirm.com\/?page_id=24661"},"modified":"2023-05-31T18:12:37","modified_gmt":"2023-05-31T18:12:37","slug":"is-a-gym-waiver-legally-binding","status":"publish","type":"page","link":"https:\/\/steinberglawfirm-staging.clmcloud.app\/es\/faq\/faq-waiver-enforcement\/es-juridicamente-vinculante-una-renuncia-al-gimnasio\/","title":{"rendered":"\u00bfEs jur\u00eddicamente vinculante una renuncia al gimnasio?"},"content":{"rendered":"<h1 class=\"wp-block-heading\">\u00bfEs jur\u00eddicamente vinculante una renuncia al gimnasio?<\/h1>\n\n\n\n<p>Qu\u00e9 <a href=\"https:\/\/www.steinberglawfirm.com\/blog\/is-a-waiver-enforceable\/\" target=\"_blank\" rel=\"noopener\">las partes de una renuncia de gimnasio son ejecutables<\/a> depende de la redacci\u00f3n de la renuncia y de los hechos del perjuicio.\u00a0<\/p>\n\n\n\n<p>Dos cl\u00e1usulas habituales en las exenciones de responsabilidad de los gimnasios son la exenci\u00f3n de responsabilidad y la asunci\u00f3n de riesgos. La exenci\u00f3n de responsabilidad es un contrato entre el gimnasio y la persona que se inscribe en \u00e9l. En \u00e9l, el nuevo miembro del gimnasio se compromete a no responsabilizar al gimnasio ni a sus empleados, incluso si su negligencia causa lesiones al miembro del gimnasio.&nbsp;<\/p>\n\n\n\n<p>Una cl\u00e1usula de asunci\u00f3n de riesgos establece que el socio del gimnasio asume el riesgo de lesiones previsibles que pueden derivarse del uso de las instalaciones del gimnasio. Si se produce una lesi\u00f3n previsible, el gimnasio puede alegar ante un tribunal que no debe ser considerado responsable porque el socio asumi\u00f3 el riesgo de ese tipo de lesi\u00f3n.&nbsp;<\/p>\n\n\n\n<p>Sin embargo, ninguna de estas cl\u00e1usulas protege autom\u00e1ticamente al gimnasio de toda responsabilidad en todos los casos. La ley South Carolina exige que las exenciones de responsabilidad establezcan claramente que su finalidad es proteger al gimnasio de las reclamaciones por negligencia del miembro del gimnasio que firma la exenci\u00f3n, incluso si ese miembro del gimnasio resulta lesionado debido a la negligencia del gimnasio. Sin este lenguaje claro, un tribunal estatal puede dictaminar que la exenci\u00f3n no es aplicable, y el caso de negligencia puede seguir adelante.<\/p>\n\n\n\n<p>El South Carolina tambi\u00e9n limita el alcance de las exenciones de responsabilidad. La exenci\u00f3n no puede proteger al gimnasio de <a href=\"https:\/\/www.steinberglawfirm.com\/personal-injury\/premises-liability\/\" target=\"_blank\" rel=\"noopener\">cualquier posible demanda relacionada con negligencia<\/a>. En cambio, la renuncia debe tener un enfoque m\u00e1s limitado. Por ejemplo, una exenci\u00f3n de responsabilidad puede proteger al gimnasio de reclamaciones por negligencia relacionadas con el mantenimiento del equipo del gimnasio. Sin embargo, si se produce una lesi\u00f3n por negligencia en el mantenimiento de las escaleras del gimnasio, la exoneraci\u00f3n de responsabilidad debe ser m\u00e1s precisa. <a href=\"https:\/\/www.steinberglawfirm.com\/personal-injury\/personal-injury-lawyers\/\" target=\"_blank\" rel=\"noopener\">la persona lesionada a\u00fan puede tener una reclamaci\u00f3n v\u00e1lida<\/a>.&nbsp;<\/p>\n\n\n\n<p>La asunci\u00f3n de riesgos tambi\u00e9n suele ser limitada. Por lo general, una cl\u00e1usula de asunci\u00f3n de riesgos s\u00f3lo se aplica a los riesgos \"previsibles\" o a los riesgos de lesi\u00f3n que el socio del gimnasio puede predecir razonablemente. Por ejemplo, un nuevo socio de un gimnasio puede predecir razonablemente que puede lesionarse si se tuerce un m\u00fasculo o se le cae una pesa sobre el pie. Es menos probable que las cl\u00e1usulas de asunci\u00f3n de riesgos se apliquen cuando un riesgo est\u00e1 oculto, cuando s\u00f3lo el gimnasio lo conoce o cuando el riesgo no es un riesgo previsible del uso del gimnasio.&nbsp;<\/p>\n\n\n\n<p>Determinar si una exenci\u00f3n se aplica a una determinada lesi\u00f3n puede ser complejo. <a href=\"https:\/\/www.steinberglawfirm.com\/attorney\/\" target=\"_blank\" rel=\"noopener\">Un abogado con experiencia<\/a> puede ayudar.<\/p>\n\n\n\n<h3 class=\"wp-block-heading\">Otras preguntas frecuentes sobre la aplicaci\u00f3n de la exenci\u00f3n:<\/h3>\n\n\n<ul class=\"list-pages-shortcode sibling-pages\"><li class=\"page_item page-item-24674\"><a href=\"https:\/\/steinberglawfirm-staging.clmcloud.app\/es\/faq\/faq-waiver-enforcement\/es-juridicamente-vinculante-una-renuncia-al-alquiler-de-embarcaciones\/\">\u00bfEs jur\u00eddicamente vinculante la renuncia al alquiler de una embarcaci\u00f3n?<\/a><\/li>\n<li class=\"page_item page-item-24661\"><a href=\"https:\/\/steinberglawfirm-staging.clmcloud.app\/es\/faq\/faq-waiver-enforcement\/es-juridicamente-vinculante-una-renuncia-al-gimnasio\/\">\u00bfEs jur\u00eddicamente vinculante una renuncia al gimnasio?<\/a><\/li>\n<li class=\"page_item page-item-24682\"><a href=\"https:\/\/steinberglawfirm-staging.clmcloud.app\/es\/faq\/faq-waiver-enforcement\/is-a-jetski-waiver-legally-binding\/\">\u00bfEs jur\u00eddicamente vinculante la renuncia a la moto acu\u00e1tica?<\/a><\/li>\n<li class=\"page_item page-item-24690\"><a href=\"https:\/\/steinberglawfirm-staging.clmcloud.app\/es\/faq\/faq-waiver-enforcement\/es-una-renuncia-de-deportes-de-ninos-legalmente-vinculante\/\">\u00bfEs jur\u00eddicamente vinculante la renuncia deportiva de un ni\u00f1o?<\/a><\/li>\n<li class=\"page_item page-item-24668\"><a href=\"https:\/\/steinberglawfirm-staging.clmcloud.app\/es\/faq\/faq-waiver-enforcement\/es-juridicamente-vinculante-una-renuncia-a-las-artes-marciales\/\">\u00bfEs jur\u00eddicamente vinculante una renuncia a las artes marciales?<\/a><\/li>\n<\/ul>","protected":false},"excerpt":{"rendered":"<p>\u00bfEs jur\u00eddicamente vinculante una renuncia al gimnasio? Qu\u00e9 partes de una renuncia de responsabilidad de gimnasio son ejecutables depende del lenguaje de la renuncia y de los hechos de la lesi\u00f3n.  Dos cl\u00e1usulas habituales en las exenciones de responsabilidad de los gimnasios son la exenci\u00f3n de responsabilidad y la asunci\u00f3n de riesgos. Una exenci\u00f3n de responsabilidad es un contrato entre el gimnasio y la persona que se inscribe...<\/p>","protected":false},"author":1,"featured_media":24663,"parent":24656,"menu_order":0,"comment_status":"closed","ping_status":"closed","template":"","meta":{"_acf_changed":false,"footnotes":""},"class_list":["post-24661","page","type-page","status-publish","has-post-thumbnail","hentry"],"acf":[],"_links":{"self":[{"href":"https:\/\/steinberglawfirm-staging.clmcloud.app\/es\/wp-json\/wp\/v2\/pages\/24661"}],"collection":[{"href":"https:\/\/steinberglawfirm-staging.clmcloud.app\/es\/wp-json\/wp\/v2\/pages"}],"about":[{"href":"https:\/\/steinberglawfirm-staging.clmcloud.app\/es\/wp-json\/wp\/v2\/types\/page"}],"author":[{"embeddable":true,"href":"https:\/\/steinberglawfirm-staging.clmcloud.app\/es\/wp-json\/wp\/v2\/users\/1"}],"replies":[{"embeddable":true,"href":"https:\/\/steinberglawfirm-staging.clmcloud.app\/es\/wp-json\/wp\/v2\/comments?post=24661"}],"version-history":[{"count":4,"href":"https:\/\/steinberglawfirm-staging.clmcloud.app\/es\/wp-json\/wp\/v2\/pages\/24661\/revisions"}],"predecessor-version":[{"id":26221,"href":"https:\/\/steinberglawfirm-staging.clmcloud.app\/es\/wp-json\/wp\/v2\/pages\/24661\/revisions\/26221"}],"up":[{"embeddable":true,"href":"https:\/\/steinberglawfirm-staging.clmcloud.app\/es\/wp-json\/wp\/v2\/pages\/24656"}],"wp:featuredmedia":[{"embeddable":true,"href":"https:\/\/steinberglawfirm-staging.clmcloud.app\/es\/wp-json\/wp\/v2\/media\/24663"}],"wp:attachment":[{"href":"https:\/\/steinberglawfirm-staging.clmcloud.app\/es\/wp-json\/wp\/v2\/media?parent=24661"}],"curies":[{"name":"wp","href":"https:\/\/api.w.org\/{rel}","templated":true}]}}