{"id":24632,"date":"2023-05-08T17:42:06","date_gmt":"2023-05-08T17:42:06","guid":{"rendered":"https:\/\/www.steinberglawfirm.com\/?page_id=24632"},"modified":"2023-06-09T18:47:38","modified_gmt":"2023-06-09T18:47:38","slug":"river-water-sports-injury-lawyers","status":"publish","type":"page","link":"https:\/\/steinberglawfirm-staging.clmcloud.app\/es\/lesiones-personales\/abogados-de-lesiones-personales\/abogados-especializados-en-lesiones-deportivas-fluviales\/","title":{"rendered":"Abogados de lesiones en deportes acu\u00e1ticos fluviales"},"content":{"rendered":"<h1 class=\"wp-block-heading\">Charleston, SC Abogados de lesiones en deportes acu\u00e1ticos fluviales<\/h1>\n\n\n\n<h2 class=\"wp-block-heading\"><em>Abogados de accidentes por lesiones en Shem Creek y Folly Creek<\/em><\/h2>\n\n\n\n<p>La ciudad de Charleston se asienta en la desembocadura de varios grandes r\u00edos, como el Ashley, el Cooper, el Wando y el Stono, lo que hace de Charleston un lugar ideal para practicar todo tipo de deportes acu\u00e1ticos fluviales. Sin embargo, todos los deportes acu\u00e1ticos plantean peligros inherentes que<s> <\/s>puede dar lugar a <a href=\"https:\/\/www.steinberglawfirm.com\/personal-injury\/personal-injury-lawyers\/\" target=\"_blank\" rel=\"noopener\">participantes que sufren lesiones graves<\/a> y <a href=\"https:\/\/www.steinberglawfirm.com\/personal-injury\/wrongful-death\/\" target=\"_blank\" rel=\"noopener\">incluso la muerte<\/a>. En el <a href=\"https:\/\/www.steinberglawfirm.com\/\" target=\"_blank\" rel=\"noopener\">Steinberg Law Firm<\/a>, <a href=\"https:\/\/www.steinberglawfirm.com\/attorney\/\" target=\"_blank\" rel=\"noopener\">nuestros abogados de lesiones deportivas en el r\u00edo Charleston<\/a> ayudar a las v\u00edctimas de accidentes y a sus familias a recuperar la indemnizaci\u00f3n por lesiones causadas por la negligencia de otros. Contamos con m\u00e1s de 95 a\u00f1os de experiencia en la tramitaci\u00f3n de <a href=\"https:\/\/www.steinberglawfirm.com\/personal-injury\/\" target=\"_blank\" rel=\"noopener\">todo tipo de reclamaciones por da\u00f1os personales<\/a>incluyendo las de tablas de paddle, kayaks y canoas, <a href=\"https:\/\/www.steinberglawfirm.com\/personal-injury\/personal-injury-lawyers\/jet-ski-rental-accident-attorneys\/\" target=\"_blank\" rel=\"noopener\">motos acu\u00e1ticas<\/a>y motos acu\u00e1ticas.\u00a0<\/p>\n\n\n\n<p>A <a href=\"https:\/\/www.steinberglawfirm.com\/free-consultation\/\" target=\"_blank\" rel=\"noopener\">programar una consulta gratuita<\/a> con un abogado de lesiones Charleston hoy mismo, p\u00f3ngase en contacto con el Steinberg Law Firm de <a href=\"tel:1-843-720-2800\">llamando al 843-720-2800<\/a>.&nbsp;<\/p>\n\n\n\n<h3 class=\"wp-block-heading\">R\u00edos cercanos a Charleston<\/h3>\n\n\n\n<p>Charleston est\u00e1 situado en el Oc\u00e9ano Atl\u00e1ntico. El puerto de Charleston tiene innumerables r\u00edos y arroyos que desembocan en \u00e9l. Sin embargo, tambi\u00e9n hay varios r\u00edos grandes que desembocan en Charleston Harbor, incluyendo:<\/p>\n\n\n\n<p><strong>R\u00edo Ashley<\/strong> - El r\u00edo Ashley nace al noroeste de Charleston, en el condado de Dorchester, recorriendo aproximadamente 30 millas antes de combinarse con el arroyo Wappoo y desembocar en el puerto de Charleston.&nbsp;<\/p>\n\n\n\n<p><strong>R\u00edo Cooper<\/strong> - El r\u00edo Cooper nace en el lago Moultrie, al norte de Charleston. El r\u00edo recorre unas 25 millas antes de unirse al r\u00edo Wando, donde desemboca en el puerto Charleston.&nbsp;<\/p>\n\n\n\n<p><strong>R\u00edo Stono<\/strong> - El r\u00edo Stono nace como una rama del r\u00edo Wadmalaw al oeste de Charleston. El Stono viaja hacia el norte y el este antes de dirigirse hacia el sur y unirse al r\u00edo Kiawah, donde desemboca en el oc\u00e9ano Atl\u00e1ntico en Bird Key Stono Heritage Preserve. A diferencia de los r\u00edos Ashely y Cooper, el r\u00edo Stono no desemboca en el puerto Charleston; sin embargo, sigue siendo una opci\u00f3n popular para los entusiastas de los deportes fluviales.&nbsp;<\/p>\n\n\n\n<h3 class=\"wp-block-heading\">\u00bfSon peligrosos los deportes fluviales?<\/h3>\n\n\n\n<p>Los deportes fluviales son intr\u00ednsecamente peligrosos debido al riesgo siempre presente de ahogamiento. Incluso tomando las precauciones necesarias, deportes como el kayak, el paddle boarding, el pirag\u00fcismo y el <a href=\"https:\/\/www.steinberglawfirm.com\/blog\/south-carolina-boat-and-jet-ski-accidents-cause-serious-injury\/\" target=\"_blank\" rel=\"noopener\">conducir motos acu\u00e1ticas<\/a> y WaveRunners son muy peligrosos. Por ejemplo, en 2020, la Guardia Costera de EE.UU. estim\u00f3 que se produjeron 5.265 accidentes de navegaci\u00f3n con un resultado de 767 muertos y 3.191 heridos. De ellos, en el 22% estuvieron implicadas motos acu\u00e1ticas, como motos de agua y WaveRunners.&nbsp;<\/p>\n\n\n\n<p>Las tablas de paddleboard, aunque mucho menos peligrosas que las motos acu\u00e1ticas, siguen presentando riesgos para los usuarios.&nbsp;<\/p>\n\n\n\n<p>Seg\u00fan una encuesta reciente, el 17% de los practicantes de paddle surf declaran haber sufrido una lesi\u00f3n en los \u00faltimos 12 meses. La mayor\u00eda de las lesiones con tablas de paddle no est\u00e1n relacionadas con el ahogamiento, sino que son el resultado de la ca\u00edda del practicante sobre la superficie dura de la tabla. Por ejemplo, las lesiones m\u00e1s comunes fueron en brazos, manos, mu\u00f1ecas, pies y rodillas.&nbsp;<\/p>\n\n\n\n<p>Las lesiones en kayak y pirag\u00fcismo son menos frecuentes, pero suelen ser m\u00e1s graves. Por ejemplo, se estima que se produce una lesi\u00f3n cada 2,1 d\u00edas por cada 100.000 d\u00edas en el agua y una v\u00edctima mortal cada 2,6 d\u00edas por cada 100.000 d\u00edas en el agua.&nbsp;<\/p>\n\n\n\n<p><a href=\"https:\/\/www.steinberglawfirm.com\/personal-injury\/boat-accidents\/\" target=\"_blank\" rel=\"noopener\">Los accidentes de navegaci\u00f3n son, con diferencia<\/a> las m\u00e1s comunes entre todas las actividades fluviales. Por ejemplo, en 2021 se produjeron casi 5.500 accidentes de navegaci\u00f3n, seg\u00fan la Guardia Costera de Estados Unidos. Estos accidentes se saldaron con 658 muertos y m\u00e1s de 2.640 heridos.&nbsp;<\/p>\n\n\n\n<h3 class=\"wp-block-heading\">Causas de las lesiones deportivas en Shem Creek y Folly Creek<\/h3>\n\n\n\n<p>Dados los diversos riesgos que entra\u00f1an los deportes acu\u00e1ticos, hay varias formas diferentes en que alguien que practique deportes fluviales puede lesionarse. En gran medida, el tipo y el alcance de una posible lesi\u00f3n dependen del deporte. Sin embargo, por regla general, las siguientes son causas comunes de lesiones en los deportes fluviales:<\/p>\n\n\n\n<h4 class=\"wp-block-heading\">Viento<\/h4>\n\n\n\n<p>Con pocas excepciones, los vientos fuertes pueden aumentar los peligros asociados a la mayor\u00eda de los deportes fluviales. Principalmente, los vientos crean dos tipos de peligros. En primer lugar, las condiciones del agua se vuelven agitadas y m\u00e1s dif\u00edciles de navegar cuando hay mucho viento. Y en segundo lugar, los vientos fuertes pueden hacer que las embarcaciones peque\u00f1as, como kayaks, canoas y tablas de paddle surf, se desv\u00eden hacia la trayectoria de una embarcaci\u00f3n que se aproxima o hacia un poste u otro peligro.&nbsp;<\/p>\n\n\n\n<h4 class=\"wp-block-heading\">Mareas cambiantes<\/h4>\n\n\n\n<p>La marea se refiere a la subida y bajada del mar. Las mareas se ven afectadas por la relaci\u00f3n especial entre la Tierra y la Luna, cambiando de pleamar a bajamar aproximadamente cada 12 horas y 25 minutos. Cualquier persona interesada en los deportes fluviales debe estar familiarizada con las tablas de mareas cualquier d\u00eda que est\u00e9 en el agua; de lo contrario, las mareas cambiantes pueden hacer que el agua sea mucho menos profunda de lo esperado. Esto no s\u00f3lo puede dar lugar a que los participantes se queden varados cuando baje la marea, sino que tambi\u00e9n puede aumentar el riesgo de lesiones graves o muerte si alguien cae al agua desde una embarcaci\u00f3n, golpe\u00e1ndose la cabeza con una roca sumergida u otro objeto duro, o encallando o cayendo en un criadero de ostras.<\/p>\n\n\n\n<h4 class=\"wp-block-heading\">Viveros de ostras<\/h4>\n\n\n\n<p>Las ostras son un alimento popular en South Carolina, y aunque hist\u00f3ricamente la ostricultura no ha sido una industria importante, el n\u00famero de ostras recolectadas en South Carolina est\u00e1 creciendo r\u00e1pidamente, con una estimaci\u00f3n de 1,2 millones de ostras recolectadas cada a\u00f1o. Las ostras crecen en grandes bancos en el fondo de r\u00edos, lagos, ensenadas y otras masas de agua dulce y salada. Sin embargo, los bancos de ostras pueden ser peligrosos, ya que sus conchas afiladas pueden causar graves laceraciones a cualquiera que pise o caiga sobre ellas.&nbsp;<\/p>\n\n\n\n<h4 class=\"wp-block-heading\">Cuestiones relacionadas con el equipamiento<\/h4>\n\n\n\n<p>Aparte de la nataci\u00f3n, todos los deportes fluviales requieren equipo, ya sea una canoa, un kayak, una tabla de surf de remo, remos o chalecos salvavidas. Aunque este equipo debe inspeccionarse antes de que salga del fabricante, as\u00ed como en cualquier momento antes de ponerlo en uso, es posible que los ocupados proveedores de deportes fluviales no lleven a cabo la inspecci\u00f3n necesaria para garantizar que el equipo sea seguro y funcione correctamente. Un equipo defectuoso o mal mantenido puede aumentar el riesgo de lesiones graves o muerte. Por ejemplo, el anterior arrendatario de una canoa puede haber chocado con una roca, lo que ha provocado un peque\u00f1o agujero en la embarcaci\u00f3n o que el tim\u00f3n no funcione.<\/p>\n\n\n\n<h4 class=\"wp-block-heading\">Inexperiencia del usuario, errores y falta de criterio<\/h4>\n\n\n\n<p>Con diferencia, una de las causas m\u00e1s comunes de lesiones en los deportes fluviales est\u00e1 relacionada con los errores del usuario. Quienes practican deportes fluviales deben tomarse el tiempo necesario para familiarizarse con lo que van a hacer y c\u00f3mo mantenerse seguros. Por ejemplo, hay personas que han muerto porque decidieron no llevar chaleco salvavidas, pensando que si se ca\u00edan al agua, podr\u00edan simplemente agarrarse a la tabla de remo o a la canoa. Sin embargo, si quedas inconsciente por cualquier motivo, un chaleco salvavidas puede salvarte la vida. De hecho, la Guardia Costera de EE.UU. calcula que casi el 85% de los <a href=\"https:\/\/www.steinberglawfirm.com\/personal-injury\/boat-accidents\/fatal-boat-accident\/\" target=\"_blank\" rel=\"noopener\">muertes por ahogamiento relacionadas con la navegaci\u00f3n<\/a> v\u00edctimas que no llevaban chaleco salvavidas. La inexperiencia y la imprudencia tambi\u00e9n pueden exponer a los aficionados a los deportes acu\u00e1ticos a un mayor riesgo de lesiones. Por ejemplo, el surf de remo se ha vuelto muy com\u00fan, lo que puede dar a algunas personas la idea de que es una actividad segura y f\u00e1cil. Sin embargo, no es as\u00ed, ya que a muchas personas les resulta muy dif\u00edcil controlar una tabla de paddle surf, especialmente en condiciones de viento y mareas.&nbsp;<\/p>\n\n\n\n<h4 class=\"wp-block-heading\">Intoxicaci\u00f3n<\/h4>\n\n\n\n<p>El alcohol y el agua no se llevan bien. Seg\u00fan los Centros para el Control y la Prevenci\u00f3n de Enfermedades, aproximadamente el 70% de las muertes y el 20% de las lesiones relacionadas con el agua que se producen durante una actividad recreativa tienen que ver con el alcohol. Sin embargo, el consumo de alcohol no s\u00f3lo afecta a la persona que lo ingiere, ya que los navegantes afectados tambi\u00e9n ponen en grave peligro de sufrir lesiones a sus pasajeros y a cualquier otra persona que se encuentre en el agua.&nbsp;<\/p>\n\n\n\n<h4 class=\"wp-block-heading\">Tr\u00e1fico de embarcaciones y normas de estela<\/h4>\n\n\n\n<p>Quienes est\u00e1n familiarizados con los deportes acu\u00e1ticos no motorizados comprenden los retos que supone participar en estas actividades en las proximidades de lanchas motoras y otras embarcaciones motorizadas. Los motores de las embarcaciones crean una estela, que es una reacci\u00f3n causada por la fuerza creada por el giro de una h\u00e9lice o la descarga de aire de un motor a reacci\u00f3n. Las estelas var\u00edan en tama\u00f1o, pero a menudo alcanzan varios metros de altura, lo que las hace incre\u00edblemente peligrosas para quienes van en tablas de paddle surf, kayaks, canoas e incluso motos acu\u00e1ticas. Por ejemplo, una estela puede hacer que un navegante se caiga de su tabla o incluso puede impedir que otros navegantes le vean. Adem\u00e1s, no existe un sistema uniforme de normas de \"no estela\", lo que significa que algunos lagos y r\u00edos tienen zonas de no estela y otros no.&nbsp;<\/p>\n\n\n\n<h3 class=\"wp-block-heading\">El efecto de las renuncias en el deporte organizado en los deportes fluviales<\/h3>\n\n\n\n<p>Cuando te registras para alquilar una canoa, un kayak, una tabla de paddle surf o cualquier otro equipo, es casi seguro que la empresa de alquiler te pedir\u00e1 que firmes una exenci\u00f3n de responsabilidad. En este contexto, una renuncia es un tipo de contrato destinado a limitar la responsabilidad de la agencia de alquiler. Por lo general, las renuncias son ejecutables. Por lo tanto, si firmas una renuncia y te lesionas mientras utilizas el equipo de la empresa, es posible que no puedas demandar.&nbsp;<\/p>\n\n\n\n<p>Sin embargo, <a href=\"https:\/\/www.steinberglawfirm.com\/blog\/is-a-waiver-enforceable\/\" target=\"_blank\" rel=\"noopener\">las renuncias no siempre son ejecutables<\/a>e incluso cuando lo son, algunas lesiones pueden quedar fuera del \u00e1mbito de la exoneraci\u00f3n. Por supuesto, la mayor\u00eda de las exenciones est\u00e1n redactadas de forma que los arrendatarios tengan la idea de que la empresa no puede ser demandada bajo ninguna circunstancia. Sin embargo, una renuncia s\u00f3lo puede cubrir los riesgos inherentes a la actividad, y no cubre situaciones en las que la empresa de alquiler haya sido negligente o el equipo alquilado sea defectuoso. Adem\u00e1s, una renuncia presentada por una empresa de alquiler no tiene ning\u00fan efecto sobre la capacidad de la v\u00edctima para presentar una demanda contra otra persona o empresa negligente, por ejemplo, si usted fue golpeado por un navegante que estaba bajo los efectos del alcohol.&nbsp;<\/p>\n\n\n\n<h3 class=\"wp-block-heading\">Tipos de lesiones causadas por accidentes deportivos en el r\u00edo Charleston<\/h3>\n\n\n\n<p>A continuaci\u00f3n se enumeran las lesiones m\u00e1s comunes por accidentes en deportes fluviales como pirag\u00fcismo, kayak, surf de remo, moto acu\u00e1tica y rafting:<\/p>\n\n\n\n<ul class=\"wp-block-list\">\n<li>Ahogamiento<\/li>\n\n\n\n<li>Ahogamiento no mortal<\/li>\n\n\n\n<li>Torceduras y esguinces<\/li>\n\n\n\n<li>Laceraciones<\/li>\n\n\n\n<li><a href=\"https:\/\/www.steinberglawfirm.com\/personal-injury\/boat-accidents\/brain-injury\/\" target=\"_blank\" rel=\"noopener\">Conmociones cerebrales y lesiones cerebrales traum\u00e1ticas<\/a><\/li>\n\n\n\n<li>Lesiones de tobillo<\/li>\n\n\n\n<li>Huesos rotos<\/li>\n<\/ul>\n\n\n\n<h3 class=\"wp-block-heading\">\u00bfCu\u00e1l es el plazo de prescripci\u00f3n para presentar una demanda tras una lesi\u00f3n en un deporte acu\u00e1tico?<\/h3>\n\n\n\n<p>Seg\u00fan la ley South Carolina, toda persona lesionada como consecuencia de un accidente deportivo fluvial debe presentar una reclamaci\u00f3n en el plazo de tres a\u00f1os desde el accidente. Sin embargo, puede darse el caso de que el accidentado haya firmado una renuncia que reduzca el plazo de que dispone para presentar la reclamaci\u00f3n. <a href=\"https:\/\/www.steinberglawfirm.com\/contact-us\/\" target=\"_blank\" rel=\"noopener\">Consultar con un abogado experto en lesiones<\/a> lo antes posible le garantiza que no perder\u00e1 la oportunidad de reclamar una indemnizaci\u00f3n tras un accidente.&nbsp;<\/p>\n\n\n\n<h3 class=\"wp-block-heading\">Qu\u00e9 hacer tras un accidente de moto acu\u00e1tica en Charleston<\/h3>\n\n\n\n<p>Cuando te apuntaste a participar en un deporte de r\u00edo, una lesi\u00f3n no estaba en tu mente. Por lo tanto, es completamente normal que no sepas qu\u00e9 hacer despu\u00e9s de un accidente. A continuaci\u00f3n te ofrecemos una lista de cosas que puedes hacer para asegurarte de recibir el tratamiento m\u00e9dico necesario y preservar tu derecho a <a href=\"https:\/\/www.steinberglawfirm.com\/blog\/how-to-get-compensated-for-a-recreational-boating-accident\/\" target=\"_blank\" rel=\"noopener\">presentar una solicitud de indemnizaci\u00f3n<\/a> contra la parte responsable.&nbsp;<\/p>\n\n\n\n<h4 class=\"wp-block-heading\">Informar del accidente<\/h4>\n\n\n\n<p>Dependiendo de d\u00f3nde te hayas lesionado, debes informar del accidente al departamento de polic\u00eda local, al departamento del sheriff o a la Guardia Costera de Estados Unidos.&nbsp;<\/p>\n\n\n\n<h4 class=\"wp-block-heading\">Busque atenci\u00f3n m\u00e9dica<\/h4>\n\n\n\n<p>Tras notificar el incidente, aseg\u00farate de obtener atenci\u00f3n m\u00e9dica inmediata, aunque tus s\u00edntomas no parezcan graves en un principio. A menudo, las lesiones aparentemente leves son en realidad bastante graves, pero la liberaci\u00f3n de adrenalina del cuerpo enmascara el dolor y otros s\u00edntomas. Por ello, puede que hasta uno o dos d\u00edas despu\u00e9s no te des cuenta de que te has lesionado gravemente.&nbsp;<\/p>\n\n\n\n<h4 class=\"wp-block-heading\">Recopilar informaci\u00f3n<\/h4>\n\n\n\n<p>Antes de abandonar la zona donde te has lesionado, intenta obtener toda la informaci\u00f3n que puedas, como los datos de contacto de los testigos, el nombre de la empresa a la que alquilaste el equipo y d\u00f3nde ocurri\u00f3 exactamente el accidente. Si tienes acceso a un smartphone, tambi\u00e9n puedes utilizarlo para hacer fotos de la escena y documentar lo ocurrido.&nbsp;<\/p>\n\n\n\n<h4 class=\"wp-block-heading\">Cuidado al hablar del accidente con las compa\u00f1\u00edas de seguros<\/h4>\n\n\n\n<p>Tras un accidente, es posible que una o varias compa\u00f1\u00edas de seguros se pongan en contacto con usted para hablar del accidente y de sus lesiones. Aunque debe hablar con la compa\u00f1\u00eda de seguros, evite asumir la culpa de cualquier cosa, ya que esto puede ser utilizado en su contra m\u00e1s adelante. En lugar de ello, facil\u00edteles los datos que necesite saber, respondiendo a sus preguntas sin extenderse.&nbsp;<\/p>\n\n\n\n<h4 class=\"wp-block-heading\">P\u00f3ngase en contacto con un abogado experto en deportes acu\u00e1ticos Charleston<\/h4>\n\n\n\n<p>Cuando est\u00e9 listo, el siguiente paso es <a href=\"https:\/\/www.steinberglawfirm.com\/contact-us\/\" target=\"_blank\" rel=\"noopener\">contacte con un abogado experto en lesiones<\/a> para discutir sus opciones. Incluso si usted firm\u00f3 una renuncia o siente que usted es parcialmente culpable, sigue siendo importante consultar con un abogado porque puede haber circunstancias que usted no es consciente de que puede significar que otra persona o empresa fue responsable del accidente.&nbsp;<\/p>\n\n\n\n<h3 class=\"wp-block-heading\">\u00bfHa sufrido recientemente un accidente en un deporte acu\u00e1tico Charleston?<\/h3>\n\n\n\n<p>Si usted o un ser querido se ha lesionado recientemente en uno de los muchos r\u00edos, arroyos o afluentes del Charleston, <a href=\"https:\/\/www.steinberglawfirm.com\/contact-us\/\" target=\"_blank\" rel=\"noopener\">llegar a la Steinberg Law Firm<\/a> para la asistencia inmediata. En el <a href=\"https:\/\/www.steinberglawfirm.com\/\" target=\"_blank\" rel=\"noopener\">Steinberg Law Firm<\/a>Llevamos m\u00e1s de 95 a\u00f1os al lado de las v\u00edctimas de accidentes, ayud\u00e1ndoles a <a href=\"https:\/\/www.steinberglawfirm.com\/results\/\" target=\"_blank\" rel=\"noopener\">recuperar la indemnizaci\u00f3n<\/a> que necesitan, merecen y a los que tienen derecho. Adoptamos un enfoque individualizado para cada caso que manejamos, asegur\u00e1ndonos de responder a sus preguntas y dar prioridad a lo que es m\u00e1s importante para usted. Para obtener m\u00e1s informaci\u00f3n, y para <a href=\"https:\/\/www.steinberglawfirm.com\/free-consultation\/\" target=\"_blank\" rel=\"noopener\">programar una consulta gratuita<\/a> hoy, llame al Steinberg Law Firm al <a href=\"tel:1-843-720-2800\">843-720-2800<\/a>. Tambi\u00e9n puede ponerse en contacto con nosotros a trav\u00e9s de <a href=\"https:\/\/www.steinberglawfirm.com\/contact-us\/\" target=\"_blank\" rel=\"noopener\">nuestro formulario de contacto seguro en l\u00ednea<\/a>.<\/p>","protected":false},"excerpt":{"rendered":"<p>Charleston, SC River Water Sports Injury Lawyers Accident Attorneys for Injuries on Shem Creek and Folly Creek La ciudad de Charleston se encuentra en la desembocadura de varios r\u00edos grandes, incluyendo el Ashley, Cooper, Wando, y Stono, haciendo Charleston un gran lugar para todo tipo de deportes acu\u00e1ticos fluviales. Sin embargo, todos los deportes acu\u00e1ticos conllevan peligros inherentes...<\/p>","protected":false},"author":1,"featured_media":24640,"parent":9348,"menu_order":0,"comment_status":"closed","ping_status":"closed","template":"","meta":{"_acf_changed":false,"footnotes":""},"class_list":["post-24632","page","type-page","status-publish","has-post-thumbnail","hentry"],"acf":[],"_links":{"self":[{"href":"https:\/\/steinberglawfirm-staging.clmcloud.app\/es\/wp-json\/wp\/v2\/pages\/24632"}],"collection":[{"href":"https:\/\/steinberglawfirm-staging.clmcloud.app\/es\/wp-json\/wp\/v2\/pages"}],"about":[{"href":"https:\/\/steinberglawfirm-staging.clmcloud.app\/es\/wp-json\/wp\/v2\/types\/page"}],"author":[{"embeddable":true,"href":"https:\/\/steinberglawfirm-staging.clmcloud.app\/es\/wp-json\/wp\/v2\/users\/1"}],"replies":[{"embeddable":true,"href":"https:\/\/steinberglawfirm-staging.clmcloud.app\/es\/wp-json\/wp\/v2\/comments?post=24632"}],"version-history":[{"count":8,"href":"https:\/\/steinberglawfirm-staging.clmcloud.app\/es\/wp-json\/wp\/v2\/pages\/24632\/revisions"}],"predecessor-version":[{"id":26271,"href":"https:\/\/steinberglawfirm-staging.clmcloud.app\/es\/wp-json\/wp\/v2\/pages\/24632\/revisions\/26271"}],"up":[{"embeddable":true,"href":"https:\/\/steinberglawfirm-staging.clmcloud.app\/es\/wp-json\/wp\/v2\/pages\/9348"}],"wp:featuredmedia":[{"embeddable":true,"href":"https:\/\/steinberglawfirm-staging.clmcloud.app\/es\/wp-json\/wp\/v2\/media\/24640"}],"wp:attachment":[{"href":"https:\/\/steinberglawfirm-staging.clmcloud.app\/es\/wp-json\/wp\/v2\/media?parent=24632"}],"curies":[{"name":"wp","href":"https:\/\/api.w.org\/{rel}","templated":true}]}}