{"id":24610,"date":"2023-05-03T18:43:31","date_gmt":"2023-05-03T18:43:31","guid":{"rendered":"https:\/\/www.steinberglawfirm.com\/?page_id=24610"},"modified":"2024-04-29T20:34:28","modified_gmt":"2024-04-29T20:34:28","slug":"i-26-truck-accident-attorneys","status":"publish","type":"page","link":"https:\/\/steinberglawfirm-staging.clmcloud.app\/es\/lesiones-personales\/accidentes-de-camiones\/i-26-accidente-de-camion-abogados\/","title":{"rendered":"I-26 Abogados de accidentes de camiones"},"content":{"rendered":"<h1 class=\"wp-block-heading\">I-26 Abogados de accidentes de camiones<\/h1>\n\n\n\n<h2 class=\"wp-block-heading\"><em>Semi Crash Lesiones Abogados Sirviendo Orangeburg, Dorchester, y Charleston Condados<\/em><\/h2>\n\n\n\n<p>Algunas carreteras South Carolina son famosas por sus accidentes peligrosos y mortales. Las estad\u00edsticas estatales demuestran que, a menudo, estas reputaciones est\u00e1n justificadas.&nbsp;<\/p>\n\n\n\n<p>Seg\u00fan el Departamento de Seguridad P\u00fablica de South Carolina, en 2020, 27 colisiones en la I-26 causaron un total de 33 muertes, y 828 colisiones en la I-26 causaron un total de 1.173 heridos. <a href=\"https:\/\/www.steinberglawfirm.com\/personal-injury\/auto-accidents\/south-carolinas-most-dangerous-roads-i-526-and-i-26\/#:~:text=Interstate%2026%20starts%20in%20Charleston,a%20total%20of%2033%20lives.\" target=\"_blank\" rel=\"noopener\">Interestatal 26<\/a> es una de estas notorias autopistas que se encuentran en South Carolina. El South Carolina Departamento de Seguridad P\u00fablica Libro de Datos identifica I-26 como una de las autopistas m\u00e1s peligrosas en South Carolina.&nbsp;<\/p>\n\n\n\n<p>La I-26 es un corredor importante para el tr\u00e1fico de camiones. Los accidentes de camiones grandes que ocurren aqu\u00ed pueden causar lesiones graves y muertes. Si ha sufrido lesiones, p\u00f3ngase en contacto con el <a href=\"https:\/\/www.steinberglawfirm.com\/personal-injury\/truck-accidents\/\" target=\"_blank\" rel=\"noopener\">abogados con experiencia en accidentes de camiones I-26 en el Steinberg Law Firm<\/a> para discutir su caso.<\/p>\n\n\n\n<h3 class=\"wp-block-heading\">I-26 Estad\u00edsticas de accidentes de camiones para South Carolina<\/h3>\n\n\n\n<p>Los camiones grandes suelen pertenecer a la categor\u00eda de veh\u00edculos de motor comerciales (CMV). En 2020, 91 veh\u00edculos de motor comerciales se vieron implicados en <a href=\"https:\/\/www.steinberglawfirm.com\/personal-injury\/truck-accidents\/fatal-truck-accidents\/\" target=\"_blank\" rel=\"noopener\">accidentes de tr\u00e1fico mortales en South Carolina<\/a>. Ese a\u00f1o representaron el 9,4% de todas las colisiones mortales de tr\u00e1fico.&nbsp;<\/p>\n\n\n\n<p>El South Carolina Department of Public Safety Fact Book tambi\u00e9n revela que los conductores de fuera del estado representan una gran parte de las colisiones de tr\u00e1fico de CMV en South Carolina. En 2020, el 45,1 por ciento de las colisiones de CMV involucraron a un conductor de fuera del estado. Casi el 60 por ciento de estos conductores eran de uno de los tres estados vecinos: North Carolina, Georgia o Florida.&nbsp;<\/p>\n\n\n\n<p>Los conductores de CMV de fuera del estado tienen m\u00e1s probabilidades de viajar por carreteras interestatales, como la I-26, ya que <a href=\"https:\/\/www.steinberglawfirm.com\/personal-injury\/truck-accidents\/container-truck-accident-attorney\/\" target=\"_blank\" rel=\"noopener\">transporte de carga a trav\u00e9s de South Carolina<\/a>. Dado que pueden no estar familiarizados con la I-26, corren un mayor riesgo de verse implicados en un accidente de cami\u00f3n.&nbsp;<\/p>\n\n\n\n<h3 class=\"wp-block-heading\">Tipos de lesiones en accidentes de camiones en la I-26<\/h3>\n\n\n\n<p>En un accidente de cami\u00f3n, las fuerzas generadas por una colisi\u00f3n pueden causar lesiones, entre las que se incluyen las siguientes:<\/p>\n\n\n\n<ul class=\"wp-block-list\">\n<li><a href=\"https:\/\/www.steinberglawfirm.com\/personal-injury\/truck-accidents\/brain-injury\/\" target=\"_blank\" rel=\"noopener\">Lesiones cerebrales traum\u00e1ticas<\/a>incluyendo traumatismos craneoencef\u00e1licos cerrados y conmociones cerebrales.<\/li>\n\n\n\n<li><a href=\"https:\/\/www.steinberglawfirm.com\/personal-injury\/truck-accidents\/spinal-cord-injuries\/\" target=\"_blank\" rel=\"noopener\">Lesiones de la m\u00e9dula espinal<\/a>que puede provocar una par\u00e1lisis permanente.<\/li>\n\n\n\n<li><a href=\"https:\/\/www.steinberglawfirm.com\/personal-injury\/truck-accidents\/back-injuries\/\" target=\"_blank\" rel=\"noopener\">Volver<\/a> y <a href=\"https:\/\/www.steinberglawfirm.com\/personal-injury\/truck-accidents\/neck-injury\/\" target=\"_blank\" rel=\"noopener\">lesiones cervicales<\/a>como hernias o protuberancias discales.<\/li>\n\n\n\n<li>Huesos rotos.<\/li>\n\n\n\n<li>Da\u00f1os en m\u00fasculos, nervios y tejidos blandos.<\/li>\n\n\n\n<li><a href=\"https:\/\/www.steinberglawfirm.com\/personal-injury\/truck-accidents\/loss-of-limbs\/\" target=\"_blank\" rel=\"noopener\">Amputaciones<\/a>.<\/li>\n\n\n\n<li><a href=\"https:\/\/www.steinberglawfirm.com\/personal-injury\/truck-accidents\/burns\/\" target=\"_blank\" rel=\"noopener\">Quemaduras<\/a>.&nbsp;<\/li>\n<\/ul>\n\n\n\n<p>Una persona implicada en un accidente de cami\u00f3n puede sufrir m\u00e1s de un tipo de lesi\u00f3n, por lo que es vital buscar atenci\u00f3n m\u00e9dica inmediatamente. Un examen m\u00e9dico puede determinar el alcance de sus lesiones y permitir la creaci\u00f3n de un plan de tratamiento adecuado.<\/p>\n\n\n\n<h3 class=\"wp-block-heading\">\u00bfCu\u00e1ndo y d\u00f3nde ocurren los accidentes de cami\u00f3n en la I-26?<\/h3>\n\n\n\n<p>El Departamento de Seguridad P\u00fablica de South Carolina registr\u00f3 siete accidentes mortales de camiones en la I-26 entre enero de 2018 y abril de 2023. Estos registros incluyen tanto choques de tractores con remolque como accidentes de camiones comerciales m\u00e1s peque\u00f1os, como camiones caja, aunque solo los semirremolques aparecen en las estad\u00edsticas de choques mortales.&nbsp;<\/p>\n\n\n\n<h4 class=\"wp-block-heading\">Accidentes de camiones en la I-26 seg\u00fan la hora del d\u00eda<\/h4>\n\n\n\n<p>Entre enero de 2018 y abril de 2023, los siete accidentes mortales de camiones registrados en I-26 ocurrieron durante las horas de la ma\u00f1ana:<\/p>\n\n\n\n<ul class=\"wp-block-list\">\n<li>Dos accidentes (29%) se produjeron entre las 4.00 y las 5.00 horas.&nbsp;<\/li>\n\n\n\n<li>Tres accidentes (43%) se produjeron entre las 7.00 y las 8.00 horas.<\/li>\n\n\n\n<li>Uno de los accidentes se produjo poco antes de las 10 de la ma\u00f1ana.<\/li>\n\n\n\n<li>Un accidente se produjo cerca de las 11.40 horas.&nbsp;<\/li>\n<\/ul>\n\n\n\n<p>Las ma\u00f1anas pueden ser un reto para los conductores de camiones. Durante las primeras horas de la ma\u00f1ana, el ciclo de sue\u00f1o del cuerpo puede hacer m\u00e1s dif\u00edcil que los conductores se mantengan alerta, incluso si est\u00e1n acostumbrados a conducir en la oscuridad previa al amanecer. Los amaneceres pueden oscurecer la visi\u00f3n de los conductores, y el aumento del tr\u00e1fico durante la hora punta de la ma\u00f1ana tambi\u00e9n puede plantear problemas.&nbsp;<\/p>\n\n\n\n<p>Ciertas ubicaciones en I-26 parecen ser m\u00e1s peligrosas para los choques de camiones tambi\u00e9n. Entre enero de 2018 y abril de 2023, cuatro de los siete choques registrados <a href=\"https:\/\/www.steinberglawfirm.com\/personal-injury\/truck-accidents\/semi-truck-accident-injury-attorney\/\" target=\"_blank\" rel=\"noopener\">accidentes mortales de semirremolque<\/a> en la I-26 se produjeron en el condado de Orangeburg. Los dem\u00e1s accidentes se registraron en los condados de Dorchester, Spartanburg y Calhoun.&nbsp;<\/p>\n\n\n\n<h3 class=\"wp-block-heading\">Colisiones de camiones en la I-26 y riesgos para otros conductores<\/h3>\n\n\n\n<p>No todos los accidentes de cami\u00f3n implican <a href=\"https:\/\/www.steinberglawfirm.com\/personal-injury\/auto-accidents\/\" target=\"_blank\" rel=\"noopener\">otros veh\u00edculos<\/a> o <a href=\"https:\/\/www.steinberglawfirm.com\/personal-injury\/auto-accidents\/pedestrian-accident\/\" target=\"_blank\" rel=\"noopener\">peatones<\/a>. En algunos casos, puede producirse un accidente cuando un <a href=\"https:\/\/www.steinberglawfirm.com\/blog\/guardrail-failure-heavy-vehicle-liability-in-car-accident-charleston-sc\/\" target=\"_blank\" rel=\"noopener\">un cami\u00f3n choca contra un guardarra\u00edl<\/a>se vuelca o experimenta otro evento adverso.<\/p>\n\n\n\n<p>Un cami\u00f3n que no colisiona con otro veh\u00edculo a\u00fan puede suponer riesgos para otros conductores, entre los que se incluyen los siguientes:<\/p>\n\n\n\n<ul class=\"wp-block-list\">\n<li>Si se acaba de producir un accidente de cami\u00f3n, otros conductores pueden tener tiempos de reacci\u00f3n retardados, lo que puede dar lugar a que se produzca otra colisi\u00f3n.<\/li>\n\n\n\n<li>Durante un accidente de cami\u00f3n, los neum\u00e1ticos, equipos o <a href=\"https:\/\/www.steinberglawfirm.com\/personal-injury\/auto-accidents\/south-carolina-car-accidents-due-to-dropped-cargo-on-the-road\/\" target=\"_blank\" rel=\"noopener\">carga que se suelta del cami\u00f3n<\/a> puede lesionar a otras personas en la carretera.&nbsp;<\/li>\n\n\n\n<li>Un cami\u00f3n parado puede suponer un peligro para el tr\u00e1fico que circula en sentido contrario, en el que otros conductores pueden no ver un lugar de colisi\u00f3n no se\u00f1alizado, por lo que es demasiado tarde para evitar el da\u00f1o.&nbsp;<\/li>\n\n\n\n<li>Los camiones que se incendian o tienen fugas de sustancias peligrosas pueden suponer un peligro para el tr\u00e1fico circundante y las personas que se encuentran en las inmediaciones.&nbsp;<\/li>\n<\/ul>\n\n\n\n<p>Estos peligros pueden provocar lesiones incluso si el cami\u00f3n no colision\u00f3 con otro veh\u00edculo durante el accidente.&nbsp;<\/p>\n\n\n\n<h3 class=\"wp-block-heading\">Accidentes de camiones con varios veh\u00edculos en la I-26<\/h3>\n\n\n\n<p>En 2020, la South Carolina registr\u00f3 un total de 2.092 accidentes m\u00faltiples en los que se vieron implicados un cami\u00f3n y otro veh\u00edculo. Estos incluyeron 74 accidentes mortales, 91 accidentes con lesiones graves, 1.020 accidentes con lesiones leves o moderadas y 920 accidentes que solo causaron da\u00f1os materiales.&nbsp;&nbsp;<\/p>\n\n\n\n<p>El Libro de Datos 2020 estim\u00f3 que en estas colisiones multiveh\u00edculo, los CMV contribuyeron a una colisi\u00f3n en 9 de los accidentes mortales (12,2%), 29 de los accidentes con heridos graves (31,9%), 416 de las otras colisiones con heridos (40,8%), y 354 de las colisiones con s\u00f3lo da\u00f1os materiales (39,0%).&nbsp;<\/p>\n\n\n\n<p>La I-26 tiene un largo historial de \u00edndices de colisiones de varios veh\u00edculos superiores a la media, incluidas las colisiones en las que se ven implicados grandes camiones. Entre 2006 y 2009, por ejemplo, el 42% de todas las muertes en la I-26 se produjeron en la I-26 entre Orangeburg y Charleston. Varias de estas muertes se produjeron en accidentes de camiones con varios veh\u00edculos.<\/p>\n\n\n\n<p>Los accidentes con varios veh\u00edculos agravan los riesgos para quienes se ven implicados en ellos. Cada veh\u00edculo que colisiona con otro pone en peligro a m\u00e1s personas. Una colisi\u00f3n en la que se ven implicadas varias partes tambi\u00e9n puede aumentar su riesgo de exposici\u00f3n al fuego o a cargas peligrosas, como productos qu\u00edmicos u otros materiales potencialmente peligrosos.&nbsp;<\/p>\n\n\n\n<p>Determinar qui\u00e9n tiene la culpa de tales eventos y lesiones relacionadas con un accidente I-26 puede ser un reto. Un <a href=\"https:\/\/www.steinberglawfirm.com\/personal-injury\/personal-injury-lawyers\/\" target=\"_blank\" rel=\"noopener\">abogado experimentado en lesiones personales Charleston<\/a> puede ayudarle a dar sentido a la informaci\u00f3n disponible y a reclamar una indemnizaci\u00f3n a las partes responsables de sus lesiones.&nbsp;<\/p>\n\n\n\n<h3 class=\"wp-block-heading\">Qu\u00e9 hacer despu\u00e9s de un accidente de cami\u00f3n I-26<\/h3>\n\n\n\n<p>Cuando se produce un accidente de cami\u00f3n en la I-26, es vital tomar medidas para proteger su vida y su salud, as\u00ed como para preservar las pruebas y salvaguardar sus derechos legales.&nbsp;<\/p>\n\n\n\n<p>Si se produce un accidente:<\/p>\n\n\n\n<ul class=\"wp-block-list\">\n<li><strong>Llame al 911 o al departamento local del sheriff. <\/strong>Pide ayuda de emergencia inmediatamente. Los socorristas pueden tratar a los heridos, hacer frente a incendios y otros riesgos, y hacer un registro de la escena.&nbsp;<\/li>\n\n\n\n<li><strong>Re\u00fane toda la informaci\u00f3n que puedas.<\/strong> Intenta conseguir los nombres y direcciones de los implicados en el accidente y de los testigos. Haz fotos o dibuja un diagrama de la escena. Escribe lo que recuerdes mientras lo tengas fresco en tu mente.&nbsp;<\/li>\n\n\n\n<li><strong>Reciba tratamiento m\u00e9dico lo antes posible. <\/strong>Tanto si acudes a urgencias como a tu m\u00e9dico de cabecera, acude al m\u00e9dico lo antes posible tras el accidente. Algunas lesiones no son evidentes inmediatamente despu\u00e9s de un accidente. Cuanto antes acudas al m\u00e9dico, antes recibir\u00e1s el tratamiento m\u00e9dico adecuado para tus lesiones.&nbsp;<\/li>\n\n\n\n<li><strong>Cuando hable con el seguro, at\u00e9ngase a los hechos. <\/strong>Al presentar una reclamaci\u00f3n, facilite s\u00f3lo la informaci\u00f3n necesaria, como la fecha, hora y lugar del accidente. Evita declaraciones de opini\u00f3n, como \"podr\u00eda haber prestado m\u00e1s atenci\u00f3n\", aunque creas firmemente que son ciertas. Si no tienes ciertos datos o no los recuerdas, dilo.&nbsp;<\/li>\n\n\n\n<li><strong>Guarde toda la documentaci\u00f3n relacionada con el accidente. <\/strong>Conserve toda esta documentaci\u00f3n en un solo lugar. Si te faltan cosas, como el resumen del tratamiento de una visita al m\u00e9dico, llama a la consulta y pide una copia nueva.&nbsp;<\/li>\n\n\n\n<li><strong>Hable con un abogado con experiencia Charleston I-26 accidente de cami\u00f3n. <\/strong>A <a href=\"https:\/\/www.steinberglawfirm.com\/attorney\/\" target=\"_blank\" rel=\"noopener\">abogado puede ayudarle a entender sus opciones legales<\/a> y proteger sus derechos tras un accidente.&nbsp;<\/li>\n<\/ul>\n\n\n\n<p>Evite culpar a nadie, ni siquiera a usted mismo. Puede ser dif\u00edcil saber exactamente qui\u00e9n tuvo la culpa de un accidente de cami\u00f3n. En su lugar, <a href=\"https:\/\/www.steinberglawfirm.com\/contact-us\/\" target=\"_blank\" rel=\"noopener\">trabajar con un abogado<\/a> que puede investigar a fondo su accidente, determinar exactamente lo que ocurri\u00f3 y exigir responsabilidades a quien corresponda.&nbsp;<\/p>\n\n\n\n<h3 class=\"wp-block-heading\">Cuando ponerse en contacto con un abogado despu\u00e9s de un accidente de cami\u00f3n en la I-26<\/h3>\n\n\n\n<p><a href=\"tel:1-843-720-2800\">Hable con un abogado tan pronto como sea posible despu\u00e9s de un accidente de cami\u00f3n I-26<\/a>. Tener un abogado de su lado puede aumentar sus posibilidades de recibir una indemnizaci\u00f3n completa y justa por sus lesiones y p\u00e9rdidas.&nbsp;<\/p>\n\n\n\n<p>No importa cu\u00e1nto tiempo hace que conoce a su agente o perito de seguros: Los peritos trabajan para la compa\u00f1\u00eda de seguros, no para usted. Ellos tienen la responsabilidad de resolver las reclamaciones de una manera que ahorra dinero para la aseguradora, incluso si eso significa que le ofrece menos de lo que vale su reclamo.&nbsp;<\/p>\n\n\n\n<p>Un <a href=\"https:\/\/www.steinberglawfirm.com\/attorney\/\" target=\"_blank\" rel=\"noopener\">abogado con experiencia<\/a> puede darle una mejor idea de sus da\u00f1os reales, ayudarle a determinar qui\u00e9n tuvo la culpa, y negociar una oferta de acuerdo en su nombre. Armado con esta informaci\u00f3n, usted puede tomar mejores decisiones para usted y su familia.&nbsp;<\/p>\n\n\n\n<p>Su abogado de lesiones personales tambi\u00e9n puede prepararle para la posibilidad de un juicio. Aunque la mayor\u00eda de las reclamaciones de accidentes de camiones no van a juicio, la presentaci\u00f3n de una demanda es un derecho legal y una herramienta poderosa en las negociaciones de liquidaci\u00f3n de seguros.&nbsp;<\/p>\n\n\n\n<p>Si ha resultado herido en un accidente de cami\u00f3n en la I-26, hable con un <a href=\"https:\/\/www.steinberglawfirm.com\/personal-injury\/truck-accidents\/\" target=\"_blank\" rel=\"noopener\">abogado con experiencia en accidentes de cami\u00f3n South Carolina<\/a> hoy. En el <a href=\"https:\/\/www.steinberglawfirm.com\/\" target=\"_blank\" rel=\"noopener\">Steinberg Law Firm<\/a>, nuestro <a href=\"https:\/\/www.steinberglawfirm.com\/personal-injury\/personal-injury-lawyers\/\" target=\"_blank\" rel=\"noopener\">abogados especializados en lesiones personales Charleston<\/a> han ayudado a clientes <a href=\"https:\/\/www.steinberglawfirm.com\/results\/\" target=\"_blank\" rel=\"noopener\">obtener una indemnizaci\u00f3n por las p\u00e9rdidas sufridas en un accidente<\/a>para que puedan centrarse en curarse y reconstruir sus vidas. Para m\u00e1s informaci\u00f3n <a href=\"https:\/\/www.steinberglawfirm.com\/free-consultation\/\" target=\"_blank\" rel=\"noopener\">programe una consulta gratuita y confidencial<\/a>, <a href=\"tel:1-843-720-2800\">llame al 843-720-2800<\/a> o p\u00f3ngase en contacto con nosotros a trav\u00e9s de <a href=\"https:\/\/www.steinberglawfirm.com\/contact-us\/\" target=\"_blank\" rel=\"noopener\">nuestro formulario de contacto en l\u00ednea<\/a>.<\/p>","protected":false},"excerpt":{"rendered":"<p>I-26 Abogados de Accidentes de Camiones Abogados de Lesiones de Choques de Camiones Sirviendo los Condados de Orangeburg, Dorchester, y Charleston Ciertas autopistas South Carolina son notorias por choques peligrosos y mortales. Las estad\u00edsticas estatales demuestran que, a menudo, estas reputaciones est\u00e1n justificadas.  Seg\u00fan el Departamento de Seguridad P\u00fablica de South Carolina, en 2020, 27 choques en I-26 causaron un total de 33 muertes,...<\/p>","protected":false},"author":1,"featured_media":24613,"parent":175,"menu_order":0,"comment_status":"closed","ping_status":"closed","template":"","meta":{"_acf_changed":false,"footnotes":""},"class_list":["post-24610","page","type-page","status-publish","has-post-thumbnail","hentry"],"acf":[],"_links":{"self":[{"href":"https:\/\/steinberglawfirm-staging.clmcloud.app\/es\/wp-json\/wp\/v2\/pages\/24610"}],"collection":[{"href":"https:\/\/steinberglawfirm-staging.clmcloud.app\/es\/wp-json\/wp\/v2\/pages"}],"about":[{"href":"https:\/\/steinberglawfirm-staging.clmcloud.app\/es\/wp-json\/wp\/v2\/types\/page"}],"author":[{"embeddable":true,"href":"https:\/\/steinberglawfirm-staging.clmcloud.app\/es\/wp-json\/wp\/v2\/users\/1"}],"replies":[{"embeddable":true,"href":"https:\/\/steinberglawfirm-staging.clmcloud.app\/es\/wp-json\/wp\/v2\/comments?post=24610"}],"version-history":[{"count":4,"href":"https:\/\/steinberglawfirm-staging.clmcloud.app\/es\/wp-json\/wp\/v2\/pages\/24610\/revisions"}],"predecessor-version":[{"id":30908,"href":"https:\/\/steinberglawfirm-staging.clmcloud.app\/es\/wp-json\/wp\/v2\/pages\/24610\/revisions\/30908"}],"up":[{"embeddable":true,"href":"https:\/\/steinberglawfirm-staging.clmcloud.app\/es\/wp-json\/wp\/v2\/pages\/175"}],"wp:featuredmedia":[{"embeddable":true,"href":"https:\/\/steinberglawfirm-staging.clmcloud.app\/es\/wp-json\/wp\/v2\/media\/24613"}],"wp:attachment":[{"href":"https:\/\/steinberglawfirm-staging.clmcloud.app\/es\/wp-json\/wp\/v2\/media?parent=24610"}],"curies":[{"name":"wp","href":"https:\/\/api.w.org\/{rel}","templated":true}]}}