{"id":24575,"date":"2023-04-26T19:54:57","date_gmt":"2023-04-26T19:54:57","guid":{"rendered":"https:\/\/www.steinberglawfirm.com\/?page_id=24575"},"modified":"2023-04-26T20:01:55","modified_gmt":"2023-04-26T20:01:55","slug":"rental-car-insurance","status":"publish","type":"page","link":"https:\/\/steinberglawfirm-staging.clmcloud.app\/es\/lesiones-personales\/accidentes-de-trafico-2\/seguro-de-alquiler-de-vehiculos\/","title":{"rendered":"Seguro de coche de alquiler"},"content":{"rendered":"<h1 class=\"wp-block-heading\">Seguro de coche de alquiler: \u00bfC\u00f3mo funciona y es necesario?<\/h1>\n\n\n\n<p>Si alguna vez has alquilado un coche, sabes que el empleado que est\u00e1 detr\u00e1s del mostrador te va a ofrecer un seguro de coche de alquiler. Y, si rechaza la cobertura, sin duda van a repasar el peor escenario posible sobre lo que podr\u00eda suceder si tiene un accidente mientras conduce un coche de alquiler. Sin embargo, la realidad es que la mayor\u00eda de los conductores ya tienen alg\u00fan tipo de cobertura en caso de accidente. <a href=\"https:\/\/www.steinberglawfirm.com\/personal-injury\/auto-accidents\/\" target=\"_blank\" rel=\"noopener\">accidente de coche de alquiler<\/a>. Aunque la cobertura adicional no es necesariamente mala, puede que no sea necesaria para todo el mundo: es s\u00f3lo un gasto adicional. Pero, \u00bfc\u00f3mo saber qu\u00e9 tipo de cobertura de alquiler de coche tiene ya, cu\u00e1nta cobertura es necesaria y si merece la pena pagar unos d\u00f3lares m\u00e1s por el seguro a trav\u00e9s de la agencia de alquiler? Siga leyendo para averiguarlo.&nbsp;<\/p>\n\n\n\n<h3 class=\"wp-block-heading\">\u00bfQu\u00e9 es el seguro de coche de alquiler?<\/h3>\n\n\n\n<p>En t\u00e9rminos generales, el seguro de coche de alquiler es una p\u00f3liza de seguro que le cubre en caso de que se vea implicado en un accidente mientras conduce un coche de alquiler. Sin embargo, cuando la mayor\u00eda de la gente habla de seguro de coche de alquiler, se refiere a la cobertura que ofrece la compa\u00f1\u00eda de alquiler en el momento de recoger el veh\u00edculo.&nbsp;<\/p>\n\n\n\n<p>El seguro de coche de alquiler que ofrecen Hertz, Enterprise, Avis, Budget, Alamo y otras agencias se refiere a una p\u00f3liza independiente que s\u00f3lo le cubre durante el periodo de alquiler. Hay varios tipos de seguros de coche que pueden utilizarse en caso de accidente, entre ellos los siguientes:<\/p>\n\n\n\n<p><strong>Responsabilidad<\/strong>: Cubre al conductor culpable de las lesiones o da\u00f1os que haya causado mientras conduc\u00eda el coche de alquiler. Por ejemplo, la cobertura de responsabilidad civil se activar\u00eda si alguien causara un accidente en un coche de alquiler y otro conductor o pasajero, peat\u00f3n o ciclista resultara herido.&nbsp;<\/p>\n\n\n\n<p><strong>Colisi\u00f3n<\/strong>: La cobertura por colisi\u00f3n exime a una persona de la responsabilidad de los da\u00f1os que se produzcan en el coche de alquiler, incluidos el robo y el vandalismo. Por ejemplo, si alguien deja un coche de alquiler aparcado en el estacionamiento de un supermercado y al volver se encuentra con que un carro de supermercado ha chocado contra el lateral del veh\u00edculo, la cobertura por colisi\u00f3n le asegura que no tendr\u00e1 que responder por los da\u00f1os sufridos por el coche de alquiler.&nbsp;<\/p>\n\n\n\n<p><strong>Cobertura de efectos personales<\/strong>: Si a un conductor le roban sus efectos personales de un coche de alquiler, esta convergencia cubrir\u00e1 los gastos.&nbsp;<\/p>\n\n\n\n<p><strong>Seguros personales<\/strong>: Esta cobertura del seguro personal de una persona protege contra las lesiones que ella o sus pasajeros puedan sufrir al conducir un veh\u00edculo alquilado.&nbsp;<\/p>\n\n\n\n<p><strong>Exenci\u00f3n de da\u00f1os por colisi\u00f3n<\/strong>: Las empresas de alquiler ofrecen una exenci\u00f3n de da\u00f1os por colisi\u00f3n que puede proteger al arrendatario de la \"p\u00e9rdida de uso\" mientras el veh\u00edculo alquilado se somete a reparaciones de carrocer\u00eda y no puede alquilarse. Las exenciones tambi\u00e9n protegen contra da\u00f1os por accidente, otros da\u00f1os diversos como desastres naturales y algunos casos de robo.&nbsp;<\/p>\n\n\n\n<h3 class=\"wp-block-heading\">\u00bfYa tiene seguro de coche de alquiler?<\/h3>\n\n\n\n<p>Si fueras <a href=\"https:\/\/www.steinberglawfirm.com\/blog\/what-happens-when-you-are-involved-in-a-car-accident-in-a-rental\/\" target=\"_blank\" rel=\"noopener\">implicado en un accidente de coche de alquiler<\/a>En caso de accidente, tanto los heridos como la agencia de alquiler de coches pueden pedirte que cubras los gastos asociados al accidente. Esto suele incluir gastos m\u00e9dicos y da\u00f1os materiales. El seguro de coche de alquiler cubre estos gastos en su nombre. Sin embargo, si usted tiene una tarjeta de cr\u00e9dito o una p\u00f3liza de seguro de autom\u00f3vil personal, puede estar cubierto.&nbsp;<\/p>\n\n\n\n<h3 class=\"wp-block-heading\">Cobertura de su p\u00f3liza principal de seguro de autom\u00f3vil<\/h3>\n\n\n\n<p>Si tienes un seguro de coche, es posible que cubra un accidente de coche de alquiler. La mayor\u00eda de los seguros de coche cubren los accidentes de coche de alquiler. Por supuesto, deber\u00e1 leer detenidamente su p\u00f3liza para saber cu\u00e1les son sus l\u00edmites de responsabilidad civil y si debe optar por una cobertura adicional por colisi\u00f3n y a todo riesgo si no est\u00e1 ya incluida. Las compa\u00f1\u00edas de seguros m\u00e1s conocidas que ofrecen ambos tipos de cobertura son:<\/p>\n\n\n\n<ul class=\"wp-block-list\">\n<li>GEICO<\/li>\n\n\n\n<li>USAA<\/li>\n\n\n\n<li>Esurance<\/li>\n\n\n\n<li>Mercurio<\/li>\n\n\n\n<li>Auto-Owners<\/li>\n<\/ul>\n\n\n\n<p>La cobertura por colisi\u00f3n puede ser beneficiosa si a menudo se le considera culpable de un accidente, si conduce con tr\u00e1fico todos los d\u00edas para ir al trabajo o si no dispone de los fondos necesarios en caso de que sufra un accidente y su coche se considere siniestro total, lo que le obligar\u00eda a comprar otro veh\u00edculo.<\/p>\n\n\n\n<p>Seg\u00fan WalletHub, las mejores compa\u00f1\u00edas de seguros de coche a todo riesgo son Progressive, GEICO y Esurance. El seguro a todo riesgo es una cobertura adicional para situaciones que quedan fuera de los t\u00edpicos accidentes por colisi\u00f3n, como da\u00f1os por cristales, animales, inundaciones, incendio y robo.&nbsp;&nbsp;&nbsp;<\/p>\n\n\n\n<h3 class=\"wp-block-heading\">Cobertura a trav\u00e9s de la entidad emisora de su tarjeta de cr\u00e9dito<\/h3>\n\n\n\n<p>Puede ser una sorpresa, pero algunas tarjetas de cr\u00e9dito ofrecen un seguro de coche de alquiler como ventaja para el titular. No todas las tarjetas de cr\u00e9dito ofrecen seguro de coche de alquiler, por lo que es importante que te pongas en contacto con la compa\u00f1\u00eda de tu tarjeta de cr\u00e9dito y preguntes si tienes cobertura de alquiler y, en caso afirmativo, cu\u00e1les son los l\u00edmites de la p\u00f3liza.<\/p>\n\n\n\n<p>Seg\u00fan ValuePenguin, a los titulares de tarjetas American Express se les ofrece un seguro secundario para coches de alquiler. Las prestaciones incluyen cobertura para camionetas, veh\u00edculos de lujo y todoterrenos, mientras que otras tarjetas de cr\u00e9dito pueden excluir este tipo de veh\u00edculos. Adem\u00e1s, la cobertura es de hasta $100.000 por robo y da\u00f1os.&nbsp;<\/p>\n\n\n\n<p>Otras tarjetas de cr\u00e9dito que ofrecen seguro de alquiler son:<\/p>\n\n\n\n<ul class=\"wp-block-list\">\n<li>Tarjeta Chase Sapphire Reserve<\/li>\n\n\n\n<li>Tarjeta Chase Sapphire Preferred<\/li>\n\n\n\n<li>Tarjeta Chase Freedom Unlimited<\/li>\n\n\n\n<li>Tarjeta Ink Business Preferred<\/li>\n\n\n\n<li>Tarjeta United Explorer<\/li>\n<\/ul>\n\n\n\n<p>Otras tarjetas de cr\u00e9dito al consumo de Bank of America, Wells Fargo, Capital One, US Bank y Mastercard tambi\u00e9n pueden tener seguro de alquiler. Lo mejor es que te pongas en contacto directamente con ellos para saber si est\u00e1s cubierto con el seguro de alquiler de coches y, en caso afirmativo, qu\u00e9 l\u00edmites incluye.&nbsp;<\/p>\n\n\n\n<h3 class=\"wp-block-heading\">Cobertura mediante programas de afiliaci\u00f3n<\/h3>\n\n\n\n<p>Puede que merezca la pena consultar los beneficios de su afiliaci\u00f3n para ver si se ofrece cobertura para coches de alquiler. Sorprendentemente, AAA y AARP ofrecen seguro para coches de alquiler. La tarjeta de cr\u00e9dito para viajes de AARP solo funciona si deniegas la exenci\u00f3n por colisi\u00f3n de la compa\u00f1\u00eda de alquiler.<br><br>Sin embargo, Costco no ofrece seguro de coche de alquiler. Tendr\u00e1s que utilizar tu seguro de coche personal o acogerte a la exenci\u00f3n por colisi\u00f3n que ofrece la compa\u00f1\u00eda de alquiler.&nbsp;<\/p>\n\n\n\n<h3 class=\"wp-block-heading\">\u00bfCu\u00e1l es la diferencia entre el seguro de alquiler de coche y la cobertura de reembolso del alquiler de coche?<\/h3>\n\n\n\n<p>El seguro de coche de alquiler y la cobertura de reembolso de alquiler de coche parecen ofrecer una cobertura similar; sin embargo, ambos son muy diferentes. El seguro de coche de alquiler se refiere a la cobertura que se aplica si te ves implicado en un accidente mientras conduces un coche alquilado. Es probable que tengas alg\u00fan tipo de cobertura de seguro de coche de alquiler si tienes una p\u00f3liza de seguro de coche o algunas tarjetas de cr\u00e9dito. La cobertura de reembolso del coche de alquiler es una cobertura opcional que puede formar parte de tu propia p\u00f3liza de seguro de coche personal. Este tipo de seguro te reembolsa el coste de alquilar un coche si te ves implicado en un accidente con tu propio veh\u00edculo y necesitas un coche mientras el tuyo est\u00e1 en el taller.&nbsp;<\/p>\n\n\n\n<h2 class=\"wp-block-heading\">\u00bfHa sufrido lesiones en un accidente de coche de alquiler?<\/h2>\n\n\n\n<p>Si se ha visto implicado en un accidente de coche de alquiler y se pregunta c\u00f3mo pueden entrar en juego las distintas p\u00f3lizas de seguro, el <a href=\"https:\/\/www.steinberglawfirm.com\/personal-injury\/auto-accidents\/\" target=\"_blank\" rel=\"noopener\">dedicados abogados de accidentes de coche Charleston en el Steinberg Law Firm<\/a> puede ayudar. En el <a href=\"https:\/\/www.steinberglawfirm.com\/\" target=\"_blank\" rel=\"noopener\">Steinberg Law Firm<\/a>Tenemos m\u00e1s de 95 a\u00f1os de experiencia ayudando a v\u00edctimas de accidentes y a sus familias. <a href=\"https:\/\/www.steinberglawfirm.com\/personal-injury\/auto-accidents\/insurance\/\" target=\"_blank\" rel=\"noopener\">navegar por las complejidades del proceso de reclamaciones de seguros<\/a> para garantizarles una indemnizaci\u00f3n justa por lo que han sufrido. <a href=\"https:\/\/www.steinberglawfirm.com\/free-consultation\/\" target=\"_blank\" rel=\"noopener\">Ofrecemos consultas gratuitas a posibles clientes<\/a>durante la cual le proporcionaremos una visi\u00f3n general del proceso, responderemos a sus preguntas y le explicaremos c\u00f3mo podemos ayudarle a obtener la indemnizaci\u00f3n que se merece. Para obtener m\u00e1s informaci\u00f3n, y para programar una consulta gratuita con un abogado de accidente de coche Charleston hoy, <a href=\"tel:1-843-720-2800\">llame al Steinberg Law Firm al 843-720-2800<\/a>. Tambi\u00e9n puede ponerse en contacto con nosotros a trav\u00e9s de <a href=\"https:\/\/www.steinberglawfirm.com\/contact-us\/\" target=\"_blank\" rel=\"noopener\">nuestro formulario de contacto seguro en l\u00ednea<\/a>.<\/p>","protected":false},"excerpt":{"rendered":"<p>Seguro de coche de alquiler: \u00bfC\u00f3mo funciona y es necesario? Si alguna vez ha alquilado un coche, sabr\u00e1 que el empleado detr\u00e1s del mostrador le ofrecer\u00e1 un seguro de coche de alquiler. Y, si usted rechaza la cobertura, sin duda van a repasar el peor de los casos sobre lo que podr\u00eda suceder si usted...<\/p>","protected":false},"author":1,"featured_media":24581,"parent":760,"menu_order":0,"comment_status":"closed","ping_status":"closed","template":"","meta":{"_acf_changed":false,"footnotes":""},"class_list":["post-24575","page","type-page","status-publish","has-post-thumbnail","hentry"],"acf":[],"_links":{"self":[{"href":"https:\/\/steinberglawfirm-staging.clmcloud.app\/es\/wp-json\/wp\/v2\/pages\/24575"}],"collection":[{"href":"https:\/\/steinberglawfirm-staging.clmcloud.app\/es\/wp-json\/wp\/v2\/pages"}],"about":[{"href":"https:\/\/steinberglawfirm-staging.clmcloud.app\/es\/wp-json\/wp\/v2\/types\/page"}],"author":[{"embeddable":true,"href":"https:\/\/steinberglawfirm-staging.clmcloud.app\/es\/wp-json\/wp\/v2\/users\/1"}],"replies":[{"embeddable":true,"href":"https:\/\/steinberglawfirm-staging.clmcloud.app\/es\/wp-json\/wp\/v2\/comments?post=24575"}],"version-history":[{"count":6,"href":"https:\/\/steinberglawfirm-staging.clmcloud.app\/es\/wp-json\/wp\/v2\/pages\/24575\/revisions"}],"predecessor-version":[{"id":24584,"href":"https:\/\/steinberglawfirm-staging.clmcloud.app\/es\/wp-json\/wp\/v2\/pages\/24575\/revisions\/24584"}],"up":[{"embeddable":true,"href":"https:\/\/steinberglawfirm-staging.clmcloud.app\/es\/wp-json\/wp\/v2\/pages\/760"}],"wp:featuredmedia":[{"embeddable":true,"href":"https:\/\/steinberglawfirm-staging.clmcloud.app\/es\/wp-json\/wp\/v2\/media\/24581"}],"wp:attachment":[{"href":"https:\/\/steinberglawfirm-staging.clmcloud.app\/es\/wp-json\/wp\/v2\/media?parent=24575"}],"curies":[{"name":"wp","href":"https:\/\/api.w.org\/{rel}","templated":true}]}}