{"id":24525,"date":"2023-04-20T22:32:06","date_gmt":"2023-04-20T22:32:06","guid":{"rendered":"https:\/\/www.steinberglawfirm.com\/?page_id=24525"},"modified":"2024-03-12T22:06:21","modified_gmt":"2024-03-12T22:06:21","slug":"semi-truck-accident-injury-attorney","status":"publish","type":"page","link":"https:\/\/steinberglawfirm-staging.clmcloud.app\/es\/lesiones-personales\/accidentes-de-camiones\/abogado-de-accidentes-de-semirremolque\/","title":{"rendered":"Charleston Abogados de accidentes de semirremolques"},"content":{"rendered":"<h1 class=\"wp-block-heading\">Charleston Abogados de accidentes de semirremolques<\/h1>\n\n\n\n<h2 class=\"wp-block-heading\"><em>Abogados de Lesiones por Choques de 18 Ruedas en el Condado de Charleston, SC<\/em><\/h2>\n\n\n\n<p>Cada a\u00f1o, los viajeros de las carreteras South Carolina resultan heridos o mueren en colisiones de semirremolques. En 2020, murieron 86 personas y 101 sufrieron heridas graves por colisiones de camiones. Otras 1.414 sufrieron otro tipo de lesiones.<\/p>\n\n\n\n<p>Una colisi\u00f3n entre un coche y un semirremolque tiene consecuencias diferentes, y a menudo m\u00e1s graves, que un choque entre dos veh\u00edculos de pasajeros. La normativa federal permite que los semirremolques midan hasta 4,5 metros de altura y pesen hasta 80.000 kilos. Por el contrario, el veh\u00edculo de pasajeros medio pesa aproximadamente 3.000 libras y mide menos de seis pies de alto. Cuando estos dos chocan, las consecuencias para los que van en el coche pueden ser catastr\u00f3ficas.&nbsp;<\/p>\n\n\n\n<p>Si ha sufrido lesiones en un accidente de cami\u00f3n, no espere. En <a href=\"https:\/\/www.steinberglawfirm.com\/personal-injury\/truck-accidents\/\" target=\"_blank\" rel=\"noopener\">abogados expertos en accidentes de semirremolque South Carolina en el Steinberg Law Firm<\/a> est\u00e1n aqu\u00ed para ayudar.&nbsp;<\/p>\n\n\n\n<h3 class=\"wp-block-heading\">\u00bfCu\u00e1les son las causas de las colisiones de coches y semirremolques?<\/h3>\n\n\n\n<p>Muchos conductores de autom\u00f3viles nunca han estado dentro de la cabina de un semirremolque. Como resultado, no siempre est\u00e1n familiarizados con la experiencia de lo que un conductor de semirremolque puede y no puede ver.&nbsp;<\/p>\n\n\n\n<p>Los conductores de turismos aumentan el riesgo de colisi\u00f3n cuando conducen de forma que dificultan la visibilidad de su veh\u00edculo al conductor de un cami\u00f3n, por ejemplo:<\/p>\n\n\n\n<ul class=\"wp-block-list\">\n<li>Conducir en el \u00e1ngulo muerto de un cami\u00f3n.<\/li>\n\n\n\n<li>Cambiar de carril demasiado cerca de la parte delantera de un cami\u00f3n.<\/li>\n\n\n\n<li>Intentar adelantar a un cami\u00f3n por la derecha cuando se dispone a girar a la derecha.<\/li>\n\n\n\n<li>Ir detr\u00e1s de un cami\u00f3n.<\/li>\n\n\n\n<li>Frenar bruscamente delante de un cami\u00f3n grande.<\/li>\n<\/ul>\n\n\n\n<p>Los conductores de camiones tambi\u00e9n pueden provocar colisiones o contribuir a ellas cuando no comprueban sus retrovisores, los \u00e1ngulos muertos, el equipo y la carga. Adem\u00e1s, los camioneros pueden no dejar espacio suficiente a otros conductores, no encender los intermitentes y no cambiar de carril con seguridad.<\/p>\n\n\n\n<p>Las partes que no est\u00e1n en la carretera cuando se produce el accidente tambi\u00e9n pueden provocar la colisi\u00f3n de un coche y un semirremolque. Por ejemplo:<\/p>\n\n\n\n<ul class=\"wp-block-list\">\n<li>El personal de mantenimiento puede no realizar el mantenimiento o las inspecciones adecuadas de un cami\u00f3n, lo que puede provocar un fallo del equipo en un momento cr\u00edtico.&nbsp;<\/li>\n\n\n\n<li>Una empresa de transporte por carretera puede no examinar adecuadamente a sus conductores o hacerles responsables de los requisitos de salud del Departamento de Transporte, lo que hace que los conductores sufran problemas de salud que les hacen perder el control del veh\u00edculo.<\/li>\n\n\n\n<li>Una empresa de carga puede cargar un remolque de forma inadecuada o no inspeccionar el equipo del remolque, provocando que las cargas se desplacen inesperadamente o que fallen los frenos o los neum\u00e1ticos.<\/li>\n<\/ul>\n\n\n\n<p>Muchos trabajos de conducci\u00f3n de camiones en Estados Unidos son de \"carga sin contacto\", lo que significa que el conductor del cami\u00f3n nunca toca, o a veces ni siquiera ve, la carga. Estos conductores conf\u00edan en que quienes cargan la mercanc\u00eda lo hagan correctamente. Cuando el equipo de carga falla, el conductor y otras personas en la carretera pueden sufrir lesiones.&nbsp;<\/p>\n\n\n\n<p>En 2020, s\u00f3lo el 46,5% de las colisiones de camiones con varios veh\u00edculos fueron atribuibles al comportamiento del conductor. Entre los accidentes restantes, no todos se debieron al comportamiento de otros conductores. Algunos tambi\u00e9n fueron causados por factores fuera del control de los que estaban en la carretera, incluyendo fallos mec\u00e1nicos omitidos por los mec\u00e1nicos de una empresa de camiones, la vida silvestre y las condiciones meteorol\u00f3gicas.&nbsp;<\/p>\n\n\n\n<p><a href=\"https:\/\/www.steinberglawfirm.com\/truck-accident-report\/\" target=\"_blank\" rel=\"noopener\">Las estad\u00edsticas estatales tambi\u00e9n revelaron que las colisiones de camiones<\/a> es m\u00e1s probable que se produzcan:<\/p>\n\n\n\n<ul class=\"wp-block-list\">\n<li><strong>En verano y en invierno. <\/strong>En junio de 2020 se registr\u00f3 el mayor \u00edndice de muertes en accidentes de cami\u00f3n, mientras que noviembre y diciembre registraron los mayores \u00edndices de heridos.<\/li>\n\n\n\n<li><strong>A la luz del d\u00eda. <\/strong>La luz del d\u00eda con condiciones despejadas o nubladas produjo el mayor n\u00famero de muertes y lesiones por colisi\u00f3n de camiones en las carreteras South Carolina en 2020. El tiempo lluvioso tendi\u00f3 a provocar menos colisiones y muertes por colisi\u00f3n que el tiempo despejado, tal vez porque los conductores tienden a reducir la velocidad en condiciones meteorol\u00f3gicas adversas.&nbsp;<\/li>\n\n\n\n<li><strong>Entre semana. <\/strong>Los s\u00e1bados y domingos fueron los d\u00edas con menos accidentes de camiones en 2020. Sin embargo, todos los d\u97c6s de la semana registraron tasas de accidentes con heridos y muertos muy similares, hasta 8 veces superiores a las de los fines de semana.&nbsp;<\/li>\n\n\n\n<li><strong>Al mediod\u00eda. <\/strong>De mediod\u00eda a las 3 de la tarde result\u00f3 ser el momento del d\u00eda m\u00e1s com\u00fan para las colisiones South Carolina en 2020, seguido de 9 de la ma\u00f1ana a mediod\u00eda. Las colisiones tendieron a disminuir tanto a horas m\u00e1s tempranas como m\u00e1s tard\u00edas.&nbsp;<\/li>\n\n\n\n<li><strong>En las interestatales. <\/strong>El tr\u00e1fico de camiones es m\u00e1s com\u00fan en las carreteras interestatales South Carolina, y tambi\u00e9n lo son los accidentes de camiones. En 2020, se produjeron 1.883 accidentes de camiones en las carreteras interestatales South Carolina.&nbsp;<\/li>\n<\/ul>\n\n\n\n<p>Un accidente de cami\u00f3n puede tener varias causas interrelacionadas. La b\u00fasqueda de las partes responsables de un accidente puede ser igualmente compleja. Los accidentes dram\u00e1ticos, como las maniobras de navaja, pueden ser dif\u00edciles de desentra\u00f1ar a posteriori.<\/p>\n\n\n\n<h3 class=\"wp-block-heading\">Por qu\u00e9 los semirremolques se pliegan con facilidad<\/h3>\n\n\n\n<p>Los semirremolques se componen de dos partes: La cabeza tractora, que contiene el motor y el volante, y el remolque, que <a href=\"https:\/\/www.steinberglawfirm.com\/personal-injury\/truck-accidents\/container-truck-accident-attorney\/\" target=\"_blank\" rel=\"noopener\">contiene carga<\/a>. Este dise\u00f1o permite a un tractor arrastrar casi cualquier remolque, lo que ofrece m\u00e1s flexibilidad a los transportistas y a las empresas que conf\u00edan en ellos. Tambi\u00e9n hace que los semirremolques sean m\u00e1s susceptibles de plegarse.<\/p>\n\n\n\n<p>Un accidente de \"jackknife\" se produce cuando el remolque de un cami\u00f3n gira de forma que la cabeza tractora y el remolque forman un \u00e1ngulo agudo entre s\u00ed, en lugar de que el remolque siga a la cabeza tractora en l\u00ednea recta. Se produce cuando la cabeza tractora, el remolque o ambos pierden tracci\u00f3n en la carretera.<\/p>\n\n\n\n<p>Entre las causas m\u00e1s comunes de los accidentes de apu\u00f1alamiento se incluyen:<\/p>\n\n\n\n<ul class=\"wp-block-list\">\n<li>Calzadas resbaladizas.<\/li>\n\n\n\n<li>Maniobras bruscas de frenado, especialmente a alta velocidad.<\/li>\n\n\n\n<li>Remolques poco cargados o vac\u00edos que no tienen suficiente tracci\u00f3n.<\/li>\n\n\n\n<li>Desplazamiento de la carga en el interior del remolque por estar mal sujeta.<\/li>\n\n\n\n<li>Error del conductor, como seguir demasiado de cerca a otro veh\u00edculo.<\/li>\n\n\n\n<li>Error mec\u00e1nico en el sistema de frenado del cami\u00f3n.<\/li>\n<\/ul>\n\n\n\n<p>Durante una maniobra de jackknifing, el conductor tiene poco control sobre el tractor y a\u00fan menos sobre el remolque. Al girar, el remolque puede colisionar con otros veh\u00edculos o personas, causando lesiones graves. Alrededor del 3,5% de los accidentes de <a href=\"https:\/\/www.steinberglawfirm.com\/personal-injury\/truck-accidents\/fatal-truck-accidents\/\" target=\"_blank\" rel=\"noopener\">accidentes mortales de camiones<\/a> en los EE.UU. en 2020 fueron el resultado de jackknifing, seg\u00fan la Administraci\u00f3n Federal de Seguridad de Autotransportes (FMSCA). En South Carolina en 2020, una persona muri\u00f3 y seis resultaron gravemente heridas en accidentes de jackknife.<\/p>\n\n\n\n<p>Muchos accidentes por plegamiento son evitables. Un conductor puede reducir o prevenir el riesgo de plegamiento reduciendo la velocidad en las autopistas y dejando una distancia de frenado adecuada entre el semirremolque y los veh\u00edculos que circulan por delante. El personal encargado de la manipulaci\u00f3n de la carga puede reducir el riesgo de plegado asegurando adecuadamente la carga. Los responsables del mantenimiento del veh\u00edculo pueden reducir el riesgo asegur\u00e1ndose de que los frenos funcionan correctamente y de que los neum\u00e1ticos del remolque tienen el agarre adecuado para mantener la tracci\u00f3n aunque el remolque est\u00e9 vac\u00edo o poco cargado.&nbsp;<\/p>\n\n\n\n<h3 class=\"wp-block-heading\">Qu\u00e9 hacer despu\u00e9s de un accidente de semirremolque en Charleston<\/h3>\n\n\n\n<p>Si ha sufrido una colisi\u00f3n con un semirremolque:<\/p>\n\n\n\n<ul class=\"wp-block-list\">\n<li><strong>Llame al 911 inmediatamente. <\/strong>H\u00e1galo incluso si cree que no hay heridos graves. Todav\u00eda se necesitan equipos de respuesta a emergencias en el lugar de los hechos.<\/li>\n\n\n\n<li><strong>Documenta la escena si puedes. <\/strong>Haz fotos, dibuja un diagrama o simplemente anota lo que recuerdes del accidente mientras lo tengas fresco en la memoria. Colabora con la polic\u00eda y los primeros intervinientes para aportar datos a sus informes. Si es posible, obt\u00e9n informaci\u00f3n de contacto de los testigos.<\/li>\n\n\n\n<li><strong>Busque atenci\u00f3n m\u00e9dica lo antes posible. <\/strong>Acude al m\u00e9dico aunque no te sientas lesionado o creas que tus lesiones no son graves. Algunas lesiones por colisi\u00f3n tardan en manifestarse por completo. Esperar a recibir atenci\u00f3n m\u00e9dica puede hacer que tus lesiones empeoren.<\/li>\n\n\n\n<li><strong>P\u00f3ngase r\u00e1pidamente en contacto con su compa\u00f1\u00eda de seguros. <\/strong>Presente una reclamaci\u00f3n para acceder a las prestaciones de su seguro, obtener la reparaci\u00f3n de su veh\u00edculo y mucho m\u00e1s.&nbsp;<\/li>\n\n\n\n<li><strong>Hable con un abogado experto en accidentes de camiones South Carolina. <\/strong>South Carolina ley limita el tiempo que tiene para buscar compensaci\u00f3n despu\u00e9s de un accidente - y las reclamaciones de accidentes de camiones pueden ser complejas. Tu abogado se encargar\u00e1 de estas tareas para que puedas descansar y curarte.&nbsp;<\/li>\n<\/ul>\n\n\n\n<h3 class=\"wp-block-heading\">Lesiones t\u00edpicas e intervenci\u00f3n m\u00e9dica tras un accidente de semirremolque South Carolina<\/h3>\n\n\n\n<p>Las fuerzas generadas en un choque de semirremolque pueden causar lesiones graves, no todas evidentes en los momentos posteriores al impacto. Las lesiones t\u00edpicas y los tratamientos m\u00e9dicos que siguen a un choque de semirremolque incluyen:<\/p>\n\n\n\n<ul class=\"wp-block-list\">\n<li><strong>Huesos rotos y tejido conjuntivo da\u00f1ado. <\/strong>Las fracturas \u00f3seas y las roturas de ligamentos o tendones pueden requerir cirug\u00eda para corregirlas. Durante la intervenci\u00f3n, pueden utilizarse barras, clavos, tornillos y otros elementos para mantener los huesos y los tejidos en su sitio mientras cicatrizan. A veces, es necesario volver a operar para retirar estos elementos; otras veces, estos elementos son permanentes.&nbsp;<\/li>\n\n\n\n<li><strong>Lesiones cerebrales traum\u00e1ticas. <\/strong>Las lesiones craneales cerradas, como las conmociones cerebrales, pueden producirse si la cabeza golpea o es golpeada por algo durante un choque. Un traumatismo craneal penetrante puede producirse si un cristal, metal o <a href=\"https:\/\/www.steinberglawfirm.com\/personal-injury\/truck-accidents\/tire-pieces-debris-in-road\/\" target=\"_blank\" rel=\"noopener\">otros residuos<\/a> perfora el cr\u00e1neo. Ambos tipos de lesiones pueden requerir cirug\u00eda, estancias prolongadas en el hospital y meses o a\u00f1os de rehabilitaci\u00f3n. <a href=\"https:\/\/www.steinberglawfirm.com\/personal-injury\/truck-accidents\/brain-injury\/\" target=\"_blank\" rel=\"noopener\">Lesiones cerebrales graves<\/a> suelen ser permanentes.<\/li>\n\n\n\n<li><strong>Lesiones de la columna vertebral y la m\u00e9dula espinal. <\/strong>El \"latigazo cervical\" es una distensi\u00f3n o esguince del cuello y la parte superior de la espalda. El latigazo cervical puede requerir medicaci\u00f3n, dispositivos m\u00e9dicos como un collar\u00edn cervical y otras intervenciones. <a href=\"https:\/\/www.steinberglawfirm.com\/personal-injury\/truck-accidents\/back-injuries\/\" target=\"_blank\" rel=\"noopener\">Hernias y protuberancias discales en la espalda<\/a> o <a href=\"https:\/\/www.steinberglawfirm.com\/personal-injury\/truck-accidents\/neck-injury\/\" target=\"_blank\" rel=\"noopener\">cuello<\/a> puede requerir cirug\u00eda, fisioterapia y otros tratamientos. <a href=\"https:\/\/www.steinberglawfirm.com\/personal-injury\/truck-accidents\/spinal-cord-injuries\/\" target=\"_blank\" rel=\"noopener\">Lesiones de la m\u00e9dula espinal<\/a> puede ser permanente.&nbsp;<\/li>\n<\/ul>\n\n\n\n<p>Todas estas lesiones comparten caracter\u00edsticas comunes. Todas requieren tratamiento m\u00e9dico. Pueden requerir cirug\u00eda y un periodo de fisioterapia o rehabilitaci\u00f3n tras la intervenci\u00f3n. Muchas de estas lesiones pueden tener efectos permanentes, de por vida.&nbsp;<\/p>\n\n\n\n<h3 class=\"wp-block-heading\">\u00bfQu\u00e9 ocurre en una reclamaci\u00f3n por accidente de cami\u00f3n South Carolina?<\/h3>\n\n\n\n<p>South Carolina la ley requiere que una reclamaci\u00f3n por accidente de cami\u00f3n se presente dentro de los tres a\u00f1os siguientes a la fecha del accidente o lesi\u00f3n. Espere demasiado tiempo, y este plazo de tres a\u00f1os puede pasar - que le impide presentar su reclamo.<\/p>\n\n\n\n<p>Ciertos factores pueden afectar al c\u00e1lculo de este plazo de tres a\u00f1os. Es importante hablar con un abogado lo antes posible. Un abogado puede determinar exactamente cu\u00e1nto tiempo queda y tomar las medidas necesarias para proteger su derecho a presentar una reclamaci\u00f3n.&nbsp;<\/p>\n\n\n\n<p>Una vez que <a href=\"https:\/\/www.steinberglawfirm.com\/attorney\/\" target=\"_blank\" rel=\"noopener\">elija un abogado con experiencia<\/a>Su abogado probablemente empezar\u00e1 investigando su caso. El bufete recopilar\u00e1 documentos y papeles relacionados con el accidente, como informes policiales. Su abogado tambi\u00e9n le pedir\u00e1 informaci\u00f3n que usted tenga, como facturas m\u00e9dicas y fotograf\u00edas. Usted puede ayudar a su abogado a construir su caso reuniendo toda la documentaci\u00f3n que tenga relacionada con el accidente y sus lesiones y guard\u00e1ndola en un solo lugar.&nbsp;<\/p>\n\n\n\n<p>Su abogado tambi\u00e9n puede intentar negociar con las compa\u00f1\u00edas de seguros en su nombre. Mientras que su abogado trabajar\u00e1 hacia un establecimiento que le compensa completamente para sus lesiones, su abogado no puede aceptar un establecimiento para usted. En su lugar, su abogado le presentar\u00e1 cualquier oferta y le aconsejar\u00e1 si debe o no aceptarla. Usted toma la decisi\u00f3n final.&nbsp;<\/p>\n\n\n\n<p>Si no se llega a un acuerdo, su caso puede ir a juicio. La mayor\u00eda de las demandas por lesiones en el South Carolina no requieren un juicio. Sin embargo, dado que un juicio puede ser una parte crucial del proceso de recuperaci\u00f3n de una indemnizaci\u00f3n, los abogados con experiencia planifican la posibilidad de un juicio desde el principio. Su abogado puede responder a cualquier pregunta que tenga sobre la posibilidad de juicio y lo que debe hacer para proteger sus derechos.&nbsp;<\/p>\n\n\n\n<h3 class=\"wp-block-heading\">C\u00f3mo elegir el abogado adecuado para un accidente de semirremolque Charleston<\/h3>\n\n\n\n<p>Si ha sufrido lesiones en un accidente de cami\u00f3n, no est\u00e1 solo. <a href=\"https:\/\/www.steinberglawfirm.com\/contact-us\/\" target=\"_blank\" rel=\"noopener\">Hable con el equipo de la Steinberg Law Firm<\/a> hoy. Nuestro <a href=\"https:\/\/www.steinberglawfirm.com\/personal-injury\/truck-accidents\/\" target=\"_blank\" rel=\"noopener\">abogados expertos en accidentes de semirremolque South Carolina<\/a> le ayudar\u00e1 a averiguar lo ocurrido y a exigir responsabilidades por sus lesiones. En <a href=\"https:\/\/www.steinberglawfirm.com\/free-consultation\/\" target=\"_blank\" rel=\"noopener\">la consulta es siempre gratuita<\/a> y hay <a href=\"https:\/\/www.steinberglawfirm.com\/no-fee-unless-you-win\/\" target=\"_blank\" rel=\"noopener\">sin honorarios hasta que cobremos una compensaci\u00f3n econ\u00f3mica<\/a> para ti.<\/p>","protected":false},"excerpt":{"rendered":"<p>Charleston Abogados de accidentes de semirremolques Abogados de lesiones por choques de 18 ruedas en el condado de Charleston, SC Cada a\u00f1o, los viajeros en las carreteras de South Carolina resultan heridos o muertos en colisiones de semirremolques. En 2020, 86 personas murieron y 101 sufrieron lesiones graves por choques de camiones. Otras 1414 sufrieron otro tipo de lesiones. Una colisi\u00f3n entre un coche y...<\/p>","protected":false},"author":1,"featured_media":24528,"parent":175,"menu_order":0,"comment_status":"closed","ping_status":"closed","template":"","meta":{"_acf_changed":false,"footnotes":""},"class_list":["post-24525","page","type-page","status-publish","has-post-thumbnail","hentry"],"acf":[],"_links":{"self":[{"href":"https:\/\/steinberglawfirm-staging.clmcloud.app\/es\/wp-json\/wp\/v2\/pages\/24525"}],"collection":[{"href":"https:\/\/steinberglawfirm-staging.clmcloud.app\/es\/wp-json\/wp\/v2\/pages"}],"about":[{"href":"https:\/\/steinberglawfirm-staging.clmcloud.app\/es\/wp-json\/wp\/v2\/types\/page"}],"author":[{"embeddable":true,"href":"https:\/\/steinberglawfirm-staging.clmcloud.app\/es\/wp-json\/wp\/v2\/users\/1"}],"replies":[{"embeddable":true,"href":"https:\/\/steinberglawfirm-staging.clmcloud.app\/es\/wp-json\/wp\/v2\/comments?post=24525"}],"version-history":[{"count":4,"href":"https:\/\/steinberglawfirm-staging.clmcloud.app\/es\/wp-json\/wp\/v2\/pages\/24525\/revisions"}],"predecessor-version":[{"id":30708,"href":"https:\/\/steinberglawfirm-staging.clmcloud.app\/es\/wp-json\/wp\/v2\/pages\/24525\/revisions\/30708"}],"up":[{"embeddable":true,"href":"https:\/\/steinberglawfirm-staging.clmcloud.app\/es\/wp-json\/wp\/v2\/pages\/175"}],"wp:featuredmedia":[{"embeddable":true,"href":"https:\/\/steinberglawfirm-staging.clmcloud.app\/es\/wp-json\/wp\/v2\/media\/24528"}],"wp:attachment":[{"href":"https:\/\/steinberglawfirm-staging.clmcloud.app\/es\/wp-json\/wp\/v2\/media?parent=24525"}],"curies":[{"name":"wp","href":"https:\/\/api.w.org\/{rel}","templated":true}]}}