{"id":24498,"date":"2023-04-04T17:30:53","date_gmt":"2023-04-04T17:30:53","guid":{"rendered":"https:\/\/www.steinberglawfirm.com\/?page_id=24498"},"modified":"2023-04-04T18:04:15","modified_gmt":"2023-04-04T18:04:15","slug":"medical-worker-injury","status":"publish","type":"page","link":"https:\/\/steinberglawfirm-staging.clmcloud.app\/es\/indemnizacion-de-los-trabajadores\/medico-trabajador-lesionado\/","title":{"rendered":"Lesiones de trabajadores m\u00e9dicos en South Carolina"},"content":{"rendered":"<h1 class=\"wp-block-heading\">South Carolina Abogado de lesiones de trabajadores m\u00e9dicos<\/h1>\n\n\n\n<p>El sector m\u00e9dico y sanitario es una de las \u00e1reas de mayor crecimiento de la econom\u00eda estadounidense. Seg\u00fan los datos m\u00e1s recientes de la South Carolina Office for Healthcare Workforce, en el estado hay m\u00e1s de 13.000 m\u00e9dicos, 43.000 enfermeras y otros 30.000 profesionales sanitarios. Por desgracia, a pesar de los grandes avances de la medicina, muchos <a href=\"https:\/\/www.steinberglawfirm.com\/workers-compensation\/\" target=\"_blank\" rel=\"noopener\">el personal sanitario se enfrenta a graves riesgos de lesiones en hospitales y residencias de ancianos<\/a>.<\/p>\n\n\n\n<p>En el <a href=\"https:\/\/www.steinberglawfirm.com\/\" target=\"_blank\" rel=\"noopener\">Steinberg Law Firm<\/a>, nuestro <a href=\"https:\/\/www.steinberglawfirm.com\/attorney\/\" target=\"_blank\" rel=\"noopener\">equipo especializado de abogados especializados en lesiones personales e indemnizaciones laborales<\/a> tienen m\u00e1s de 95 a\u00f1os de experiencia ayudando a los trabajadores lesionados a obtener una indemnizaci\u00f3n debido a una lesi\u00f3n en el trabajo. <a href=\"https:\/\/www.steinberglawfirm.com\/free-consultation\/\" target=\"_blank\" rel=\"noopener\">Ofrecemos consultas gratuitas<\/a>Le explicaremos el proceso de recuperaci\u00f3n, sus opciones y lo que podemos hacer para ayudarle a obtener la indemnizaci\u00f3n que necesita para rehacer su vida tras una lesi\u00f3n laboral.\u00a0<\/p>\n\n\n\n<h3 class=\"wp-block-heading\">\u00bfSon frecuentes las lesiones en el sector m\u00e9dico?<\/h3>\n\n\n\n<p>Las lesiones de los trabajadores sanitarios son extremadamente frecuentes. De hecho, el sector sanitario tiene una de las tasas m\u00e1s altas de lesiones y enfermedades no mortales. Por ejemplo, en 2021, m\u00e1s de 623.000 empleados del sector de \"asistencia sanitaria y servicios sociales\" sufrieron un <a href=\"https:\/\/www.steinberglawfirm.com\/workers-compensation\/occupational-disease-lawyer\/\" target=\"_blank\" rel=\"noopener\">lesi\u00f3n o enfermedad profesional<\/a>. Y aunque muchas de estas lesiones y enfermedades fueron leves, m\u00e1s de 276.000 trabajadores perdieron al menos un d\u00eda de trabajo como consecuencia de una lesi\u00f3n o enfermedad laboral. Dicho de otro modo, en el sector sanitario se producen aproximadamente 5,5 lesiones laborales por cada 100 empleados a tiempo completo. Esta cifra es aproximadamente el doble de la tasa media de lesiones entre todos los empleos de Estados Unidos.\u00a0<\/p>\n\n\n\n<h3 class=\"wp-block-heading\">Riesgos a los que se enfrentan los profesionales sanitarios<\/h3>\n\n\n\n<p>Los profesionales sanitarios se enfrentan a muchos riesgos y peligros laborales a los que no se enfrentan otros tipos de trabajadores. Por ejemplo, algunos de los tipos m\u00e1s comunes de lesiones y enfermedades laborales de los trabajadores m\u00e9dicos son:<\/p>\n\n\n\n<ul class=\"wp-block-list\">\n<li>Esguinces,&nbsp;<\/li>\n\n\n\n<li>Cepas,<\/li>\n\n\n\n<li>Discos deslizados, herniados o abultados,&nbsp;<\/li>\n\n\n\n<li><a href=\"https:\/\/www.steinberglawfirm.com\/workers-compensation\/workers-compensation-for-an-employee-who-suffers-a-back-injury-at-work\/\" target=\"_blank\" rel=\"noopener\">Lesiones en la espalda<\/a>,<\/li>\n\n\n\n<li>Heridas punzantes,<\/li>\n\n\n\n<li>Huesos rotos, y<\/li>\n\n\n\n<li><a href=\"https:\/\/www.steinberglawfirm.com\/personal-injury\/head-brain-and-spine-injuries\/\" target=\"_blank\" rel=\"noopener\">Traumatismo craneal<\/a>.<\/li>\n<\/ul>\n\n\n\n<h3 class=\"wp-block-heading\">\u00bfCu\u00e1les son las principales causas de lesiones en el personal m\u00e9dico?<\/h3>\n\n\n\n<p>Seg\u00fan la Administraci\u00f3n de Seguridad y Salud en el Trabajo, la mayor\u00eda de las lesiones de los trabajadores sanitarios son consecuencia de unos pocos peligros bien conocidos, entre los que se incluyen los siguientes:<\/p>\n\n\n\n<ul class=\"wp-block-list\">\n<li><strong>Sobreesfuerzo y reacci\u00f3n corporal<\/strong> representan el 48% de todas las lesiones de los trabajadores hospitalarios.<\/li>\n\n\n\n<li><strong>Resbalones, tropiezos y ca\u00eddas<\/strong> representan el 25% de todas las lesiones de los trabajadores hospitalarios.<\/li>\n\n\n\n<li><strong>Contacto con objetos<\/strong> representa el 25% de todas las lesiones de los trabajadores hospitalarios.<\/li>\n\n\n\n<li><strong>Violencia en el lugar de trabajo<\/strong> representa el 9% de todas las lesiones de los trabajadores hospitalarios.<\/li>\n<\/ul>\n\n\n\n<p>Estas causas son tan comunes que todas las dem\u00e1s causas de accidentes laborales representan menos del uno por ciento del n\u00famero total de incidentes.&nbsp;<\/p>\n\n\n\n<p>La principal causa de lesiones en el personal m\u00e9dico es, con diferencia, el sobreesfuerzo. Las lesiones por sobreesfuerzo suelen ser el resultado de <a href=\"https:\/\/www.steinberglawfirm.com\/workers-compensation\/repetitive-motion-injuries-south-carolina\/\" target=\"_blank\" rel=\"noopener\">movimientos aparentemente rutinarios o inofensivos<\/a> que un trabajador hace una y otra vez. Tambi\u00e9n pueden producirse cuando un trabajador se esfuerza demasiado f\u00edsicamente. En el contexto de los trabajadores m\u00e9dicos, la mayor\u00eda de las lesiones por sobreesfuerzo se producen al trasladar o cambiar de posici\u00f3n a los pacientes. Un estudio en el que se encuest\u00f3 a trabajadores de unos 1.000 hospitales revel\u00f3 que aproximadamente el 25% de todas las reclamaciones de indemnizaci\u00f3n por accidentes de trabajo en el sector sanitario pod\u00edan atribuirse a lesiones por manipulaci\u00f3n de pacientes.\u00a0<\/p>\n\n\n\n<p>El mismo estudio revel\u00f3 que la cuant\u00eda media de las reclamaciones de un trabajador sanitario que sufriera una lesi\u00f3n por manipulaci\u00f3n de pacientes ascend\u00eda a $15.600 en concepto de gastos m\u00e9dicos y p\u00e9rdida de salarios. Los expertos tambi\u00e9n creen que la gravedad y frecuencia de las lesiones de los trabajadores m\u00e9dicos son una de las principales razones por las que el sector tiene una tasa de rotaci\u00f3n tan alta.&nbsp;<\/p>\n\n\n\n<h3 class=\"wp-block-heading\">Indemnizaci\u00f3n por accidente de trabajo para profesionales sanitarios lesionados<\/h3>\n\n\n\n<p>Los trabajadores sanitarios que sufran cualquier lesi\u00f3n o enfermedad relacionada con el trabajo pueden ser <a href=\"https:\/\/www.steinberglawfirm.com\/workers-compensation\/\" target=\"_blank\" rel=\"noopener\">derecho a indemnizaci\u00f3n por accidente laboral<\/a>. El programa de compensaci\u00f3n de los trabajadores cubre los gastos m\u00e9dicos de un trabajador lesionado y le proporciona prestaciones por p\u00e9rdida de salario. A diferencia del <a href=\"https:\/\/www.steinberglawfirm.com\/personal-injury\/personal-injury-lawyers\/\" target=\"_blank\" rel=\"noopener\">demanda tradicional por da\u00f1os personales<\/a>Sin embargo, no es necesario que un trabajador sanitario lesionado demuestre que otra persona fue responsable de sus lesiones.\u00a0<\/p>\n\n\n\n<p>Por lo general, los profesionales de la salud pueden optar a las prestaciones incluso si fueron parcialmente responsables de sus propias lesiones o podr\u00edan haber hecho m\u00e1s para evitarlas. Por ejemplo, no llevar el cors\u00e9 ortop\u00e9dico recomendado o trasladar a un paciente sin ayuda no suele impedir que un trabajador sanitario obtenga prestaciones de indemnizaci\u00f3n por accidente de trabajo.&nbsp;<\/p>\n\n\n\n<h2 class=\"wp-block-heading\">\u00bfUna lesi\u00f3n laboral reciente ha afectado a su capacidad para trabajar?<\/h2>\n\n\n\n<p>Si usted o un ser querido trabaja como profesional sanitario y recientemente ha sufrido lesiones graves o le han diagnosticado un problema de salud relacionado con el trabajo, es posible que tenga derecho a percibir una indemnizaci\u00f3n por accidente laboral. En <a href=\"https:\/\/www.steinberglawfirm.com\/\" target=\"_blank\" rel=\"noopener\">Steinberg Law Firm<\/a> se fund\u00f3 hace m\u00e1s de 95 a\u00f1os para ayudar a los trabajadores lesionados. De hecho, <a href=\"https:\/\/www.steinberglawfirm.com\/the-steinberg-legacy\/tributes-to-our-former-leaders\/inving-steinberg\/\" target=\"_blank\" rel=\"noopener\">fundador de nuestra empresa, Irving Steinberg<\/a>fue fundamental para conseguir las primeras leyes de Compensaci\u00f3n de Trabajadores en el estado en los libros en South Carolina. En las d\u00e9cadas transcurridas desde entonces, nuestros abogados han <a href=\"https:\/\/www.steinberglawfirm.com\/results\/\" target=\"_blank\" rel=\"noopener\">cobrado indemnizaciones en nombre de innumerables trabajadores<\/a>ayud\u00e1ndoles a superar sus lesiones y a reincorporarse al trabajo para que puedan seguir viviendo su vida y manteniendo a sus familias. Para saber m\u00e1s, y para <a href=\"https:\/\/www.steinberglawfirm.com\/free-consultation\/\" target=\"_blank\" rel=\"noopener\">programar una consulta gratuita<\/a> hoy, llame al Steinberg Law Firm al <a href=\"tel:1-843-720-2800\">843-720-2800<\/a>. Tambi\u00e9n puede ponerse en contacto con nosotros a trav\u00e9s de <a href=\"https:\/\/www.steinberglawfirm.com\/contact-us\/\" target=\"_blank\" rel=\"noopener\">nuestro formulario de contacto seguro en l\u00ednea<\/a>. Llamar es gratis, y <a href=\"https:\/\/www.steinberglawfirm.com\/no-fee-unless-you-win\/\" target=\"_blank\" rel=\"noopener\">tomamos todos los casos de compensaci\u00f3n de trabajadores en una base de contingencia<\/a>Esto significa que no cobraremos por nuestros servicios a menos que obtengamos una compensaci\u00f3n econ\u00f3mica para usted.<\/p>","protected":false},"excerpt":{"rendered":"<p>South Carolina Abogado de lesiones de trabajadores m\u00e9dicos El sector m\u00e9dico y sanitario es una de las \u00e1reas de mayor crecimiento de la econom\u00eda estadounidense. Seg\u00fan los datos m\u00e1s recientes de la South Carolina Office for Healthcare Workforce, hay m\u00e1s de 13.000 m\u00e9dicos, 43.000 enfermeras y otros 30.000 profesionales sanitarios en el estado. Por desgracia, a pesar de los grandes avances en...<\/p>","protected":false},"author":1,"featured_media":24501,"parent":8874,"menu_order":0,"comment_status":"closed","ping_status":"closed","template":"","meta":{"_acf_changed":false,"footnotes":""},"class_list":["post-24498","page","type-page","status-publish","has-post-thumbnail","hentry"],"acf":[],"_links":{"self":[{"href":"https:\/\/steinberglawfirm-staging.clmcloud.app\/es\/wp-json\/wp\/v2\/pages\/24498"}],"collection":[{"href":"https:\/\/steinberglawfirm-staging.clmcloud.app\/es\/wp-json\/wp\/v2\/pages"}],"about":[{"href":"https:\/\/steinberglawfirm-staging.clmcloud.app\/es\/wp-json\/wp\/v2\/types\/page"}],"author":[{"embeddable":true,"href":"https:\/\/steinberglawfirm-staging.clmcloud.app\/es\/wp-json\/wp\/v2\/users\/1"}],"replies":[{"embeddable":true,"href":"https:\/\/steinberglawfirm-staging.clmcloud.app\/es\/wp-json\/wp\/v2\/comments?post=24498"}],"version-history":[{"count":3,"href":"https:\/\/steinberglawfirm-staging.clmcloud.app\/es\/wp-json\/wp\/v2\/pages\/24498\/revisions"}],"predecessor-version":[{"id":24504,"href":"https:\/\/steinberglawfirm-staging.clmcloud.app\/es\/wp-json\/wp\/v2\/pages\/24498\/revisions\/24504"}],"up":[{"embeddable":true,"href":"https:\/\/steinberglawfirm-staging.clmcloud.app\/es\/wp-json\/wp\/v2\/pages\/8874"}],"wp:featuredmedia":[{"embeddable":true,"href":"https:\/\/steinberglawfirm-staging.clmcloud.app\/es\/wp-json\/wp\/v2\/media\/24501"}],"wp:attachment":[{"href":"https:\/\/steinberglawfirm-staging.clmcloud.app\/es\/wp-json\/wp\/v2\/media?parent=24498"}],"curies":[{"name":"wp","href":"https:\/\/api.w.org\/{rel}","templated":true}]}}