{"id":24464,"date":"2023-04-04T16:48:25","date_gmt":"2023-04-04T16:48:25","guid":{"rendered":"https:\/\/www.steinberglawfirm.com\/?page_id=24464"},"modified":"2023-04-04T17:19:35","modified_gmt":"2023-04-04T17:19:35","slug":"fall-from-roof-injury","status":"publish","type":"page","link":"https:\/\/steinberglawfirm-staging.clmcloud.app\/es\/indemnizacion-de-los-trabajadores\/accidentes-de-construccion-en-charleston\/lesiones-por-caida-desde-el-tejado\/","title":{"rendered":"Ca\u00eddas desde tejados que provocan lesiones graves y muertes en Charleston"},"content":{"rendered":"<h1 class=\"wp-block-heading\">South Carolina Abogado de lesiones por ca\u00edda desde el tejado<\/h1>\n\n\n\n<p>La mayor\u00eda de los empleados se enfrentan a ciertos peligros a lo largo de su jornada, pero los trabajadores de la construcci\u00f3n y otros empleados que pasan el d\u00eda en un tejado est\u00e1n expuestos a <a href=\"https:\/\/www.steinberglawfirm.com\/workers-compensation\/construction-accidents\/\" target=\"_blank\" rel=\"noopener\">mayor riesgo de sufrir lesiones graves o la muerte<\/a>. Seg\u00fan los datos m\u00e1s recientes de la Oficina de Estad\u00edsticas Laborales, las ca\u00eddas representan aproximadamente el 20% de todos los accidentes laborales. <a href=\"https:\/\/www.steinberglawfirm.com\/personal-injury\/wrongful-death\/\" target=\"_blank\" rel=\"noopener\">accidentes laborales mortales<\/a>. En muchos de estos accidentes mortales est\u00e1n implicados trabajadores que se caen de los tejados. Por ejemplo, la Administraci\u00f3n de Seguridad y Salud en el Trabajo calcula que las ca\u00eddas desde tejados representan el 34% de los accidentes mortales en la construcci\u00f3n.<\/p>\n\n\n\n<p>Los contratistas generales, subcontratistas, empresas de construcci\u00f3n y otros empleados del sector de la construcci\u00f3n tienen el deber de garantizar un lugar de trabajo seguro para los trabajadores de la construcci\u00f3n. Sin embargo, con demasiada frecuencia, los empresarios ocupados y preocupados por el presupuesto no aplican las protecciones necesarias para garantizar la seguridad de los trabajadores. Y a veces, incluso cuando los empresarios toman estas medidas, siguen produci\u00e9ndose accidentes mortales.&nbsp;<\/p>\n\n\n\n<p>En el <a href=\"https:\/\/www.steinberglawfirm.com\/\" target=\"_blank\" rel=\"noopener\">Steinberg Law Firm<\/a>, nuestro <a href=\"https:\/\/www.steinberglawfirm.com\/workers-compensation\/\" target=\"_blank\" rel=\"noopener\">equipo especializado de abogados especializados en indemnizaci\u00f3n por accidente laboral South Carolina<\/a> tiene una trayectoria de 95 a\u00f1os ayudando a trabajadores lesionados y a familias en duelo a obtener prestaciones de compensaci\u00f3n laboral. <a href=\"https:\/\/www.steinberglawfirm.com\/free-consultation\/\" target=\"_blank\" rel=\"noopener\">Ofrecemos consultas gratuitas<\/a> donde le explicaremos el proceso de recuperaci\u00f3n, responderemos a sus preguntas y le explicaremos qu\u00e9 podemos hacer para ayudarle a ponerse en contacto con las prestaciones a las que tiene derecho su familia.\u00a0<\/p>\n\n\n\n<h3 class=\"wp-block-heading\">Ca\u00eddas: La principal causa de muerte entre los trabajadores de la construcci\u00f3n<\/h3>\n\n\n\n<p>En 2020, m\u00e1s de 1.000 trabajadores de la construcci\u00f3n murieron en accidentes laborales, lo que la convierte en la ocupaci\u00f3n m\u00e1s peligrosa. Aproximadamente el 21% de todos los accidentes laborales mortales se produjeron en el sector de la construcci\u00f3n, y los accidentes mortales en la construcci\u00f3n superaron en un 20% a los ocurridos en el segundo sector m\u00e1s peligroso (transporte y almacenamiento).&nbsp;<\/p>\n\n\n\n<p><a href=\"https:\/\/www.steinberglawfirm.com\/personal-injury\/premises-liability\/slip-and-fall\/\" target=\"_blank\" rel=\"noopener\">Las ca\u00eddas son responsables<\/a> son responsables de m\u00e1s de un tercio de todas las muertes en la construcci\u00f3n, lo que las convierte en la causa m\u00e1s com\u00fan de accidentes mortales en la construcci\u00f3n. Para proteger a los techadores y otros trabajadores que pasan sus d\u00edas en los tejados, los empresarios deben identificar todos los peligros posibles y tomar medidas para abordarlos.<\/p>\n\n\n\n<h3 class=\"wp-block-heading\">Infracciones m\u00e1s comunes relacionadas con las ca\u00eddas mortales en la construcci\u00f3n<\/h3>\n\n\n\n<p>La Administraci\u00f3n de Seguridad y Salud en el Trabajo (\"OSHA\") mantiene una base de datos de todos los accidentes laborales mortales con el fin de determinar la forma m\u00e1s eficaz de reducir futuras muertes. La OSHA tambi\u00e9n es la agencia federal responsable de crear y hacer cumplir las normas que deben seguir los empresarios.&nbsp;<\/p>\n\n\n\n<p>Tras cualquier accidente en la construcci\u00f3n, la OSHA llevar\u00e1 a cabo una investigaci\u00f3n para determinar si el empresario no abord\u00f3 alg\u00fan peligro conocido.&nbsp;<\/p>\n\n\n\n<p>Seg\u00fan la OSHA, las infracciones de techado citadas con m\u00e1s frecuencia fueron las siguientes:<\/p>\n\n\n\n<ul class=\"wp-block-list\">\n<li>No proporcionar protecci\u00f3n contra ca\u00eddas.<\/li>\n\n\n\n<li>Seguridad de las escaleras.<\/li>\n\n\n\n<li>No impartir formaci\u00f3n sobre protecci\u00f3n contra ca\u00eddas.&nbsp;<\/li>\n\n\n\n<li>No proporcionar protecci\u00f3n ocular y facial.<\/li>\n\n\n\n<li>Violaciones de andamios.<\/li>\n\n\n\n<li>Infracciones de las disposiciones generales de seguridad y salud.&nbsp;<\/li>\n\n\n\n<li>No proporcionar una protecci\u00f3n adecuada para la cabeza.<\/li>\n\n\n\n<li>No aplicaci\u00f3n de un sistema de protecci\u00f3n contra ca\u00eddas.<\/li>\n\n\n\n<li>Infracciones de los requisitos de formaci\u00f3n en materia de escaleras.<\/li>\n\n\n\n<li>Pol\u00edticas de comunicaci\u00f3n de riesgos deficientes.&nbsp;<\/li>\n<\/ul>\n\n\n\n<p>La OSHA recomienda a los empresarios que adopten las siguientes medidas para reducir el riesgo de ca\u00edda mortal desde un tejado:<\/p>\n\n\n\n<h4 class=\"wp-block-heading\">Planificaci\u00f3n<\/h4>\n\n\n\n<p>Planifique con antelaci\u00f3n para asegurarse de que los trabajadores reciben la formaci\u00f3n necesaria y de que el plan del proyecto est\u00e1 bien pensado. Al calcular el coste de un trabajo, los empresarios deben tener en cuenta todo el equipo de seguridad y las herramientas necesarias para realizar el trabajo con seguridad.&nbsp;<\/p>\n\n\n\n<h4 class=\"wp-block-heading\">Proporcionar el equipo adecuado<\/h4>\n\n\n\n<p>Los empresarios deben proporcionar equipos de protecci\u00f3n contra ca\u00eddas a toda persona que trabaje a m\u00e1s de dos metros sobre el nivel del suelo. Este equipo incluye el tipo adecuado de escaleras, andamios y equipos de seguridad que permitan a los trabajadores completar el trabajo de la forma m\u00e1s segura posible.&nbsp;<\/p>\n\n\n\n<h4 class=\"wp-block-heading\">Garantizar que los trabajadores reciban una formaci\u00f3n adecuada<\/h4>\n\n\n\n<p>Los empresarios que tengan previsto realizar cualquier proyecto de techado deben proporcionar a todos los empleados informaci\u00f3n sobre c\u00f3mo montar y desmontar el equipo que vayan a utilizar a lo largo del proyecto. Los empresarios tambi\u00e9n deben formar a los trabajadores para que reconozcan los peligros potenciales y proporcionarles una forma de informar sobre cualquier peligro que identifiquen.&nbsp;<\/p>\n\n\n\n<h3 class=\"wp-block-heading\">Indemnizaci\u00f3n por accidentes mortales en la construcci\u00f3n de tejados<\/h3>\n\n\n\n<p>El sistema de indemnizaci\u00f3n de los trabajadores South Carolina permite a las familias que han perdido a un ser querido en un accidente laboral presentar una demanda de indemnizaci\u00f3n de los trabajadores. Aunque ambos <a href=\"https:\/\/www.steinberglawfirm.com\/workers-compensation\/\" target=\"_blank\" rel=\"noopener\">reclamaciones de indemnizaci\u00f3n de los trabajadores<\/a> y <a href=\"https:\/\/www.steinberglawfirm.com\/personal-injury\/wrongful-death\/\" target=\"_blank\" rel=\"noopener\">casos de muerte por negligencia<\/a> proporcionan prestaciones a los allegados supervivientes de un accidente mortal, ambas son bastante diferentes.\u00a0<\/p>\n\n\n\n<p>Por ejemplo, como la indemnizaci\u00f3n por accidente de trabajo es un sistema sin culpa, los familiares supervivientes no necesitan demostrar que el empresario fue negligente. S\u00f3lo tienen que demostrar que el accidente que caus\u00f3 la muerte de su ser querido se produjo en el trabajo o estaba relacionado con \u00e9l.&nbsp;<\/p>\n\n\n\n<h2 class=\"wp-block-heading\">\u00bfHa perdido a un ser querido en una ca\u00edda mortal desde un tejado?&nbsp;<\/h2>\n\n\n\n<p>Si usted perdi\u00f3 tr\u00e1gicamente a un familiar despu\u00e9s de que se cayera de un tejado mientras trabajaba en el sector de la construcci\u00f3n, su familia puede tener derecho a <a href=\"https:\/\/www.steinberglawfirm.com\/personal-injury\/wrongful-death\/\" target=\"_blank\" rel=\"noopener\">indemnizaci\u00f3n por fallecimiento del trabajador<\/a>. En el Steinberg Law Firm, <a href=\"https:\/\/www.steinberglawfirm.com\/attorney\/\" target=\"_blank\" rel=\"noopener\">nuestros abogados especializados en indemnizaci\u00f3n por accidente laboral South Carolina<\/a> tienen 95 a\u00f1os de experiencia ayudando a individuos y familias a obtener los beneficios que necesitan y merecen despu\u00e9s de un accidente laboral que les ha cambiado la vida. <a href=\"https:\/\/www.steinberglawfirm.com\/free-consultation\/\" target=\"_blank\" rel=\"noopener\">Ofrecemos consultas gratuitas<\/a> y <a href=\"https:\/\/www.steinberglawfirm.com\/no-fee-unless-you-win\/\" target=\"_blank\" rel=\"noopener\">no le facturaremos nuestros servicios<\/a> a menos que cobremos las prestaciones en su nombre. Para obtener m\u00e1s informaci\u00f3n y para programar una consulta gratuita hoy, <a href=\"tel:1-843-720-2800\">llame al 843-720-2800<\/a>. Tambi\u00e9n puede ponerse en contacto con nosotros a trav\u00e9s de <a href=\"https:\/\/www.steinberglawfirm.com\/contact-us\/\" target=\"_blank\" rel=\"noopener\">nuestro formulario de contacto seguro en l\u00ednea<\/a>.<\/p>","protected":false},"excerpt":{"rendered":"<p>South Carolina Abogado de Lesiones por Ca\u00edda desde el Tejado La mayor\u00eda de los empleados se enfrentan a ciertos peligros a lo largo de su d\u00eda, pero los trabajadores de la construcci\u00f3n y otros empleados que pasan su d\u00eda en un techo est\u00e1n en mayor riesgo de sufrir lesiones graves o la muerte. Seg\u00fan los datos m\u00e1s recientes de la Oficina de Estad\u00edsticas Laborales, las ca\u00eddas...<\/p>","protected":false},"author":1,"featured_media":24474,"parent":2221,"menu_order":0,"comment_status":"closed","ping_status":"closed","template":"","meta":{"_acf_changed":false,"footnotes":""},"class_list":["post-24464","page","type-page","status-publish","has-post-thumbnail","hentry"],"acf":[],"_links":{"self":[{"href":"https:\/\/steinberglawfirm-staging.clmcloud.app\/es\/wp-json\/wp\/v2\/pages\/24464"}],"collection":[{"href":"https:\/\/steinberglawfirm-staging.clmcloud.app\/es\/wp-json\/wp\/v2\/pages"}],"about":[{"href":"https:\/\/steinberglawfirm-staging.clmcloud.app\/es\/wp-json\/wp\/v2\/types\/page"}],"author":[{"embeddable":true,"href":"https:\/\/steinberglawfirm-staging.clmcloud.app\/es\/wp-json\/wp\/v2\/users\/1"}],"replies":[{"embeddable":true,"href":"https:\/\/steinberglawfirm-staging.clmcloud.app\/es\/wp-json\/wp\/v2\/comments?post=24464"}],"version-history":[{"count":5,"href":"https:\/\/steinberglawfirm-staging.clmcloud.app\/es\/wp-json\/wp\/v2\/pages\/24464\/revisions"}],"predecessor-version":[{"id":24473,"href":"https:\/\/steinberglawfirm-staging.clmcloud.app\/es\/wp-json\/wp\/v2\/pages\/24464\/revisions\/24473"}],"up":[{"embeddable":true,"href":"https:\/\/steinberglawfirm-staging.clmcloud.app\/es\/wp-json\/wp\/v2\/pages\/2221"}],"wp:featuredmedia":[{"embeddable":true,"href":"https:\/\/steinberglawfirm-staging.clmcloud.app\/es\/wp-json\/wp\/v2\/media\/24474"}],"wp:attachment":[{"href":"https:\/\/steinberglawfirm-staging.clmcloud.app\/es\/wp-json\/wp\/v2\/media?parent=24464"}],"curies":[{"name":"wp","href":"https:\/\/api.w.org\/{rel}","templated":true}]}}