{"id":24337,"date":"2023-03-14T20:02:49","date_gmt":"2023-03-14T20:02:49","guid":{"rendered":"https:\/\/www.steinberglawfirm.com\/?page_id=24337"},"modified":"2023-03-14T20:23:33","modified_gmt":"2023-03-14T20:23:33","slug":"drunk-driving-accident","status":"publish","type":"page","link":"https:\/\/steinberglawfirm-staging.clmcloud.app\/es\/ubicaciones\/goose-creek\/abogado-accidente-de-coche-2\/accidente-de-conduccion-en-estado-de-ebriedad-2\/","title":{"rendered":"Goose Creek, SC Drunk Driving Crash Injury Lawyers"},"content":{"rendered":"<h1 class=\"wp-block-heading\">Goose Creek, SC Drunk Driving Crash Injury Lawyers<\/h1>\n\n\n\n<h2 class=\"wp-block-heading\"><em>South Carolina Abogados de accidentes de coche causados por DUI en el Condado de Berkeley<\/em><\/h2>\n\n\n\n<p>De media, 32 personas en EE.UU. <a href=\"https:\/\/www.steinberglawfirm.com\/personal-injury\/auto-accidents\/fatal-car-accident\/\" target=\"_blank\" rel=\"noopener\">muere en un accidente por conducir ebrio<\/a> cada d\u00eda, seg\u00fan la Administraci\u00f3n Nacional de Seguridad del Tr\u00e1fico en Carretera (NHTSA). En 2020, 11.654 personas perdieron la vida en accidentes relacionados con el alcohol en todo el pa\u00eds, y miles m\u00e1s resultaron heridas. Las muertes por conducci\u00f3n bajo los efectos del alcohol aumentaron un 14% en todo el pa\u00eds en 2020, a pesar de que el n\u00famero total de kil\u00f3metros recorridos por los veh\u00edculos disminuy\u00f3 un 11%.<\/p>\n\n\n\n<p>Las muertes y lesiones por conducir ebrio se pueden prevenir. Cuando otro conductor toma la decisi\u00f3n de conducir ebrio, ese conductor puede ser considerado responsable de los da\u00f1os que ha causado. Las v\u00edctimas lesionadas y sus familias pueden presentar una demanda. <a href=\"https:\/\/www.steinberglawfirm.com\/personal-injury\/personal-injury-lawyers\/\" target=\"_blank\" rel=\"noopener\">da\u00f1os personales<\/a> o <a href=\"https:\/\/www.steinberglawfirm.com\/personal-injury\/wrongful-death\/\" target=\"_blank\" rel=\"noopener\">reclamaci\u00f3n de muerte por negligencia<\/a>. Adem\u00e1s, el conductor tambi\u00e9n puede enfrentarse a cargos penales. Para saber m\u00e1s, hable con el <a href=\"https:\/\/www.steinberglawfirm.com\/personal-injury\/auto-accidents\/drunk-driving-accident\/\" target=\"_blank\" rel=\"noopener\">abogados expertos en accidentes por conducir ebrio en el Steinberg Law Firm<\/a> hoy.\u00a0<\/p>\n\n\n\n<h3 class=\"wp-block-heading\">South Carolina Estad\u00edsticas de accidentes por DUI<\/h3>\n\n\n\n<p>Seg\u00fan la NHTSA y Mothers Against Drunk Driving (MADD), las muertes relacionadas con la conducci\u00f3n bajo los efectos del alcohol en South Carolina aumentaron un 14% entre 2019 y 2020. En 2020, South Carolina ocupaba el d\u00e9cimo lugar en los EE. UU. por el total de muertes relacionadas con DUI\u4e00despues de ocupar el puesto 23 en poblaci\u00f3n total.&nbsp;<\/p>\n\n\n\n<p>South Carolina tiene una de las tasas m\u00e1s altas de muertes por conducir ebrio en los Estados Unidos. El an\u91a0isis de datos realizado por Alcohol.org revela que la tasa de South Carolina de 6,23 muertes por accidente relacionadas con el alcohol por cada 100.000 habitantes es la segunda m\u91a9 alta del pa\u97d8, despu\u959f de Wyoming. Por el contrario, Texas tiene s\u93cao 0,63 muertes por cada 100.000 residentes, la tasa m\u5af3 baja de Estados Unidos.<\/p>\n\n\n\n<p>La mayor parte de la informaci\u00f3n sobre la conducci\u00f3n bajo los efectos del alcohol se centra en las muertes causadas por conductores ebrios. Sin embargo, miles de personas resultan tambi\u00e9n heridas cada a\u00f1o en estas colisiones. En <a href=\"https:\/\/www.steinberglawfirm.com\/personal-injury\/auto-accidents\/drunk-driving-accident\/\" target=\"_blank\" rel=\"noopener\">heridos en accidentes relacionados con la conducci\u00f3n bajo los efectos del alcohol<\/a> pueden sufrir lesiones permanentes catastr\u00f3ficas.\u00a0<\/p>\n\n\n\n<p>Los accidentes por conducir ebrio causan lesiones graves y muertes en todo el estado. Nuestro <a href=\"https:\/\/www.steinberglawfirm.com\/personal-injury\/auto-accidents\/\" target=\"_blank\" rel=\"noopener\">abogados expertos en accidentes de coche<\/a> puede ayudarle si ha resultado lesionado por un conductor ebrio, haci\u00e9ndole responsable a \u00e9l y a cualquier otra parte responsable.<\/p>\n\n\n\n<h3 class=\"wp-block-heading\">Lesiones comunes en un accidente por conducir ebrio Goose Creek<\/h3>\n\n\n\n<p>Cuando un conductor ebrio provoca un accidente de tr\u00e1fico, el riesgo de sufrir lesiones graves es mayor que en los choques provocados por conductores sobrios. Los conductores ebrios tienden a provocar colisiones m\u00e1s graves, que provocan lesiones m\u00e1s graves a los implicados en la colisi\u00f3n.<\/p>\n\n\n\n<p>Hay varios factores que contribuyen a que las lesiones sean m\u00e1s graves en los accidentes por conducir ebrio. Por ejemplo, un conductor ebrio puede no frenar o desviarse antes del impacto cuando un conductor sobrio s\u00ed lo har\u00eda. Frenar o desviarse suelen reducir la fuerza con la que un veh\u00edculo golpea a otro. Sin estas maniobras, la colisi\u00f3n resultante implica fuerzas mayores, que provocan lesiones m\u00e1s graves.&nbsp;<\/p>\n\n\n\n<p>Entre las lesiones m\u00e1s comunes en las colisiones por conducci\u00f3n bajo los efectos del alcohol se incluyen las siguientes:<\/p>\n\n\n\n<ul class=\"wp-block-list\">\n<li><strong>Lesiones cerebrales traum\u00e1ticas. <\/strong><a href=\"https:\/\/www.steinberglawfirm.com\/personal-injury\/serious-injury-cases\/traumatic-brain-injury\/\" target=\"_blank\" rel=\"noopener\">Lesiones cerebrales traum\u00e1ticas<\/a> puede producirse si la cabeza de una persona golpea algo o es golpeada por un objeto durante un accidente. Incluso un traumatismo craneoencef\u00e1lico leve puede causar problemas persistentes de atenci\u00f3n, humor y memoria. Pueden persistir s\u00edntomas como mareos, n\u00e1useas o v\u00f3mitos. Las lesiones cerebrales traum\u00e1ticas graves pueden causar discapacidades permanentes o ser mortales.\u00a0<\/li>\n\n\n\n<li><strong>Lesiones de tejidos blandos. <\/strong>Los tejidos blandos del cuerpo incluyen la piel y los m\u00fasculos. El da\u00f1o a los tejidos blandos puede ir desde una contusi\u00f3n leve a un da\u00f1o grave. El \"latigazo cervical\", o da\u00f1o a los tejidos blandos del cuello, es un tipo com\u00fan de lesi\u00f3n por colisi\u00f3n y puede ocurrir en una colisi\u00f3n por conducir ebrio.&nbsp;<\/li>\n\n\n\n<li><strong>Lesiones de cuello y espalda. <\/strong>El latigazo cervical es un tipo de lesi\u00f3n que puede afectar al <a href=\"https:\/\/www.steinberglawfirm.com\/personal-injury\/auto-accidents\/neck-injuries-from-car-accidents\/\" target=\"_blank\" rel=\"noopener\">cuello<\/a> y <a href=\"https:\/\/www.steinberglawfirm.com\/personal-injury\/auto-accidents\/back-injuries-from-car-accidents\/\" target=\"_blank\" rel=\"noopener\">volver<\/a>. Otras lesiones pueden ser la compresi\u00f3n de v\u00e9rtebras de la columna, la hernia discal y las lesiones nerviosas. Estas lesiones pueden ser dif\u00edciles de tratar. Pueden causar problemas continuos de dolor y movilidad.<\/li>\n\n\n\n<li><strong>Lesiones medulares. <\/strong><a href=\"https:\/\/www.steinberglawfirm.com\/personal-injury\/auto-accidents\/spinal-cord-injury\/\" target=\"_blank\" rel=\"noopener\">Lesiones de la m\u00e9dula espinal<\/a> suelen ser caras y dif\u00edciles de tratar. Los da\u00f1os en la m\u00e9dula espinal pueden provocar par\u00e1lisis o dificultades de sensibilidad y control del movimiento. Si se secciona la m\u00e9dula espinal, la par\u00e1lisis resultante suele ser permanente.\u00a0<\/li>\n\n\n\n<li><strong>Huesos rotos. <\/strong>Las fracturas \u00f3seas son comunes en los accidentes por conducir ebrio debido a las fuerzas generadas por el choque. Algunos huesos rotos requieren cirug\u00eda para su tratamiento. Los huesos rotos pueden dejar cicatrices permanentes, causar dolor cr\u00f3nico y provocar otros problemas m\u00e9dicos a largo plazo.&nbsp;<\/li>\n\n\n\n<li><strong>Amputaciones y lesiones por aplastamiento. <\/strong>Si una parte del cuerpo queda atrapada o inmovilizada durante un accidente, <a href=\"https:\/\/www.steinberglawfirm.com\/personal-injury\/auto-accidents\/amputations-from-car-accidents\/\" target=\"_blank\" rel=\"noopener\">amputaciones o lesiones por aplastamiento<\/a> puede resultar. La amputaci\u00f3n tambi\u00e9n puede ser m\u00e9dicamente necesaria si el da\u00f1o es grave. Tras una amputaci\u00f3n, la persona lesionada debe volver a aprender las tareas cotidianas de vivir sin un miembro del que ha dependido toda su vida.<\/li>\n<\/ul>\n\n\n\n<p>No todas las lesiones que se producen en un accidente por conducir ebrio son evidentes de inmediato. Las lesiones por latigazo cervical, por ejemplo, pueden tardar horas o d\u00edas en hacerse evidentes. Busque tratamiento m\u00e9dico inmediato despu\u00e9s de cualquier tipo de accidente de tr\u00e1fico.&nbsp;<\/p>\n\n\n\n<p>Una vez que reciba la atenci\u00f3n m\u00e9dica adecuada, considere la posibilidad de <a href=\"https:\/\/www.steinberglawfirm.com\/contact-us\/\" target=\"_blank\" rel=\"noopener\">hablar con un abogado experto en lesiones<\/a>. En el <a href=\"https:\/\/www.steinberglawfirm.com\/\" target=\"_blank\" rel=\"noopener\">Steinberg Law Firm<\/a>hemos servido <a href=\"https:\/\/www.steinberglawfirm.com\/office-locations\/goose-creek-office\/\" target=\"_blank\" rel=\"noopener\">Goose Creek<\/a>, <a href=\"https:\/\/www.steinberglawfirm.com\/office-locations\/charleston-office\/\" target=\"_blank\" rel=\"noopener\">Charleston<\/a>y <a href=\"https:\/\/www.steinberglawfirm.com\/locations\/\" target=\"_blank\" rel=\"noopener\">otras zonas circundantes<\/a> desde hace m\u00e1s de 95 a\u00f1os. <a href=\"https:\/\/www.steinberglawfirm.com\/attorney\/\" target=\"_blank\" rel=\"noopener\">Nuestro equipo de abogados de lesiones personales<\/a> aporta a\u00f1os de experiencia y conocimientos en la gesti\u00f3n de estos casos. Cada caso es \u00fanico, y tenemos especial cuidado en la comprensi\u00f3n de los detalles m\u00e1s finos.<\/p>\n\n\n\n<h3 class=\"wp-block-heading\">Reclamaci\u00f3n por da\u00f1os personales en un accidente por conducci\u00f3n bajo los efectos del alcohol Goose Creek<\/h3>\n\n\n\n<p>Si usted ha sido lesionado por un conductor ebrio, puede haber un caso penal pendiente contra ese conductor. O puede que el caso penal ya haya terminado. El conductor puede haber sido condenado por un delito y estar actualmente en la c\u00e1rcel, en libertad condicional o cumpliendo otras penas.<\/p>\n\n\n\n<p>Las causas penales y las causas civiles por lesiones personales son distintos tipos de demandas judiciales. Estos dos casos tienen objetivos diferentes. <a href=\"https:\/\/www.steinberglawfirm.com\/personal-injury\/personal-injury-lawyers\/\" target=\"_blank\" rel=\"noopener\">La ley South Carolina permite a una persona lesionada interponer una demanda civil<\/a> incluso si el Estado persigue un caso penal o se prepara para hacerlo.<\/p>\n\n\n\n<p>Incluso si un caso penal est\u00e1 en curso o ha concluido, usted puede tener una demanda civil por lesiones personales contra el conductor que lo lesion\u00f3. El objetivo de una demanda por lesiones personales es buscar una compensaci\u00f3n por las p\u00e9rdidas a las que se enfrenta como resultado de la negligencia de otro conductor.&nbsp;<\/p>\n\n\n\n<h3 class=\"wp-block-heading\">Plazos en las demandas por da\u00f1os personales causados por conducir bajo los efectos del alcohol<\/h3>\n\n\n\n<p>Los tribunales de South Carolina limitan el plazo de que dispone una persona lesionada para presentar su demanda. En South Carolina, el plazo para presentar demandas por lesiones personales es de tres a\u00f1os. Si el caso no se presenta dentro del plazo, no puede ser visto en los tribunales.<\/p>\n\n\n\n<p>La existencia de una causa penal contra el conductor que le lesion\u00f3 puede no afectar al plazo de tres a\u00f1os. Sin embargo, el resultado de un caso criminal puede afectar c\u00f3mo procede su demanda por lesiones personales. Por esta raz\u00f3n, es importante hablar con un abogado lo antes posible. Su abogado puede ayudarle a elaborar una estrategia para construir una s\u00f3lida demanda por lesiones personales.<\/p>\n\n\n\n<p>Hay varios factores que afectan al c\u00e1lculo de este plazo de tres a\u00f1os. Aunque sospeche que el plazo ha expirado, <a href=\"https:\/\/www.steinberglawfirm.com\/contact-us\/\" target=\"_blank\" rel=\"noopener\">hable con un abogado experto en lesiones South Carolina<\/a>. Un abogado puede ayudarle a determinar si a\u00fan est\u00e1 a tiempo de presentar la demanda.\u00a0<\/p>\n\n\n\n<h3 class=\"wp-block-heading\">Indemnizaci\u00f3n de da\u00f1os y perjuicios por conducir ebrio<\/h3>\n\n\n\n<p>La indemnizaci\u9ac7 en las demandas por lesiones personales suele expresarse en t\u958fminos de da\u99c9s monetarios. Este dinero se destina a compensarte por las p\u00e9rdidas relacionadas con el accidente, p\u00e9rdidas que no habr\u00edas sufrido si el conductor ebrio no te hubiera atropellado.&nbsp;<\/p>\n\n\n\n<p>Puede disponer de varias indemnizaciones por da\u00f1os y perjuicios, como da\u00f1os y perjuicios por asistencia sanitaria a largo plazo anteriores y actuales, p\u00e9rdida de salarios pasados y futuros, sufrimiento, da\u00f1os materiales y estr\u00e9s emocional y psicol\u00f3gico. Los da\u00f1os t\u00edpicos incluyen los siguientes:<\/p>\n\n\n\n<p><strong>Da\u00f1os econ\u00f3micos. <\/strong>Esto puede incluir da\u00f1os materiales a su coche, facturas m\u00e9dicas pendientes y gastos relacionados con su tratamiento y recuperaci\u00f3n, y futuros salarios perdidos debido a una incapacidad a largo plazo que afecte a sus ingresos futuros.&nbsp;<\/p>\n\n\n\n<p>Otra forma de entender los da\u00f1os econ\u00f3micos es como da\u00f1os \"financieros\". Estos da\u00f1os se centran en compensarte por el dinero que has tenido que pagar de tu bolsillo como consecuencia del accidente.&nbsp;<\/p>\n\n\n\n<p><strong>Da\u00f1os no econ\u00f3micos.<\/strong> Los da\u00f1os no econ\u00f3micos incluyen el dolor y el sufrimiento, el da\u00f1o a la reputaci\u00f3n y el trastorno de estr\u00e9s postraum\u00e1tico. Tambi\u00e9n pueden incluir una indemnizaci\u00f3n por el impacto emocional de las cicatrices, la desfiguraci\u00f3n o la p\u00e9rdida de la capacidad de hacer cosas que antes disfrutaba.<\/p>\n\n\n\n<p>Los da\u00f1os no econ\u00f3micos no suelen ir acompa\u00f1ados de una factura que calcule su coste exacto. Sin embargo, esto no significa que estas p\u00e9rdidas no sean reales. El dolor y el sufrimiento, las cicatrices, la desfiguraci\u00f3n o la p\u00e9rdida del disfrute de aficiones y otras actividades son reales. Todos son costosos. Y pueden compensarse mediante una demanda civil por lesiones personales.&nbsp;<\/p>\n\n\n\n<p><strong>Da\u00f1os punitivos:<\/strong> Un accidente por conducir ebrio Goose Creek puede ser costoso. En algunos casos, tambi\u00e9n puede ser capaz de buscar da\u00f1os punitivos, adem\u00e1s de lo anterior, que est\u00e1n destinados a penalizar el comportamiento del conductor ebrio y actuar como un elemento disuasorio para futuros comportamientos similares.&nbsp;<\/p>\n\n\n\n<h3 class=\"wp-block-heading\">P\u00f3ngase en contacto con Steinberg Law Firm hoy mismo para hablar de su caso<\/h3>\n\n\n\n<p>A pesar de las campa\u00f1as de educaci\u00f3n sobre la conducci\u00f3n bajo los efectos del alcohol que ponen de relieve lo peligroso que puede ser conducir bajo los efectos del alcohol, los conductores siguen tomando malas decisiones y dejan resultados devastadores para muchas familias de nuestra comunidad. Muchos <a href=\"https:\/\/www.steinberglawfirm.com\/personal-injury\/auto-accidents\/drunk-driving-accident\/\" target=\"_blank\" rel=\"noopener\">las colisiones por conducir ebrio provocan lesiones graves<\/a> que requieren hospitalizaci\u00f3n y, otras veces, <a href=\"https:\/\/www.steinberglawfirm.com\/personal-injury\/wrongful-death\/\" target=\"_blank\" rel=\"noopener\">muerte por negligencia<\/a>. Si usted o un ser querido ha sido v\u00edctima de una <a href=\"https:\/\/www.steinberglawfirm.com\/locations\/goose-creek\/car-accident-lawyer\/\" target=\"_blank\" rel=\"noopener\">Goose Creek accidente de tr\u00e1fico por conducir ebrio<\/a>, nuestro <a href=\"https:\/\/www.steinberglawfirm.com\/attorney\/\" target=\"_blank\" rel=\"noopener\">abogados de accidentes por conducir ebrio<\/a> puede ayudarle a recuperar la indemnizaci\u00f3n que merece por los da\u00f1os y lesiones sufridos. <a href=\"https:\/\/www.steinberglawfirm.com\/contact-us\/\" target=\"_blank\" rel=\"noopener\">P\u00f3ngase en contacto con los abogados de accidentes de coche en Steinberg Law Firm<\/a> hoy en <a href=\"tel:1-843-720-2800\">843-720-2800<\/a>.<\/p>","protected":false},"excerpt":{"rendered":"<p>Goose Creek, SC Abogados de lesiones por choques por conducir ebrio South Carolina Abogados de accidentes automovil\u00edsticos causados por DUI en el condado de Berkeley En promedio, 32 personas en los Estados Unidos mueren en un accidente por conducir ebrio todos los d\u00edas, seg\u00fan la Administraci\u00f3n Nacional de Seguridad del Tr\u00e1fico en las Carreteras (NHTSA). En 2020, 11,654 personas perdieron la vida en choques relacionados con el alcohol en todo el pa\u00eds,...<\/p>","protected":false},"author":1,"featured_media":24342,"parent":3413,"menu_order":0,"comment_status":"closed","ping_status":"closed","template":"","meta":{"_acf_changed":false,"footnotes":""},"class_list":["post-24337","page","type-page","status-publish","has-post-thumbnail","hentry"],"acf":[],"_links":{"self":[{"href":"https:\/\/steinberglawfirm-staging.clmcloud.app\/es\/wp-json\/wp\/v2\/pages\/24337"}],"collection":[{"href":"https:\/\/steinberglawfirm-staging.clmcloud.app\/es\/wp-json\/wp\/v2\/pages"}],"about":[{"href":"https:\/\/steinberglawfirm-staging.clmcloud.app\/es\/wp-json\/wp\/v2\/types\/page"}],"author":[{"embeddable":true,"href":"https:\/\/steinberglawfirm-staging.clmcloud.app\/es\/wp-json\/wp\/v2\/users\/1"}],"replies":[{"embeddable":true,"href":"https:\/\/steinberglawfirm-staging.clmcloud.app\/es\/wp-json\/wp\/v2\/comments?post=24337"}],"version-history":[{"count":7,"href":"https:\/\/steinberglawfirm-staging.clmcloud.app\/es\/wp-json\/wp\/v2\/pages\/24337\/revisions"}],"predecessor-version":[{"id":24347,"href":"https:\/\/steinberglawfirm-staging.clmcloud.app\/es\/wp-json\/wp\/v2\/pages\/24337\/revisions\/24347"}],"up":[{"embeddable":true,"href":"https:\/\/steinberglawfirm-staging.clmcloud.app\/es\/wp-json\/wp\/v2\/pages\/3413"}],"wp:featuredmedia":[{"embeddable":true,"href":"https:\/\/steinberglawfirm-staging.clmcloud.app\/es\/wp-json\/wp\/v2\/media\/24342"}],"wp:attachment":[{"href":"https:\/\/steinberglawfirm-staging.clmcloud.app\/es\/wp-json\/wp\/v2\/media?parent=24337"}],"curies":[{"name":"wp","href":"https:\/\/api.w.org\/{rel}","templated":true}]}}