{"id":24312,"date":"2023-03-13T16:49:50","date_gmt":"2023-03-13T16:49:50","guid":{"rendered":"https:\/\/www.steinberglawfirm.com\/?page_id=24312"},"modified":"2023-05-03T19:12:45","modified_gmt":"2023-05-03T19:12:45","slug":"south-carolinas-most-dangerous-roads-i-526-and-i-26","status":"publish","type":"page","link":"https:\/\/steinberglawfirm-staging.clmcloud.app\/es\/lesiones-personales\/accidentes-de-trafico-2\/carreteras-mas-peligrosas-de-las-carolinas-del-sur-i-526-y-i-26\/","title":{"rendered":"Las carreteras m\u00e1s peligrosas de South Carolina: I-526 e I-26"},"content":{"rendered":"<h1 class=\"wp-block-heading\">Las carreteras m\u00e1s peligrosas de South Carolina: I-526 e I-26<\/h1>\n\n\n\n<h2 class=\"wp-block-heading\"><em>Abogados de accidentes de tr\u00e1fico interestatales South Carolina<\/em><\/h2>\n\n\n\n<p>Los residentes de South Carolina saben que algunas carreteras tienen fama de ser peligrosas. Sin embargo, \u00bfqu\u00e9 hace que una carretera sea m\u00e1s peligrosa que otra? \u00bfEs realmente m\u00e1s probable que los conductores tengan un accidente en determinadas carreteras? Si es as\u00ed, \u00bfqu\u00e9 factores intervienen en la peligrosidad de una carretera o autopista?&nbsp;<\/p>\n\n\n\n<p>En el Steinberg Law Firm, hemos estado gestionando <a href=\"https:\/\/www.steinberglawfirm.com\/personal-injury\/auto-accidents\/\" target=\"_blank\" rel=\"noopener\">South Carolina demandas por accidente de coche<\/a> en nombre de automovilistas lesionados desde hace m\u00e1s de 95 a\u00f1os. Durante este tiempo, hemos desarrollado nuestras propias opiniones sobre qu\u00e9 carreteras son las m\u00e1s peligrosas en South Carolina. Sin embargo, no tiene por qu\u00e9 fiarse de nuestra palabra, ya que el <a href=\"https:\/\/scdps.sc.gov\/\" target=\"_blank\" rel=\"noreferrer noopener\">South Carolina Departamento de Seguridad P\u00fablica<\/a> hace un seguimiento de todos los datos sobre accidentes en el estado y publica cada a\u00f1o una lista de las carreteras m\u00e1s peligrosas. Sigue leyendo para saber m\u00e1s sobre las carreteras m\u00e1s peligrosas de South Carolina y qu\u00e9 las hace tan mortales.&nbsp;<\/p>\n\n\n\n<h3 class=\"wp-block-heading\">\u00bfQu\u00e9 hace que algunas carreteras sean m\u00e1s peligrosas?<\/h3>\n\n\n\n<p>South Carolina experimenta un n\u00famero muy elevado de <a href=\"https:\/\/www.steinberglawfirm.com\/personal-injury\/auto-accidents\/\" target=\"_blank\" rel=\"noopener\">coche<\/a> y <a href=\"https:\/\/www.steinberglawfirm.com\/personal-injury\/truck-accidents\/\" target=\"_blank\" rel=\"noopener\">accidentes de camiones<\/a>. De hecho, seg\u00fan los datos m\u00e1s recientes del Departamento de Transporte South Carolina, por t\u00e9rmino medio se produce un accidente cada cuatro minutos y 18 segundos. Por supuesto, no todos los accidentes acaban con heridos graves, pero muchos s\u00ed. Por ejemplo, alguien resulta herido en un accidente de tr\u00e1fico South Carolina cada 11 minutos y alguien pierde la vida cada ocho horas.&nbsp;<\/p>\n\n\n\n<p>Aunque un accidente puede ocurrir en cualquier carretera, algunas son m\u00e1s peligrosas que otras. Hay varias razones por las que puede haber m\u00e1s accidentes en determinadas carreteras, entre ellas las siguientes:<\/p>\n\n\n\n<h4 class=\"wp-block-heading\">Dise\u00f1o peligroso de carreteras<\/h4>\n\n\n\n<p>Uno de los principales factores que contribuyen a la peligrosidad de una carretera es su dise\u00f1o. Esto incluye aspectos como el grado o la pendiente de la calzada, la visibilidad en las curvas, la se\u00f1alizaci\u00f3n y las marcas de los carriles. Las carreteras con se\u00f1ales anticuadas o mal colocadas pueden confundir a los conductores, lo que puede hacer que un conductor reduzca la velocidad cuando menos se lo espera. Adem\u00e1s, algunas carreteras se construyeron hace d\u00e9cadas, cuando la poblaci\u00f3n de South Carolina era una fracci\u00f3n de lo que es hoy. Estas carreteras, aunque quiz\u00e1s bien dise\u00f1adas en su momento, son a menudo demasiado peque\u00f1as para soportar la cantidad de tr\u00e1fico que reciben actualmente, lo que puede provocar atascos inesperados y peligrosos.&nbsp;<\/p>\n\n\n\n<h4 class=\"wp-block-heading\">Mala conservaci\u00f3n de las carreteras<\/h4>\n\n\n\n<p>Las carreteras mal mantenidas tambi\u00e9n pueden aumentar el riesgo de accidente. Por ejemplo, el mantenimiento de las carreteras incluye garantizar que las se\u00f1ales de tr\u00e1fico est\u00e9n presentes y sean precisas, que el pavimento no est\u00e9 picado o <a href=\"https:\/\/www.steinberglawfirm.com\/blog\/how-to-report-a-summerville-goose-creek-or-charleston-sc-pothole\/\" target=\"_blank\" rel=\"noopener\">lleno de baches<\/a>y el follaje circundante se poda para permitir la m\u00e1xima visibilidad del conductor. Normalmente, la obligaci\u00f3n de mantener una carretera recae en el gobierno estatal o local que la construy\u00f3. Por ejemplo, las grandes autopistas, como la I-26 y la I-526, son mantenidas por el Departamento de Transporte South Carolina, mientras que las carreteras m\u00e1s peque\u00f1as son mantenidas por la ciudad en la que se encuentran.&nbsp;<\/p>\n\n\n\n<h4 class=\"wp-block-heading\">Tiempo<\/h4>\n\n\n\n<p>Las condiciones meteorol\u00f3gicas adversas, como la lluvia y la niebla, pueden afectar a la mayor\u00eda de las carreteras y autopistas South Carolina; sin embargo, determinadas carreteras exponen a los conductores a un mayor riesgo de sufrir un accidente relacionado con las condiciones meteorol\u00f3gicas. Por ejemplo, la lluvia hace que las carreteras est\u00e9n resbaladizas y la niebla limita la visibilidad de los conductores. Por supuesto, debido a las caracter\u00edsticas geogr\u00e1ficas circundantes, algunas carreteras tienden a experimentar m\u00e1s niebla que otras. Por lo dem\u00e1s, las carreteras m\u00e1s peligrosas durante los periodos de mal tiempo son las que registran mucho tr\u00e1fico y tienen l\u00edmites de velocidad elevados. Esto se debe a que los conductores que no reducen su velocidad tendr\u00e1n muchas m\u00e1s dificultades para evaluar su entorno y reducir la velocidad en caso de un peligro inesperado.&nbsp;<\/p>\n\n\n\n<h4 class=\"wp-block-heading\">Tr\u00e1fico<\/h4>\n\n\n\n<p>A nadie le gusta conducir con tr\u00e1fico. Sin embargo, para muchos de nosotros, estar sentado en el tr\u00e1fico durante una hora o m\u00e1s al d\u00eda no es una opci\u00f3n. Y aunque la mayor\u00eda de los conductores no dejan que les afecte el ir y venir de un atasco, no es el caso de todos los automovilistas. Algunos <a href=\"https:\/\/www.steinberglawfirm.com\/personal-injury\/auto-accidents\/distracted-driving-accidents\/\" target=\"_blank\" rel=\"noopener\">los conductores pueden distraerse<\/a> en un tr\u00e1fico lento, y otros pueden sentirse frustrados, lo que puede llevarles a adoptar un comportamiento agresivo al volante. Aproximadamente el 25% de todos los accidentes de tr\u00e1fico ocurridos en el South Carolina se produjeron durante la hora punta de la tarde, es decir, entre las 15.00 y las 18.00 horas, cuando las carreteras est\u00e1n m\u00e1s congestionadas. Y, como es l\u00f3gico, la hora m\u00e1s peligrosa para circular es entre las 17.00 y las 18.00 horas.<\/p>\n\n\n\n<p>A menudo, estos cuatro factores hacen que carreteras como la I-26 y la I-526 sean peligrosas. Por supuesto, tambi\u00e9n influyen factores espec\u00edficos del conductor. Por ejemplo, la Administraci\u00f3n Nacional de Seguridad en el Transporte por Carretera informa de que el 45 por ciento de todos los <a href=\"https:\/\/www.steinberglawfirm.com\/personal-injury\/auto-accidents\/fatal-car-accident\/\" target=\"_blank\" rel=\"noopener\">colisiones mortales de veh\u00edculos de motor<\/a> en 2020 implic\u00f3 <a href=\"https:\/\/www.steinberglawfirm.com\/personal-injury\/auto-accidents\/drunk-driving-accident\/\" target=\"_blank\" rel=\"noopener\">conducci\u00f3n bajo los efectos del alcohol<\/a>, <a href=\"https:\/\/www.steinberglawfirm.com\/personal-injury\/auto-accidents\/speeding-car-accidents\/\" target=\"_blank\" rel=\"noopener\">exceso de velocidad<\/a>o que un conductor no lleve puesto el cintur\u00f3n de seguridad. No hace falta decir, si usted es un residente local o visitante de South Carolina, es importante mantenerse alerta en la carretera. Si usted est\u00e1 involucrado en un grave accidente de coche I-26 o I-526 en su camino al trabajo, casa, u otro destino, <a href=\"https:\/\/www.steinberglawfirm.com\/contact-us\/\" target=\"_blank\" rel=\"noopener\">contacte con nuestros abogados expertos en accidentes de tr\u00e1fico interestatales<\/a> hoy.&nbsp;<\/p>\n\n\n\n<h3 class=\"wp-block-heading\">\u00bfCu\u00e1les son las carreteras m\u00e1s peligrosas en South Carolina?<\/h3>\n\n\n\n<p>Quienes est\u00e1n familiarizados con las carreteras de South Carolina saben que ciertas autopistas tienen una reputaci\u00f3n notoria, y por una buena raz\u00f3n. El Departamento de Seguridad P\u00fablica de South Carolina hace un seguimiento de todos los accidentes de tr\u00e1fico y recopila los datos en un Libro de Datos anual. Seg\u00fan el \u00faltimo <a href=\"https:\/\/scdps.sc.gov\/sites\/scdps\/files\/Documents\/ohsjp\/fact%20book\/2020%20Factbook%20Final.pdf\" target=\"_blank\" rel=\"noreferrer noopener\">Libro de datos publicado en 2020<\/a>las siguientes son las carreteras m\u00e1s peligrosas de South Carolina.&nbsp;<\/p>\n\n\n\n<h4 class=\"wp-block-heading\">Interestatal 26<\/h4>\n\n\n\n<p><a href=\"https:\/\/www.steinberglawfirm.com\/personal-injury\/truck-accidents\/i-26-truck-accident-attorneys\/\" target=\"_blank\" rel=\"noopener\">Interestatal 26<\/a> comienza en Charleston y cruza el estado hacia el noreste, viajando a trav\u00e9s de Columbia, Spartanburg, y luego hasta el oeste de North Carolina. En 2020, se produjeron 27 accidentes mortales en la I-26, que se cobraron un total de 33 vidas. Adem\u00e1s, hubo otros 828 accidentes con el resultado de 1.173 automovilistas heridos.<\/p>\n\n\n\n<h4 class=\"wp-block-heading\">Interestatal 20<\/h4>\n\n\n\n<p>La Interestatal 20 atraviesa lateralmente la South Carolina, viajando a trav\u00e9s de Columbia. En 2020, se produjeron 18 accidentes mortales en la I-20, que se cobraron un total de 19 vidas. Adem\u00e1s, hubo otros 375 accidentes en los que 561 automovilistas resultaron heridos.&nbsp;<\/p>\n\n\n\n<h4 class=\"wp-block-heading\">Interestatal 85<\/h4>\n\n\n\n<p>La interestatal 85 solo atraviesa la parte noroeste de South Carolina, abarcando poco m\u00e1s de 160 km. En 2020, se produjeron 13 accidentes mortales en la I-85, que se cobraron un total de 13 vidas. Adem\u00e1s, se produjeron otros 467 accidentes con 691 motoristas heridos.&nbsp;<\/p>\n\n\n\n<h4 class=\"wp-block-heading\">Interestatal 95<\/h4>\n\n\n\n<p>La interestatal 95 discurre en direcci\u00f3n norte-sur y es una de las autopistas m\u00e1s transitadas del pa\u00eds. En 2020, se produjeron 19 accidentes mortales en la I-95, que se cobraron un total de 21 vidas. Adem\u00e1s, se produjeron otros 304 accidentes con el resultado de 481 motoristas heridos.&nbsp;<\/p>\n\n\n\n<h4 class=\"wp-block-heading\">Interestatal 526<\/h4>\n\n\n\n<p>La Interestatal 526 es una ruta auxiliar que sirve como circunvalaci\u00f3n parcial alrededor de Charleston. Aunque la I-526 s\u00f3lo tiene algo m\u00e1s de 19 millas, sigue siendo una de las carreteras m\u00e1s peligrosas de South Carolina. De hecho, un gestor de proyectos del Departamento de Transporte de la South Carolina coment\u00f3 que \"[e]s sin duda el peor corredor del estado, desde el punto de vista interestatal... El enlace [de la I-26 y la I-526] es sin duda el peor, pero desde el punto de vista del segmento principal, el peor segmento es desde la North Rhett hasta Clements Ferry Road\". Por ejemplo, en 2020 se produjeron dos accidentes mortales en la I-26, que se cobraron un total de dos vidas. Adem\u00e1s, hubo otros 148 accidentes con el resultado de 220 motoristas heridos.<\/p>\n\n\n\n<h3 class=\"wp-block-heading\">Qu\u00e9 hacer tras un accidente de tr\u00e1fico interestatal<\/h3>\n\n\n\n<p>Independientemente de d\u00f3nde o cu\u00e1ndo se produzca un accidente de tr\u00e1fico, es imprescindible que tome ciertas medidas inmediatamente despu\u00e9s. Si lo hace, se asegurar\u00e1 de recibir el tratamiento m\u00e9dico adecuado para sus lesiones y preservar\u00e1 su capacidad para <a href=\"https:\/\/www.steinberglawfirm.com\/personal-injury\/auto-accidents\/\" target=\"_blank\" rel=\"noopener\">interponer una demanda por accidente de tr\u00e1fico South Carolina<\/a> contra la parte culpable.&nbsp;<\/p>\n\n\n\n<ol class=\"wp-block-list\">\n<li>Informe del accidente llamando al 911 o al Departamento Local del Sheriff.<\/li>\n\n\n\n<li>Re\u00fane toda la informaci\u00f3n que puedas.<\/li>\n\n\n\n<li>Acude a urgencias, al hospital o a tu m\u00e9dico de cabecera.<\/li>\n\n\n\n<li>Tenga cuidado con lo que dice cuando hable con la compa\u00f1\u00eda de seguros.<\/li>\n\n\n\n<li>Guarde todos los registros relacionados con el accidente.<\/li>\n\n\n\n<li>P\u00f3ngase en contacto con un abogado experto en lesiones personales Charleston.<\/li>\n<\/ol>\n\n\n\n<p>Incluso si no est\u00e1 seguro de qui\u00e9n tuvo la culpa del accidente, es importante seguir estos pasos, ya que puede haber hechos que, aunque desconocidos para usted en ese momento, podr\u00edan constituir la base de una s\u00f3lida reclamaci\u00f3n de indemnizaci\u00f3n.&nbsp;<\/p>\n\n\n\n<h3 class=\"wp-block-heading\">C\u00f3mo un bufete de abogados de lesiones personales puede ayudar a las v\u00edctimas de accidentes de coche Charleston<\/h3>\n\n\n\n<p>Trabajar con un <a href=\"https:\/\/www.steinberglawfirm.com\/personal-injury\/auto-accidents\/\" target=\"_blank\" rel=\"noopener\">bufete de abogados con experiencia en accidentes de coche South Carolina<\/a> no s\u00f3lo puede hacer que el proceso de recuperaci\u00f3n sea mucho m\u00e1s f\u00e1cil para usted y su familia, sino que tambi\u00e9n puede <a href=\"https:\/\/www.steinberglawfirm.com\/blog\/case-result-example-of-why-you-need-an-attorney-if-you-are-injured\/\" target=\"_blank\" rel=\"noopener\">aumentar sus posibilidades de obtener una indemnizaci\u00f3n completa y justa<\/a> por todo lo que has pasado. Por ejemplo, es habitual que las compa\u00f1\u00edas de seguros se acerquen a ti poco despu\u00e9s de un accidente, antes de que te des cuenta de todo el impacto que el accidente ha tenido en tu vida. Hacen esto a prop\u00f3sito, con la esperanza de resolver el caso por el menor dinero posible. En <a href=\"https:\/\/www.steinberglawfirm.com\/contact-us\/\" target=\"_blank\" rel=\"noopener\">reuni\u00f3n con un abogado<\/a>De esta manera, usted puede tener una mejor idea de lo que sus da\u00f1os reales son, qui\u00e9n tuvo la culpa, y lo que debe esperar de una oferta de liquidaci\u00f3n. Esto le dar\u00e1 el conocimiento necesario para tomar la mejor decisi\u00f3n para usted y su familia.&nbsp;<\/p>\n\n\n\n<p>En caso de que una compa\u00f1\u00eda de seguros no est\u00e9 dispuesta a hacer una oferta de liquidaci\u00f3n justa, su <a href=\"https:\/\/www.steinberglawfirm.com\/personal-injury\/personal-injury-lawyers\/\" target=\"_blank\" rel=\"noopener\">abogado de lesiones personales<\/a> puede presentar una demanda para obligar a la compa\u00f1\u00eda a indemnizarle justamente por todos los gastos relacionados con el accidente. Aunque los da\u00f1os y perjuicios en una demanda por accidente de tr\u00e1fico South Carolina var\u00edan significativamente entre los casos, a menudo proporcionan dinero para lo siguiente:<\/p>\n\n\n\n<ul class=\"wp-block-list\">\n<li>Gastos m\u00e9dicos pasados y futuros.<\/li>\n\n\n\n<li>Salarios perdidos.&nbsp;<\/li>\n\n\n\n<li>Reducci\u00f3n de la capacidad de obtener ingresos en el futuro.<\/li>\n\n\n\n<li>Da\u00f1os materiales.<\/li>\n\n\n\n<li>Dolor y sufrimiento.<\/li>\n\n\n\n<li>Disminuci\u00f3n de la calidad de vida.<\/li>\n\n\n\n<li>Cicatrices y otras desfiguraciones.<\/li>\n\n\n\n<li>Da\u00f1os en las relaciones familiares.<\/li>\n<\/ul>\n\n\n\n<p>En el <a href=\"https:\/\/www.steinberglawfirm.com\/\" target=\"_blank\" rel=\"noopener\">Steinberg Law Firm<\/a>Podemos ayudarle a determinar el alcance total de sus da\u00f1os para evitar que acepte una oferta a la baja que no le compense.&nbsp;<\/p>\n\n\n\n<h2 class=\"wp-block-heading\">Hable con un abogado experto en accidentes de tr\u00e1fico South Carolina para saber m\u00e1s sobre sus derechos<\/h2>\n\n\n\n<p>Si has estado <a href=\"https:\/\/www.steinberglawfirm.com\/personal-injury\/auto-accidents\/\" target=\"_blank\" rel=\"noopener\">herido en un accidente de coche South Carolina<\/a>Cualquier otro conductor o entidad gubernamental que haya contribuido al accidente puede ser financieramente responsable ante usted. Sin embargo, el proceso de recuperaci\u00f3n no siempre es sencillo, especialmente cuando intervienen las compa\u00f1\u00edas de seguros. En el Steinberg Law Firm, <a href=\"https:\/\/www.steinberglawfirm.com\/attorney\/\" target=\"_blank\" rel=\"noopener\">nuestros abogados especializados en lesiones personales Charleston<\/a> tienen m\u00e1s de 95 a\u00f1os de experiencia ayudando a las v\u00edctimas de accidentes a recuperar dinero por todos los gastos relacionados con el accidente para que puedan comenzar el proceso de seguir adelante con sus vidas. <a href=\"https:\/\/www.steinberglawfirm.com\/free-consultation\/\" target=\"_blank\" rel=\"noopener\">Ofrecemos consultas gratuitas a todas las v\u00edctimas de accidentes<\/a>durante el cual le explicaremos el proceso, le expondremos sus opciones y le explicaremos qu\u00e9 podemos hacer para ayudarle. Si decide presentar un caso ante el Steinberg Law Firm, nosotros <a href=\"https:\/\/www.steinberglawfirm.com\/no-fee-unless-you-win\/\" target=\"_blank\" rel=\"noopener\">no cobrarle por ninguno de nuestros servicios a menos que podamos obtener una indemnizaci\u00f3n<\/a> en su nombre. Para obtener m\u00e1s informaci\u00f3n y para programar una consulta gratuita hoy, <a href=\"tel:1-843-720-2800\">llame al 843-720-2800<\/a>. Tambi\u00e9n puede ponerse en contacto con nosotros a trav\u00e9s de <a href=\"https:\/\/www.steinberglawfirm.com\/contact-us\/\" target=\"_blank\" rel=\"noopener\">nuestro formulario de contacto en l\u00ednea<\/a>.<\/p>","protected":false},"excerpt":{"rendered":"<p>Las carreteras m\u00e1s peligrosas de South Carolina: I-526 y I-26 Abogados de accidentes de tr\u00e1fico interestatales al servicio de South Carolina Los residentes de South Carolina saben que algunas carreteras tienen fama de ser peligrosas. Sin embargo, \u00bfqu\u00e9 hace que una carretera sea m\u00e1s peligrosa que otra? \u00bfSon los conductores realmente m\u00e1s propensos a tener un accidente en ciertas carreteras? Si es as\u00ed, \u00bfqu\u00e9...<\/p>","protected":false},"author":1,"featured_media":24319,"parent":760,"menu_order":0,"comment_status":"closed","ping_status":"closed","template":"","meta":{"_acf_changed":false,"footnotes":""},"class_list":["post-24312","page","type-page","status-publish","has-post-thumbnail","hentry"],"acf":[],"_links":{"self":[{"href":"https:\/\/steinberglawfirm-staging.clmcloud.app\/es\/wp-json\/wp\/v2\/pages\/24312"}],"collection":[{"href":"https:\/\/steinberglawfirm-staging.clmcloud.app\/es\/wp-json\/wp\/v2\/pages"}],"about":[{"href":"https:\/\/steinberglawfirm-staging.clmcloud.app\/es\/wp-json\/wp\/v2\/types\/page"}],"author":[{"embeddable":true,"href":"https:\/\/steinberglawfirm-staging.clmcloud.app\/es\/wp-json\/wp\/v2\/users\/1"}],"replies":[{"embeddable":true,"href":"https:\/\/steinberglawfirm-staging.clmcloud.app\/es\/wp-json\/wp\/v2\/comments?post=24312"}],"version-history":[{"count":7,"href":"https:\/\/steinberglawfirm-staging.clmcloud.app\/es\/wp-json\/wp\/v2\/pages\/24312\/revisions"}],"predecessor-version":[{"id":24624,"href":"https:\/\/steinberglawfirm-staging.clmcloud.app\/es\/wp-json\/wp\/v2\/pages\/24312\/revisions\/24624"}],"up":[{"embeddable":true,"href":"https:\/\/steinberglawfirm-staging.clmcloud.app\/es\/wp-json\/wp\/v2\/pages\/760"}],"wp:featuredmedia":[{"embeddable":true,"href":"https:\/\/steinberglawfirm-staging.clmcloud.app\/es\/wp-json\/wp\/v2\/media\/24319"}],"wp:attachment":[{"href":"https:\/\/steinberglawfirm-staging.clmcloud.app\/es\/wp-json\/wp\/v2\/media?parent=24312"}],"curies":[{"name":"wp","href":"https:\/\/api.w.org\/{rel}","templated":true}]}}