{"id":24228,"date":"2023-02-27T20:22:49","date_gmt":"2023-02-27T20:22:49","guid":{"rendered":"https:\/\/www.steinberglawfirm.com\/?page_id=24228"},"modified":"2023-02-27T20:56:31","modified_gmt":"2023-02-27T20:56:31","slug":"apartment-building-injury-lawyer","status":"publish","type":"page","link":"https:\/\/steinberglawfirm-staging.clmcloud.app\/es\/lesiones-personales\/responsabilidad-civil-de-los-locales\/abogado-especializado-en-lesiones-en-edificios-de-apartamentos\/","title":{"rendered":"Charleston Abogados de lesiones en edificios de apartamentos"},"content":{"rendered":"<h1 class=\"wp-block-heading\">Charleston Abogados de lesiones en edificios de apartamentos<\/h1>\n\n\n\n<h2 class=\"wp-block-heading\"><em>\u00bfCu\u00e1les son las responsabilidades de los propietarios de edificios de apartamentos y de las empresas de gesti\u00f3n para mantener la seguridad del complejo?<\/em><\/h2>\n\n\n\n<p>La mayor\u00eda de la gente vivir\u00e1 en un edificio de apartamentos en alg\u00fan momento de su vida. Seg\u00fan un estudio reciente, uno de cada ocho estadounidenses reside actualmente en un apartamento. Aunque los apartamentos son una opci\u00f3n de vivienda asequible con otras ventajas, los residentes conf\u00edan mucho en que los propietarios y las empresas gestoras de los edificios de apartamentos garanticen la seguridad de sus apartamentos y del complejo.<\/p>\n\n\n\n<p>Los residentes que sufren lesiones mientras viven en un complejo de apartamentos pueden presentar una demanda por da\u00f1os y perjuicios. <a href=\"https:\/\/www.steinberglawfirm.com\/personal-injury\/premises-liability\/\" target=\"_blank\" rel=\"noopener\">demanda por responsabilidad de las instalaciones<\/a> contra el propietario del complejo, la empresa gestora o ambos. En el <a href=\"https:\/\/www.steinberglawfirm.com\/\" target=\"_blank\" rel=\"noopener\">Steinberg Law Firm<\/a>, <a href=\"https:\/\/www.steinberglawfirm.com\/attorney\/\" target=\"_blank\" rel=\"noopener\">nuestros abogados especializados en responsabilidad civil<\/a> tienen 95 a\u00f1os de experiencia abogando en nombre de las v\u00edctimas de accidentes y sus familias, ayud\u00e1ndoles a obtener una compensaci\u00f3n justa por lo que han pasado.<\/p>\n\n\n\n<h3 class=\"wp-block-heading\">South Carolina Estad\u00edsticas de Apartamentos<\/h3>\n\n\n\n<p>Vivir en apartamentos es com\u00fan en South Carolina. De hecho, South Carolina tiene 760 edificios catalogados como \"complejos de apartamentos\", y el 7,5 por ciento de los carolinos de South viven en complejos de apartamentos que contienen cinco o m\u00e1s unidades.<\/p>\n\n\n\n<p>A principios de 2022, el alquiler medio de un apartamento aument\u00f3 un 12% para los nuevos residentes y un 3,5% para los residentes existentes. Actualmente, el alquiler medio de un apartamento de un dormitorio en South Carolina es de aproximadamente $657 al mes, y un apartamento de cuatro dormitorios exige un alquiler medio de $1.231.<\/p>\n\n\n\n<p>Por supuesto, los inquilinos tambi\u00e9n tienen otros gastos. Por ejemplo, un estudio revel\u00f3 que m\u00e1s del 10% de las personas que viven en apartamentos en EE.UU. indicaron que son responsables de todas las reparaciones dentro del apartamento. Adem\u00e1s, s\u00f3lo el 37% de los inquilinos de apartamentos de EE.UU. tienen un seguro de alquiler, que est\u00e1 destinado a cubrir el coste de los da\u00f1os a la propiedad y las lesiones personales de los visitantes.<\/p>\n\n\n\n<h3 class=\"wp-block-heading\">Causas comunes de lesiones en apartamentos<\/h3>\n\n\n\n<p>Una variedad de peligros potenciales se pueden encontrar en edificios de apartamentos y complejos. Por ejemplo, a continuaci\u00f3n se muestra una lista de lesiones en apartamentos que hemos visto en los \u00faltimos a\u00f1os:<\/p>\n\n\n\n<ul class=\"wp-block-list\">\n<li><a href=\"https:\/\/www.steinberglawfirm.com\/personal-injury\/premises-liability\/slip-and-fall\/\" target=\"_blank\" rel=\"noopener\">Cataratas<\/a> relacionados con pasamanos en mal estado o inexistentes.<\/li>\n\n\n\n<li><a href=\"https:\/\/www.steinberglawfirm.com\/blog\/liability-in-dog-bite-cases-occurring-at-apartment-complexes\/\" target=\"_blank\" rel=\"noopener\">Mordeduras de perro debidas a que los residentes tienen perros<\/a> y razas conocidas como peligrosas y prohibidas en el contrato de arrendamiento.<\/li>\n\n\n\n<li>Agresiones derivadas de la falta de seguridad.<\/li>\n\n\n\n<li><a href=\"https:\/\/www.steinberglawfirm.com\/personal-injury\/premises-liability\/slip-and-fall\/\" target=\"_blank\" rel=\"noopener\">Resbalones y ca\u00eddas<\/a> debido a superficies irregulares, falta de mantenimiento y zonas sin iluminaci\u00f3n.<\/li>\n\n\n\n<li><a href=\"https:\/\/www.steinberglawfirm.com\/personal-injury\/dangerous-products\/\" target=\"_blank\" rel=\"noopener\">Aparatos defectuosos<\/a>.<\/li>\n\n\n\n<li>Lesiones y muertes por ahogamiento en piscinas de apartamentos.<\/li>\n\n\n\n<li><a href=\"https:\/\/www.steinberglawfirm.com\/personal-injury\/auto-accidents\/\" target=\"_blank\" rel=\"noopener\">Accidentes de tr\u00e1fico<\/a> en aparcamientos de complejos de apartamentos.<\/li>\n\n\n\n<li>Inhalaci\u00f3n de humo y <a href=\"https:\/\/www.steinberglawfirm.com\/personal-injury\/personal-injury-lawyers\/burn-injury-lawyer\/\" target=\"_blank\" rel=\"noopener\">lesiones por quemaduras<\/a> resultantes de detectores de humo que faltan, est\u00e1n defectuosos o a los que no se han cambiado las pilas; y<\/li>\n\n\n\n<li>Intoxicaci\u00f3n por mon\u00f3xido de carbono.<\/li>\n<\/ul>\n\n\n\n<p>El propietario de un complejo de apartamentos o la empresa de mantenimiento contratada por el propietario suele ser responsable del mantenimiento tanto de los apartamentos individuales como de todas las zonas comunes. Sin embargo, por diversas razones, los propietarios y las empresas de mantenimiento pueden pasar por alto incluso los problemas de mantenimiento m\u00e1s comunes, lo que puede poner a los residentes en grave riesgo de sufrir lesiones.<\/p>\n\n\n\n<h3 class=\"wp-block-heading\">Responsabilidades de los propietarios y las empresas gestoras de edificios de apartamentos<\/h3>\n\n\n\n<p>La mayor\u00eda de los apartamentos en South Carolina son propiedad de particulares o peque\u00f1as empresas. Aunque los propietarios de apartamentos pueden comprar un complejo para generar ingresos pasivos, es posible que no tengan los conocimientos, el inter\u00e9s o el tiempo necesarios para cobrar el alquiler, realizar reparaciones y asegurarse de que se lleva a cabo todo el mantenimiento necesario. Por ello, muchos propietarios de apartamentos contratan a empresas de gesti\u00f3n para que se encarguen de las operaciones cotidianas del edificio o complejo. Cuando el propietario de un complejo de apartamentos contrata a una empresa de gesti\u00f3n, puede haber confusi\u00f3n en cuanto a la responsabilidad de cada parte. A su vez, esto puede hacer que sea dif\u00edcil determinar la responsabilidad despu\u00e9s de una lesi\u00f3n apartamento.<\/p>\n\n\n\n<p>Normalmente, los casos de lesiones en apartamentos se encuadran en la teor\u00eda de la responsabilidad de los locales. A <a href=\"https:\/\/www.steinberglawfirm.com\/personal-injury\/premises-liability\/\" target=\"_blank\" rel=\"noopener\">demanda por responsabilidad de las instalaciones<\/a> es un tipo de <a href=\"https:\/\/www.steinberglawfirm.com\/personal-injury\/personal-injury-lawyers\/\" target=\"_blank\" rel=\"noopener\">reclamaci\u00f3n por da\u00f1os personales<\/a> presentada por una persona lesionada contra el propietario u ocupante de la propiedad donde se produjo la lesi\u00f3n. La ley de responsabilidad de los locales establece que los propietarios u ocupantes de una propiedad deben hacer esfuerzos razonables para que sea segura para quienes son invitados expresa o impl\u00edcitamente a entrar. En el contexto de las lesiones en apartamentos, no cabe duda de que los propietarios y las empresas de mantenimiento tienen la obligaci\u00f3n legal de mantener la propiedad en condiciones de seguridad para los inquilinos y sus hijos. Esto incluye el deber de reparar los peligros conocidos, as\u00ed como de hacer esfuerzos razonables para identificar los peligros latentes, que son aquellos que los inquilinos pueden no reconocer. Sin embargo, los tribunales South Carolina han dejado claro que los propietarios no tienen por qu\u00e9 garantizar la seguridad de quienes entran en su propiedad. Por ejemplo, los propietarios de apartamentos o las empresas de mantenimiento pueden no ser responsables de las lesiones derivadas de peligros que no pudieron ser descubiertos a pesar de su diligencia.<\/p>\n\n\n\n<h3 class=\"wp-block-heading\">Ejemplos de cuando un propietario de apartamento puede ser responsable de las lesiones de un inquilino<\/h3>\n\n\n\n<p>Un ejemplo de cuando el propietario de un apartamento es responsable de las lesiones de un inquilino es cuando \u00e9l mismo se encarga de todo el mantenimiento y las reparaciones. Incluso si un propietario conf\u00eda en una empresa de mantenimiento, el propietario todav\u00eda podr\u00eda ser responsable. Por ejemplo, el propietario de un apartamento podr\u00eda ser responsable de las lesiones de un inquilino en cualquiera de las siguientes situaciones:<\/p>\n\n\n\n<ul class=\"wp-block-list\">\n<li>Lesiones relacionadas con el dise\u00f1o del edificio, las escaleras, el paisajismo o el aparcamiento.<\/li>\n\n\n\n<li>Lesiones y muertes por ahogamiento relacionadas con la falta de supervisi\u00f3n o de se\u00f1alizaci\u00f3n que indique que no hay socorristas de servicio.<\/li>\n\n\n\n<li>Lesiones causadas por la negativa de un propietario a sustituir aparatos que sabe que son defectuosos.<\/li>\n<\/ul>\n\n\n\n<h3 class=\"wp-block-heading\">Ejemplos de cuando una empresa de mantenimiento de apartamentos puede ser responsable de las lesiones de un inquilino<\/h3>\n\n\n\n<p>El contrato con el complejo de apartamentos suele definir las obligaciones de la empresa gestora. En gran medida, la responsabilidad de la empresa depender\u00e1 de las funciones que el propietario del complejo haya delegado en ella. Como regla general, los siguientes aspectos suelen ser responsabilidad de una empresa de gesti\u00f3n:<\/p>\n\n\n\n<ul class=\"wp-block-list\">\n<li>Realizar reparaciones peri\u00f3dicas de barandillas, moquetas desgastadas y luces fundidas.<\/li>\n\n\n\n<li>Notificar al propietario de un apartamento las reparaciones importantes que puedan ser necesarias, como pavimentos rotos o aceras agrietadas en todo el complejo.<\/li>\n\n\n\n<li>No se sustituyen las ventanas o puertas rotas de las viviendas individuales.<\/li>\n\n\n\n<li>No cambiar las cerraduras de las puertas despu\u00e9s de que el inquilino se mude.<\/li>\n<\/ul>\n\n\n\n<p>Muchos accidentes son culpa exclusiva del propietario de un complejo de apartamentos o de una empresa de gesti\u00f3n; sin embargo, se puede nombrar a todas las partes para evitar que se se\u00f1ale con el dedo o se cambie la culpa.<\/p>\n\n\n\n<h3 class=\"wp-block-heading\">Hable con un abogado experto en lesiones en apartamentos para obtener m\u00e1s informaci\u00f3n sobre sus derechos<\/h3>\n\n\n\n<p>Si usted o un ser querido ha resultado herido recientemente en alg\u00fan tipo de accidente en su complejo de apartamentos, podr\u00eda tener derecho a una compensaci\u00f3n econ\u00f3mica por parte del propietario del complejo o de la empresa de gesti\u00f3n de la propiedad. En el <a href=\"https:\/\/www.steinberglawfirm.com\/\" target=\"_blank\" rel=\"noopener\">Steinberg Law Firm<\/a>Tenemos m\u00e1s de 95 a\u00f1os de experiencia pr\u00e1ctica persiguiendo agresivamente una compensaci\u00f3n justa en nombre de las v\u00edctimas de accidentes y sus familias. Entendemos los retos a los que se enfrenta despu\u00e9s de sufrir lesiones graves y nos esforzamos por hacer que el proceso de recuperaci\u00f3n sea lo m\u00e1s f\u00e1cil posible para usted, al tiempo que maximizamos la compensaci\u00f3n que recibe. Para obtener m\u00e1s informaci\u00f3n, y para <a href=\"https:\/\/www.steinberglawfirm.com\/free-consultation\/\" target=\"_blank\" rel=\"noopener\">programar una consulta gratuita<\/a> con un <a href=\"https:\/\/www.steinberglawfirm.com\/personal-injury\/premises-liability\/\" target=\"_blank\" rel=\"noopener\">abogado con experiencia en responsabilidad de locales South Carolina<\/a>llame hoy mismo al Steinberg Law Firm <a href=\"tel:1-843-720-2800\">843-720-2800<\/a>. Tambi\u00e9n puede conectarse con nosotros a trav\u00e9s de nuestro <a href=\"https:\/\/www.steinberglawfirm.com\/contact-us\/\" target=\"_blank\" rel=\"noopener\">formulario de contacto en l\u00ednea<\/a>.<\/p>","protected":false},"excerpt":{"rendered":"<p>Charleston Abogados especializados en lesiones en edificios de apartamentos \u00bfCu\u00e1les son las responsabilidades de los propietarios de edificios de apartamentos y de las empresas de gesti\u00f3n para mantener la seguridad del complejo? La mayor\u00eda de la gente vivir\u00e1 en un edificio de apartamentos en alg\u00fan momento de su vida. Seg\u00fan un estudio reciente, uno de cada ocho estadounidenses reside actualmente en un apartamento. Mientras que los apartamentos son una...<\/p>","protected":false},"author":1,"featured_media":24234,"parent":171,"menu_order":0,"comment_status":"closed","ping_status":"closed","template":"","meta":{"_acf_changed":false,"footnotes":""},"class_list":["post-24228","page","type-page","status-publish","has-post-thumbnail","hentry"],"acf":[],"_links":{"self":[{"href":"https:\/\/steinberglawfirm-staging.clmcloud.app\/es\/wp-json\/wp\/v2\/pages\/24228"}],"collection":[{"href":"https:\/\/steinberglawfirm-staging.clmcloud.app\/es\/wp-json\/wp\/v2\/pages"}],"about":[{"href":"https:\/\/steinberglawfirm-staging.clmcloud.app\/es\/wp-json\/wp\/v2\/types\/page"}],"author":[{"embeddable":true,"href":"https:\/\/steinberglawfirm-staging.clmcloud.app\/es\/wp-json\/wp\/v2\/users\/1"}],"replies":[{"embeddable":true,"href":"https:\/\/steinberglawfirm-staging.clmcloud.app\/es\/wp-json\/wp\/v2\/comments?post=24228"}],"version-history":[{"count":5,"href":"https:\/\/steinberglawfirm-staging.clmcloud.app\/es\/wp-json\/wp\/v2\/pages\/24228\/revisions"}],"predecessor-version":[{"id":24233,"href":"https:\/\/steinberglawfirm-staging.clmcloud.app\/es\/wp-json\/wp\/v2\/pages\/24228\/revisions\/24233"}],"up":[{"embeddable":true,"href":"https:\/\/steinberglawfirm-staging.clmcloud.app\/es\/wp-json\/wp\/v2\/pages\/171"}],"wp:featuredmedia":[{"embeddable":true,"href":"https:\/\/steinberglawfirm-staging.clmcloud.app\/es\/wp-json\/wp\/v2\/media\/24234"}],"wp:attachment":[{"href":"https:\/\/steinberglawfirm-staging.clmcloud.app\/es\/wp-json\/wp\/v2\/media?parent=24228"}],"curies":[{"name":"wp","href":"https:\/\/api.w.org\/{rel}","templated":true}]}}