{"id":24203,"date":"2023-02-27T18:21:49","date_gmt":"2023-02-27T18:21:49","guid":{"rendered":"https:\/\/www.steinberglawfirm.com\/?page_id=24203"},"modified":"2023-02-27T18:54:33","modified_gmt":"2023-02-27T18:54:33","slug":"west-ashley-fatal-car-accident-attorneys","status":"publish","type":"page","link":"https:\/\/steinberglawfirm-staging.clmcloud.app\/es\/ubicaciones\/charleston\/abogados-accidentes-de-coche\/west-ashley-fatal-car-accident-attorneys\/","title":{"rendered":"West Ashley Abogados de accidente de coche fatal"},"content":{"rendered":"<h1 class=\"wp-block-heading\">West Ashley Abogados de accidente de coche fatal<\/h1>\n\n\n\n<h2 class=\"wp-block-heading\"><em>Abogados de homicidio culposo al servicio de Charleston, South Carolina<\/em><\/h2>\n\n\n\n<p>West Ashley es uno de los seis distritos de Charleston, SC. Popular por sus bares y restaurantes, es conocido como al oeste del r\u00edo Ashley. Como parte de Charleston, esta zona tambi\u00e9n es conocida por algunos de los <a href=\"https:\/\/www.steinberglawfirm.com\/personal-injury\/auto-accidents\/\" target=\"_blank\" rel=\"noopener\">peores tasas de accidentes de tr\u00e1fico<\/a> en el pa\u00eds.<\/p>\n\n\n\n<p>M\u00e1s de 38.000 estadounidenses mueren cada a\u00f1o en accidentes de tr\u00e1fico, lo que hace que la tasa de mortalidad por accidentes de tr\u00e1fico en Estados Unidos sea de 12,4 v\u00edctimas mortales por cada 100.000 habitantes. Seg\u00fan el informe 2022 de Forbes Advisors, South Carolina ocupaba el segundo lugar como estado m\u00e1s peligroso para conducir. El informe tambi\u00e9n revel\u00f3 que los estados del sur eran m\u00e1s propensos a <a href=\"https:\/\/www.steinberglawfirm.com\/blog\/the-dangers-of-south-carolinas-dark-country-roads\/\" target=\"_blank\" rel=\"noopener\">sufren m\u00e1s muertes en accidentes de tr\u00e1fico<\/a> debido a las leyes de seguridad al volante y a las carreteras rurales.<\/p>\n\n\n\n<p>El <a href=\"https:\/\/www.steinberglawfirm.com\/personal-injury\/personal-injury-lawyers\/\" target=\"_blank\" rel=\"noopener\">West Ashley abogados de lesiones personales<\/a> en el <a href=\"https:\/\/www.steinberglawfirm.com\/\" target=\"_blank\" rel=\"noopener\">Steinberg Law Firm<\/a> est\u00e1n aqu\u00ed para ayudar. Tenemos m\u00e1s de 90 a\u00f1os de experiencia ayudando a las familias a recuperar la compensaci\u00f3n financiera mediante la celebraci\u00f3n de los conductores negligentes responsables de sus acciones. Entendemos que nada puede traer de vuelta a un ser querido; sin embargo, con nuestra ayuda, es posible que no tenga que lidiar con las cargas financieras de su p\u00e9rdida.<\/p>\n\n\n\n<h3 class=\"wp-block-heading\">\u00bfQu\u00e9 es una demanda por homicidio culposo?<\/h3>\n\n\n\n<p>La muerte de un ser querido en un accidente mortal evitable es una tragedia que nadie deber\u00eda vivir. A <a href=\"https:\/\/www.steinberglawfirm.com\/personal-injury\/wrongful-death\/\" target=\"_blank\" rel=\"noopener\">demanda de muerte por negligencia<\/a> es una opci\u00f3n para las familias de un fallecido en accidente de tr\u00e1fico.<\/p>\n\n\n\n<p>Las demandas por homicidio culposo se interponen contra otro conductor que caus\u00f3 la muerte de alguien, ya sea por acci\u00f3n intencionada o por negligencia. Las demandas por homicidio culposo suelen ser presentadas por un representante del patrimonio del fallecido. Suele tratarse de un familiar superviviente que es nombrado representante personal del fallecido en su testamento o a trav\u00e9s de un procedimiento judicial posterior. Una demanda por homicidio culposo es similar a una demanda por lesiones personales, salvo que la acci\u00f3n no es interpuesta por la v\u00edctima sino por su sucesi\u00f3n.<\/p>\n\n\n\n<h3 class=\"wp-block-heading\">C\u00f3mo probar un caso de muerte por negligencia West Ashley<\/h3>\n\n\n\n<p>Los casos de homicidio culposo requieren la misma prueba de negligencia que en una demanda tradicional por lesiones personales. M\u00e1s concretamente, la parte que presenta el caso, a la que se denomina demandante, debe cumplir cada uno de los siguientes elementos:<\/p>\n\n\n\n<ol class=\"wp-block-list\">\n<li><strong>Duty <\/strong>- El otro conductor deb\u00eda a la v\u00edctima de un accidente un nivel de cuidado.<\/li>\n\n\n\n<li><strong>Brecha <\/strong>- El otro conductor incumpli\u00f3 su deber de diligencia.<\/li>\n\n\n\n<li><strong>Causalidad<\/strong> - Las acciones del otro conductor causaron el accidente mortal.<\/li>\n\n\n\n<li><strong>Da\u00f1os y perjuicios<\/strong> - La parte que presenta la demanda sufri\u00f3 da\u00f1os legalmente reconocibles debido a la muerte de la v\u00edctima del accidente.<\/li>\n<\/ol>\n\n\n\n<h3 class=\"wp-block-heading\">\u00bfQui\u00e9n puede presentar una demanda por homicidio culposo en West Ashley tras un accidente de tr\u00e1fico mortal?<\/h3>\n\n\n\n<p>En el South Carolina, s\u00f3lo los administradores o albaceas de la herencia de un difunto pueden presentar una demanda por homicidio culposo. Si el difunto ten\u00eda un plan sucesorio, \u00e9ste nombra al albacea\/administrador; el tribunal nombra a uno si el difunto no ten\u00eda plan sucesorio.<\/p>\n\n\n\n<p>Las personas con derecho a indemnizaci\u00f3n por da\u00f1os y perjuicios en una <a href=\"https:\/\/www.steinberglawfirm.com\/personal-injury\/auto-accidents\/fatal-car-accident\/\" target=\"_blank\" rel=\"noopener\">West Ashley accidente de coche fatal caso de muerte injusta<\/a> incluyen:<\/p>\n\n\n\n<ul class=\"wp-block-list\">\n<li><a><\/a> C\u00f3nyuge e hijos del fallecido;<\/li>\n\n\n\n<li>Padres supervivientes de la v\u00edctima, si no hay c\u00f3nyuge ni hijos.<\/li>\n\n\n\n<li>Herederos del fallecido si no hay c\u00f3nyuge, hijos o padres.&nbsp;<\/li>\n<\/ul>\n\n\n\n<p>Los da\u00f1os que pueden ser recuperados en un accidente de coche fatal West Ashley demanda de muerte por negligencia incluyen:<\/p>\n\n\n\n<ul class=\"wp-block-list\">\n<li>P\u00e9rdida de ingresos que el fallecido aportaba al hogar;<\/li>\n\n\n\n<li>P\u00e9rdida del cuidado, protecci\u00f3n y compa\u00f1\u00eda de la v\u00edctima;<\/li>\n\n\n\n<li>Angustia mental sufrida por los supervivientes; y<\/li>\n\n\n\n<li>Gastos de funeral y entierro.<\/li>\n<\/ul>\n\n\n\n<p>South Carolina las familias tambi\u00e9n pueden interponer una acci\u00f3n de supervivencia para reclamar una indemnizaci\u00f3n por los da\u00f1os sufridos por la v\u00edctima antes de su fallecimiento. S\u00f3lo puede interponerla un albacea o administrador. Los da\u00f1os recuperados van a parar al patrimonio de la v\u00edctima.<\/p>\n\n\n\n<p>Los da\u00f1os que pueden solicitarse en una acci\u00f3n de supervivencia pueden incluir:<\/p>\n\n\n\n<ul class=\"wp-block-list\">\n<li>Dolor y sufrimiento que la v\u00edctima padeci\u00f3 antes de morir;<\/li>\n\n\n\n<li>Tratamiento m\u00e9dico relacionado con las lesiones que provocaron la muerte de la v\u00edctima;<\/li>\n\n\n\n<li>Los gastos en que incurri\u00f3 la v\u00edctima antes de su fallecimiento.<\/li>\n\n\n\n<li>Posibles da\u00f1os punitivos en casos excepcionales.<\/li>\n<\/ul>\n\n\n\n<h3 class=\"wp-block-heading\">P\u00f3ngase en contacto con un abogado de West Ashley para discutir su caso hoy<\/h3>\n\n\n\n<p>A <a href=\"https:\/\/www.steinberglawfirm.com\/personal-injury\/auto-accidents\/fatal-car-accident\/\" target=\"_blank\" rel=\"noopener\">West Ashley accidente de coche fatal abogado<\/a> puede guiarle a trav\u00e9s de sus opciones y explicarle sus derechos legales en funci\u00f3n de las circunstancias de su caso. Si usted ha perdido a un ser querido que muri\u00f3 en un accidente de coche, <a href=\"https:\/\/www.steinberglawfirm.com\/attorney\/\" target=\"_blank\" rel=\"noopener\">nuestros abogados de accidentes mortales<\/a> puede ayudarle a recuperar la indemnizaci\u00f3n que merece por los da\u00f1os y lesiones sufridos. <a href=\"https:\/\/www.steinberglawfirm.com\/contact-us\/\" target=\"_blank\" rel=\"noopener\">P\u00f3ngase en contacto con los abogados especializados en accidentes de tr\u00e1fico<\/a> en Steinberg Law Firm hoy en <a href=\"tel:1-843-720-2800\">843-720-2800<\/a>.<\/p>","protected":false},"excerpt":{"rendered":"<p>West Ashley Abogados de Accidentes de Auto Fatales Abogados de Muerte Injusta Sirviendo Charleston, South Carolina West Ashley es uno de los seis distritos en Charleston, SC. Popular por sus bares y restaurantes, es conocido como el oeste del r\u00edo Ashley. Como parte de Charleston, esta zona tambi\u00e9n es conocida por algunas de las peores tasas de accidentes automovil\u00edsticos....<\/p>","protected":false},"author":1,"featured_media":24208,"parent":3331,"menu_order":0,"comment_status":"closed","ping_status":"closed","template":"","meta":{"_acf_changed":false,"footnotes":""},"class_list":["post-24203","page","type-page","status-publish","has-post-thumbnail","hentry"],"acf":[],"_links":{"self":[{"href":"https:\/\/steinberglawfirm-staging.clmcloud.app\/es\/wp-json\/wp\/v2\/pages\/24203"}],"collection":[{"href":"https:\/\/steinberglawfirm-staging.clmcloud.app\/es\/wp-json\/wp\/v2\/pages"}],"about":[{"href":"https:\/\/steinberglawfirm-staging.clmcloud.app\/es\/wp-json\/wp\/v2\/types\/page"}],"author":[{"embeddable":true,"href":"https:\/\/steinberglawfirm-staging.clmcloud.app\/es\/wp-json\/wp\/v2\/users\/1"}],"replies":[{"embeddable":true,"href":"https:\/\/steinberglawfirm-staging.clmcloud.app\/es\/wp-json\/wp\/v2\/comments?post=24203"}],"version-history":[{"count":3,"href":"https:\/\/steinberglawfirm-staging.clmcloud.app\/es\/wp-json\/wp\/v2\/pages\/24203\/revisions"}],"predecessor-version":[{"id":24206,"href":"https:\/\/steinberglawfirm-staging.clmcloud.app\/es\/wp-json\/wp\/v2\/pages\/24203\/revisions\/24206"}],"up":[{"embeddable":true,"href":"https:\/\/steinberglawfirm-staging.clmcloud.app\/es\/wp-json\/wp\/v2\/pages\/3331"}],"wp:featuredmedia":[{"embeddable":true,"href":"https:\/\/steinberglawfirm-staging.clmcloud.app\/es\/wp-json\/wp\/v2\/media\/24208"}],"wp:attachment":[{"href":"https:\/\/steinberglawfirm-staging.clmcloud.app\/es\/wp-json\/wp\/v2\/media?parent=24203"}],"curies":[{"name":"wp","href":"https:\/\/api.w.org\/{rel}","templated":true}]}}