{"id":23970,"date":"2023-02-02T17:42:15","date_gmt":"2023-02-02T17:42:15","guid":{"rendered":"https:\/\/www.steinberglawfirm.com\/?page_id=23970"},"modified":"2023-02-02T18:07:29","modified_gmt":"2023-02-02T18:07:29","slug":"car-accident-attorneys","status":"publish","type":"page","link":"https:\/\/steinberglawfirm-staging.clmcloud.app\/es\/ubicaciones\/condado-de-berkeley\/abogados-accidente-coche\/","title":{"rendered":"Berkeley County Abogados de Accidentes de Coche"},"content":{"rendered":"<h1 class=\"wp-block-heading\">Berkeley County Abogados de Accidentes de Coche<\/h1>\n\n\n\n<h2 class=\"wp-block-heading\"><em>Abogados de lesiones personales al servicio de Moncks Corners, Goose Creek y Hanahan<\/em><\/h2>\n\n\n\n<p>El Condado de Berkeley est\u00e1 al norte del \u00e1rea metropolitana de Charleston. A pesar de su proximidad a Charleston, el Condado de Berkeley es una zona escasamente poblada conocida por su hermosa vida silvestre y el Bosque Nacional Francis Marion. Sin embargo, el condado de Berkeley ha experimentado un enorme crecimiento en los \u00faltimos a\u00f1os.<\/p>\n\n\n\n<p>De 2010 a 2020, la poblaci\u00f3n del condado creci\u00f3 un 30 por ciento, de 177,843 a 229,861. Como resultado, la tasa de accidentes automovil\u00edsticos del condado de Berkeley tambi\u00e9n ha aumentado significativamente. Seg\u00fan el estudio de 2022 de Insurify, se determin\u00f3 que South Carolina tiene la tasa m\u00e1s alta de fatalidad de choque y la tasa m\u00e1s alta de accidentes con culpa en la naci\u00f3n.<\/p>\n\n\n\n<p>En el Steinberg Law Firm, nuestro <a href=\"https:\/\/www.steinberglawfirm.com\/personal-injury\/auto-accidents\/\" target=\"_blank\" rel=\"noopener\">Abogados de accidentes de coche en el condado de Berkeley<\/a> ayudar a las v\u00edctimas de accidentes y a sus familias a obtener una indemnizaci\u00f3n significativa tras una colisi\u00f3n. Entendemos por lo que est\u00e1 pasando y c\u00f3mo un accidente grave puede cambiar repentinamente su vida, y estamos comprometidos a ayudarle a sanar y recuperar su vida. Nuestro <a href=\"https:\/\/www.steinberglawfirm.com\/locations\/berkeley-county\/\" target=\"_blank\" rel=\"noopener\">abogados de lesiones personales representan a las v\u00edctimas de accidentes en todo el Condado de Berkeley<\/a>incluyendo los de Moncks Corner, Hanahan, <a href=\"https:\/\/www.steinberglawfirm.com\/locations\/goose-creek\/personal-injury-attorneys\/\" target=\"_blank\" rel=\"noopener\">Goose Creek<\/a>Jamestown, <a href=\"https:\/\/www.steinberglawfirm.com\/locations\/summerville\/personal-injury-lawyer\/\" target=\"_blank\" rel=\"noopener\">Summerville<\/a>Stephen, Bonneau y Daniel Island.<\/p>\n\n\n\n<h3 class=\"wp-block-heading\">Causas de accidentes de coche en el condado de Berkeley<\/h3>\n\n\n\n<p>Seg\u00fan datos de solicitudes de seguros de coche recogidos por Insurify, varias ciudades del condado de Berkeley tienen una alta tasa de conductores con un accidente con culpa en su historial. <a href=\"https:\/\/www.steinberglawfirm.com\/locations\/goose-creek\/car-accident-lawyer\/\" target=\"_blank\" rel=\"noopener\">Goose Creek<\/a> y <a href=\"https:\/\/www.steinberglawfirm.com\/locations\/summerville\/car-accident-lawyer\/\" target=\"_blank\" rel=\"noopener\">Summerville<\/a> figuran como algunas de las zonas m\u00e1s propensas a los accidentes del pa\u00eds. Por ejemplo, el 12,4 por ciento de los conductores de todo el pa\u00eds tiene un accidente con culpa en su historial; sin embargo, de las ciudades con m\u00e1s accidentes, seis localidades South Carolina figuran entre las veinte primeras, y dos est\u00e1n en el condado de Berkeley. En Goose Creek, el 18,14 por ciento de los conductores causaron un accidente de tr\u00e1fico, y en Summerville, el 17,5 por ciento de los conductores fueron citados previamente por un accidente.<\/p>\n\n\n\n<p>Cada a\u00f1o, el Departamento de Seguridad P\u00fablica South Carolina revisa todos los accidentes de tr\u00e1fico en el estado y publica datos completos sobre accidentes de tr\u00e1fico. Seg\u00fan el reciente informe, las siguientes son las causas m\u00e1s comunes de accidentes de tr\u00e1fico en el condado de Berkeley:<\/p>\n\n\n\n<ul class=\"wp-block-list\">\n<li><a href=\"https:\/\/www.steinberglawfirm.com\/personal-injury\/auto-accidents\/speeding-car-accidents\/\" target=\"_blank\" rel=\"noopener\">Exceso de velocidad y conducir demasiado r\u00e1pido para las condiciones<\/a>;<\/li>\n\n\n\n<li><a href=\"https:\/\/www.steinberglawfirm.com\/locations\/summerville\/drunk-driving-lawyers\/\" target=\"_blank\" rel=\"noopener\">Conducir bajo los efectos de las drogas o el alcohol<\/a>;<\/li>\n\n\n\n<li>No ceder el paso;<\/li>\n\n\n\n<li>Conducci\u00f3n agresiva;<\/li>\n\n\n\n<li><a href=\"https:\/\/www.steinberglawfirm.com\/personal-injury\/auto-accidents\/distracted-driving-accidents\/\" target=\"_blank\" rel=\"noopener\">Conducci\u00f3n distra\u00edda<\/a>;<\/li>\n\n\n\n<li>Cambio de carril inadecuado; y<\/li>\n\n\n\n<li>Siguiendo demasiado de cerca.<\/li>\n<\/ul>\n\n\n\n<p>Independientemente de la causa de un accidente que haya provocado sus lesiones, el <a href=\"https:\/\/www.steinberglawfirm.com\/contact-us\/\" target=\"_blank\" rel=\"noopener\">Steinberg Law Firm puede ayudar<\/a>. Desde hace m\u00e1s de 90 a\u00f1os, nuestra <a href=\"https:\/\/www.steinberglawfirm.com\/locations\/berkeley-county\/\" target=\"_blank\" rel=\"noopener\">abogados especializados en lesiones personales del condado de Berkeley<\/a> han ayudado a innumerables clientes a recuperar la indemnizaci\u00f3n que necesitan y merecen tras una grave colisi\u00f3n automovil\u00edstica.<\/p>\n\n\n\n<h3 class=\"wp-block-heading\">\u00bfPueden las v\u00edctimas de accidentes de coche del Condado de Berkeley recuperar dinero despu\u00e9s de un accidente?<\/h3>\n\n\n\n<p>Cualquier persona lesionada en un accidente de coche en el Condado de Berkeley puede presentar una demanda por lesiones personales contra la parte responsable de la colisi\u00f3n. Para tener \u00e9xito en un <a href=\"https:\/\/www.steinberglawfirm.com\/personal-injury\/auto-accidents\/\" target=\"_blank\" rel=\"noopener\">demanda por accidente de coche<\/a>La v\u00edctima de un accidente o su abogado deben demostrar que el otro conductor fue legalmente negligente. Bajo la ley de lesiones personales South Carolina, hay cuatro elementos que una v\u00edctima de accidente debe probar para establecer la negligencia de otro conductor:<\/p>\n\n\n\n<ol class=\"wp-block-list\">\n<li><strong>Duty<\/strong> - Como otro conductor en la carretera o autopista, le deb\u00edan un deber de cuidado.<\/li>\n\n\n\n<li><strong>Brecha <\/strong>- Un conductor incumpli\u00f3 el deber de diligencia que le deb\u00eda.<\/li>\n\n\n\n<li><strong>Causalidad <\/strong>- Si las acciones de otro conductor causaron el accidente.<\/li>\n\n\n\n<li><strong>Da\u00f1os y perjuicios<\/strong> - Si sufre da\u00f1os econ\u00f3micos o no econ\u00f3micos debido al accidente, puede tener una reclamaci\u00f3n s\u00f3lida.<\/li>\n<\/ol>\n\n\n\n<p>Si puede demostrar cada uno de estos elementos, puede tener derecho a recibir una indemnizaci\u00f3n del conductor culpable. Presentar una <a href=\"https:\/\/www.steinberglawfirm.com\/locations\/berkeley-county\/\" target=\"_blank\" rel=\"noopener\">demanda por lesiones personales despu\u00e9s de un accidente de coche Condado de Berkeley<\/a> suele plantear problemas a las v\u00edctimas de accidentes. Esto suele deberse a que la compa\u00f1\u00eda de seguros del conductor culpable impugnar\u00e1 la reclamaci\u00f3n por accidente de tr\u00e1fico.<\/p>\n\n\n\n<h3 class=\"wp-block-heading\">Tratar con una compa\u00f1\u00eda de seguros despu\u00e9s de un accidente de coche Condado de Berkeley<\/h3>\n\n\n\n<p>Bajo la ley South Carolina, los conductores est\u00e1n obligados a contratar un seguro de autom\u00f3vil. Debido a esto, las compa\u00f1\u00edas de seguros a menudo se involucran en accidentes automovil\u00edsticos en el Condado de Berkeley. Bajo los t\u00e9rminos de una p\u00f3liza de seguro, la compa\u00f1\u00eda de seguros puede acordar cubrir algunos de los costos asociados con un accidente. Aunque otro conductor puede haber causado el accidente, su compa\u00f1\u00eda de seguros ser\u00e1 sin duda la parte que defiende el caso. <a href=\"https:\/\/www.steinberglawfirm.com\/personal-injury\/auto-accidents\/insurance\/\" target=\"_blank\" rel=\"noopener\">Trabajar con compa\u00f1\u00edas de seguros puede ser un reto incre\u00edble<\/a>sobre todo si sufre dolores y lesiones graves.<\/p>\n\n\n\n<p>Las compa\u00f1\u00edas de seguros son negocios con fines de lucro que se basan en tomar en m\u00e1s primas de lo que est\u00e1n pagando en las reclamaciones. El \u00fanico objetivo de una compa\u00f1\u00eda de seguros en cualquier caso de accidente de coche del Condado de Berkeley es pagar lo menos posible. Por ejemplo, las compa\u00f1\u00edas de seguros pueden acercarse a una v\u00edctima de accidente con una oferta de liquidaci\u00f3n baja poco despu\u00e9s de un accidente o mientras todav\u00eda se est\u00e1n recuperando, con la esperanza de atraparlos en un momento de debilidad o desesperaci\u00f3n. Por supuesto, estas ofertas de liquidaci\u00f3n inicial son a menudo significativamente menor. La cantidad puede no ser suficiente para los gastos m\u00e9dicos existentes y futuros. Por esta raz\u00f3n, es crucial que s\u00f3lo acepte la oferta de una compa\u00f1\u00eda de seguros despu\u00e9s de <a href=\"https:\/\/www.steinberglawfirm.com\/contact-us\/\" target=\"_blank\" rel=\"noopener\">hablar con un abogado experto en accidentes de coche<\/a>. Los estudios han demostrado que las v\u00edctimas de accidentes que trabajan con un abogado de lesiones personales tienen m\u00e1s probabilidades de obtener una indemnizaci\u00f3n justa por sus lesiones corporales.<\/p>\n\n\n\n<p>En el Steinberg Law Firm, <a href=\"https:\/\/www.steinberglawfirm.com\/attorney\/\" target=\"_blank\" rel=\"noopener\">nuestros abogados pueden ayudarle<\/a> en la preparaci\u00f3n de un caso convincente para obtener una compensaci\u00f3n total y justa por las lesiones que sufri\u00f3. Nuestros abogados de accidentes de coche tambi\u00e9n:<\/p>\n\n\n\n<ul class=\"wp-block-list\">\n<li>Re\u00fana todas las pruebas y la documentaci\u00f3n necesarias;<\/li>\n\n\n\n<li>Presente los escritos correspondientes ante el tribunal del condado de Berkeley;<\/li>\n\n\n\n<li>Negociar con la compa\u00f1\u00eda de seguros en su nombre;<\/li>\n\n\n\n<li>Ponerle en contacto con la atenci\u00f3n m\u00e9dica que necesita para recuperarse de sus lesiones.<\/li>\n\n\n\n<li>Ayudarle a entender el sistema legal, sus derechos y qu\u00e9 esperar del proceso de recuperaci\u00f3n.<\/li>\n<\/ul>\n\n\n\n<p>Desde 1927, el Steinberg Law Firm ha <a href=\"https:\/\/www.steinberglawfirm.com\/results\/\" target=\"_blank\" rel=\"noopener\">ayud\u00f3 a innumerables clientes a obtener el dinero que necesitaban<\/a> para seguir adelante con sus vidas despu\u00e9s de un accidente grave. A menudo, nuestros h\u00e1biles negociadores pueden asegurar una oferta de acuerdo favorable sin necesidad de un juicio costoso y prolongado. Dada nuestra experiencia significativa en litigios, estamos preparados para llevar su caso a juicio si la compa\u00f1\u00eda de seguros no est\u00e1 dispuesta a extender una oferta de acuerdo justo.<\/p>\n\n\n\n<h3 class=\"wp-block-heading\">\u00bfQu\u00e9 tipos de compensaci\u00f3n pueden recuperar las v\u00edctimas de accidentes de coche del condado de Berkeley?<\/h3>\n\n\n\n<p>South Carolina la ley permite a las v\u00edctimas de accidentes recuperar dos da\u00f1os compensatorios principales a trav\u00e9s de una demanda por lesiones personales. Las dos categor\u00edas de da\u00f1os son los econ\u00f3micos y los no econ\u00f3micos.<\/p>\n\n\n\n<p><strong>Da\u00f1os econ\u00f3micos <\/strong>consisten en aquellos costes relacionados con el accidente que le obligan a gastar o perder la oportunidad de ganar dinero. Por ejemplo, los siguientes son tipos comunes de da\u00f1os econ\u00f3micos:<\/p>\n\n\n\n<ul class=\"wp-block-list\">\n<li>Facturas m\u00e9dicas actuales;<\/li>\n\n\n\n<li>Gastos m\u00e9dicos futuros;<\/li>\n\n\n\n<li>Da\u00f1os materiales; y<\/li>\n\n\n\n<li>Salarios que no has podido percibir por estar a\u00fan convaleciente.<\/li>\n<\/ul>\n\n\n\n<p><strong>Da\u00f1os no econ\u00f3micos<\/strong> compensarle por el efecto emocional y psicol\u00f3gico que el accidente ha tenido en su vida. Los da\u00f1os no econ\u00f3micos son muy espec\u00edficos de cada caso y pueden constituir una parte sustancial de su indemnizaci\u00f3n total por da\u00f1os y perjuicios. Algunos ejemplos de da\u00f1os no econ\u00f3micos en un caso de accidente de coche del Condado de Berkeley incluyen:<\/p>\n\n\n\n<ul class=\"wp-block-list\">\n<li>Angustia emocional;<\/li>\n\n\n\n<li>Desfiguraci\u00f3n o cicatrices;<\/li>\n\n\n\n<li>P\u00e9rdida de la capacidad para realizar las tareas cotidianas;<\/li>\n\n\n\n<li>P\u00e9rdida de compa\u00f1\u00eda;<\/li>\n\n\n\n<li>P\u00e9rdida del disfrute de la vida;<\/li>\n\n\n\n<li>Discapacidad f\u00edsica o mental; y<\/li>\n\n\n\n<li>Dolor y sufrimiento.<\/li>\n<\/ul>\n\n\n\n<p>En el <a href=\"https:\/\/www.steinberglawfirm.com\/\" target=\"_blank\" rel=\"noopener\">Steinberg Law Firm<\/a>En el caso de un accidente, revisamos diligentemente todas las pruebas y la documentaci\u00f3n m\u00e9dica para identificar el alcance total de sus da\u00f1os econ\u00f3micos. A partir de ah\u00ed, nos sentamos a discutir c\u00f3mo el accidente impact\u00f3 en su vida. \u00bfHay cosas que sol\u00eda disfrutar que sus lesiones le impidieron hacer? \u00bfTiene dolores persistentes que afectan a su calidad de vida en general? \u00bfSufre ansiedad o depresi\u00f3n debido a sus lesiones o limitaciones f\u00edsicas? Revisaremos estas cuestiones para determinar la cuant\u00eda adecuada de los da\u00f1os no econ\u00f3micos.<\/p>\n\n\n\n<h3 class=\"wp-block-heading\">Programe hoy mismo una consulta gratuita con un abogado experto en accidentes de tr\u00e1fico del condado de Berkeley<\/h3>\n\n\n\n<p>Si usted o un ser querido fue herido recientemente en un accidente de coche en el Condado de Berkeley, usted tiene derechos y debe entenderlos. Al presentar una <a href=\"https:\/\/www.steinberglawfirm.com\/personal-injury\/personal-injury-lawyers\/\" target=\"_blank\" rel=\"noopener\">demanda por da\u00f1os y perjuicios<\/a>puede obtener una indemnizaci\u00f3n significativa que le permita seguir adelante con su vida. En el <a href=\"https:\/\/www.steinberglawfirm.com\/\" target=\"_blank\" rel=\"noopener\">Steinberg Law Firm<\/a>, nuestro <a href=\"https:\/\/www.steinberglawfirm.com\/attorney\/\" target=\"_blank\" rel=\"noopener\">abogados compasivos de accidentes de coche<\/a> adoptar un enfoque \u00fanico para cada caso que manejamos, centr\u00e1ndose en sus necesidades individuales. Nos tomamos el tiempo para escucharle antes de desarrollar cualquier estrategia de recuperaci\u00f3n. De esta manera, siempre estamos en la misma p\u00e1gina. Para obtener m\u00e1s informaci\u00f3n y <a href=\"https:\/\/www.steinberglawfirm.com\/free-consultation\/\" target=\"_blank\" rel=\"noopener\">programar una consulta gratuita<\/a> con uno de nuestros abogados expertos en accidentes de coche del condado de Berkeley, d\u00e9 al Steinberg Law Firm un <a href=\"tel:1-843-720-2800\">llame al 843-720-2800<\/a> hoy. Tambi\u00e9n puede <a href=\"https:\/\/www.steinberglawfirm.com\/contact-us\/\" target=\"_blank\" rel=\"noopener\">con\u00e9ctese con nosotros a trav\u00e9s de nuestro formulario en l\u00ednea<\/a>.<\/p>","protected":false},"excerpt":{"rendered":"<p>Berkeley County Car Accident Attorneys Personal Injury Lawyers Serving Moncks Corners, Goose Creek and Hanahan Berkeley County is north of the Charleston metropolitan area. A pesar de su proximidad a Charleston, el Condado de Berkeley es un \u00e1rea escasamente poblada conocida por su hermosa vida silvestre y el Bosque Nacional Francis Marion. Sin embargo, el condado de Berkeley ha experimentado un enorme crecimiento en...<\/p>","protected":false},"author":1,"featured_media":23978,"parent":21950,"menu_order":0,"comment_status":"closed","ping_status":"closed","template":"","meta":{"_acf_changed":false,"footnotes":""},"class_list":["post-23970","page","type-page","status-publish","has-post-thumbnail","hentry"],"acf":[],"_links":{"self":[{"href":"https:\/\/steinberglawfirm-staging.clmcloud.app\/es\/wp-json\/wp\/v2\/pages\/23970"}],"collection":[{"href":"https:\/\/steinberglawfirm-staging.clmcloud.app\/es\/wp-json\/wp\/v2\/pages"}],"about":[{"href":"https:\/\/steinberglawfirm-staging.clmcloud.app\/es\/wp-json\/wp\/v2\/types\/page"}],"author":[{"embeddable":true,"href":"https:\/\/steinberglawfirm-staging.clmcloud.app\/es\/wp-json\/wp\/v2\/users\/1"}],"replies":[{"embeddable":true,"href":"https:\/\/steinberglawfirm-staging.clmcloud.app\/es\/wp-json\/wp\/v2\/comments?post=23970"}],"version-history":[{"count":7,"href":"https:\/\/steinberglawfirm-staging.clmcloud.app\/es\/wp-json\/wp\/v2\/pages\/23970\/revisions"}],"predecessor-version":[{"id":23977,"href":"https:\/\/steinberglawfirm-staging.clmcloud.app\/es\/wp-json\/wp\/v2\/pages\/23970\/revisions\/23977"}],"up":[{"embeddable":true,"href":"https:\/\/steinberglawfirm-staging.clmcloud.app\/es\/wp-json\/wp\/v2\/pages\/21950"}],"wp:featuredmedia":[{"embeddable":true,"href":"https:\/\/steinberglawfirm-staging.clmcloud.app\/es\/wp-json\/wp\/v2\/media\/23978"}],"wp:attachment":[{"href":"https:\/\/steinberglawfirm-staging.clmcloud.app\/es\/wp-json\/wp\/v2\/media?parent=23970"}],"curies":[{"name":"wp","href":"https:\/\/api.w.org\/{rel}","templated":true}]}}